{"id":6049,"date":"2018-02-24T04:07:13","date_gmt":"2018-02-24T04:07:13","guid":{"rendered":"https:\/\/toprisesafety.com\/product\/safety-glasses-safety-goggles\/"},"modified":"2025-03-14T07:10:24","modified_gmt":"2025-03-14T07:10:24","slug":"cheap-safety-glasses","status":"publish","type":"product","link":"https:\/\/toprisesafety.com\/de\/product\/cheap-safety-glasses\/","title":{"rendered":"G\u00fcnstige Schutzbrillen"},"content":{"rendered":"<h2>G\u00fcnstige Schutzbrillen<\/h2>\n<ul>\n<li style=\"list-style-type: none;\">\n<ul>\n<li data-spm-anchor-id=\"a2700.details.pronpeci14.i1.27d3343eMQ2sgq\">Sports model,\u00a0 PC lens and legs,rubber on legs for comfortable wear<\/li>\n<\/ul>\n<\/li>\n<\/ul>\n<ul>\n<li style=\"list-style-type: none;\">\n<ul>\n<li>Einteilige Linse, geringes Gewicht<\/li>\n<\/ul>\n<\/li>\n<\/ul>\n<ul>\n<li style=\"list-style-type: none;\">\n<ul>\n<li>Rahmenfarbe: Schwarz, marineblau, gelb, rot etc. zur Auswahl<\/li>\n<\/ul>\n<\/li>\n<\/ul>\n<ul>\n<li style=\"list-style-type: none;\">\n<ul>\n<li>Linsenfarbe: Klar, grau, gelb, rot, blau usw. Linsenfarbe zur Auswahl<\/li>\n<\/ul>\n<\/li>\n<\/ul>\n<ul>\n<li style=\"list-style-type: none;\">\n<ul>\n<li>Kratz- und sto\u00dffeste Polycarbonatlinse<\/li>\n<\/ul>\n<\/li>\n<\/ul>\n<ul>\n<li style=\"list-style-type: none;\">\n<ul>\n<li>Anti-Fog beschichtete Gl\u00e4ser f\u00fcr chemische und medizinische Zwecke (optional)<\/li>\n<\/ul>\n<\/li>\n<\/ul>\n<ul>\n<li style=\"list-style-type: none;\">\n<ul>\n<li>UV400-Schutz, entspricht den CE- und ANSI-Normen<\/li>\n<\/ul>\n<\/li>\n<\/ul>\n<ul>\n<li style=\"list-style-type: none;\">\n<ul>\n<li>Bequemer und sicherer Sitz der breiten<\/li>\n<\/ul>\n<\/li>\n<\/ul>\n<p align=\"left\"><strong>Unterschiedliche Farblinsenmerkmale:<\/strong><\/p>\n<ul>\n<li style=\"list-style-type: none;\">\n<ul>\n<li>Grau: Au\u00dfen. 100% UVA&amp;UVB-Schutz<\/li>\n<\/ul>\n<\/li>\n<\/ul>\n<ul>\n<li style=\"list-style-type: none;\">\n<ul>\n<li>Klar: Allgemeine Zwecke<\/li>\n<\/ul>\n<\/li>\n<\/ul>\n<ul>\n<li style=\"list-style-type: none;\">\n<ul>\n<li>Gelb: Nachtfahrten und Piloten. Absorption des blauen Lichts im sichtbaren Bereich, wodurch der Kontrast verst\u00e4rkt wird.<\/li>\n<\/ul>\n<\/li>\n<\/ul>\n<ul>\n<li style=\"list-style-type: none;\">\n<ul>\n<li>Rot: Spezielle UV-Mischung. Laserresistente Strahlen<\/li>\n<\/ul>\n<\/li>\n<\/ul>\n<ul>\n<li style=\"list-style-type: none;\">\n<ul>\n<li>Orange: Weiche Sicht. Filtrieren Sie elektrische Wellenl\u00e4nge und infrarote Strahlung<\/li>\n<\/ul>\n<\/li>\n<\/ul>\n<ul>\n<li style=\"list-style-type: none;\">\n<ul>\n<li>Leicht verspiegelte Beschichtung: bietet Schutz vor starken St\u00f6\u00dfen und sch\u00e4dlichen UV-Strahlen f\u00fcr Innen- und Au\u00dfenanwendungen, ohne dass das Glas gewechselt werden muss.<\/li>\n<\/ul>\n<\/li>\n<\/ul>\n<h2><strong>Cheap Safety Glasses specification:<\/strong><\/h2>\n<table>\n<tbody>\n<tr>\n<td width=\"284\">Art Nr.<\/td>\n<td width=\"284\">SG05<\/td>\n<\/tr>\n<tr>\n<td width=\"284\">Material<\/td>\n<td width=\"284\">PC lens and legs ,soft rubber on legs<\/td>\n<\/tr>\n<tr>\n<td width=\"284\">Funktion<\/td>\n<td width=\"284\">Anti-UV, Anti-Kratz, Anti-Beschlag f\u00fcr die Wahl<\/td>\n<\/tr>\n<tr>\n<td width=\"284\">Gr\u00f6\u00dfe<\/td>\n<td width=\"284\">Standardgr\u00f6\u00dfe f\u00fcr Erwachsene<\/td>\n<\/tr>\n<tr>\n<td width=\"284\">Farbe<\/td>\n<td width=\"284\">Schwarz, Grau, Gelb, Klar, Blau, etc.<\/td>\n<\/tr>\n<tr>\n<td width=\"284\">Verpacken<\/td>\n<td width=\"284\">Polybeutel, Kopfkarte, Blisterbox, Farbbox usw.<\/td>\n<\/tr>\n<tr>\n<td width=\"284\">Anmeldung<\/td>\n<td width=\"284\">Bauwesen, Industrie, Bergbau, Landwirtschaft, Reiten, Labor, Milit\u00e4r, \u00d6l usw.<\/td>\n<\/tr>\n<\/tbody>\n<\/table>\n<p>TOPRISE unterst\u00fctzt verschiedene Arten der Anpassung von Sicherheits- und Schwei\u00dferbrillen; klicken Sie auf <a href=\"https:\/\/toprisesafety.com\/de\/product-category\/personal-protective-equipment\/eye-protection\/safety-glasses\/\">weitere Modelle von Schutzbrillen und Schwei\u00dferbrillen ansehen<\/a>.<\/p>\n<p>Wenn Sie Ihre ben\u00f6tigte Schutzbrille oder Schwei\u00dferbrille nicht finden k\u00f6nnen, <a href=\"https:\/\/toprisesafety.com\/de\/contact-us\/\">Kontaktieren Sie uns<\/a>; wir unterst\u00fctzen spezielle Anpassungen.<\/p>","protected":false},"excerpt":{"rendered":"<p>Art No.: SG05<\/p>\n<p>Material: PC lens&amp;legs,soft rubber on legs<\/p>\n<p>Farbe: Klar, dunkelgrau, gelb, blau usw.<\/p>\n<p>Merkmal: Anti-UV, Anti-Kratzer, Anti-Beschlag f\u00fcr Wahl<\/p>\n<p>MOQ: 1200PCS, Sonderfarbe 3000PCS<\/p>","protected":false},"featured_media":6050,"template":"","meta":{"_acf_changed":false},"product_brand":[],"product_cat":[357,360],"product_tag":[276],"class_list":{"0":"post-6049","1":"product","2":"type-product","3":"status-publish","4":"has-post-thumbnail","6":"product_cat-eye-protection","7":"product_cat-safety-glasses","8":"product_tag-safety-glasses","10":"first","11":"instock","12":"product-type-simple"},"acf":[],"_links":{"self":[{"href":"https:\/\/toprisesafety.com\/de\/wp-json\/wp\/v2\/product\/6049"}],"collection":[{"href":"https:\/\/toprisesafety.com\/de\/wp-json\/wp\/v2\/product"}],"about":[{"href":"https:\/\/toprisesafety.com\/de\/wp-json\/wp\/v2\/types\/product"}],"wp:featuredmedia":[{"embeddable":true,"href":"https:\/\/toprisesafety.com\/de\/wp-json\/wp\/v2\/media\/6050"}],"wp:attachment":[{"href":"https:\/\/toprisesafety.com\/de\/wp-json\/wp\/v2\/media?parent=6049"}],"wp:term":[{"taxonomy":"product_brand","embeddable":true,"href":"https:\/\/toprisesafety.com\/de\/wp-json\/wp\/v2\/product_brand?post=6049"},{"taxonomy":"product_cat","embeddable":true,"href":"https:\/\/toprisesafety.com\/de\/wp-json\/wp\/v2\/product_cat?post=6049"},{"taxonomy":"product_tag","embeddable":true,"href":"https:\/\/toprisesafety.com\/de\/wp-json\/wp\/v2\/product_tag?post=6049"}],"curies":[{"name":"wp","href":"https:\/\/api.w.org\/{rel}","templated":true}]}}