{"id":6042,"date":"2018-02-24T04:34:47","date_gmt":"2018-02-24T04:34:47","guid":{"rendered":"https:\/\/toprisesafety.com\/product\/welding-goggles-eye-protective-welding-glasses\/"},"modified":"2025-03-24T03:37:39","modified_gmt":"2025-03-24T03:37:39","slug":"welding-goggles-eye-protective-welding-glasses","status":"publish","type":"product","link":"https:\/\/toprisesafety.com\/de\/product\/welding-goggles-eye-protective-welding-glasses\/","title":{"rendered":"Schwei\u00dferbrille Augenschutz Schwei\u00dferbrille"},"content":{"rendered":"<p><strong><span style=\"font-size: 130%;\">Schwei\u00dferbrille Augenschutz Schwei\u00dferbrille <\/span><\/strong><\/p>\n<p>- Flip-Design mit Auf-Zu-Verriegelung, einfach zu bedienen;<\/p>\n<p>- Ein feines Bel\u00fcftungssystem sorgt f\u00fcr ein angenehmes Tragegef\u00fchl;<\/p>\n<p><span data-spm-anchor-id=\"a2700.details.pronpeci14.i1.19ea47ba4lvn7Y\">- Die inneren Gl\u00e4ser sind klar, die \u00e4u\u00dferen Gl\u00e4ser bestehen aus farbigem anorganischem Glas;<\/span><\/p>\n<p>- Geeignet zum Schutz beim Gasschwei\u00dfen, Hartl\u00f6ten, Gasschneiden usw.<\/p>\n<p data-spm-anchor-id=\"a2700.details.pronpeci14.i0.19ea47ba4lvn7Y\">- Schutzgrad: 5. Klasse.<\/p>\n<h2 data-spm-anchor-id=\"a2700.details.pronpeci14.i0.19ea47ba4lvn7Y\"><strong>Welding goggles eye protective welding glasses specifications:\u00a0<\/strong><\/h2>\n<table>\n<tbody>\n<tr>\n<td width=\"284\">Art Nr.<\/td>\n<td width=\"284\">WG01<\/td>\n<\/tr>\n<tr>\n<td width=\"284\">Material<\/td>\n<td width=\"284\">Rahmen aus PVC, Innenscheibe aus klarem PVC, \u00e4u\u00dfere Scheibe einer schwarzen Schutzbrille<\/td>\n<\/tr>\n<tr>\n<td width=\"284\">Protect grade<\/td>\n<td width=\"284\">5. Klasse<\/td>\n<\/tr>\n<tr>\n<td width=\"284\">Farbe<\/td>\n<td width=\"284\">Gr\u00fcn, blau, etc.<\/td>\n<\/tr>\n<tr>\n<td width=\"284\">Verpacken<\/td>\n<td width=\"284\">Polybeutel, Kopfkarte, Blisterbox, Farbbox usw.<\/td>\n<\/tr>\n<tr>\n<td width=\"284\">Anmeldung<\/td>\n<td width=\"284\">Schweissarbeiten<\/td>\n<\/tr>\n<\/tbody>\n<\/table>\n<p>&nbsp;<\/p>\n<p>TOPRISE unterst\u00fctzt verschiedene Arten der Anpassung von Sicherheits- und Schwei\u00dferbrillen; klicken Sie auf <a href=\"https:\/\/toprisesafety.com\/de\/product-category\/personal-protective-equipment\/eye-protection\/safety-glasses\/\">see more styles of safety glasses and welding glasses.<\/a><\/p>\n<p>Wenn Sie Ihre ben\u00f6tigte Schutzbrille oder Schwei\u00dferbrille nicht finden k\u00f6nnen, <a href=\"https:\/\/toprisesafety.com\/de\/contact-us\/\">Kontaktieren Sie uns<\/a>; wir unterst\u00fctzen spezielle Anpassungen.<\/p>\n<p>&nbsp;<\/p>\n<p class=\"product-title entry-title\"><strong><span style=\"font-size: 200%;\">More welding goggles models for choice:<\/span><\/strong><\/p>\n<p>&nbsp;<\/p>\n<figure id=\"attachment_761\" class=\"wp-caption alignnone\" style=\"width: 720px;\" aria-describedby=\"caption-attachment-761\"><a href=\"https:\/\/toprisesafety.com\/de\/product\/eye-protection-welding-goggles\/\"><img fetchpriority=\"high\" decoding=\"async\" class=\"size-full wp-image-761\" src=\"https:\/\/toprisesafety.com\/wp-content\/uploads\/2024\/08\/WG02-1.jpg\" alt=\"Eye protection welding goggles\" width=\"720\" height=\"720\" \/><\/a><figcaption id=\"caption-attachment-761\" class=\"wp-caption-text\">Augenschutz Schwei\u00dferschutzbrille<\/figcaption><\/figure>","protected":false},"excerpt":{"rendered":"<p>Art No.: WG01<\/p>\n<p>Material: PVC-Rahmen, klare PVC-Innenscheibe, schwarze Schutzbrille Au\u00dfenscheibe<\/p>\n<p>Farbe: Gr\u00fcn, blau usw.<\/p>\n<p>Grad: 5 Grad<\/p>\n<p>MOQ: 1200PCS, Sonderfarbe 3000PCS<\/p>","protected":false},"featured_media":6039,"template":"","meta":{"_acf_changed":false},"product_brand":[],"product_cat":[357,360],"product_tag":[272],"class_list":{"0":"post-6042","1":"product","2":"type-product","3":"status-publish","4":"has-post-thumbnail","6":"product_cat-eye-protection","7":"product_cat-safety-glasses","8":"product_tag-welding-goggles","10":"first","11":"instock","12":"product-type-simple"},"acf":[],"_links":{"self":[{"href":"https:\/\/toprisesafety.com\/de\/wp-json\/wp\/v2\/product\/6042"}],"collection":[{"href":"https:\/\/toprisesafety.com\/de\/wp-json\/wp\/v2\/product"}],"about":[{"href":"https:\/\/toprisesafety.com\/de\/wp-json\/wp\/v2\/types\/product"}],"wp:featuredmedia":[{"embeddable":true,"href":"https:\/\/toprisesafety.com\/de\/wp-json\/wp\/v2\/media\/6039"}],"wp:attachment":[{"href":"https:\/\/toprisesafety.com\/de\/wp-json\/wp\/v2\/media?parent=6042"}],"wp:term":[{"taxonomy":"product_brand","embeddable":true,"href":"https:\/\/toprisesafety.com\/de\/wp-json\/wp\/v2\/product_brand?post=6042"},{"taxonomy":"product_cat","embeddable":true,"href":"https:\/\/toprisesafety.com\/de\/wp-json\/wp\/v2\/product_cat?post=6042"},{"taxonomy":"product_tag","embeddable":true,"href":"https:\/\/toprisesafety.com\/de\/wp-json\/wp\/v2\/product_tag?post=6042"}],"curies":[{"name":"wp","href":"https:\/\/api.w.org\/{rel}","templated":true}]}}