{"id":6038,"date":"2018-02-24T04:43:54","date_gmt":"2018-02-24T04:43:54","guid":{"rendered":"https:\/\/toprisesafety.com\/product\/eye-protection-welding-goggles\/"},"modified":"2025-03-24T03:36:20","modified_gmt":"2025-03-24T03:36:20","slug":"eye-protection-welding-goggles","status":"publish","type":"product","link":"https:\/\/toprisesafety.com\/de\/product\/eye-protection-welding-goggles\/","title":{"rendered":"Augenschutz Schwei\u00dferschutzbrille"},"content":{"rendered":"<p><strong><span style=\"font-size: 130%;\">Augenschutz Schwei\u00dferschutzbrille<\/span><\/strong><\/p>\n<p>- Flip-Design mit Auf-Zu-Verriegelung, einfach zu bedienen;<\/p>\n<p>- Ein feines Bel\u00fcftungssystem sorgt f\u00fcr ein angenehmes Tragegef\u00fchl;<\/p>\n<p><span data-spm-anchor-id=\"a2700.details.pronpeci14.i1.19ea47ba4lvn7Y\">- Die inneren Gl\u00e4ser sind klar, die \u00e4u\u00dferen Gl\u00e4ser bestehen aus farbigem anorganischem Glas;<\/span><\/p>\n<p>- Geeignet zum Schutz beim Gasschwei\u00dfen, Hartl\u00f6ten, Gasschneiden usw.<\/p>\n<p data-spm-anchor-id=\"a2700.details.pronpeci14.i0.19ea47ba4lvn7Y\">- Schutzgrad: 5. Klasse.<\/p>\n<h2 data-spm-anchor-id=\"a2700.details.pronpeci14.i0.19ea47ba4lvn7Y\"><strong>Augenschutz Schwei\u00dferbrille Spezifikationen:<\/strong><\/h2>\n<table>\n<tbody>\n<tr>\n<td width=\"284\">Art Nr.<\/td>\n<td width=\"284\">WG02<\/td>\n<\/tr>\n<tr>\n<td width=\"284\">Material<\/td>\n<td width=\"284\">Rahmen aus PVC, Innenscheibe aus klarem PVC, \u00e4u\u00dfere Scheibe einer schwarzen Schutzbrille<\/td>\n<\/tr>\n<tr>\n<td width=\"284\">Schutzgrad<\/td>\n<td width=\"284\">5. Klasse<\/td>\n<\/tr>\n<tr>\n<td width=\"284\">Farbe<\/td>\n<td width=\"284\">Gr\u00fcn, blau, etc.<\/td>\n<\/tr>\n<tr>\n<td width=\"284\">Verpacken<\/td>\n<td width=\"284\">Polybeutel, Kopfkarte, Blisterbox, Farbbox usw.<\/td>\n<\/tr>\n<tr>\n<td width=\"284\">Anmeldung<\/td>\n<td width=\"284\">Schweissarbeiten<\/td>\n<\/tr>\n<\/tbody>\n<\/table>\n<p>&nbsp;<\/p>\n<p>TOPRISE unterst\u00fctzt verschiedene Arten der Anpassung von Sicherheits- und Schwei\u00dferbrillen; klicken Sie auf <a href=\"https:\/\/toprisesafety.com\/de\/product-category\/personal-protective-equipment\/eye-protection\/safety-glasses\/\">weitere Modelle von Schutzbrillen und Schwei\u00dferbrillen ansehen<\/a>.<\/p>\n<p>Wenn Sie Ihre ben\u00f6tigte Schutzbrille oder Schwei\u00dferbrille nicht finden k\u00f6nnen, <a href=\"https:\/\/toprisesafety.com\/de\/contact-us\/\">Kontaktieren Sie uns<\/a>; wir unterst\u00fctzen spezielle Anpassungen.<\/p>\n<p>&nbsp;<\/p>\n<div><strong><span style=\"font-size: 200%;\">Mehr Schwei\u00dferbrillenmodelle zur Auswahl:\u00a0<\/span><\/strong><\/div>\n<p><a href=\"https:\/\/toprisesafety.com\/de\/product\/welding-goggles-eye-protective-welding-glasses\/\"><img fetchpriority=\"high\" decoding=\"async\" class=\"size-full wp-image-757\" src=\"https:\/\/toprisesafety.com\/wp-content\/uploads\/2024\/08\/WS01-1.jpg\" alt=\"Welding goggles eye protective welding glasses\" width=\"720\" height=\"720\" \/><\/a><\/p>\n<h1 class=\"product-title entry-title\"><span style=\"font-size: 75%;\">Schwei\u00dferbrille Augenschutz Schwei\u00dferbrille<\/span><\/h1>","protected":false},"excerpt":{"rendered":"<p>Material: PVC-Rahmen, klare PVC-Innenscheibe, schwarze Schutzbrille Au\u00dfenscheibe<\/p>\n<p>Farbe: Gr\u00fcn, blau usw.<\/p>\n<p>Grad: 5 Grad<\/p>\n<p>MOQ: 1000PCS, Sonderfarbe 3000PCS<\/p>","protected":false},"featured_media":6040,"template":"","meta":{"_acf_changed":false},"product_brand":[],"product_cat":[357,360],"product_tag":[271],"class_list":{"0":"post-6038","1":"product","2":"type-product","3":"status-publish","4":"has-post-thumbnail","6":"product_cat-eye-protection","7":"product_cat-safety-glasses","8":"product_tag-eye-protection-welding-goggles","10":"first","11":"instock","12":"product-type-simple"},"acf":[],"_links":{"self":[{"href":"https:\/\/toprisesafety.com\/de\/wp-json\/wp\/v2\/product\/6038"}],"collection":[{"href":"https:\/\/toprisesafety.com\/de\/wp-json\/wp\/v2\/product"}],"about":[{"href":"https:\/\/toprisesafety.com\/de\/wp-json\/wp\/v2\/types\/product"}],"wp:featuredmedia":[{"embeddable":true,"href":"https:\/\/toprisesafety.com\/de\/wp-json\/wp\/v2\/media\/6040"}],"wp:attachment":[{"href":"https:\/\/toprisesafety.com\/de\/wp-json\/wp\/v2\/media?parent=6038"}],"wp:term":[{"taxonomy":"product_brand","embeddable":true,"href":"https:\/\/toprisesafety.com\/de\/wp-json\/wp\/v2\/product_brand?post=6038"},{"taxonomy":"product_cat","embeddable":true,"href":"https:\/\/toprisesafety.com\/de\/wp-json\/wp\/v2\/product_cat?post=6038"},{"taxonomy":"product_tag","embeddable":true,"href":"https:\/\/toprisesafety.com\/de\/wp-json\/wp\/v2\/product_tag?post=6038"}],"curies":[{"name":"wp","href":"https:\/\/api.w.org\/{rel}","templated":true}]}}