{"id":6036,"date":"2018-02-24T05:02:57","date_gmt":"2018-02-24T05:02:57","guid":{"rendered":"https:\/\/toprisesafety.com\/product\/popular-ce-en166-safety-goggles\/"},"modified":"2025-03-17T04:12:17","modified_gmt":"2025-03-17T04:12:17","slug":"popular-ce-en166-safety-goggles","status":"publish","type":"product","link":"https:\/\/toprisesafety.com\/de\/product\/popular-ce-en166-safety-goggles\/","title":{"rendered":"Beliebte CE EN166 Schutzbrillen"},"content":{"rendered":"<p><strong><span style=\"font-size: 130%;\">Beliebte CE EN166 Schutzbrillen <\/span><\/strong><\/p>\n<ul>\n<li style=\"list-style-type: none;\">\n<ul>\n<li data-spm-anchor-id=\"a2700.details.pronpeci14.i1.c44c4e73UcTKsG\"><span style=\"font-size: medium;\">Rundum-Designs bieten hervorragenden Schutz<\/span><\/li>\n<\/ul>\n<\/li>\n<\/ul>\n<ul>\n<li style=\"list-style-type: none;\">\n<ul>\n<li><span style=\"font-size: medium;\">Meets high impact,anti-scratch lens\u00a0<\/span><\/li>\n<\/ul>\n<\/li>\n<\/ul>\n<ul>\n<li style=\"list-style-type: none;\">\n<ul>\n<li><span style=\"font-size: medium;\">Bequeme, verstellbare Nylon-Stirnb\u00e4nder erm\u00f6glichen eine einfache Anpassung f\u00fcr einen bequemen Sitz<\/span><\/li>\n<\/ul>\n<\/li>\n<\/ul>\n<ul>\n<li style=\"list-style-type: none;\">\n<ul>\n<li><span style=\"font-size: medium;\">Available high performance anti-fog coatings for choice\u00a0<\/span><\/li>\n<\/ul>\n<\/li>\n<\/ul>\n<ul>\n<li style=\"list-style-type: none;\">\n<ul>\n<li><span style=\"font-size: medium;\">Meet CE EN166 quality standard<\/span><\/li>\n<\/ul>\n<\/li>\n<\/ul>\n<h2><strong>Popular CE EN166 safety goggles specifications:<\/strong><\/h2>\n<table>\n<tbody>\n<tr>\n<td width=\"284\">Art Nr.<\/td>\n<td width=\"284\">SG08<\/td>\n<\/tr>\n<tr>\n<td width=\"284\">Material<\/td>\n<td width=\"284\">PVC frame PC lens<\/td>\n<\/tr>\n<tr>\n<td width=\"284\">Qualit\u00e4tsstandard<\/td>\n<td width=\"284\">CE EN166<\/td>\n<\/tr>\n<tr>\n<td width=\"284\">Funktion<\/td>\n<td width=\"284\">Anti-UV, Anti-scratch; Anti-fog for choice<\/td>\n<\/tr>\n<tr>\n<td width=\"284\">Gr\u00f6\u00dfe<\/td>\n<td width=\"284\">Standardgr\u00f6\u00dfe f\u00fcr Erwachsene<\/td>\n<\/tr>\n<tr>\n<td width=\"284\">Farbe<\/td>\n<td width=\"284\">Clear, coffee etc. color for choice<\/td>\n<\/tr>\n<tr>\n<td width=\"284\">Verpacken<\/td>\n<td width=\"284\">Polybeutel, Kopfkarte, Blisterbox, Farbbox usw.<\/td>\n<\/tr>\n<tr>\n<td width=\"284\">Anmeldung<\/td>\n<td width=\"284\">Bauwesen, Industrie, Bergbau, Landwirtschaft, Reiten, Labor, Milit\u00e4r, \u00d6l usw.<\/td>\n<\/tr>\n<\/tbody>\n<\/table>\n<p>TOPRISE unterst\u00fctzt verschiedene Arten der Anpassung von Schutzbrillen; klicken Sie hier, um <a href=\"https:\/\/toprisesafety.com\/de\/product-category\/personal-protective-equipment\/eye-protection\/safety-goggles\/\">Weitere Modelle von Schutzbrillen anzeigen<\/a>.<\/p>\n<p>Wenn Sie die erforderliche Schutzbrille nicht finden, <a href=\"https:\/\/toprisesafety.com\/de\/contact-us\/\">Kontaktieren Sie uns<\/a>; wir unterst\u00fctzen spezielle Anpassungen.<\/p>\n<p><strong><span style=\"font-size: 200%;\">More safety goggles models for choice:<\/span><\/strong><\/p>\n<figure id=\"attachment_774\" class=\"wp-caption alignnone\" style=\"width: 720px;\" aria-describedby=\"caption-attachment-774\"><a href=\"https:\/\/toprisesafety.com\/de\/product\/cheap-safety-goggles\/\"><img fetchpriority=\"high\" decoding=\"async\" class=\"size-full wp-image-774\" src=\"https:\/\/toprisesafety.com\/wp-content\/uploads\/2024\/08\/SG09.jpg\" alt=\"Cheap safety goggles\" width=\"720\" height=\"720\" \/><\/a><figcaption id=\"caption-attachment-774\" class=\"wp-caption-text\">Billige Schutzbrille<\/figcaption><\/figure>","protected":false},"excerpt":{"rendered":"<p>Art No.: SG08<\/p>\n<p>Material: PVC frame, PC lens<\/p>\n<p>Features: Anti-UV, Anti-scratch; Anti-fog for choice<\/p>\n<p>Qualit\u00e4tsstandard: CE EN166<\/p>\n<p>MOQ: 1000PCS<\/p>","protected":false},"featured_media":6035,"template":"","meta":{"_acf_changed":false},"product_brand":[],"product_cat":[357,358],"product_tag":[269],"class_list":{"0":"post-6036","1":"product","2":"type-product","3":"status-publish","4":"has-post-thumbnail","6":"product_cat-eye-protection","7":"product_cat-safety-goggles","8":"product_tag-ce-en166-safety-goggles","10":"first","11":"instock","12":"product-type-simple"},"acf":[],"_links":{"self":[{"href":"https:\/\/toprisesafety.com\/de\/wp-json\/wp\/v2\/product\/6036"}],"collection":[{"href":"https:\/\/toprisesafety.com\/de\/wp-json\/wp\/v2\/product"}],"about":[{"href":"https:\/\/toprisesafety.com\/de\/wp-json\/wp\/v2\/types\/product"}],"wp:featuredmedia":[{"embeddable":true,"href":"https:\/\/toprisesafety.com\/de\/wp-json\/wp\/v2\/media\/6035"}],"wp:attachment":[{"href":"https:\/\/toprisesafety.com\/de\/wp-json\/wp\/v2\/media?parent=6036"}],"wp:term":[{"taxonomy":"product_brand","embeddable":true,"href":"https:\/\/toprisesafety.com\/de\/wp-json\/wp\/v2\/product_brand?post=6036"},{"taxonomy":"product_cat","embeddable":true,"href":"https:\/\/toprisesafety.com\/de\/wp-json\/wp\/v2\/product_cat?post=6036"},{"taxonomy":"product_tag","embeddable":true,"href":"https:\/\/toprisesafety.com\/de\/wp-json\/wp\/v2\/product_tag?post=6036"}],"curies":[{"name":"wp","href":"https:\/\/api.w.org\/{rel}","templated":true}]}}