{"id":6034,"date":"2018-02-24T05:54:50","date_gmt":"2018-02-24T05:54:50","guid":{"rendered":"https:\/\/toprisesafety.com\/product\/cheap-safety-goggles\/"},"modified":"2025-03-17T04:11:37","modified_gmt":"2025-03-17T04:11:37","slug":"cheap-safety-goggles","status":"publish","type":"product","link":"https:\/\/toprisesafety.com\/de\/product\/cheap-safety-goggles\/","title":{"rendered":"Billige Schutzbrille"},"content":{"rendered":"<p><strong><span style=\"font-size: 130%;\">Billige Schutzbrille <\/span><\/strong><\/p>\n<ul>\n<li style=\"list-style-type: none;\">\n<ul>\n<li data-spm-anchor-id=\"a2700.details.pronpeci14.i1.c44c4e73UcTKsG\">Rundum-Designs bieten hervorragenden Schutz<\/li>\n<\/ul>\n<\/li>\n<\/ul>\n<ul>\n<li style=\"list-style-type: none;\">\n<ul>\n<li>Erf\u00fcllt hohe Anforderungen, g\u00fcnstiger Preis, Economy-Modell<\/li>\n<\/ul>\n<\/li>\n<\/ul>\n<ul>\n<li style=\"list-style-type: none;\">\n<ul>\n<li>Bequeme, verstellbare Nylon-Stirnb\u00e4nder erm\u00f6glichen eine einfache Anpassung f\u00fcr einen bequemen Sitz<\/li>\n<\/ul>\n<\/li>\n<\/ul>\n<ul>\n<li style=\"list-style-type: none;\">\n<ul>\n<li>Luftl\u00f6cher an beiden Seiten und oben<\/li>\n<\/ul>\n<\/li>\n<\/ul>\n<ul>\n<li style=\"list-style-type: none;\">\n<ul>\n<li>G\u00fcnstiges Modell, Gewicht \u00fcber 30g\/St\u00fcck. Die meisten Wirtschaft Modell fit f\u00fcr Bau, Landwirtschaft, Gartenarbeit, Bergbau, etc.<\/li>\n<\/ul>\n<\/li>\n<\/ul>\n<h2><strong>Billige Schutzbrillen Spezifikationen:<\/strong><\/h2>\n<table>\n<tbody>\n<tr>\n<td width=\"284\">Art Nr.<\/td>\n<td width=\"284\">SG09<\/td>\n<\/tr>\n<tr>\n<td width=\"284\">Material<\/td>\n<td width=\"284\">Rahmen und Glas aus PVC<\/td>\n<\/tr>\n<tr>\n<td width=\"284\">Funktion<\/td>\n<td width=\"284\">Anti-UV, Anti-Kratz, Anti-Beschlag f\u00fcr die Wahl<\/td>\n<\/tr>\n<tr>\n<td width=\"284\">Gr\u00f6\u00dfe<\/td>\n<td width=\"284\">Standardgr\u00f6\u00dfe f\u00fcr Erwachsene<\/td>\n<\/tr>\n<tr>\n<td width=\"284\">Farbe<\/td>\n<td width=\"284\">Klar<\/td>\n<\/tr>\n<tr>\n<td width=\"284\">Verpacken<\/td>\n<td width=\"284\">Polybeutel, Kopfkarte, Blisterbox, Farbbox usw.<\/td>\n<\/tr>\n<tr>\n<td width=\"284\">Anmeldung<\/td>\n<td width=\"284\">Bauwesen, Industrie, Bergbau, Landwirtschaft, Reiten, Labor, Milit\u00e4r, \u00d6l usw.<\/td>\n<\/tr>\n<\/tbody>\n<\/table>\n<p>TOPRISE unterst\u00fctzt verschiedene Arten der Anpassung von Schutzbrillen; klicken Sie hier, um <a href=\"https:\/\/toprisesafety.com\/de\/product-category\/personal-protective-equipment\/eye-protection\/safety-goggles\/\">Weitere Modelle von Schutzbrillen anzeigen<\/a>.<\/p>\n<p>Wenn Sie die erforderliche Schutzbrille nicht finden, <a href=\"https:\/\/toprisesafety.com\/de\/contact-us\/\">Kontaktieren Sie uns<\/a>; wir unterst\u00fctzen spezielle Anpassungen.<\/p>\n<p><strong><span style=\"font-size: 200%;\">Mehr Schutzbrillen zur Auswahl:<\/span><\/strong><\/p>\n<figure id=\"attachment_765\" class=\"wp-caption alignnone\" style=\"width: 720px;\" aria-describedby=\"caption-attachment-765\"><a href=\"https:\/\/toprisesafety.com\/de\/product\/popular-ce-en166-safety-goggles\/\"><img fetchpriority=\"high\" decoding=\"async\" class=\"size-full wp-image-765\" src=\"https:\/\/toprisesafety.com\/wp-content\/uploads\/2024\/08\/SG08-1.jpg\" alt=\"Popular CE EN166 safety goggles\" width=\"720\" height=\"720\" \/><\/a><figcaption id=\"caption-attachment-765\" class=\"wp-caption-text\">Beliebte CE EN166 Schutzbrillen<\/figcaption><\/figure>","protected":false},"excerpt":{"rendered":"<p>Art.Nr.: SG09<\/p>\n<p>Material: PVC-Rahmen, PVC-Glas<\/p>\n<p>Farbe: Klar<\/p>\n<p>MOQ: 1000PCS<\/p>","protected":false},"featured_media":6032,"template":"","meta":{"_acf_changed":false},"product_brand":[],"product_cat":[357,358],"product_tag":[268],"class_list":{"0":"post-6034","1":"product","2":"type-product","3":"status-publish","4":"has-post-thumbnail","6":"product_cat-eye-protection","7":"product_cat-safety-goggles","8":"product_tag-cheap-safety-goggles","10":"first","11":"instock","12":"product-type-simple"},"acf":[],"_links":{"self":[{"href":"https:\/\/toprisesafety.com\/de\/wp-json\/wp\/v2\/product\/6034"}],"collection":[{"href":"https:\/\/toprisesafety.com\/de\/wp-json\/wp\/v2\/product"}],"about":[{"href":"https:\/\/toprisesafety.com\/de\/wp-json\/wp\/v2\/types\/product"}],"wp:featuredmedia":[{"embeddable":true,"href":"https:\/\/toprisesafety.com\/de\/wp-json\/wp\/v2\/media\/6032"}],"wp:attachment":[{"href":"https:\/\/toprisesafety.com\/de\/wp-json\/wp\/v2\/media?parent=6034"}],"wp:term":[{"taxonomy":"product_brand","embeddable":true,"href":"https:\/\/toprisesafety.com\/de\/wp-json\/wp\/v2\/product_brand?post=6034"},{"taxonomy":"product_cat","embeddable":true,"href":"https:\/\/toprisesafety.com\/de\/wp-json\/wp\/v2\/product_cat?post=6034"},{"taxonomy":"product_tag","embeddable":true,"href":"https:\/\/toprisesafety.com\/de\/wp-json\/wp\/v2\/product_tag?post=6034"}],"curies":[{"name":"wp","href":"https:\/\/api.w.org\/{rel}","templated":true}]}}