{"id":6022,"date":"2018-02-24T07:44:59","date_gmt":"2018-02-24T07:44:59","guid":{"rendered":"https:\/\/toprisesafety.com\/product\/silicone-earplug\/"},"modified":"2025-03-24T07:22:22","modified_gmt":"2025-03-24T07:22:22","slug":"silicone-earplug","status":"publish","type":"product","link":"https:\/\/toprisesafety.com\/de\/product\/silicone-earplug\/","title":{"rendered":"Silikon-Ohrst\u00f6psel"},"content":{"rendered":"<p><strong><span style=\"font-size: 140%;\">Silikon-Ohrst\u00f6psel <\/span><\/strong><\/p>\n<ul>\n<li style=\"list-style-type: none;\">\n<ul>\n<li><span data-spm-anchor-id=\"a2700.details.pronpeci14.i3.14c64f29Dud9E2\">Silikon-Ohrst\u00f6psel, langlebig und wasserdicht\u00a0<\/span><\/li>\n<\/ul>\n<\/li>\n<\/ul>\n<ul>\n<li style=\"list-style-type: none;\">\n<ul>\n<li>Sicher und bequem zu tragen.<\/li>\n<\/ul>\n<\/li>\n<\/ul>\n<ul>\n<li style=\"list-style-type: none;\">\n<ul>\n<li><span data-spm-anchor-id=\"a2700.details.pronpeci14.i0.14c64f29Dud9E2\">Jedes Paar ist separat in einem Polybeutel verpackt, um die Hygiene zu gew\u00e4hrleisten.<\/span><\/li>\n<\/ul>\n<\/li>\n<\/ul>\n<ul>\n<li style=\"list-style-type: none;\">\n<ul>\n<li>Pilzform f\u00fcr eine bequeme Anpassung an den Geh\u00f6rgang zur Verringerung von L\u00e4rm<\/li>\n<\/ul>\n<\/li>\n<\/ul>\n<ul>\n<li style=\"list-style-type: none;\">\n<ul>\n<li>Glatte, schmutzabweisende Oberfl\u00e4che<\/li>\n<\/ul>\n<\/li>\n<\/ul>\n<ul>\n<li style=\"list-style-type: none;\">\n<ul>\n<li>Anwendung: Nasenplatz, bei Konzerten, Bauarbeiten, Dreharbeiten oder zum Schlafen<\/li>\n<\/ul>\n<\/li>\n<\/ul>\n<ul>\n<li style=\"list-style-type: none;\">\n<ul>\n<li>Verpackung: \u00fcblicher Opp-Beutel, Unterst\u00fctzung f\u00fcr spezielle Verpackungen wie Blisterbox, Kopfkarte, Farbbox usw.<\/li>\n<\/ul>\n<\/li>\n<\/ul>\n<h2><strong>Spezifikationen f\u00fcr Silikon-Ohrst\u00f6psel:\u00a0<\/strong><\/h2>\n<table>\n<tbody>\n<tr>\n<td width=\"284\">Art Nr.<\/td>\n<td width=\"284\">EP02 (ohne Schnur) ; EP02-P (mit Kunststoffschnur) ; EP02-K (mit Schnurstrickschnur)<\/td>\n<\/tr>\n<tr>\n<td width=\"284\">Material<\/td>\n<td width=\"284\">Silikon<\/td>\n<\/tr>\n<tr>\n<td width=\"284\">Farbe<\/td>\n<td width=\"284\">Orange, gr\u00fcn, rot, blau usw.<\/td>\n<\/tr>\n<tr>\n<td width=\"284\">SNR<\/td>\n<td width=\"284\">29dB<\/td>\n<\/tr>\n<tr>\n<td width=\"284\">Qualit\u00e4tsstandard<\/td>\n<td width=\"284\">CE EN352 -2 (2003)<\/td>\n<\/tr>\n<tr>\n<td width=\"284\">Verpacken<\/td>\n<td width=\"284\">1PR\/Beutel, 100PRS\/Karton, 2000PRS \/CTN<\/td>\n<\/tr>\n<tr>\n<td width=\"284\">Gr\u00f6\u00dfe des Kartons<\/td>\n<td width=\"284\">52*42*40.5CM<\/td>\n<\/tr>\n<tr>\n<td width=\"284\">N\/G.W<\/td>\n<td width=\"284\">8.5\/10 KGS<\/td>\n<\/tr>\n<tr>\n<td width=\"284\">MOQ<\/td>\n<td width=\"284\">10000PAIRS<\/td>\n<\/tr>\n<\/tbody>\n<\/table>\n<p>TOPRISE unterst\u00fctzt verschiedene Arten der Anpassung von Kapselgeh\u00f6rsch\u00fctzern und Geh\u00f6rschutzst\u00f6pseln; zum Anklicken <a href=\"https:\/\/toprisesafety.com\/de\/product-category\/personal-protective-equipment\/ear-protection\/earmuff-earplug\/\">Weitere Modelle von Kapselgeh\u00f6rsch\u00fctzern und Geh\u00f6rschutzst\u00f6pseln anzeigen.<\/a><\/p>\n<p>Wenn Sie die ben\u00f6tigten Ohrensch\u00fctzer und Ohrst\u00f6psel nicht finden,<a href=\"https:\/\/toprisesafety.com\/de\/contact-us\/\"> Kontaktieren Sie uns<\/a>; wir unterst\u00fctzen spezielle Anpassungen.<\/p>","protected":false},"excerpt":{"rendered":"<p>Art. Nr.: EP02 (ohne Schnur) ; EP02-P (mit Kunststoffschnur) ; EP02-K (mit Schnurstrickschnur)<\/p>\n<p>Farbe: Orange<\/p>\n<p>Ausf\u00fchrung: ohne Kordel; mit Strickkordel; mit Kunststoffkordel zur Auswahl<\/p>\n<p>MOQ: 10000Paare<\/p>","protected":false},"featured_media":6023,"template":"","meta":{"_acf_changed":false},"product_brand":[],"product_cat":[354,355],"product_tag":[261],"class_list":{"0":"post-6022","1":"product","2":"type-product","3":"status-publish","4":"has-post-thumbnail","6":"product_cat-ear-protection","7":"product_cat-earmuff-earplug","8":"product_tag-ce-en352-silicone-eaplug","10":"first","11":"instock","12":"product-type-simple"},"acf":[],"_links":{"self":[{"href":"https:\/\/toprisesafety.com\/de\/wp-json\/wp\/v2\/product\/6022","targetHints":{"allow":["GET"]}}],"collection":[{"href":"https:\/\/toprisesafety.com\/de\/wp-json\/wp\/v2\/product"}],"about":[{"href":"https:\/\/toprisesafety.com\/de\/wp-json\/wp\/v2\/types\/product"}],"wp:featuredmedia":[{"embeddable":true,"href":"https:\/\/toprisesafety.com\/de\/wp-json\/wp\/v2\/media\/6023"}],"wp:attachment":[{"href":"https:\/\/toprisesafety.com\/de\/wp-json\/wp\/v2\/media?parent=6022"}],"wp:term":[{"taxonomy":"product_brand","embeddable":true,"href":"https:\/\/toprisesafety.com\/de\/wp-json\/wp\/v2\/product_brand?post=6022"},{"taxonomy":"product_cat","embeddable":true,"href":"https:\/\/toprisesafety.com\/de\/wp-json\/wp\/v2\/product_cat?post=6022"},{"taxonomy":"product_tag","embeddable":true,"href":"https:\/\/toprisesafety.com\/de\/wp-json\/wp\/v2\/product_tag?post=6022"}],"curies":[{"name":"wp","href":"https:\/\/api.w.org\/{rel}","templated":true}]}}