{"id":6020,"date":"2018-02-24T07:57:52","date_gmt":"2018-02-24T07:57:52","guid":{"rendered":"https:\/\/toprisesafety.com\/product\/hot-sale-cheap-earmuff\/"},"modified":"2025-03-24T07:21:56","modified_gmt":"2025-03-24T07:21:56","slug":"hot-sale-cheap-earmuff","status":"publish","type":"product","link":"https:\/\/toprisesafety.com\/de\/product\/hot-sale-cheap-earmuff\/","title":{"rendered":"Hei\u00dfer Verkauf billig Ohrensch\u00fctzer"},"content":{"rendered":"<p><strong><span style=\"font-size: 140%;\">Hei\u00dfer Verkauf billig Ohrensch\u00fctzer <\/span><\/strong><\/p>\n<ul>\n<li style=\"list-style-type: none;\">\n<ul>\n<li>Einfaches und verstellbares Kopfband an den Seiten f\u00fcr alle Gr\u00f6\u00dfen.<\/li>\n<\/ul>\n<\/li>\n<\/ul>\n<ul>\n<li style=\"list-style-type: none;\">\n<ul>\n<li>Weiche PVC-Polster f\u00fcr mehr Komfort bei l\u00e4ngerem Gebrauch.<\/li>\n<\/ul>\n<\/li>\n<\/ul>\n<ul>\n<li style=\"list-style-type: none;\">\n<ul>\n<li>\u00a0Leicht und dielektrisch.<\/li>\n<\/ul>\n<\/li>\n<\/ul>\n<ul>\n<li style=\"list-style-type: none;\">\n<ul>\n<li>\u00a0Verstellbares Kopfband<\/li>\n<\/ul>\n<\/li>\n<\/ul>\n<ul>\n<li style=\"list-style-type: none;\">\n<ul>\n<li><span data-spm-anchor-id=\"a2700.details.pronpeci14.i1.638d3091mMhoEU\">Ger\u00e4uschunterdr\u00fcckung von 27 dB<\/span><\/li>\n<\/ul>\n<\/li>\n<\/ul>\n<ul>\n<li style=\"list-style-type: none;\">\n<ul>\n<li>Breite Schaumstoffkissen sorgen f\u00fcr geringen Oberfl\u00e4chendruck<\/li>\n<\/ul>\n<\/li>\n<\/ul>\n<ul>\n<li style=\"list-style-type: none;\">\n<ul>\n<li>Bequeme Ohrmuschel f\u00fcr ganzt\u00e4giges Tragen<\/li>\n<\/ul>\n<\/li>\n<\/ul>\n<ul>\n<li style=\"list-style-type: none;\">\n<ul>\n<li>Anwendung: Bau, Industrie, Bergbau, Landwirtschaft, Gartenbau usw.<\/li>\n<\/ul>\n<\/li>\n<\/ul>\n<ul>\n<li style=\"list-style-type: none;\">\n<ul>\n<li>Verpackung: \u00fcblicher Polybeutel, spezielle Verpackungen wie Kopfkarte, Blisterbox, etc.<\/li>\n<\/ul>\n<\/li>\n<\/ul>\n<h2><strong>Hei\u00dfer Verkauf billig Ohrensch\u00fctzer\u00a0<\/strong><\/h2>\n<table>\n<tbody>\n<tr>\n<td width=\"284\">Art Nr.<\/td>\n<td width=\"284\">EM01<\/td>\n<\/tr>\n<tr>\n<td width=\"284\">Material<\/td>\n<td width=\"284\">PP-Schale und Kopfband, schwarzes PVC-Leder mit hochdichtem Schaumstofffilter<\/td>\n<\/tr>\n<tr>\n<td width=\"284\">Farbe<\/td>\n<td width=\"284\">Rot\/Schwarz<\/td>\n<\/tr>\n<tr>\n<td width=\"284\">SNR<\/td>\n<td width=\"284\">27 dB<\/td>\n<\/tr>\n<tr>\n<td width=\"284\">Genutzte Fl\u00e4che<\/td>\n<td width=\"284\">Bauwesen, Industrie, Bergbau usw.<\/td>\n<\/tr>\n<tr>\n<td width=\"284\">Verpacken<\/td>\n<td width=\"284\">1PC\/Beutel, 50PCS\/CTN<\/td>\n<\/tr>\n<tr>\n<td width=\"284\">Gr\u00f6\u00dfe des Kartons<\/td>\n<td width=\"284\">59*40*39CM<\/td>\n<\/tr>\n<tr>\n<td width=\"284\">N\/G.W<\/td>\n<td width=\"284\">6\/7,5 KGS<\/td>\n<\/tr>\n<tr>\n<td width=\"284\">MOQ<\/td>\n<td width=\"284\">1000 STCK.<\/td>\n<\/tr>\n<\/tbody>\n<\/table>\n<p>TOPRISE unterst\u00fctzt verschiedene Arten der Anpassung von Kapselgeh\u00f6rsch\u00fctzern und Geh\u00f6rschutzst\u00f6pseln; zum Anklicken <a href=\"https:\/\/toprisesafety.com\/de\/product-category\/personal-protective-equipment\/ear-protection\/earmuff-earplug\/\">Weitere Modelle von Kapselgeh\u00f6rsch\u00fctzern und Geh\u00f6rschutzst\u00f6pseln anzeigen.<\/a><\/p>\n<p>Wenn Sie die ben\u00f6tigten Ohrensch\u00fctzer und Ohrst\u00f6psel nicht finden,<a href=\"https:\/\/toprisesafety.com\/de\/contact-us\/\"> Kontaktieren Sie uns<\/a>; wir unterst\u00fctzen spezielle Anpassungen.<\/p>","protected":false},"excerpt":{"rendered":"<p>Art Nr. : EM01<\/p>\n<p>Farbe: Rot\/Schwarz<\/p>\n<p>SNR: 27dB<\/p>\n<p>Material: PP-Schale und Kopfband, schwarzes PVC-Leder mit hochdichtem Schaumstofffilter<\/p>\n<p>MOQ: 1000 STK.<\/p>","protected":false},"featured_media":6021,"template":"","meta":{"_acf_changed":false},"product_brand":[],"product_cat":[354,355],"product_tag":[259],"class_list":{"0":"post-6020","1":"product","2":"type-product","3":"status-publish","4":"has-post-thumbnail","6":"product_cat-ear-protection","7":"product_cat-earmuff-earplug","8":"product_tag-hot-sale-cheap-earmuff","10":"first","11":"instock","12":"product-type-simple"},"acf":[],"_links":{"self":[{"href":"https:\/\/toprisesafety.com\/de\/wp-json\/wp\/v2\/product\/6020"}],"collection":[{"href":"https:\/\/toprisesafety.com\/de\/wp-json\/wp\/v2\/product"}],"about":[{"href":"https:\/\/toprisesafety.com\/de\/wp-json\/wp\/v2\/types\/product"}],"wp:featuredmedia":[{"embeddable":true,"href":"https:\/\/toprisesafety.com\/de\/wp-json\/wp\/v2\/media\/6021"}],"wp:attachment":[{"href":"https:\/\/toprisesafety.com\/de\/wp-json\/wp\/v2\/media?parent=6020"}],"wp:term":[{"taxonomy":"product_brand","embeddable":true,"href":"https:\/\/toprisesafety.com\/de\/wp-json\/wp\/v2\/product_brand?post=6020"},{"taxonomy":"product_cat","embeddable":true,"href":"https:\/\/toprisesafety.com\/de\/wp-json\/wp\/v2\/product_cat?post=6020"},{"taxonomy":"product_tag","embeddable":true,"href":"https:\/\/toprisesafety.com\/de\/wp-json\/wp\/v2\/product_tag?post=6020"}],"curies":[{"name":"wp","href":"https:\/\/api.w.org\/{rel}","templated":true}]}}