{"id":6016,"date":"2018-02-24T08:16:15","date_gmt":"2018-02-24T08:16:15","guid":{"rendered":"https:\/\/toprisesafety.com\/product\/ce-ansi-standard-earmuff\/"},"modified":"2025-03-24T07:21:22","modified_gmt":"2025-03-24T07:21:22","slug":"ce-ansi-standard-earmuff","status":"publish","type":"product","link":"https:\/\/toprisesafety.com\/de\/product\/ce-ansi-standard-earmuff\/","title":{"rendered":"CE-ANSI-Norm-Ohrsch\u00fctzer"},"content":{"rendered":"<p><strong><span style=\"font-size: 130%;\">CE-ANSI-Norm-Ohrsch\u00fctzer<\/span><\/strong><\/p>\n<ul>\n<li style=\"list-style-type: none;\">\n<ul>\n<li>ABS-Schale und Kopfband, hochdichter Schwamm innen, Kunstleder.<\/li>\n<\/ul>\n<\/li>\n<\/ul>\n<ul>\n<li style=\"list-style-type: none;\">\n<ul>\n<li>Einfaches und verstellbares Kopfband an den Seiten f\u00fcr alle Gr\u00f6\u00dfen.<\/li>\n<\/ul>\n<\/li>\n<\/ul>\n<ul>\n<li style=\"list-style-type: none;\">\n<ul>\n<li>Weiche PVC-Polster f\u00fcr mehr Komfort bei l\u00e4ngerem Gebrauch.<\/li>\n<\/ul>\n<\/li>\n<\/ul>\n<ul>\n<li style=\"list-style-type: none;\">\n<ul>\n<li>\u00a0Leicht und dielektrisch.<\/li>\n<\/ul>\n<\/li>\n<\/ul>\n<ul>\n<li style=\"list-style-type: none;\">\n<ul>\n<li>\u00a0Verstellbares Kopfband<\/li>\n<\/ul>\n<\/li>\n<\/ul>\n<ul>\n<li style=\"list-style-type: none;\">\n<ul>\n<li><span data-spm-anchor-id=\"a2700.details.pronpeci14.i1.638d3091mMhoEU\">Rauschunterdr\u00fcckung von 28 dB (SNR)<\/span><\/li>\n<\/ul>\n<\/li>\n<\/ul>\n<ul>\n<li style=\"list-style-type: none;\">\n<ul>\n<li>Breite Schaumstoffkissen sorgen f\u00fcr geringen Oberfl\u00e4chendruck<\/li>\n<\/ul>\n<\/li>\n<\/ul>\n<ul>\n<li style=\"list-style-type: none;\">\n<ul>\n<li>Bequeme Ohrmuschel f\u00fcr ganzt\u00e4giges Tragen<\/li>\n<\/ul>\n<\/li>\n<\/ul>\n<ul>\n<li style=\"list-style-type: none;\">\n<ul>\n<li>Anwendung: Bau, Industrie, Bergbau, Landwirtschaft, Gartenbau usw.<\/li>\n<\/ul>\n<\/li>\n<\/ul>\n<ul>\n<li style=\"list-style-type: none;\">\n<ul>\n<li>Verpackung: \u00fcblicher Polybeutel, spezielle Verpackungen wie Kopfkarte, Blisterbox, etc.<\/li>\n<\/ul>\n<\/li>\n<\/ul>\n<ul>\n<li style=\"list-style-type: none;\">\n<ul>\n<li>Kundenlogo ist verf\u00fcgbar<\/li>\n<\/ul>\n<\/li>\n<\/ul>\n<h2><strong>CE-ANSI-Norm-Ohrsch\u00fctzer\u00a0<\/strong><\/h2>\n<table>\n<tbody>\n<tr>\n<td width=\"284\">Art Nr.<\/td>\n<td width=\"284\">EM02<\/td>\n<\/tr>\n<tr>\n<td width=\"284\">Material<\/td>\n<td width=\"284\">ABS-Schale, Innenseite aus hochdichtem Schwamm, Kunstleder.<\/td>\n<\/tr>\n<tr>\n<td width=\"284\">Farbe<\/td>\n<td width=\"284\">Gelb, rot, etc.<\/td>\n<\/tr>\n<tr>\n<td width=\"284\">SNR<\/td>\n<td width=\"284\">28dB<\/td>\n<\/tr>\n<tr>\n<td width=\"284\">Qualit\u00e4tsstandard<\/td>\n<td width=\"284\">CE EN352-1 (28dB) , ANSI S3.19 (23dB) , AS\/NZS class5 29.5dB<\/td>\n<\/tr>\n<tr>\n<td width=\"284\">Verpacken<\/td>\n<td width=\"284\">1PC\/Beutel, 20PCS\/CTN<\/td>\n<\/tr>\n<tr>\n<td width=\"284\">Gr\u00f6\u00dfe des Kartons<\/td>\n<td width=\"284\">50.5*28*40.5CM<\/td>\n<\/tr>\n<tr>\n<td width=\"284\">N\/G.W<\/td>\n<td width=\"284\">5\/4 KGS<\/td>\n<\/tr>\n<tr>\n<td width=\"284\">MOQ<\/td>\n<td width=\"284\">1000 STCK.<\/td>\n<\/tr>\n<\/tbody>\n<\/table>\n<p>TOPRISE unterst\u00fctzt verschiedene Arten der Anpassung von Kapselgeh\u00f6rsch\u00fctzern und Geh\u00f6rschutzst\u00f6pseln; zum Anklicken <a href=\"https:\/\/toprisesafety.com\/de\/product-category\/personal-protective-equipment\/ear-protection\/earmuff-earplug\/\">Weitere Modelle von Kapselgeh\u00f6rsch\u00fctzern und Geh\u00f6rschutzst\u00f6pseln anzeigen.<\/a><\/p>\n<p>Wenn Sie die ben\u00f6tigten Ohrensch\u00fctzer und Ohrst\u00f6psel nicht finden,<a href=\"https:\/\/toprisesafety.com\/de\/contact-us\/\"> Kontaktieren Sie uns<\/a>; wir unterst\u00fctzen spezielle Anpassungen.<\/p>","protected":false},"excerpt":{"rendered":"<p>Art-Nr.: EM02<\/p>\n<p>Material: ABS-Schale, hochdichter Schwamm innen, Kunstleder.<\/p>\n<p>SNR: 28dB<\/p>\n<p>Qualit\u00e4tsstandard: CE, ANSI, AS\/NZS<\/p>\n<p>Farbe: Rot oder Gelb usw.<\/p>\n<p>MOQ: 1000PCS<\/p>","protected":false},"featured_media":6017,"template":"","meta":{"_acf_changed":false},"product_brand":[],"product_cat":[354,355],"product_tag":[258],"class_list":{"0":"post-6016","1":"product","2":"type-product","3":"status-publish","4":"has-post-thumbnail","6":"product_cat-ear-protection","7":"product_cat-earmuff-earplug","8":"product_tag-ce-ansi-standard-earmuff","10":"first","11":"instock","12":"product-type-simple"},"acf":[],"_links":{"self":[{"href":"https:\/\/toprisesafety.com\/de\/wp-json\/wp\/v2\/product\/6016"}],"collection":[{"href":"https:\/\/toprisesafety.com\/de\/wp-json\/wp\/v2\/product"}],"about":[{"href":"https:\/\/toprisesafety.com\/de\/wp-json\/wp\/v2\/types\/product"}],"wp:featuredmedia":[{"embeddable":true,"href":"https:\/\/toprisesafety.com\/de\/wp-json\/wp\/v2\/media\/6017"}],"wp:attachment":[{"href":"https:\/\/toprisesafety.com\/de\/wp-json\/wp\/v2\/media?parent=6016"}],"wp:term":[{"taxonomy":"product_brand","embeddable":true,"href":"https:\/\/toprisesafety.com\/de\/wp-json\/wp\/v2\/product_brand?post=6016"},{"taxonomy":"product_cat","embeddable":true,"href":"https:\/\/toprisesafety.com\/de\/wp-json\/wp\/v2\/product_cat?post=6016"},{"taxonomy":"product_tag","embeddable":true,"href":"https:\/\/toprisesafety.com\/de\/wp-json\/wp\/v2\/product_tag?post=6016"}],"curies":[{"name":"wp","href":"https:\/\/api.w.org\/{rel}","templated":true}]}}