{"id":6002,"date":"2018-02-25T04:29:37","date_gmt":"2018-02-25T04:29:37","guid":{"rendered":"https:\/\/toprisesafety.com\/product\/folded-respirator\/"},"modified":"2025-04-17T07:45:29","modified_gmt":"2025-04-17T07:45:29","slug":"folded-respirator","status":"publish","type":"product","link":"https:\/\/toprisesafety.com\/de\/product\/folded-respirator\/","title":{"rendered":"Gefaltetes Atemschutzger\u00e4t"},"content":{"rendered":"<p><span style=\"font-size: 140%;\"><strong>Gefaltetes Atemschutzger\u00e4t <\/strong><\/span><\/p>\n<ul>\n<li style=\"list-style-type: none;\">\n<ul>\n<li>Die Staubmaske wird \u00fcber den Monat hinweg getragen, um vor Staub zu sch\u00fctzen. Sie wird im Baugewerbe, in der Reinigung, in der Lebensmittel- und Getr\u00e4nkeherstellung, in der Metallproduktion und -verarbeitung, in der milit\u00e4rischen Instandhaltung, in Reparatur und Betrieb, im Bergbau, in der \u00d6l- und Gasindustrie, in der Pharmazie, im Transportwesen, in der Gartenarbeit usw. eingesetzt.<\/li>\n<\/ul>\n<\/li>\n<\/ul>\n<ul>\n<li style=\"list-style-type: none;\">\n<ul>\n<li>Gut gesch\u00fctzt gegen Allergene.<\/li>\n<\/ul>\n<\/li>\n<\/ul>\n<ul>\n<li style=\"list-style-type: none;\">\n<ul>\n<li>Zwei Gurte hinter dem Kopf (ein oberer und ein unterer)<\/li>\n<\/ul>\n<\/li>\n<\/ul>\n<ul>\n<li style=\"list-style-type: none;\">\n<ul>\n<li>Ein Aluminiumstreifen an der Au\u00dfenseite \u00fcber den Nasenr\u00fccken, der zur Anpassung an den Benutzer verwendet werden kann.<\/li>\n<\/ul>\n<\/li>\n<\/ul>\n<ul>\n<li style=\"list-style-type: none;\">\n<ul>\n<li>Ein Schaumstoffstreifen auf der Innenseite \u00fcber dem Nasenr\u00fccken sorgt f\u00fcr eine gute Abdichtung, auch wenn das Aluminium auf der Au\u00dfenseite nicht passt.<\/li>\n<\/ul>\n<\/li>\n<\/ul>\n<ul>\n<li style=\"list-style-type: none;\">\n<ul>\n<li>Staubmasken haben zwei Hauptqualit\u00e4tsstandards wie Europa CE und Amerika N95\/N99\/N100.<\/li>\n<\/ul>\n<\/li>\n<\/ul>\n<ul>\n<li style=\"list-style-type: none;\">\n<ul>\n<li>Die europ\u00e4ische CE-Norm umfasst auch die Ausf\u00fchrungen FFP1, FFP2 und FFP3.<\/li>\n<\/ul>\n<\/li>\n<\/ul>\n<ul>\n<li style=\"list-style-type: none;\">\n<ul>\n<li>Verschiedene Ausf\u00fchrungen mit oder ohne Carbon, mit oder ohne Ventil.  Aktivkohle-Staubmaske kann gut gegen schlechten Geruch w\u00e4hrend der Lackierarbeiten sch\u00fctzen.<\/li>\n<\/ul>\n<\/li>\n<\/ul>\n<table>\n<tbody>\n<tr>\n<td width=\"118\"><strong><b>Standard<\/b><\/strong><\/td>\n<td width=\"126\"><strong><b>Penetration<\/b><\/strong><\/td>\n<td width=\"153\"><strong><b>\u00dcberf\u00fcllungsrate<\/b><\/strong><\/td>\n<td width=\"128\"><strong><b>Widerstandsf\u00e4hig<\/b><\/strong><\/td>\n<\/tr>\n<tr>\n<td width=\"118\">FFP1<\/td>\n<td width=\"126\">20%<\/td>\n<td width=\"153\">\u226580%<\/td>\n<td width=\"128\">21mm H2O<\/td>\n<\/tr>\n<tr>\n<td width=\"118\">FFP2<\/td>\n<td width=\"126\">6%<\/td>\n<td width=\"153\">\u226594%<\/td>\n<td width=\"128\">24mm H2O<\/td>\n<\/tr>\n<tr>\n<td width=\"118\">FFP3<\/td>\n<td width=\"126\">1%<\/td>\n<td width=\"153\">\u226599%<\/td>\n<td width=\"128\">30mm H2O<\/td>\n<\/tr>\n<tr>\n<td width=\"118\">N95<\/td>\n<td width=\"126\">5%<\/td>\n<td width=\"153\">\u226595%<\/td>\n<td width=\"128\">35mm H2O<\/td>\n<\/tr>\n<tr>\n<td width=\"118\">N99<\/td>\n<td width=\"126\">1%<\/td>\n<td width=\"153\">\u226599%<\/td>\n<td width=\"128\">35mm H2O<\/td>\n<\/tr>\n<tr>\n<td width=\"118\">N100<\/td>\n<td width=\"126\">0.03%<\/td>\n<td width=\"153\">\u226599.7%<\/td>\n<td width=\"128\">53mm H2O<\/td>\n<\/tr>\n<\/tbody>\n<\/table>\n<p>&nbsp;<\/p>\n<h2><strong>Folded respirator specificati<\/strong><\/h2>\n<table>\n<tbody>\n<tr>\n<td width=\"113\">Art Nr.<\/td>\n<td width=\"113\">DM03<\/td>\n<td width=\"113\">DM03V<\/td>\n<td width=\"113\">DM03-C<\/td>\n<td width=\"113\">DM03V-C<\/td>\n<\/tr>\n<tr>\n<td width=\"113\">Stil<\/td>\n<td width=\"113\">Dust mask(3Layers)<\/td>\n<td width=\"113\">Dust mask with valve (3Layers)<\/td>\n<td width=\"113\">Active carbon dust mask ( 4 layers)<\/td>\n<td width=\"113\">Active carbon valved dust mask(4 Layers)<\/td>\n<\/tr>\n<tr>\n<td width=\"113\">Material<\/td>\n<td colspan=\"5\" width=\"454\">polypropylene non-woven fabric<\/td>\n<\/tr>\n<tr>\n<td width=\"113\">Standard<\/td>\n<td colspan=\"5\" width=\"454\">FFP1, FFP2, FFP3 zur Auswahl<\/td>\n<\/tr>\n<tr>\n<td width=\"113\">Verpacken<\/td>\n<td width=\"113\">20PCS\/KARTON<\/td>\n<td width=\"113\">15PCS\/KARTON<\/td>\n<td width=\"113\">20PCS\/KARTON<\/td>\n<td width=\"113\">15PCS\/KARTON<\/td>\n<\/tr>\n<tr>\n<td width=\"113\">Logo<\/td>\n<td colspan=\"5\" width=\"454\">Einfarbiger Druck des Kundenlogos auf der Maske ist m\u00f6glich<\/td>\n<\/tr>\n<tr>\n<td width=\"113\">MOQ<\/td>\n<td width=\"113\">10000PCS<\/td>\n<td width=\"113\">9000 STCK.<\/td>\n<td width=\"113\">10000PCS<\/td>\n<td width=\"113\">9000 STCK.<\/td>\n<\/tr>\n<\/tbody>\n<\/table>\n<p><img fetchpriority=\"high\" decoding=\"async\" class=\"size-full wp-image-811\" src=\"https:\/\/toprisesafety.com\/wp-content\/uploads\/2024\/08\/STEP-OF-HOW-TO-WEAR-MASK_\u526f\u672c.jpg\" alt=\"STEP OF HOW TO WEAR MASK\" width=\"600\" height=\"600\" \/><\/p>\n<p><img decoding=\"async\" class=\"size-full wp-image-813\" src=\"https:\/\/toprisesafety.com\/wp-content\/uploads\/2024\/08\/DUST-MASK-PRODUCTION-PROCESS.jpg\" alt=\"DUST MASK PRODUCTION PROCESS\" width=\"748\" height=\"576\" \/><\/p>","protected":false},"excerpt":{"rendered":"<p>Art No. : DM03\/ DM03V\/DM03-C\/DM03V-C<\/p>\n<p>Material: Polypropylene non-woven fabric<\/p>\n<p>Quality standard: FFP1\/FFP2\/FFP3, N95 for choice<\/p>\n<p>MENGE: 9000\/10000ST\u00dcCK<\/p>","protected":false},"featured_media":6005,"template":"","meta":{"_acf_changed":false},"product_brand":[],"product_cat":[352,351],"product_tag":[252],"class_list":{"0":"post-6002","1":"product","2":"type-product","3":"status-publish","4":"has-post-thumbnail","6":"product_cat-dust-mask-chemical-mask","7":"product_cat-respiratory-protection","8":"product_tag-folded-respirator","10":"first","11":"instock","12":"product-type-simple"},"acf":[],"_links":{"self":[{"href":"https:\/\/toprisesafety.com\/de\/wp-json\/wp\/v2\/product\/6002","targetHints":{"allow":["GET"]}}],"collection":[{"href":"https:\/\/toprisesafety.com\/de\/wp-json\/wp\/v2\/product"}],"about":[{"href":"https:\/\/toprisesafety.com\/de\/wp-json\/wp\/v2\/types\/product"}],"wp:featuredmedia":[{"embeddable":true,"href":"https:\/\/toprisesafety.com\/de\/wp-json\/wp\/v2\/media\/6005"}],"wp:attachment":[{"href":"https:\/\/toprisesafety.com\/de\/wp-json\/wp\/v2\/media?parent=6002"}],"wp:term":[{"taxonomy":"product_brand","embeddable":true,"href":"https:\/\/toprisesafety.com\/de\/wp-json\/wp\/v2\/product_brand?post=6002"},{"taxonomy":"product_cat","embeddable":true,"href":"https:\/\/toprisesafety.com\/de\/wp-json\/wp\/v2\/product_cat?post=6002"},{"taxonomy":"product_tag","embeddable":true,"href":"https:\/\/toprisesafety.com\/de\/wp-json\/wp\/v2\/product_tag?post=6002"}],"curies":[{"name":"wp","href":"https:\/\/api.w.org\/{rel}","templated":true}]}}