{"id":5996,"date":"2018-02-25T04:50:58","date_gmt":"2018-02-25T04:50:58","guid":{"rendered":"https:\/\/toprisesafety.com\/product\/plastic-dust-mask\/"},"modified":"2025-04-17T07:44:20","modified_gmt":"2025-04-17T07:44:20","slug":"plastic-dust-mask","status":"publish","type":"product","link":"https:\/\/toprisesafety.com\/de\/product\/plastic-dust-mask\/","title":{"rendered":"Staubmaske aus Kunststoff"},"content":{"rendered":"<p><strong><span style=\"font-size: 140%;\">Staubmaske aus Kunststoff<\/span><\/strong><\/p>\n<p>Die Staubmaske wird \u00fcber den Monat hinweg getragen, um vor Staub zu sch\u00fctzen. Sie wird im Baugewerbe, in der Reinigung, in der Lebensmittel- und Getr\u00e4nkeherstellung, in der Metallproduktion und -verarbeitung, in der milit\u00e4rischen Instandhaltung, in Reparatur und Betrieb, im Bergbau, in der \u00d6l- und Gasindustrie, in der Pharmazie, im Transportwesen, in der Gartenarbeit usw. eingesetzt.<\/p>\n<ul>\n<li style=\"list-style-type: none;\">\n<ul>\n<li data-spm-anchor-id=\"a2700.details.pronpeci14.i1.55812793mDQ3y1\"><span data-spm-anchor-id=\"a2700.details.pronpeci14.i3.55812793mDQ3y1\">Schalenmaterial: Kunststoff<\/span><\/li>\n<\/ul>\n<\/li>\n<\/ul>\n<ul>\n<li style=\"list-style-type: none;\">\n<ul>\n<li data-spm-anchor-id=\"a2700.details.pronpeci14.i1.55812793mDQ3y1\"><span data-spm-anchor-id=\"a2700.details.pronpeci14.i3.55812793mDQ3y1\">Farbe der Schale: Blau, gelb, etc.\u00a0<\/span><\/li>\n<\/ul>\n<\/li>\n<\/ul>\n<ul>\n<li style=\"list-style-type: none;\">\n<ul>\n<li data-spm-anchor-id=\"a2700.details.pronpeci14.i1.55812793mDQ3y1\"><span data-spm-anchor-id=\"a2700.details.pronpeci14.i3.55812793mDQ3y1\">Filter: Vliesstoff, kann durch Auswechseln des Filters wiederholt verwendet werden\u00a0<\/span><\/li>\n<\/ul>\n<\/li>\n<\/ul>\n<ul>\n<li style=\"list-style-type: none;\">\n<ul>\n<li data-spm-anchor-id=\"a2700.details.pronpeci14.i1.55812793mDQ3y1\"><span data-spm-anchor-id=\"a2700.details.pronpeci14.i3.55812793mDQ3y1\">Elastischer Riemen, Einheitsgr\u00f6\u00dfe f\u00fcr alle\u00a0<\/span><\/li>\n<\/ul>\n<\/li>\n<\/ul>\n<ul>\n<li style=\"list-style-type: none;\">\n<ul>\n<li data-spm-anchor-id=\"a2700.details.pronpeci14.i1.55812793mDQ3y1\"><span data-spm-anchor-id=\"a2700.details.pronpeci14.i3.55812793mDQ3y1\">Verpackung: Polybeutel, Kopfkarte, Blisterkarte usw. <\/span><\/li>\n<\/ul>\n<\/li>\n<\/ul>\n<ul>\n<li style=\"list-style-type: none;\">\n<ul>\n<li data-spm-anchor-id=\"a2700.details.pronpeci14.i1.55812793mDQ3y1\"><span data-spm-anchor-id=\"a2700.details.pronpeci14.i3.55812793mDQ3y1\">G\u00fcnstiges Modell\u00a0<\/span><\/li>\n<\/ul>\n<\/li>\n<\/ul>\n<ul>\n<li style=\"list-style-type: none;\">\n<ul>\n<li data-spm-anchor-id=\"a2700.details.pronpeci14.i1.55812793mDQ3y1\">Verwendeter Bereich f\u00fcr Bau, Metallproduktion, Herstellung, Reparatur und Betrieb, Gartenarbeit, Transport usw.<\/li>\n<\/ul>\n<\/li>\n<\/ul>\n<ul>\n<li style=\"list-style-type: none;\">\n<ul>\n<li data-spm-anchor-id=\"a2700.details.pronpeci14.i1.55812793mDQ3y1\">Funktion: staubdicht<\/li>\n<\/ul>\n<\/li>\n<\/ul>\n<h2><strong>Staubmaske aus Kunststoff\u00a0<\/strong><\/h2>\n<table>\n<tbody>\n<tr>\n<td width=\"284\">Art Nr.<\/td>\n<td width=\"284\">DM05<\/td>\n<\/tr>\n<tr>\n<td width=\"284\">Material<\/td>\n<td width=\"284\">Kunststoff<\/td>\n<\/tr>\n<tr>\n<td width=\"284\">Farbe<\/td>\n<td width=\"284\">Blau, gelb usw.<\/td>\n<\/tr>\n<tr>\n<td width=\"284\">Funktion<\/td>\n<td width=\"284\">Anti-Staub<\/td>\n<\/tr>\n<tr>\n<td width=\"284\">Verpacken<\/td>\n<td width=\"284\">Polybeutel, Kopfkarte, Blister usw.<\/td>\n<\/tr>\n<tr>\n<td width=\"284\">MOQ<\/td>\n<td width=\"284\">2000PCS<\/td>\n<\/tr>\n<tr>\n<td width=\"284\">Anmeldung<\/td>\n<td width=\"284\">Bauwesen, Metallerzeugung und -verarbeitung, Reparatur und Betrieb, Gartenarbeit usw.<\/td>\n<\/tr>\n<\/tbody>\n<\/table>\n<p><strong><span style=\"font-size: 200%;\">Andere billige Maske zur Auswahl:<\/span><\/strong><\/p>\n<p><a href=\"https:\/\/toprisesafety.com\/de\/product\/disposable-respirator-single-layer-respirator-dust-mask\/\"><img fetchpriority=\"high\" decoding=\"async\" class=\"size-full wp-image-804\" src=\"https:\/\/toprisesafety.com\/wp-content\/uploads\/2024\/08\/DM01.jpg\" alt=\"Disposable respirator\" width=\"500\" height=\"500\" \/><\/a><\/p>","protected":false},"excerpt":{"rendered":"<p>Art.Nr. DM05<\/p>\n<p>Material: Kunststoff<\/p>\n<p>Farbe: Blau, Gelb, etc.<\/p>\n<p>MOQ: 2000PCS<\/p>","protected":false},"featured_media":5998,"template":"","meta":{"_acf_changed":false},"product_brand":[],"product_cat":[352,351],"product_tag":[250],"class_list":{"0":"post-5996","1":"product","2":"type-product","3":"status-publish","4":"has-post-thumbnail","6":"product_cat-dust-mask-chemical-mask","7":"product_cat-respiratory-protection","8":"product_tag-plastic-dust-mask","10":"first","11":"instock","12":"product-type-simple"},"acf":[],"_links":{"self":[{"href":"https:\/\/toprisesafety.com\/de\/wp-json\/wp\/v2\/product\/5996"}],"collection":[{"href":"https:\/\/toprisesafety.com\/de\/wp-json\/wp\/v2\/product"}],"about":[{"href":"https:\/\/toprisesafety.com\/de\/wp-json\/wp\/v2\/types\/product"}],"wp:featuredmedia":[{"embeddable":true,"href":"https:\/\/toprisesafety.com\/de\/wp-json\/wp\/v2\/media\/5998"}],"wp:attachment":[{"href":"https:\/\/toprisesafety.com\/de\/wp-json\/wp\/v2\/media?parent=5996"}],"wp:term":[{"taxonomy":"product_brand","embeddable":true,"href":"https:\/\/toprisesafety.com\/de\/wp-json\/wp\/v2\/product_brand?post=5996"},{"taxonomy":"product_cat","embeddable":true,"href":"https:\/\/toprisesafety.com\/de\/wp-json\/wp\/v2\/product_cat?post=5996"},{"taxonomy":"product_tag","embeddable":true,"href":"https:\/\/toprisesafety.com\/de\/wp-json\/wp\/v2\/product_tag?post=5996"}],"curies":[{"name":"wp","href":"https:\/\/api.w.org\/{rel}","templated":true}]}}