{"id":5985,"date":"2018-02-25T06:08:15","date_gmt":"2018-02-25T06:08:15","guid":{"rendered":"https:\/\/toprisesafety.com\/product\/26cm-red-pvc-gloves\/"},"modified":"2025-04-14T05:15:42","modified_gmt":"2025-04-14T05:15:42","slug":"26cm-red-pvc-gloves","status":"publish","type":"product","link":"https:\/\/toprisesafety.com\/de\/product\/26cm-red-pvc-gloves\/","title":{"rendered":"26CM Rote PVC-Handschuhe CE EN388"},"content":{"rendered":"<p><strong><span style=\"font-size: 140%;\">26CM Rote PVC-Handschuhe CE EN388<\/span><\/strong><\/p>\n<ul>\n<li style=\"list-style-type: none;\">\n<ul>\n<li><span data-spm-anchor-id=\"a2700.details.pronpeci14.i1.4d2174ae8bKvIr\">Die Eigenschaft: starke \u00d6l-, S\u00e4ure-, Laugenbest\u00e4ndigkeit, Verschlei\u00dffestigkeit, Antisepsis und Desodorierung<\/span><\/li>\n<\/ul>\n<\/li>\n<\/ul>\n<ul>\n<li style=\"list-style-type: none;\">\n<ul>\n<li>\u00a0Verwendungszwecke: \u00d6lfeld, Fischerei, Bergbau und Maschinenindustrie<\/li>\n<\/ul>\n<\/li>\n<\/ul>\n<ul>\n<li style=\"list-style-type: none;\">\n<ul>\n<li>Die Marke kann nach Kundenwunsch aufgedruckt werden.<\/li>\n<\/ul>\n<\/li>\n<\/ul>\n<ul>\n<li style=\"list-style-type: none;\">\n<ul>\n<li>Qualit\u00e4tsstandard: CE EN388<\/li>\n<\/ul>\n<\/li>\n<\/ul>\n<ul>\n<li style=\"list-style-type: none;\">\n<ul>\n<li>Zwei verschiedene Innenfutter: Interlock-Futter oder Jersey-Futter zur Auswahl. Jersey-Futter wird verwendet, um warm zu halten<\/li>\n<\/ul>\n<\/li>\n<\/ul>\n<ul>\n<li style=\"list-style-type: none;\">\n<ul>\n<li>Handgelenk stricken<\/li>\n<\/ul>\n<\/li>\n<\/ul>\n<ul>\n<li style=\"list-style-type: none;\">\n<ul>\n<li>Logo: Aufdruck des Kundenlogos auf der R\u00fcckseite der Handschuhe ist m\u00f6glich<\/li>\n<\/ul>\n<\/li>\n<\/ul>\n<h2><strong>26CM Rote PVC-Handschuhe CE EN388 Spezifikationen<\/strong>:<\/h2>\n<table>\n<tbody>\n<tr>\n<td width=\"189\">Art Nr.<\/td>\n<td width=\"341\">PVC02-I (Interlock-Futter) \/ PVC02-J (Jersey-Futter)<\/td>\n<\/tr>\n<tr>\n<td width=\"189\">Material<\/td>\n<td width=\"341\">Rotes PVC<\/td>\n<\/tr>\n<tr>\n<td width=\"189\">Fertigstellung<\/td>\n<td width=\"341\">Glatte Oberfl\u00e4che<\/td>\n<\/tr>\n<tr>\n<td width=\"189\">Auskleidung<\/td>\n<td width=\"341\">Interlock oder Trikot nach Wahl<\/td>\n<\/tr>\n<tr>\n<td width=\"189\">L\u00e4nge<\/td>\n<td width=\"341\">26CM<\/td>\n<\/tr>\n<tr>\n<td width=\"189\">Stil<\/td>\n<td width=\"341\">Handgelenk stricken<\/td>\n<\/tr>\n<tr>\n<td width=\"189\">Qualit\u00e4tsstandard<\/td>\n<td width=\"341\">CE EN388<\/td>\n<\/tr>\n<tr>\n<td width=\"189\">Verpacken<\/td>\n<td width=\"341\">12PR\/DOZ, 10DOZ\/CTN<\/td>\n<\/tr>\n<\/tbody>\n<\/table>\n<p><img fetchpriority=\"high\" decoding=\"async\" class=\"size-full wp-image-835\" src=\"https:\/\/toprisesafety.com\/wp-content\/uploads\/2024\/08\/PVC02-2.jpg\" alt=\"26cm red pvc gloves \" width=\"500\" height=\"500\" \/><\/p>\n<p>TOPRISE unterst\u00fctzt verschiedene Arten der Anpassung von PVC-Tauchhandschuhen; zum Anklicken <a href=\"https:\/\/toprisesafety.com\/de\/product-category\/personal-protective-equipment\/hand-protection\/pvc-gloves\/\">weitere Modelle von PVC-beschichteten Handschuhen ansehen.<\/a><\/p>\n<p>Wenn Sie die ben\u00f6tigten PVC-beschichteten Handschuhe nicht finden, <a href=\"https:\/\/toprisesafety.com\/de\/contact-us\/\">Kontaktieren Sie uns<\/a>; wir unterst\u00fctzen spezielle Anpassungen.<\/p>","protected":false},"excerpt":{"rendered":"<p>Art. Nr.: PVC02-I (Interlock-Futter) \/ PVC02-J (Jersey-Futter)<\/p>\n<p>Material: Rotes PVC<\/p>\n<p>Gr\u00f6\u00dfe: 26CM<\/p>\n<p>Qualit\u00e4tsstandard: CE EN388<\/p>","protected":false},"featured_media":5987,"template":"","meta":{"_acf_changed":false},"product_brand":[],"product_cat":[345,350],"product_tag":[243],"class_list":{"0":"post-5985","1":"product","2":"type-product","3":"status-publish","4":"has-post-thumbnail","6":"product_cat-hand-protection","7":"product_cat-pvc-gloves","8":"product_tag-26cm-red-pvc-gloves","10":"first","11":"instock","12":"product-type-simple"},"acf":[],"_links":{"self":[{"href":"https:\/\/toprisesafety.com\/de\/wp-json\/wp\/v2\/product\/5985"}],"collection":[{"href":"https:\/\/toprisesafety.com\/de\/wp-json\/wp\/v2\/product"}],"about":[{"href":"https:\/\/toprisesafety.com\/de\/wp-json\/wp\/v2\/types\/product"}],"wp:featuredmedia":[{"embeddable":true,"href":"https:\/\/toprisesafety.com\/de\/wp-json\/wp\/v2\/media\/5987"}],"wp:attachment":[{"href":"https:\/\/toprisesafety.com\/de\/wp-json\/wp\/v2\/media?parent=5985"}],"wp:term":[{"taxonomy":"product_brand","embeddable":true,"href":"https:\/\/toprisesafety.com\/de\/wp-json\/wp\/v2\/product_brand?post=5985"},{"taxonomy":"product_cat","embeddable":true,"href":"https:\/\/toprisesafety.com\/de\/wp-json\/wp\/v2\/product_cat?post=5985"},{"taxonomy":"product_tag","embeddable":true,"href":"https:\/\/toprisesafety.com\/de\/wp-json\/wp\/v2\/product_tag?post=5985"}],"curies":[{"name":"wp","href":"https:\/\/api.w.org\/{rel}","templated":true}]}}