{"id":5975,"date":"2018-02-25T07:19:06","date_gmt":"2018-02-25T07:19:06","guid":{"rendered":"https:\/\/toprisesafety.com\/product\/canvas-cuff-nitrile-gloves\/"},"modified":"2025-03-27T06:59:52","modified_gmt":"2025-03-27T06:59:52","slug":"canvas-cuff-nitrile-gloves","status":"publish","type":"product","link":"https:\/\/toprisesafety.com\/de\/product\/canvas-cuff-nitrile-gloves\/","title":{"rendered":"Nitril-Schutzstulpenhandschuhe vollbeschichtet"},"content":{"rendered":"<p><strong><span style=\"font-size: 140%;\">Nitril-Schutzstulpenhandschuhe vollbeschichtet<\/span><\/strong><\/p>\n<ul>\n<li style=\"list-style-type: none;\">\n<ul>\n<li>Fully coated safety canvas cuff<\/li>\n<\/ul>\n<\/li>\n<\/ul>\n<ul>\n<li style=\"list-style-type: none;\">\n<ul>\n<li>Glatte, gl\u00e4nzende Oberfl\u00e4che<\/li>\n<\/ul>\n<\/li>\n<\/ul>\n<ul>\n<li style=\"list-style-type: none;\">\n<ul>\n<li data-spm-anchor-id=\"a2700.details.pronpeci14.i1.7a083ce0wE9Ypl\">Antibakterielle und geruchshemmende Behandlung<\/li>\n<\/ul>\n<\/li>\n<\/ul>\n<ul>\n<li style=\"list-style-type: none;\">\n<ul>\n<li>100% Acrylnitril-Butadien-Styrol-Kautschuk (Nitril) 100%<\/li>\n<\/ul>\n<\/li>\n<\/ul>\n<ul>\n<li style=\"list-style-type: none;\">\n<ul>\n<li>Interlock-Futter oder Trikot-Futter<\/li>\n<\/ul>\n<\/li>\n<\/ul>\n<ul>\n<li style=\"list-style-type: none;\">\n<ul>\n<li>Weiches Jersey-Baumwollfutter eliminiert die N\u00e4hte von den Arbeitsbereichen, absorbiert den Schwei\u00df, ist extrem bequem bei l\u00e4ngerem Tragen und hat eine gute mechanische Best\u00e4ndigkeit.<\/li>\n<\/ul>\n<\/li>\n<\/ul>\n<ul>\n<li style=\"list-style-type: none;\">\n<ul>\n<li>Die strapazierf\u00e4hige Nitrilbeschichtung bietet einen ausgezeichneten Trockengriff sowie eine hervorragende Leistung beim Umgang mit rauen, abrasiven Materialien<\/li>\n<\/ul>\n<\/li>\n<\/ul>\n<ul>\n<li style=\"list-style-type: none;\">\n<ul>\n<li>Sch\u00fctzt die Hand vor \u00d6l und bewahrt gleichzeitig ein gutes Tastgef\u00fchl<\/li>\n<\/ul>\n<\/li>\n<\/ul>\n<ul>\n<li style=\"list-style-type: none;\">\n<ul>\n<li>Handgelenk gut gesch\u00fctzt<\/li>\n<\/ul>\n<\/li>\n<\/ul>\n<ul>\n<li style=\"list-style-type: none;\">\n<ul>\n<li data-spm-anchor-id=\"a2700.details.pronpeci14.i0.7a083ce0wE9Ypl\">Anwendungen: Baugewerbe, Wartungsarbeiten, Metallbearbeitung und -verarbeitung, Industrie, Montage und Demontage, Bergbau, usw.<\/li>\n<\/ul>\n<\/li>\n<\/ul>\n<h2><strong>Nitrile safety cuff gloves fully coated specification:\u00a0<\/strong><\/h2>\n<table>\n<tbody>\n<tr>\n<td width=\"189\">Art Nr.<\/td>\n<td width=\"341\">NG04-I(Interlock lining) \/ NG04-J ( Jersey lining)<\/td>\n<\/tr>\n<tr>\n<td width=\"189\">Material<\/td>\n<td width=\"341\">Nitril<\/td>\n<\/tr>\n<tr>\n<td width=\"189\">Fertigstellung<\/td>\n<td width=\"341\">Glatte Oberfl\u00e4che<\/td>\n<\/tr>\n<tr>\n<td width=\"189\">Auskleidung<\/td>\n<td width=\"341\">Interlock oder Trikot nach Wahl<\/td>\n<\/tr>\n<tr>\n<td width=\"189\">L\u00e4nge<\/td>\n<td width=\"341\">10&#8243;\/10.5&#8243;\/11&#8243;<\/td>\n<\/tr>\n<tr>\n<td width=\"189\">Stil<\/td>\n<td width=\"341\">Handgelenk stricken<\/td>\n<\/tr>\n<tr>\n<td width=\"189\">Qualit\u00e4tsstandard<\/td>\n<td width=\"341\">CE EN388<\/td>\n<\/tr>\n<tr>\n<td width=\"189\">Verpacken<\/td>\n<td width=\"341\">12PR\/DOZ, 10DOZ\/CTN<\/td>\n<\/tr>\n<\/tbody>\n<\/table>\n<p><img fetchpriority=\"high\" decoding=\"async\" class=\"size-full wp-image-848\" src=\"https:\/\/toprisesafety.com\/wp-content\/uploads\/2024\/08\/N04-nitrile-gloves.jpg\" alt=\" nitrile gloves\" width=\"500\" height=\"500\" \/><\/p>\n<p>TOPRISE unterst\u00fctzt verschiedene Arten der Anpassung von Nitrilhandschuhen; klicken Sie zum <a href=\"https:\/\/toprisesafety.com\/de\/product-category\/personal-protective-equipment\/hand-protection\/nitrile-gloves\/\">Weitere Modelle von nitrilbeschichteten Handschuhen anzeigen.<\/a><br \/>\nWenn Sie die ben\u00f6tigten Nitrilhandschuhe nicht finden,<a href=\"https:\/\/toprisesafety.com\/de\/contact-us\/\"> kontaktieren Sie uns;<\/a> wir unterst\u00fctzen spezielle Anpassungen.<\/p>","protected":false},"excerpt":{"rendered":"<p>Art No.: NG04-I(Interlock lining) \/ NG04-J ( Jersey lining)<\/p>\n<p>Material: Nitrit<\/p>\n<p>Size: 10\u2033\/10.5\u2033\/11\u2033<\/p>\n<p>Qualit\u00e4tsstandard: CE EN388<\/p>","protected":false},"featured_media":5977,"template":"","meta":{"_acf_changed":false},"product_brand":[],"product_cat":[345,349],"product_tag":[239],"class_list":{"0":"post-5975","1":"product","2":"type-product","3":"status-publish","4":"has-post-thumbnail","6":"product_cat-hand-protection","7":"product_cat-nitrile-gloves","8":"product_tag-nitrile-safety-cuff-gloves-fully-coated","10":"first","11":"instock","12":"product-type-simple"},"acf":[],"_links":{"self":[{"href":"https:\/\/toprisesafety.com\/de\/wp-json\/wp\/v2\/product\/5975"}],"collection":[{"href":"https:\/\/toprisesafety.com\/de\/wp-json\/wp\/v2\/product"}],"about":[{"href":"https:\/\/toprisesafety.com\/de\/wp-json\/wp\/v2\/types\/product"}],"wp:featuredmedia":[{"embeddable":true,"href":"https:\/\/toprisesafety.com\/de\/wp-json\/wp\/v2\/media\/5977"}],"wp:attachment":[{"href":"https:\/\/toprisesafety.com\/de\/wp-json\/wp\/v2\/media?parent=5975"}],"wp:term":[{"taxonomy":"product_brand","embeddable":true,"href":"https:\/\/toprisesafety.com\/de\/wp-json\/wp\/v2\/product_brand?post=5975"},{"taxonomy":"product_cat","embeddable":true,"href":"https:\/\/toprisesafety.com\/de\/wp-json\/wp\/v2\/product_cat?post=5975"},{"taxonomy":"product_tag","embeddable":true,"href":"https:\/\/toprisesafety.com\/de\/wp-json\/wp\/v2\/product_tag?post=5975"}],"curies":[{"name":"wp","href":"https:\/\/api.w.org\/{rel}","templated":true}]}}