{"id":5971,"date":"2018-02-25T07:52:35","date_gmt":"2018-02-25T07:52:35","guid":{"rendered":"https:\/\/toprisesafety.com\/product\/nitrile-coated-gloves\/"},"modified":"2025-03-27T06:58:48","modified_gmt":"2025-03-27T06:58:48","slug":"nitrile-coated-gloves","status":"publish","type":"product","link":"https:\/\/toprisesafety.com\/de\/product\/nitrile-coated-gloves\/","title":{"rendered":"Nitrilbeschichtete Handschuhe CE-Norm"},"content":{"rendered":"<p><strong><span style=\"font-size: 140%;\">Nitrilbeschichtete Handschuhe CE-Norm<\/span><\/strong><\/p>\n<ul>\n<li style=\"list-style-type: none;\">\n<ul>\n<li>Polyester\/Nylon-Futter<\/li>\n<\/ul>\n<\/li>\n<\/ul>\n<ul>\n<li style=\"list-style-type: none;\">\n<ul>\n<li><span data-spm-anchor-id=\"a2700.details.pronpeci14.i1.2e2f22529OhWCG\">Elastische Manschette<\/span><\/li>\n<\/ul>\n<\/li>\n<\/ul>\n<ul>\n<li style=\"list-style-type: none;\">\n<ul>\n<li>Glatte Oberfl\u00e4che \u00fcber die gesamte Fl\u00e4che<\/li>\n<\/ul>\n<\/li>\n<\/ul>\n<ul>\n<li style=\"list-style-type: none;\">\n<ul>\n<li>Guter Grip in nasser Umgebung<\/li>\n<\/ul>\n<\/li>\n<\/ul>\n<ul>\n<li style=\"list-style-type: none;\">\n<ul>\n<li>Starke Abriebfestigkeit<\/li>\n<\/ul>\n<\/li>\n<\/ul>\n<ul>\n<li style=\"list-style-type: none;\">\n<ul>\n<li>Nahtlos gestrickt<\/li>\n<\/ul>\n<\/li>\n<\/ul>\n<ul>\n<li style=\"list-style-type: none;\">\n<ul>\n<li data-spm-anchor-id=\"a2700.details.pronpeci14.i0.2e2f22529OhWCG\">Atmungsaktiv auf dem R\u00fccken<\/li>\n<\/ul>\n<\/li>\n<\/ul>\n<ul>\n<li style=\"list-style-type: none;\">\n<ul>\n<li data-spm-anchor-id=\"a2700.details.pronpeci14.i0.2e2f22529OhWCG\">Anwendung: Sicherheitsarbeiten, Industriearbeiten, Bauarbeiten, Heimwerkerarbeiten, Gartenarbeit, M\u00fcllabfuhr, Glasarbeiten, Holzarbeiten, leichte bis mittelschwere Fertigungsarbeiten, Teilehandhabung, allgemeine Lagerhaltung, Wartung von Wellpappe, usw.<\/li>\n<\/ul>\n<\/li>\n<\/ul>\n<ul>\n<li style=\"list-style-type: none;\">\n<ul>\n<li data-spm-anchor-id=\"a2700.details.pronpeci14.i0.2e2f22529OhWCG\">CE EN388 Qualit\u00e4tsstandard<\/li>\n<\/ul>\n<\/li>\n<\/ul>\n<ul>\n<li style=\"list-style-type: none;\">\n<ul>\n<li data-spm-anchor-id=\"a2700.details.pronpeci14.i0.2e2f22529OhWCG\">Kundenlogo einfarbig auf die Handfl\u00e4che gedruckt<\/li>\n<\/ul>\n<\/li>\n<\/ul>\n<ul>\n<li style=\"list-style-type: none;\">\n<ul>\n<li data-spm-anchor-id=\"a2700.details.pronpeci14.i0.2e2f22529OhWCG\">Verpackung: Polybeutel, Kopfkarte usw. spezielle Verpackung ist verf\u00fcgbar<\/li>\n<\/ul>\n<\/li>\n<\/ul>\n<ul>\n<li style=\"list-style-type: none;\">\n<ul>\n<li data-spm-anchor-id=\"a2700.details.pronpeci14.i0.2e2f22529OhWCG\">Jedes Handschuhetikett ist nach Kundenwunsch erh\u00e4ltlich<\/li>\n<\/ul>\n<\/li>\n<\/ul>\n<h2><strong>Nitrilbeschichtete Handschuhe nach CE-Norm:<\/strong><\/h2>\n<table>\n<tbody>\n<tr>\n<td width=\"189\">Art Nr.<\/td>\n<td width=\"341\">NG05<\/td>\n<\/tr>\n<tr>\n<td width=\"189\">Material<\/td>\n<td width=\"341\">Gestricktes Innenfutter aus Polyester\/Nylon, nitrilbeschichtet<\/td>\n<\/tr>\n<tr>\n<td width=\"189\">Fertigstellung<\/td>\n<td width=\"341\">Glatte Oberfl\u00e4che<\/td>\n<\/tr>\n<tr>\n<td width=\"189\">Gr\u00f6\u00dfe<\/td>\n<td width=\"341\">S: 22cm;M:23CM,L:24CM;XL:25CM;XXL:26CM<\/td>\n<\/tr>\n<tr>\n<td width=\"189\">Qualit\u00e4tsstandard<\/td>\n<td width=\"341\">CE EN388<\/td>\n<\/tr>\n<tr>\n<td width=\"189\">Verpacken<\/td>\n<td width=\"341\">12PR\/DOZ, 10DOZ\/CTN<\/td>\n<\/tr>\n<tr>\n<td width=\"189\">Farbe<\/td>\n<td width=\"341\">Wei\u00df, grau, schwarz usw. gestricktes Innenfutter, wei\u00df, grau, schwarz usw. nitrilbeschichtet<\/td>\n<\/tr>\n<tr>\n<td width=\"189\">MOQ<\/td>\n<td width=\"341\">500DOZ 6000PAARE<\/td>\n<\/tr>\n<\/tbody>\n<\/table>\n<p>TOPRISE unterst\u00fctzt verschiedene Arten der Anpassung von Nitrilhandschuhen; klicken Sie zum <a href=\"https:\/\/toprisesafety.com\/de\/product-category\/personal-protective-equipment\/hand-protection\/nitrile-gloves\/\">Weitere Modelle von nitrilbeschichteten Handschuhen anzeigen.<\/a><br \/>\nWenn Sie die ben\u00f6tigten Nitrilhandschuhe nicht finden,<a href=\"https:\/\/toprisesafety.com\/de\/contact-us\/\"> kontaktieren Sie uns;<\/a> wir unterst\u00fctzen spezielle Anpassungen.<\/p>","protected":false},"excerpt":{"rendered":"<p>Art.Nr.: NG05<\/p>\n<p>Material: Nitrit<\/p>\n<p>Gr\u00f6\u00dfe: S-XXL<\/p>\n<p>Qualit\u00e4tsstandard: CE EN388<\/p>","protected":false},"featured_media":5972,"template":"","meta":{"_acf_changed":false},"product_brand":[],"product_cat":[345,349],"product_tag":[237],"class_list":{"0":"post-5971","1":"product","2":"type-product","3":"status-publish","4":"has-post-thumbnail","6":"product_cat-hand-protection","7":"product_cat-nitrile-gloves","8":"product_tag-nitrile-coated-gloves","10":"first","11":"instock","12":"product-type-simple"},"acf":[],"_links":{"self":[{"href":"https:\/\/toprisesafety.com\/de\/wp-json\/wp\/v2\/product\/5971","targetHints":{"allow":["GET"]}}],"collection":[{"href":"https:\/\/toprisesafety.com\/de\/wp-json\/wp\/v2\/product"}],"about":[{"href":"https:\/\/toprisesafety.com\/de\/wp-json\/wp\/v2\/types\/product"}],"wp:featuredmedia":[{"embeddable":true,"href":"https:\/\/toprisesafety.com\/de\/wp-json\/wp\/v2\/media\/5972"}],"wp:attachment":[{"href":"https:\/\/toprisesafety.com\/de\/wp-json\/wp\/v2\/media?parent=5971"}],"wp:term":[{"taxonomy":"product_brand","embeddable":true,"href":"https:\/\/toprisesafety.com\/de\/wp-json\/wp\/v2\/product_brand?post=5971"},{"taxonomy":"product_cat","embeddable":true,"href":"https:\/\/toprisesafety.com\/de\/wp-json\/wp\/v2\/product_cat?post=5971"},{"taxonomy":"product_tag","embeddable":true,"href":"https:\/\/toprisesafety.com\/de\/wp-json\/wp\/v2\/product_tag?post=5971"}],"curies":[{"name":"wp","href":"https:\/\/api.w.org\/{rel}","templated":true}]}}