{"id":5967,"date":"2018-02-25T08:22:04","date_gmt":"2018-02-25T08:22:04","guid":{"rendered":"https:\/\/toprisesafety.com\/product\/polyester-latex-coated-working-gloves\/"},"modified":"2025-03-27T02:52:00","modified_gmt":"2025-03-27T02:52:00","slug":"polyester-latex-coated-working-gloves","status":"publish","type":"product","link":"https:\/\/toprisesafety.com\/de\/product\/polyester-latex-coated-working-gloves\/","title":{"rendered":"13 Gauge Polyester-Latex beschichtete Arbeitshandschuhe"},"content":{"rendered":"<p><strong><span style=\"font-size: 140%;\">13 Gauge Polyester-Latex beschichtete Arbeitshandschuhe<\/span><\/strong><\/p>\n<ol>\n<li style=\"list-style-type: none;\">\n<ol>\n<li>Material: 13 Gauge Polyester gestrickt String Handschuhe mit Latex beschichtet<\/li>\n<\/ol>\n<\/li>\n<\/ol>\n<ol>\n<li style=\"list-style-type: none;\">\n<ol>\n<li>Faltenf\u00f6rmige Handfl\u00e4che f\u00fcr hervorragenden rutschfesten Griff, ausgezeichneter Anti-Rutsch, Anti-Abrieb<\/li>\n<\/ol>\n<\/li>\n<\/ol>\n<ol>\n<li style=\"list-style-type: none;\">\n<ol>\n<li>Qualit\u00e4tsstandard: CE EN388<\/li>\n<\/ol>\n<\/li>\n<\/ol>\n<ol>\n<li style=\"list-style-type: none;\">\n<ol>\n<li><span data-spm-anchor-id=\"a2700.details.pronpeci14.i0.24985d63f50jeK\">Anwendung: Bau, Wartung, allgemeine Arbeiten, Bergbau, \u00d6l und Gas und andere Bereiche wie Glasfabrik, Baustelle, Landwirtschaft usw.<\/span><\/li>\n<\/ol>\n<\/li>\n<\/ol>\n<ol>\n<li style=\"list-style-type: none;\">\n<ol>\n<li>Charakteristisch:<\/li>\n<\/ol>\n<\/li>\n<\/ol>\n<ul>\n<li style=\"list-style-type: none;\">\n<ul>\n<li><span data-spm-anchor-id=\"a2700.details.pronpeci14.i1.3766434fyZBMko\">Gute Elastizit\u00e4t sorgt f\u00fcr ein angenehmes Tragegef\u00fchl.<\/span><\/li>\n<\/ul>\n<\/li>\n<\/ul>\n<ul>\n<li style=\"list-style-type: none;\">\n<ul>\n<li>Es kann abgebaut werden<\/li>\n<\/ul>\n<\/li>\n<\/ul>\n<ul>\n<li style=\"list-style-type: none;\">\n<ul>\n<li>Leicht\u00f6l, s\u00e4ure- und laugenbest\u00e4ndig<\/li>\n<\/ul>\n<\/li>\n<\/ul>\n<ul>\n<li style=\"list-style-type: none;\">\n<ul>\n<li>Faltenf\u00f6rmige Handfl\u00e4che f\u00fcr hervorragenden rutschfesten Halt, ausgezeichnete Rutschfestigkeit, abriebfest und stichfest<\/li>\n<\/ul>\n<\/li>\n<\/ul>\n<ul>\n<li style=\"list-style-type: none;\">\n<ul>\n<li data-spm-anchor-id=\"a2700.details.pronpeci14.i0.3766434fyZBMko\">Gr\u00f6\u00dfe; 9\u2033,9.5\u2033,10\u2033,10.5\u2033,11\u2033<\/li>\n<\/ul>\n<\/li>\n<\/ul>\n<h2><strong>13 Gauge Polyester-Latex beschichtete Arbeitshandschuhe<\/strong><\/h2>\n<table>\n<tbody>\n<tr>\n<td width=\"189\">Art Nr.<\/td>\n<td width=\"341\">LXG06<\/td>\n<\/tr>\n<tr>\n<td width=\"189\">Material<\/td>\n<td width=\"341\">Polyestergarn gestrickt mit Latexbeschichtung<\/td>\n<\/tr>\n<tr>\n<td width=\"189\">Fertigstellung<\/td>\n<td width=\"341\">Handfl\u00e4che und Finger falten<\/td>\n<\/tr>\n<tr>\n<td width=\"189\">Gr\u00f6\u00dfe<\/td>\n<td width=\"341\">9&#8243;,9.5&#8243;,10&#8243;,10.5&#8243;,11&#8243;<\/td>\n<\/tr>\n<tr>\n<td width=\"189\">Stil<\/td>\n<td width=\"341\">Elastisches Strickb\u00fcndchen f\u00fcr hohen Tragekomfort<\/td>\n<\/tr>\n<tr>\n<td width=\"189\">Qualit\u00e4tsstandard<\/td>\n<td width=\"341\">CE EN388<\/td>\n<\/tr>\n<tr>\n<td width=\"189\">Verpacken<\/td>\n<td width=\"341\">12PR\/DOZ, 10DOZ\/CTN<\/td>\n<\/tr>\n<\/tbody>\n<\/table>\n<p>TOPRISE unterst\u00fctzt verschiedene Arten der Anpassung von Latexhandschuhen; klicken Sie zum <a href=\"https:\/\/toprisesafety.com\/de\/product-category\/personal-protective-equipment\/hand-protection\/latex-gloves\/\">weitere Modelle von Latexhandschuhen ansehen.<\/a><\/p>\n<p>Wenn Sie die ben\u00f6tigten Latexhandschuhe nicht finden, <a href=\"https:\/\/toprisesafety.com\/de\/contact-us\/\">kontaktieren Sie uns;<\/a> wir unterst\u00fctzen spezielle Anpassungen.<\/p>","protected":false},"excerpt":{"rendered":"<p>Art.Nr.: LXG06<\/p>\n<p>Material: 13 Gauge Polyester gestrickt Liner mit Latex beschichtet<\/p>\n<p>Beenden: Handfl\u00e4che und Finger faltig<\/p>\n<p>Gr\u00f6\u00dfe: 9\u2033,9.5\u2033,10\u2033,10.5\u2033,11\u2033<\/p>\n<p>Qualit\u00e4tsstandard: CE EN388<\/p>\n<p>MOMENT: 500 DOZ<\/p>","protected":false},"featured_media":5968,"template":"","meta":{"_acf_changed":false},"product_brand":[],"product_cat":[345,348],"product_tag":[235],"class_list":{"0":"post-5967","1":"product","2":"type-product","3":"status-publish","4":"has-post-thumbnail","6":"product_cat-hand-protection","7":"product_cat-latex-gloves","8":"product_tag-latex-coated-working-gloves","10":"first","11":"instock","12":"product-type-simple"},"acf":[],"_links":{"self":[{"href":"https:\/\/toprisesafety.com\/de\/wp-json\/wp\/v2\/product\/5967"}],"collection":[{"href":"https:\/\/toprisesafety.com\/de\/wp-json\/wp\/v2\/product"}],"about":[{"href":"https:\/\/toprisesafety.com\/de\/wp-json\/wp\/v2\/types\/product"}],"wp:featuredmedia":[{"embeddable":true,"href":"https:\/\/toprisesafety.com\/de\/wp-json\/wp\/v2\/media\/5968"}],"wp:attachment":[{"href":"https:\/\/toprisesafety.com\/de\/wp-json\/wp\/v2\/media?parent=5967"}],"wp:term":[{"taxonomy":"product_brand","embeddable":true,"href":"https:\/\/toprisesafety.com\/de\/wp-json\/wp\/v2\/product_brand?post=5967"},{"taxonomy":"product_cat","embeddable":true,"href":"https:\/\/toprisesafety.com\/de\/wp-json\/wp\/v2\/product_cat?post=5967"},{"taxonomy":"product_tag","embeddable":true,"href":"https:\/\/toprisesafety.com\/de\/wp-json\/wp\/v2\/product_tag?post=5967"}],"curies":[{"name":"wp","href":"https:\/\/api.w.org\/{rel}","templated":true}]}}