{"id":5953,"date":"2018-02-25T10:24:57","date_gmt":"2018-02-25T10:24:57","guid":{"rendered":"https:\/\/toprisesafety.com\/product\/pu-coated-anti-cutting-safety-gloves\/"},"modified":"2025-04-14T05:09:00","modified_gmt":"2025-04-14T05:09:00","slug":"pu-coated-anti-cutting-safety-gloves","status":"publish","type":"product","link":"https:\/\/toprisesafety.com\/de\/product\/pu-coated-anti-cutting-safety-gloves\/","title":{"rendered":"Schnitthemmende PU-Schutzhandschuhe"},"content":{"rendered":"<p><strong><span style=\"font-size: 140%;\">Schnitthemmende PU-Schutzhandschuhe<\/span><\/strong><\/p>\n<p>Schnittschutzhandschuhe sind Handschuhe, die die H\u00e4nde des Tr\u00e4gers bei der Arbeit mit scharfen Werkzeugen vor Schnittverletzungen sch\u00fctzen sollen. Sie lassen sich in Metallnetzhandschuhe, geschnittene und gen\u00e4hte sowie nahtlos gestrickte Handschuhe unterteilen.<span style=\"color: #555555; font-size: 14.4px;\">Der Schnittschutz wird durch hochleistungsf\u00e4hige Materialien gew\u00e4hrleistet, wie z. B.\u00a0<\/span><a style=\"color: #555555; font-size: 14.4px;\" title=\"Para-Aramid\">Para-Aramid<\/a><span style=\"color: #555555; font-size: 14.4px;\">\u00a0(<\/span><a style=\"color: #555555; font-size: 14.4px;\" title=\"Twaron\">Twaron<\/a><span style=\"color: #555555; font-size: 14.4px;\">,\u00a0<\/span><a style=\"color: #555555; font-size: 14.4px;\" title=\"Kevlar\">Kelvar<\/a><span style=\"color: #555555; font-size: 14.4px;\">), HPPE oder Stahlfasern und\u00a0<\/span><a style=\"color: #555555; font-size: 14.4px;\" title=\"Glasfaser\">Fiberglas<\/a><span style=\"color: #555555; font-size: 14.4px;\">\u00a0Garne. Die Handschuhe sind in der Regel mit festen oder gesch\u00e4umten\u00a0<\/span><a style=\"color: #555555; font-size: 14.4px;\" title=\"Latex\">Latex<\/a><span style=\"color: #555555; font-size: 14.4px;\">,\u00a0<\/span><a style=\"color: #555555; font-size: 14.4px;\" title=\"Nitril\">Nitril<\/a><span style=\"color: #555555; font-size: 14.4px;\">\u00a0oder\u00a0<\/span><a style=\"color: #555555; font-size: 14.4px;\" title=\"Polyurethan\">Polyurethan<\/a><span style=\"color: #555555; font-size: 14.4px;\">.<\/span><span style=\"color: #555555; font-size: 14.4px;\">Hergestellt aus Premium-Qualit\u00e4t Material resistent zu schneiden. Heather Grey HPPE Umweltfreundliches Polyurethan-Material, hohe Polyethylen-Leistung-macht es atmungsaktiv, hochelastisch, leicht und komfortabel.<\/span><\/p>\n<h2><strong>Schnitthemmende PU-Schutzhandschuhe Spezifikation\u00a0<\/strong><\/h2>\n<ul>\n<li style=\"list-style-type: none;\">\n<ul>\n<li>13Gauge HPPE mit PU ummantelt<\/li>\n<\/ul>\n<\/li>\n<\/ul>\n<ul>\n<li style=\"list-style-type: none;\">\n<ul>\n<li>Schnittschutzklasse 3 oder 5.<\/li>\n<\/ul>\n<\/li>\n<\/ul>\n<ul>\n<li style=\"list-style-type: none;\">\n<ul>\n<li>Qualit\u00e4tsstandard: CE EN388 (5. Klasse)<\/li>\n<\/ul>\n<\/li>\n<\/ul>\n<ul>\n<li style=\"list-style-type: none;\">\n<ul>\n<li>Ein flexibler, leichter Handschuh, der wirksam vor Schnitten sch\u00fctzt und sehr abriebfest ist<\/li>\n<\/ul>\n<\/li>\n<\/ul>\n<ul>\n<li style=\"list-style-type: none;\">\n<ul>\n<li data-spm-anchor-id=\"a2700.details.pronpeci14.i1.7aba2adfJgcbBm\">Sch\u00fctzt die Hand vor \u00d6len und Abrieb und bleibt dabei elastisch und atmungsaktiv<\/li>\n<\/ul>\n<\/li>\n<\/ul>\n<ul>\n<li style=\"list-style-type: none;\">\n<ul>\n<li>Atmungsaktiver Handr\u00fccken zur Reduzierung von Schwei\u00dfbildung<\/li>\n<\/ul>\n<\/li>\n<\/ul>\n<table>\n<tbody>\n<tr>\n<td width=\"189\">Art Nr.<\/td>\n<td width=\"341\">PUA-02<\/td>\n<\/tr>\n<tr>\n<td width=\"189\">Material<\/td>\n<td width=\"341\">HPPE+ PU beschichtet<\/td>\n<\/tr>\n<tr>\n<td width=\"189\">Schnitthemmende Qualit\u00e4t<\/td>\n<td width=\"341\">\u00a03. oder 5. Klasse<\/td>\n<\/tr>\n<tr>\n<td width=\"189\">Gr\u00f6\u00dfe<\/td>\n<td width=\"341\">9&#8243;,9.5&#8243;,10&#8243;,10.5&#8243;,11&#8243;<\/td>\n<\/tr>\n<tr>\n<td width=\"189\">Stil<\/td>\n<td width=\"341\">Elastisches Strickb\u00fcndchen f\u00fcr hohen Tragekomfort<\/td>\n<\/tr>\n<tr>\n<td width=\"189\">Qualit\u00e4tsstandard<\/td>\n<td width=\"341\">CE EN388<\/td>\n<\/tr>\n<tr>\n<td width=\"189\">Verpacken<\/td>\n<td width=\"341\">12PR\/DOZ, 10DOZ\/CTN<\/td>\n<\/tr>\n<\/tbody>\n<\/table>\n<p>TOPRISE unterst\u00fctzt verschiedene Arten der Anpassung von PU-Tauchhandschuhen; klicken Sie zum <a href=\"https:\/\/toprisesafety.com\/de\/product-category\/personal-protective-equipment\/hand-protection\/pu-gloves\/\">siehe weitere Modelle von PU-beschichteten Handschuhen.<\/a><\/p>\n<p>Wenn Sie Ihre ben\u00f6tigten PU-beschichteten Handschuhe nicht finden, <a href=\"https:\/\/toprisesafety.com\/de\/contact-us\/\">Kontaktieren Sie uns<\/a>; wir unterst\u00fctzen spezielle Anpassungen.<\/p>","protected":false},"excerpt":{"rendered":"<p>Art.Nr.: PUA-02<\/p>\n<p>Material: HPPE+ PU beschichtet<\/p>\n<p>Niveau: 3\/5. Klasse anti-cut<\/p>\n<p>Gr\u00f6\u00dfe: 9\u2033,9.5\u2033 10\u2033, 10.5\u2033,11\u2033<\/p>\n<p>Qualit\u00e4tsstandard: CE EN388<\/p>\n<p>MOMENT: 500DOZ<\/p>","protected":false},"featured_media":5954,"template":"","meta":{"_acf_changed":false},"product_brand":[],"product_cat":[345,347],"product_tag":[224],"class_list":{"0":"post-5953","1":"product","2":"type-product","3":"status-publish","4":"has-post-thumbnail","6":"product_cat-hand-protection","7":"product_cat-pu-gloves","8":"product_tag-anti-cut-pu-safety-gloves","10":"first","11":"instock","12":"product-type-simple"},"acf":[],"_links":{"self":[{"href":"https:\/\/toprisesafety.com\/de\/wp-json\/wp\/v2\/product\/5953"}],"collection":[{"href":"https:\/\/toprisesafety.com\/de\/wp-json\/wp\/v2\/product"}],"about":[{"href":"https:\/\/toprisesafety.com\/de\/wp-json\/wp\/v2\/types\/product"}],"wp:featuredmedia":[{"embeddable":true,"href":"https:\/\/toprisesafety.com\/de\/wp-json\/wp\/v2\/media\/5954"}],"wp:attachment":[{"href":"https:\/\/toprisesafety.com\/de\/wp-json\/wp\/v2\/media?parent=5953"}],"wp:term":[{"taxonomy":"product_brand","embeddable":true,"href":"https:\/\/toprisesafety.com\/de\/wp-json\/wp\/v2\/product_brand?post=5953"},{"taxonomy":"product_cat","embeddable":true,"href":"https:\/\/toprisesafety.com\/de\/wp-json\/wp\/v2\/product_cat?post=5953"},{"taxonomy":"product_tag","embeddable":true,"href":"https:\/\/toprisesafety.com\/de\/wp-json\/wp\/v2\/product_tag?post=5953"}],"curies":[{"name":"wp","href":"https:\/\/api.w.org\/{rel}","templated":true}]}}