{"id":5941,"date":"2018-02-26T01:11:41","date_gmt":"2018-02-26T01:11:41","guid":{"rendered":"https:\/\/toprisesafety.com\/product\/wellington-boot-pvc-boots-rubber-boots\/"},"modified":"2025-03-17T04:43:13","modified_gmt":"2025-03-17T04:43:13","slug":"wellington-boot-pvc-boots-rubber-boots","status":"publish","type":"product","link":"https:\/\/toprisesafety.com\/de\/product\/wellington-boot-pvc-boots-rubber-boots\/","title":{"rendered":"Gummistiefel PVC-Stiefel Gummistiefel CE EN347"},"content":{"rendered":"<p><strong><span style=\"font-size: 140%;\"> Gummistiefel PVC-Stiefel Gummistiefel CE EN347\u00a0<\/span><\/strong><\/p>\n<ul>\n<li style=\"list-style-type: none;\">\n<ul>\n<li>Es gibt zwei Haupttypen von Gummistiefeln: Tragbar und Schwerlaststiefel (nur mit Stahlkappe oder mit Stahlkappe und Stahlzwischensohle)<\/li>\n<\/ul>\n<\/li>\n<\/ul>\n<ul>\n<li style=\"list-style-type: none;\">\n<ul>\n<li>Best\u00e4ndig gegen tierische Fette und \u00d6le sowie S\u00e4uren und Laugen, antistatisch, wasserfest und rutschfest;<\/li>\n<\/ul>\n<\/li>\n<\/ul>\n<ul>\n<li style=\"list-style-type: none;\">\n<ul>\n<li><span data-spm-anchor-id=\"a2700.details.pronpeci14.i2.36104feedpxvle\">Hohe Widerstandsf\u00e4higkeit gegen pl\u00f6tzliche \u00c4nderungen der Umgebungstemperatur mit einem Betriebsbereich von -20<\/span>\u2103~50\u2103.<\/li>\n<\/ul>\n<\/li>\n<\/ul>\n<ul>\n<li style=\"list-style-type: none;\">\n<ul>\n<li>Anwendungen: Industrie, Bergbau, Baugewerbe, \u00d6lfeld, Landwirtschaft, Landwirtschaft, Chemiefabrik, \u00fcbliche Abnutzung gegen Wasser w\u00e4hrend Regentagen usw.<\/li>\n<\/ul>\n<\/li>\n<\/ul>\n<h2><strong>Gummistiefel PVC-Stiefel Gummistiefel CE EN347 Spezifikationen:<\/strong><\/h2>\n<table>\n<tbody>\n<tr>\n<td width=\"284\">Art Nr.<\/td>\n<td width=\"284\">RB01<\/td>\n<\/tr>\n<tr>\n<td width=\"284\">Material<\/td>\n<td width=\"284\">PVC + leicht trocknendes Gewebefutter<\/td>\n<\/tr>\n<tr>\n<td width=\"284\">Gr\u00f6\u00dfe<\/td>\n<td width=\"284\">EUR: 38-47 (US\/UK: 4-13)<\/td>\n<\/tr>\n<tr>\n<td width=\"284\">Farbe<\/td>\n<td width=\"284\">Schwarz, gr\u00fcn, gelb, wei\u00df usw.<\/td>\n<\/tr>\n<tr>\n<td width=\"284\">Qualit\u00e4tsstandard<\/td>\n<td width=\"284\">CE EN 20347<\/td>\n<\/tr>\n<tr>\n<td width=\"284\">Verpacken<\/td>\n<td width=\"284\">1PR\/Poly-Beutel, 10PRS\/CTN<\/td>\n<\/tr>\n<tr>\n<td width=\"284\">Gr\u00f6\u00dfe des Kartons<\/td>\n<td width=\"284\">50*30*44CM<\/td>\n<\/tr>\n<tr>\n<td width=\"284\">N\/G.W<\/td>\n<td width=\"284\">16\/17KGS<\/td>\n<\/tr>\n<\/tbody>\n<\/table>\n<p>TOPRISE unterst\u00fctzt verschiedene Arten der Anpassung von PVC-Stiefeln und Gummistiefeln; klicken Sie, um <a href=\"https:\/\/toprisesafety.com\/de\/product-category\/personal-protective-equipment\/foot-protection\/pvc-boots\/\">Weitere Modelle von PVC-Stiefeln und Gummistiefeln anzeigen.<\/a><\/p>\n<p>Wenn Sie Ihre gew\u00fcnschten PVC-Stiefel &amp; Gummistiefel nicht finden k\u00f6nnen <a href=\"https:\/\/toprisesafety.com\/de\/contact-us\/\">Kontaktieren Sie uns<\/a>; wir unterst\u00fctzen spezielle Anpassungen.<\/p>\n<p>&nbsp;<\/p>\n<table>\n<tbody>\n<tr>\n<td colspan=\"11\" width=\"649\">&nbsp;<\/p>\n<p style=\"text-align: center;\"><strong><b>RB01 Tragbare Gummistiefel Gr\u00f6\u00dfentabelle<\/b><\/strong><\/p>\n<p>&nbsp;<\/td>\n<\/tr>\n<tr>\n<td width=\"75\">Gr\u00f6\u00dfe<\/td>\n<td width=\"51\">38(4)<\/td>\n<td width=\"51\">39(5)<\/td>\n<td width=\"51\">40(6)<\/td>\n<td width=\"51\">41(7)<\/td>\n<td width=\"51\">42(8)<\/td>\n<td width=\"51\">43(9)<\/td>\n<td width=\"65\">44(10)<\/td>\n<td width=\"63\">45(11)<\/td>\n<td width=\"62\">46(12)<\/td>\n<td width=\"73\">47(13)<\/td>\n<\/tr>\n<tr>\n<td width=\"75\">Gewicht kg<\/td>\n<td width=\"51\">1.38<\/td>\n<td width=\"51\">1.4<\/td>\n<td width=\"51\">1.45<\/td>\n<td width=\"51\">1.55<\/td>\n<td width=\"51\">1.6<\/td>\n<td width=\"51\">1.65<\/td>\n<td width=\"65\">1.7<\/td>\n<td width=\"63\">1.75<\/td>\n<td width=\"62\">1.8<\/td>\n<td width=\"73\">1.85<\/td>\n<\/tr>\n<tr>\n<td width=\"75\">Sohlenl\u00e4nge cm<\/td>\n<td width=\"51\">25<\/td>\n<td width=\"51\">25.5<\/td>\n<td width=\"51\">26<\/td>\n<td width=\"51\">26.5<\/td>\n<td width=\"51\">27<\/td>\n<td width=\"51\">27.5<\/td>\n<td width=\"65\">28<\/td>\n<td width=\"63\">28.5<\/td>\n<td width=\"62\">29<\/td>\n<td width=\"73\">29.5<\/td>\n<\/tr>\n<tr>\n<td width=\"75\">H\u00f6he der Schuhe mm<\/td>\n<td width=\"51\">368<\/td>\n<td width=\"51\">370<\/td>\n<td width=\"51\">375<\/td>\n<td width=\"51\">380<\/td>\n<td width=\"51\">385<\/td>\n<td width=\"51\">390<\/td>\n<td width=\"65\">395<\/td>\n<td width=\"63\">400<\/td>\n<td width=\"62\">405<\/td>\n<td width=\"73\">410<\/td>\n<\/tr>\n<tr>\n<td width=\"75\">Umfang der Schuhtrommel\uff08mm\uff09<\/td>\n<td width=\"51\">445<\/td>\n<td width=\"51\">450<\/td>\n<td width=\"51\">455<\/td>\n<td width=\"51\">460<\/td>\n<td width=\"51\">465<\/td>\n<td width=\"51\">470<\/td>\n<td width=\"65\">475<\/td>\n<td width=\"63\">480<\/td>\n<td width=\"62\">485<\/td>\n<td width=\"73\">490<\/td>\n<\/tr>\n<\/tbody>\n<\/table>","protected":false},"excerpt":{"rendered":"<p>Art.Nr.: RB01<\/p>\n<p>Gr\u00f6\u00dfe: EUR: 38-47 (US\/UK: 4-13)<\/p>\n<p>Material: PVC+ leicht trocknendes Gewebefutter<\/p>\n<p>Farbe: Schwarz, gr\u00fcn, gelb, wei\u00df usw.<\/p>\n<p>MOQ: 500PRS; Sonderfarbe: 2000PAIRS<\/p>","protected":false},"featured_media":5942,"template":"","meta":{"_acf_changed":false},"product_brand":[],"product_cat":[342,344],"product_tag":[216,217],"class_list":{"0":"post-5941","1":"product","2":"type-product","3":"status-publish","4":"has-post-thumbnail","6":"product_cat-foot-protection","7":"product_cat-pvc-boots","8":"product_tag-pvc-boots-rubber-boots","9":"product_tag-wellington-boots","11":"first","12":"instock","13":"product-type-simple"},"acf":[],"_links":{"self":[{"href":"https:\/\/toprisesafety.com\/de\/wp-json\/wp\/v2\/product\/5941"}],"collection":[{"href":"https:\/\/toprisesafety.com\/de\/wp-json\/wp\/v2\/product"}],"about":[{"href":"https:\/\/toprisesafety.com\/de\/wp-json\/wp\/v2\/types\/product"}],"wp:featuredmedia":[{"embeddable":true,"href":"https:\/\/toprisesafety.com\/de\/wp-json\/wp\/v2\/media\/5942"}],"wp:attachment":[{"href":"https:\/\/toprisesafety.com\/de\/wp-json\/wp\/v2\/media?parent=5941"}],"wp:term":[{"taxonomy":"product_brand","embeddable":true,"href":"https:\/\/toprisesafety.com\/de\/wp-json\/wp\/v2\/product_brand?post=5941"},{"taxonomy":"product_cat","embeddable":true,"href":"https:\/\/toprisesafety.com\/de\/wp-json\/wp\/v2\/product_cat?post=5941"},{"taxonomy":"product_tag","embeddable":true,"href":"https:\/\/toprisesafety.com\/de\/wp-json\/wp\/v2\/product_tag?post=5941"}],"curies":[{"name":"wp","href":"https:\/\/api.w.org\/{rel}","templated":true}]}}