{"id":5935,"date":"2018-02-26T01:41:02","date_gmt":"2018-02-26T01:41:02","guid":{"rendered":"https:\/\/toprisesafety.com\/product\/rubber-boots-wellington-boots-pvc-boots-ce-en347\/"},"modified":"2025-03-17T04:42:06","modified_gmt":"2025-03-17T04:42:06","slug":"rubber-boots-wellington-boots-pvc-boots-ce-en347","status":"publish","type":"product","link":"https:\/\/toprisesafety.com\/de\/product\/rubber-boots-wellington-boots-pvc-boots-ce-en347\/","title":{"rendered":"Gummistiefel Gummistiefel PVC-Stiefel CE EN347"},"content":{"rendered":"<p><strong><span style=\"font-size: 140%;\">Gummistiefel Gummistiefel PVC-Stiefel CE EN347<\/span><\/strong><\/p>\n<ul>\n<li style=\"list-style-type: none;\">\n<ul>\n<li>Es gibt zwei Haupttypen von Gummistiefeln: Tragbar und Schwerlaststiefel (nur mit Stahlkappe oder mit Stahlkappe und Stahlzwischensohle)<\/li>\n<\/ul>\n<\/li>\n<\/ul>\n<ul>\n<li style=\"list-style-type: none;\">\n<ul>\n<li>Best\u00e4ndig gegen tierische Fette und \u00d6le sowie S\u00e4uren und Laugen, antistatisch, wasserfest und rutschfest;<\/li>\n<\/ul>\n<\/li>\n<\/ul>\n<ul>\n<li style=\"list-style-type: none;\">\n<ul>\n<li><span data-spm-anchor-id=\"a2700.details.pronpeci14.i2.36104feedpxvle\">Hohe Widerstandsf\u00e4higkeit gegen pl\u00f6tzliche \u00c4nderungen der Umgebungstemperatur mit einem Betriebsbereich von -20<\/span>\u2103~50\u2103.<\/li>\n<\/ul>\n<\/li>\n<\/ul>\n<ul>\n<li style=\"list-style-type: none;\">\n<ul>\n<li>Anwendungen: Industrie, Bergbau, Baugewerbe, \u00d6lfeld, Landwirtschaft, Landwirtschaft, Chemiefabrik, \u00fcbliche Abnutzung gegen Wasser w\u00e4hrend Regentagen usw.<\/li>\n<\/ul>\n<\/li>\n<\/ul>\n<h2><strong>Rubber boots wellington boots PVC boots CE EN347 specification :<\/strong><\/h2>\n<table>\n<tbody>\n<tr>\n<td width=\"284\">Art Nr.<\/td>\n<td width=\"284\">RB02<\/td>\n<\/tr>\n<tr>\n<td width=\"284\">Stil<\/td>\n<td width=\"284\">Portable boots<\/td>\n<\/tr>\n<tr>\n<td width=\"284\">Material<\/td>\n<td width=\"284\">PVC + leicht trocknendes Gewebefutter<\/td>\n<\/tr>\n<tr>\n<td width=\"284\">Gr\u00f6\u00dfe<\/td>\n<td width=\"284\">EUR: 40-46 (US\/UK: 7-12)<\/td>\n<\/tr>\n<tr>\n<td width=\"284\">Farbe<\/td>\n<td width=\"284\">Schwarz, gr\u00fcn, gelb, wei\u00df usw.<\/td>\n<\/tr>\n<tr>\n<td width=\"284\">Qualit\u00e4tsstandard<\/td>\n<td width=\"284\">CE EN 20347<\/td>\n<\/tr>\n<tr>\n<td width=\"284\">Verpacken<\/td>\n<td width=\"284\">1PR\/Poly-Beutel, 10PRS\/CTN<\/td>\n<\/tr>\n<tr>\n<td width=\"284\">Gr\u00f6\u00dfe des Kartons<\/td>\n<td width=\"284\">50*30*44CM<\/td>\n<\/tr>\n<tr>\n<td width=\"284\">N\/G.W<\/td>\n<td width=\"284\">16\/17KGS<\/td>\n<\/tr>\n<\/tbody>\n<\/table>\n<p>TOPRISE unterst\u00fctzt verschiedene Arten der Anpassung von PVC-Stiefeln und Gummistiefeln; klicken Sie, um <a href=\"https:\/\/toprisesafety.com\/de\/product-category\/personal-protective-equipment\/foot-protection\/pvc-boots\/\">Weitere Modelle von PVC-Stiefeln und Gummistiefeln anzeigen.<\/a><\/p>\n<p>Wenn Sie Ihre gew\u00fcnschten PVC-Stiefel &amp; Gummistiefel nicht finden k\u00f6nnen <a href=\"https:\/\/toprisesafety.com\/de\/contact-us\/\">Kontaktieren Sie uns<\/a>; wir unterst\u00fctzen spezielle Anpassungen.<\/p>\n<p>&nbsp;<\/p>\n<table>\n<tbody>\n<tr>\n<td colspan=\"8\" width=\"568\">&nbsp;<\/p>\n<p style=\"text-align: center;\"><strong>Portable rubber boots size chart<\/strong><\/p>\n<p>&nbsp;<\/td>\n<\/tr>\n<tr>\n<td width=\"101\">Gr\u00f6\u00dfe<\/td>\n<td width=\"51\">40(6)<\/td>\n<td width=\"60\">41(7)<\/td>\n<td width=\"71\">42(8)<\/td>\n<td width=\"71\">43(9)<\/td>\n<td width=\"71\">44(10)<\/td>\n<td width=\"71\">45(11)<\/td>\n<td width=\"71\">46(12)<\/td>\n<\/tr>\n<tr>\n<td width=\"101\">Weight\/ kg<\/td>\n<td width=\"51\">1.38<\/td>\n<td width=\"60\">1.41<\/td>\n<td width=\"71\">1.44<\/td>\n<td width=\"71\">1.5<\/td>\n<td width=\"71\">1.53<\/td>\n<td width=\"71\">1.6<\/td>\n<td width=\"71\">1.65<\/td>\n<\/tr>\n<tr>\n<td width=\"101\">Shoe length\/mm<\/td>\n<td width=\"51\">265<\/td>\n<td width=\"60\">274<\/td>\n<td width=\"71\">277<\/td>\n<td width=\"71\">283<\/td>\n<td width=\"71\">289<\/td>\n<td width=\"71\">296<\/td>\n<td width=\"71\">302<\/td>\n<\/tr>\n<tr>\n<td width=\"101\">Boots height\/mm<\/td>\n<td width=\"51\">375<\/td>\n<td width=\"60\">380<\/td>\n<td width=\"71\">382<\/td>\n<td width=\"71\">385<\/td>\n<td width=\"71\">388<\/td>\n<td width=\"71\">390<\/td>\n<td width=\"71\">393<\/td>\n<\/tr>\n<tr>\n<td width=\"101\">Boots drum circumference<\/td>\n<td width=\"51\">216<\/td>\n<td width=\"60\">219<\/td>\n<td width=\"71\">222<\/td>\n<td width=\"71\">225<\/td>\n<td width=\"71\">228<\/td>\n<td width=\"71\">232<\/td>\n<td width=\"71\">235<\/td>\n<\/tr>\n<\/tbody>\n<\/table>","protected":false},"excerpt":{"rendered":"<p>Art No.: RB02<\/p>\n<p>Size: EUR: 40-46 (US\/UK: 6-12)<\/p>\n<p>Material: PVC+ leicht trocknendes Gewebefutter<\/p>\n<p>Farbe: Schwarz, gr\u00fcn, gelb, wei\u00df usw.<\/p>\n<p>MOQ: 500PRS; Sonderfarbe: 2000PAIRS<\/p>","protected":false},"featured_media":5936,"template":"","meta":{"_acf_changed":false},"product_brand":[],"product_cat":[342,344],"product_tag":[215],"class_list":{"0":"post-5935","1":"product","2":"type-product","3":"status-publish","4":"has-post-thumbnail","6":"product_cat-foot-protection","7":"product_cat-pvc-boots","8":"product_tag-rubber-boots-portable-pvc-boots-wellington-boots","10":"first","11":"instock","12":"product-type-simple"},"acf":[],"_links":{"self":[{"href":"https:\/\/toprisesafety.com\/de\/wp-json\/wp\/v2\/product\/5935"}],"collection":[{"href":"https:\/\/toprisesafety.com\/de\/wp-json\/wp\/v2\/product"}],"about":[{"href":"https:\/\/toprisesafety.com\/de\/wp-json\/wp\/v2\/types\/product"}],"wp:featuredmedia":[{"embeddable":true,"href":"https:\/\/toprisesafety.com\/de\/wp-json\/wp\/v2\/media\/5936"}],"wp:attachment":[{"href":"https:\/\/toprisesafety.com\/de\/wp-json\/wp\/v2\/media?parent=5935"}],"wp:term":[{"taxonomy":"product_brand","embeddable":true,"href":"https:\/\/toprisesafety.com\/de\/wp-json\/wp\/v2\/product_brand?post=5935"},{"taxonomy":"product_cat","embeddable":true,"href":"https:\/\/toprisesafety.com\/de\/wp-json\/wp\/v2\/product_cat?post=5935"},{"taxonomy":"product_tag","embeddable":true,"href":"https:\/\/toprisesafety.com\/de\/wp-json\/wp\/v2\/product_tag?post=5935"}],"curies":[{"name":"wp","href":"https:\/\/api.w.org\/{rel}","templated":true}]}}