{"id":5926,"date":"2018-02-26T02:30:50","date_gmt":"2018-02-26T02:30:50","guid":{"rendered":"https:\/\/toprisesafety.com\/product\/rubber-boots-heavy-duty-gum-boots-pvc-boots-ce-en-20345\/"},"modified":"2025-03-17T04:40:53","modified_gmt":"2025-03-17T04:40:53","slug":"rubber-boots-heavy-duty-gum-boots-pvc-boots-ce-en-20345","status":"publish","type":"product","link":"https:\/\/toprisesafety.com\/de\/product\/rubber-boots-heavy-duty-gum-boots-pvc-boots-ce-en-20345\/","title":{"rendered":"Gummistiefel Schwerlast-Gummistiefel PVC-Stiefel CE EN 20345"},"content":{"rendered":"<p><strong><span style=\"font-size: 140%;\">Gummistiefel Schwerlast-Gummistiefel PVC-Stiefel CE EN 20345<\/span><\/strong><\/p>\n<ul>\n<li style=\"list-style-type: none;\">\n<ul>\n<li>Es gibt zwei Haupttypen von Gummistiefeln: Tragbar und Schwerlaststiefel (nur mit Stahlkappe oder mit Stahlkappe und Stahlzwischensohle)<\/li>\n<\/ul>\n<\/li>\n<\/ul>\n<ul>\n<li style=\"list-style-type: none;\">\n<ul>\n<li>Best\u00e4ndig gegen tierische Fette und \u00d6le sowie S\u00e4uren und Laugen, antistatisch, wasserfest und rutschfest;<\/li>\n<\/ul>\n<\/li>\n<\/ul>\n<ul>\n<li style=\"list-style-type: none;\">\n<ul>\n<li><span data-spm-anchor-id=\"a2700.details.pronpeci14.i2.36104feedpxvle\">Hohe Widerstandsf\u00e4higkeit gegen pl\u00f6tzliche \u00c4nderungen der Umgebungstemperatur mit einem Betriebsbereich von -20<\/span>\u2103~50\u2103.<\/li>\n<\/ul>\n<\/li>\n<\/ul>\n<ul>\n<li style=\"list-style-type: none;\">\n<ul>\n<li>Anwendungen: Industrie, Bergbau, Baugewerbe, \u00d6lfeld, Landwirtschaft, Landwirtschaft, Chemiefabrik, \u00fcbliche Abnutzung gegen Wasser w\u00e4hrend Regentagen usw.<\/li>\n<\/ul>\n<\/li>\n<\/ul>\n<h2>Gummistiefel Schwerlast-Gummistiefel PVC-Stiefel CE EN 20345<\/h2>\n<table>\n<tbody>\n<tr>\n<td width=\"284\">Art Nr.<\/td>\n<td width=\"284\">RB04<\/td>\n<\/tr>\n<tr>\n<td width=\"284\">Stil<\/td>\n<td width=\"284\">Strapazierf\u00e4hige Gummistiefel<\/td>\n<\/tr>\n<tr>\n<td width=\"284\">Material<\/td>\n<td width=\"284\">PVC + leicht trocknendes Gewebefutter<\/td>\n<\/tr>\n<tr>\n<td width=\"284\">Merkmal<\/td>\n<td width=\"284\">200J Stahlkappe, Zwischensohle aus Stahl f\u00fcr die Wahl<\/td>\n<\/tr>\n<tr>\n<td width=\"284\">Gr\u00f6\u00dfe<\/td>\n<td width=\"284\">EUR: 37-47<\/td>\n<\/tr>\n<tr>\n<td width=\"284\">Farbe<\/td>\n<td width=\"284\">Schwarz, gr\u00fcn, gelb, wei\u00df usw.<\/td>\n<\/tr>\n<tr>\n<td width=\"284\">Qualit\u00e4tsstandard<\/td>\n<td width=\"284\">CE EN 20345<\/td>\n<\/tr>\n<tr>\n<td width=\"284\">Verpacken<\/td>\n<td width=\"284\">1PR\/Poly-Beutel, 10PRS\/CTN<\/td>\n<\/tr>\n<tr>\n<td width=\"284\">Gr\u00f6\u00dfe des Kartons<\/td>\n<td width=\"284\">41*42*51CM<\/td>\n<\/tr>\n<tr>\n<td width=\"284\">N\/G.W<\/td>\n<td width=\"284\">20\/21KGS<\/td>\n<\/tr>\n<\/tbody>\n<\/table>\n<p>TOPRISE unterst\u00fctzt verschiedene Arten der Anpassung von PVC-Stiefeln und Gummistiefeln; klicken Sie, um <a href=\"https:\/\/toprisesafety.com\/de\/product-category\/personal-protective-equipment\/foot-protection\/pvc-boots\/\">Weitere Modelle von PVC-Stiefeln und Gummistiefeln anzeigen.<\/a><\/p>\n<p>Wenn Sie Ihre gew\u00fcnschten PVC-Stiefel &amp; Gummistiefel nicht finden k\u00f6nnen <a href=\"https:\/\/toprisesafety.com\/de\/contact-us\/\">Kontaktieren Sie uns<\/a>; wir unterst\u00fctzen spezielle Anpassungen.<\/p>\n<p>&nbsp;<\/p>\n<table width=\"889\">\n<tbody>\n<tr>\n<td style=\"font-weight: 400; text-align: center;\" colspan=\"6\" width=\"806\"><strong>Gummistiefel Schwerlaststiefel Gr\u00f6\u00dfentabelle\u00a0<\/strong><\/td>\n<\/tr>\n<tr>\n<td style=\"font-weight: 400;\" width=\"115\">Gr\u00f6\u00dfe<\/td>\n<td style=\"font-weight: 400;\" width=\"151\">H\u00f6he(cm)<\/td>\n<td style=\"font-weight: 400;\" width=\"138\">Obere Dicke (mm)<\/td>\n<td style=\"font-weight: 400;\" width=\"115\">Gewicht (g)<\/td>\n<td style=\"font-weight: 400;\" width=\"172\">Sohlenl\u00e4nge \uff08cm\uff09<\/td>\n<td style=\"font-weight: 400;\" width=\"198\">Sohlenbreite(cm)<\/td>\n<\/tr>\n<tr>\n<td style=\"font-weight: 400;\" width=\"115\">4(37)<\/td>\n<td style=\"font-weight: 400;\" width=\"151\">38.4<\/td>\n<td style=\"font-weight: 400;\" width=\"138\">4-2.5<\/td>\n<td style=\"font-weight: 400;\" width=\"115\">1836<\/td>\n<td style=\"font-weight: 400;\" width=\"172\">24.8<\/td>\n<td style=\"font-weight: 400;\" width=\"198\">9<\/td>\n<\/tr>\n<tr>\n<td style=\"font-weight: 400;\" width=\"115\">5(38)<\/td>\n<td style=\"font-weight: 400;\" width=\"151\">38.6<\/td>\n<td style=\"font-weight: 400;\" width=\"138\">4-2.5<\/td>\n<td style=\"font-weight: 400;\" width=\"115\">1860<\/td>\n<td style=\"font-weight: 400;\" width=\"172\">25.4<\/td>\n<td style=\"font-weight: 400;\" width=\"198\">9.2<\/td>\n<\/tr>\n<tr>\n<td style=\"font-weight: 400;\" width=\"115\">6(39)<\/td>\n<td style=\"font-weight: 400;\" width=\"151\">38.7<\/td>\n<td style=\"font-weight: 400;\" width=\"138\">4-2.5<\/td>\n<td style=\"font-weight: 400;\" width=\"115\">1878<\/td>\n<td style=\"font-weight: 400;\" width=\"172\">26.6<\/td>\n<td style=\"font-weight: 400;\" width=\"198\">9.4<\/td>\n<\/tr>\n<tr>\n<td style=\"font-weight: 400;\" width=\"115\">7(40)<\/td>\n<td style=\"font-weight: 400;\" width=\"151\">39.1<\/td>\n<td style=\"font-weight: 400;\" width=\"138\">4-2.5<\/td>\n<td style=\"font-weight: 400;\" width=\"115\">1908<\/td>\n<td style=\"font-weight: 400;\" width=\"172\">27.2<\/td>\n<td style=\"font-weight: 400;\" width=\"198\">9.5<\/td>\n<\/tr>\n<tr>\n<td style=\"font-weight: 400;\" width=\"115\">8(41)<\/td>\n<td style=\"font-weight: 400;\" width=\"151\">39.4<\/td>\n<td style=\"font-weight: 400;\" width=\"138\">4-2.5<\/td>\n<td style=\"font-weight: 400;\" width=\"115\">2000<\/td>\n<td style=\"font-weight: 400;\" width=\"172\">28.2<\/td>\n<td style=\"font-weight: 400;\" width=\"198\">9.6<\/td>\n<\/tr>\n<tr>\n<td style=\"font-weight: 400;\" width=\"115\">9(42)<\/td>\n<td style=\"font-weight: 400;\" width=\"151\">39.7<\/td>\n<td style=\"font-weight: 400;\" width=\"138\">4-2.5<\/td>\n<td style=\"font-weight: 400;\" width=\"115\">2115<\/td>\n<td style=\"font-weight: 400;\" width=\"172\">28.6<\/td>\n<td style=\"font-weight: 400;\" width=\"198\">9.8<\/td>\n<\/tr>\n<tr>\n<td style=\"font-weight: 400;\" width=\"115\">10(43)<\/td>\n<td style=\"font-weight: 400;\" width=\"151\">40<\/td>\n<td style=\"font-weight: 400;\" width=\"138\">4-2.5<\/td>\n<td style=\"font-weight: 400;\" width=\"115\">2235<\/td>\n<td style=\"font-weight: 400;\" width=\"172\">29.6<\/td>\n<td style=\"font-weight: 400;\" width=\"198\">10.1<\/td>\n<\/tr>\n<tr>\n<td style=\"font-weight: 400;\" width=\"115\">11(44)<\/td>\n<td style=\"font-weight: 400;\" width=\"151\">40.2<\/td>\n<td style=\"font-weight: 400;\" width=\"138\">4-2.5<\/td>\n<td style=\"font-weight: 400;\" width=\"115\">2386<\/td>\n<td style=\"font-weight: 400;\" width=\"172\">30.2<\/td>\n<td style=\"font-weight: 400;\" width=\"198\">10.2<\/td>\n<\/tr>\n<tr>\n<td style=\"font-weight: 400;\" width=\"115\">12(45)<\/td>\n<td style=\"font-weight: 400;\" width=\"151\">40.5<\/td>\n<td style=\"font-weight: 400;\" width=\"138\">4-2.5<\/td>\n<td style=\"font-weight: 400;\" width=\"115\">2439<\/td>\n<td style=\"font-weight: 400;\" width=\"172\">31<\/td>\n<td style=\"font-weight: 400;\" width=\"198\">10.4<\/td>\n<\/tr>\n<tr>\n<td style=\"font-weight: 400;\" width=\"115\">13(46)<\/td>\n<td style=\"font-weight: 400;\" width=\"151\">40.8<\/td>\n<td style=\"font-weight: 400;\" width=\"138\">4-2.5<\/td>\n<td style=\"font-weight: 400;\" width=\"115\">2493<\/td>\n<td style=\"font-weight: 400;\" width=\"172\">31.8<\/td>\n<td style=\"font-weight: 400;\" width=\"198\">10.6<\/td>\n<\/tr>\n<tr>\n<td style=\"font-weight: 400;\" width=\"115\">13(47)<\/td>\n<td style=\"font-weight: 400;\" width=\"151\">41.2<\/td>\n<td style=\"font-weight: 400;\" width=\"138\">4-2.5<\/td>\n<td style=\"font-weight: 400;\" width=\"115\">2554<\/td>\n<td style=\"font-weight: 400;\" width=\"172\">32.3<\/td>\n<td style=\"font-weight: 400;\" width=\"198\">10.8<\/td>\n<\/tr>\n<\/tbody>\n<\/table>","protected":false},"excerpt":{"rendered":"<p>Art.Nr.: RB04<\/p>\n<p>Gr\u00f6\u00dfe: EUR: 37-47<\/p>\n<p>Material: PVC+ leicht trocknendes Gewebefutter<\/p>\n<p>Farbe: Schwarz, gr\u00fcn, gelb, wei\u00df usw.<\/p>\n<p>MOQ: 500PRS; Sonderfarbe: 2000PAIRS<\/p>","protected":false},"featured_media":5927,"template":"","meta":{"_acf_changed":false},"product_brand":[],"product_cat":[342,344],"product_tag":[213],"class_list":{"0":"post-5926","1":"product","2":"type-product","3":"status-publish","4":"has-post-thumbnail","6":"product_cat-foot-protection","7":"product_cat-pvc-boots","8":"product_tag-rubber-boots-heavy-duty-gum-boots-pvc-boots-ce-en20345","10":"first","11":"instock","12":"product-type-simple"},"acf":[],"_links":{"self":[{"href":"https:\/\/toprisesafety.com\/de\/wp-json\/wp\/v2\/product\/5926"}],"collection":[{"href":"https:\/\/toprisesafety.com\/de\/wp-json\/wp\/v2\/product"}],"about":[{"href":"https:\/\/toprisesafety.com\/de\/wp-json\/wp\/v2\/types\/product"}],"wp:featuredmedia":[{"embeddable":true,"href":"https:\/\/toprisesafety.com\/de\/wp-json\/wp\/v2\/media\/5927"}],"wp:attachment":[{"href":"https:\/\/toprisesafety.com\/de\/wp-json\/wp\/v2\/media?parent=5926"}],"wp:term":[{"taxonomy":"product_brand","embeddable":true,"href":"https:\/\/toprisesafety.com\/de\/wp-json\/wp\/v2\/product_brand?post=5926"},{"taxonomy":"product_cat","embeddable":true,"href":"https:\/\/toprisesafety.com\/de\/wp-json\/wp\/v2\/product_cat?post=5926"},{"taxonomy":"product_tag","embeddable":true,"href":"https:\/\/toprisesafety.com\/de\/wp-json\/wp\/v2\/product_tag?post=5926"}],"curies":[{"name":"wp","href":"https:\/\/api.w.org\/{rel}","templated":true}]}}