{"id":5918,"date":"2018-02-26T03:31:36","date_gmt":"2018-02-26T03:31:36","guid":{"rendered":"https:\/\/toprisesafety.com\/product\/genuine-leather-safety-shoes-pu-injection-work-shoes\/"},"modified":"2025-03-11T08:06:23","modified_gmt":"2025-03-11T08:06:23","slug":"genuine-leather-safety-shoes-pu-injection-work-shoes","status":"publish","type":"product","link":"https:\/\/toprisesafety.com\/de\/product\/genuine-leather-safety-shoes-pu-injection-work-shoes\/","title":{"rendered":"Sicherheitsschuhe aus echtem Leder PU-Injektion Arbeitsschuhe"},"content":{"rendered":"<p><strong><span style=\"font-size: 140%;\">Sicherheitsschuhe aus echtem Leder PU-Injektion Arbeitsschuhe <\/span><\/strong><\/p>\n<ul>\n<li style=\"list-style-type: none;\">\n<ul>\n<li>Obermaterial aus echtem B\u00fcffelleder f\u00fcr bessere Haltbarkeit und Atmungsaktivit\u00e4t.<\/li>\n<\/ul>\n<\/li>\n<\/ul>\n<ul>\n<li style=\"list-style-type: none;\">\n<ul>\n<li data-spm-anchor-id=\"a2700.details.pronpeci14.i1.57387f9eZgw8D0\">Extra leichte, rutschfeste PU-Injektionslaufsohle.<\/li>\n<\/ul>\n<\/li>\n<\/ul>\n<ul>\n<li style=\"list-style-type: none;\">\n<ul>\n<li>Zus\u00e4tzlich verst\u00e4rkte Seitenn\u00e4hte f\u00fcr hervorragende Haftung.<\/li>\n<\/ul>\n<\/li>\n<\/ul>\n<ul>\n<li style=\"list-style-type: none;\">\n<ul>\n<li>Extra weiches Futter f\u00fcr ultimativen Komfort und hervorragende Schwei\u00dfabsorption.<\/li>\n<\/ul>\n<\/li>\n<\/ul>\n<ul>\n<li style=\"list-style-type: none;\">\n<ul>\n<li>Korrosionsbest\u00e4ndige Stahlkappe, die den europ\u00e4ischen Sicherheitsnormen (CE EN345) f\u00fcr 200 Joule Aufprallschutz entspricht.<\/li>\n<\/ul>\n<\/li>\n<\/ul>\n<ul>\n<li style=\"list-style-type: none;\">\n<ul>\n<li>Stahlzwischensohle (optional), die den europ\u00e4ischen Sicherheitsnormen (CE EN345) f\u00fcr einen Durchtrittswiderstand von mindestens 1.100 Newton entspricht.<\/li>\n<\/ul>\n<\/li>\n<\/ul>\n<ul>\n<li style=\"list-style-type: none;\">\n<ul>\n<li>Rutschhemmende Sohle, dielektrisch, antistatisch, hitzebest\u00e4ndig, \u00f6l-, s\u00e4ure- und laugenbest\u00e4ndig optional<\/li>\n<\/ul>\n<\/li>\n<\/ul>\n<ul>\n<li style=\"list-style-type: none;\">\n<ul>\n<li>Anwendung:\u00a0<span data-spm-anchor-id=\"a2700.details.pronpeci14.i1.1a0c748bDlCqVn\">Elektrizit\u00e4tswirtschaft, H\u00fcttenwesen, Bauwesen, Automobilbau, Energieversorgung, Bergbau, Gartenbau, Chemie, Logistik, Stahl- und \u00e4hnliche Schwerindustrie usw.\u00a0<\/span><\/li>\n<\/ul>\n<\/li>\n<\/ul>\n<ul>\n<li style=\"list-style-type: none;\">\n<ul>\n<li>Pannensicher,Antistatisch,Anti-Rutsch<\/li>\n<\/ul>\n<\/li>\n<\/ul>\n<ul>\n<li style=\"list-style-type: none;\">\n<ul>\n<li>Verschiedene CE-Qualit\u00e4tsstufen zur Auswahl<\/li>\n<\/ul>\n<\/li>\n<\/ul>\n<table>\n<tbody>\n<tr>\n<td width=\"112\"><strong><b>St<\/b><\/strong><strong><b>andards<\/b><\/strong><\/td>\n<td width=\"158\"><strong><b>Inneres<\/b><\/strong><\/td>\n<td width=\"288\"><strong><b>Funktion<\/b><\/strong><\/td>\n<\/tr>\n<tr>\n<td width=\"112\">SB<\/td>\n<td width=\"158\">Zehenkappe aus Stahl<\/td>\n<td width=\"288\">Schlagz\u00e4h, \u00f6l- und s\u00e4urebest\u00e4ndig<\/td>\n<\/tr>\n<tr>\n<td width=\"112\">SBP<\/td>\n<td width=\"158\">Zehenkappe aus Stahl und Stahlplatte<\/td>\n<td width=\"288\">Schlagfest, stichfest, sto\u00dffest, \u00f6l- und s\u00e4urebest\u00e4ndig<\/td>\n<\/tr>\n<tr>\n<td width=\"112\">S1<\/td>\n<td width=\"158\">Zehenkappe aus Stahl<\/td>\n<td width=\"288\">Anti-Smash, antistatisch, sto\u00dffest, \u00f6l- und s\u00e4urebest\u00e4ndig<\/td>\n<\/tr>\n<tr>\n<td width=\"112\">S1P<\/td>\n<td width=\"158\">Zehenkappe aus Stahl und Stahlplatte<\/td>\n<td width=\"288\">Schlagfest, stichfest, antistatisch, sto\u00dffest, \u00f6l- und s\u00e4urebest\u00e4ndig<\/td>\n<\/tr>\n<tr>\n<td width=\"112\">S2<\/td>\n<td width=\"158\">Zehenkappe aus Stahl<\/td>\n<td width=\"288\">Wasserdicht, spritzwassergesch\u00fctzt, antistatisch, sto\u00dffest, \u00f6l- und s\u00e4urebest\u00e4ndig<\/td>\n<\/tr>\n<tr>\n<td width=\"112\">S3<\/td>\n<td width=\"158\">Zehenkappe aus Stahl und Stahlplatte<\/td>\n<td width=\"288\">Wasserdicht, spritzwassergesch\u00fctzt, stichfest, antistatisch, sto\u00dffest, \u00f6l- und s\u00e4urebest\u00e4ndig<\/td>\n<\/tr>\n<\/tbody>\n<\/table>\n<p>&nbsp;<\/p>\n<p>TOPRISE unterst\u00fctzt verschiedene Arten der Anpassung von Sicherheitsschuhen; klicken Sie, um zu sehen <a href=\"https:\/\/toprisesafety.com\/de\/product-category\/personal-protective-equipment\/foot-protection\/safety-shoes\/\">weitere Modelle von Sicherheitsschuhen<\/a>.<\/p>\n<p>Wenn Sie die von Ihnen ben\u00f6tigten Sicherheitsschuhe nicht finden, wenden Sie sich an uns; wir unterst\u00fctzen Sonderanfertigungen.<\/p>\n<h2><strong>Sicherheitsschuhe aus echtem Leder PU-Injektion Arbeitsschuhe Spezifikationen:<\/strong><\/h2>\n<table>\n<tbody>\n<tr>\n<td width=\"284\">Art Nr.<\/td>\n<td width=\"284\">SPU03<\/td>\n<\/tr>\n<tr>\n<td width=\"284\">Material<\/td>\n<td width=\"284\">B\u00fcffelleder, PU-Sohle, Campela-Futter<\/td>\n<\/tr>\n<tr>\n<td width=\"284\">Workshop<\/td>\n<td width=\"284\">PU-Einspritzung<\/td>\n<\/tr>\n<tr>\n<td width=\"284\">Gr\u00f6\u00dfe<\/td>\n<td width=\"284\">37-47<\/td>\n<\/tr>\n<tr>\n<td width=\"284\">Qualit\u00e4tsniveau<\/td>\n<td width=\"284\">SB, SBP,S1,S2,S3<\/td>\n<\/tr>\n<tr>\n<td width=\"284\">Qualit\u00e4tsstandard<\/td>\n<td width=\"284\">CE EN 20345<\/td>\n<\/tr>\n<tr>\n<td width=\"284\">Logo<\/td>\n<td width=\"284\">Kundenlogo ist verf\u00fcgbar<\/td>\n<\/tr>\n<tr>\n<td width=\"284\">Verpacken<\/td>\n<td width=\"284\">1PR\/Farbkarton, 10PRS\/CTN<\/td>\n<\/tr>\n<\/tbody>\n<\/table>\n<p><img fetchpriority=\"high\" decoding=\"async\" class=\"alignnone size-full wp-image-930\" src=\"https:\/\/toprisesafety.com\/wp-content\/uploads\/2024\/08\/safety-shoes-structure.jpg\" alt=\"\" width=\"757\" height=\"627\" \/><\/p>","protected":false},"excerpt":{"rendered":"<p>Art.Nr.: SPU03<\/p>\n<p>Gr\u00f6\u00dfe: 37-47<\/p>\n<p>Material: B\u00fcffelleder+PU-Sohle+ Stofffutter<\/p>\n<p>Verarbeitung: PU-Injektionssohle<\/p>\n<p>MOQ:1000PRS<\/p>","protected":false},"featured_media":5919,"template":"","meta":{"_acf_changed":false},"product_brand":[],"product_cat":[342,343],"product_tag":[208],"class_list":{"0":"post-5918","1":"product","2":"type-product","3":"status-publish","4":"has-post-thumbnail","6":"product_cat-foot-protection","7":"product_cat-safety-shoes","8":"product_tag-genuine-leather-safety-shoes-buffalo-leather-safety-shoes-pu-injection-safety-shoes-ce-standard-work-shoes","10":"first","11":"instock","12":"product-type-simple"},"acf":[],"_links":{"self":[{"href":"https:\/\/toprisesafety.com\/de\/wp-json\/wp\/v2\/product\/5918"}],"collection":[{"href":"https:\/\/toprisesafety.com\/de\/wp-json\/wp\/v2\/product"}],"about":[{"href":"https:\/\/toprisesafety.com\/de\/wp-json\/wp\/v2\/types\/product"}],"wp:featuredmedia":[{"embeddable":true,"href":"https:\/\/toprisesafety.com\/de\/wp-json\/wp\/v2\/media\/5919"}],"wp:attachment":[{"href":"https:\/\/toprisesafety.com\/de\/wp-json\/wp\/v2\/media?parent=5918"}],"wp:term":[{"taxonomy":"product_brand","embeddable":true,"href":"https:\/\/toprisesafety.com\/de\/wp-json\/wp\/v2\/product_brand?post=5918"},{"taxonomy":"product_cat","embeddable":true,"href":"https:\/\/toprisesafety.com\/de\/wp-json\/wp\/v2\/product_cat?post=5918"},{"taxonomy":"product_tag","embeddable":true,"href":"https:\/\/toprisesafety.com\/de\/wp-json\/wp\/v2\/product_tag?post=5918"}],"curies":[{"name":"wp","href":"https:\/\/api.w.org\/{rel}","templated":true}]}}