{"id":5907,"date":"2018-02-26T05:00:16","date_gmt":"2018-02-26T05:00:16","guid":{"rendered":"https:\/\/toprisesafety.com\/product\/high-visibility-warning-vest-reflective-safety-vest\/"},"modified":"2025-05-06T07:45:33","modified_gmt":"2025-05-06T07:45:33","slug":"high-visibility-warning-vest-reflective-safety-vest","status":"publish","type":"product","link":"https:\/\/toprisesafety.com\/de\/product\/high-visibility-warning-vest-reflective-safety-vest\/","title":{"rendered":"Warnweste mit hoher Sichtbarkeit, reflektierende Sicherheitsweste"},"content":{"rendered":"<p><strong><span style=\"font-size: 140%;\">Warnweste mit hoher Sichtbarkeit, reflektierende Sicherheitsweste<\/span><\/strong><\/p>\n<ul>\n<li style=\"list-style-type: none;\">\n<ul>\n<li>Sicherheitsweste, die reflektierende Band auf sie haben und es ist f\u00fcr den Schutz der Sicherheit f\u00fcr Bauarbeiter, Bergbauarbeiter, \u00d6l &amp; Gas Arbeiter, Industriearbeiter, L\u00e4ufer, Fu\u00dfg\u00e4nger, nicht-motorisierte Fahrzeuge usw. beabsichtigen. Personen, die eine Sicherheitsweste tragen, k\u00f6nnen leicht gefunden werden, da das Material der Weste fluoreszierend ist, und in der Nacht k\u00f6nnen Personen, die eine Sicherheitsweste tragen, leicht gesehen werden, da die Weste mit reflektierendem Band unter Licht hell leuchtet. So Sicherheitsweste ist geeignet f\u00fcr Tag und Nacht Sichtbarkeit zu gut sch\u00fctzen Menschen Sicherheit.<\/li>\n<\/ul>\n<\/li>\n<\/ul>\n<ul>\n<li style=\"list-style-type: none;\">\n<ul>\n<li>Sicherheitsweste Hauptmaterial ist Strickstoff oder Netzgewebe. Haben hohe Sichtbarkeit reflektierende Band Klasse 2 Standard-Qualit\u00e4t und normale reflektierende Band und 3M hohe Qualit\u00e4t reflektierende Band usw.<\/li>\n<\/ul>\n<\/li>\n<\/ul>\n<ul>\n<li style=\"list-style-type: none;\">\n<ul>\n<li>Anwendungsbereich: Motorradfahren, Laufen, Reiten, Reiten im Freien, Hundespazierg\u00e4nge, Bauwesen, Bergbau, Landvermesser, Verkehrspolizei, Sicherheit, Wald, Eisenbahn usw.<\/li>\n<\/ul>\n<\/li>\n<\/ul>\n<h2><strong>Warnweste mit hoher Sichtbarkeit, reflektierende Sicherheitsweste, Spezifikation:<\/strong><\/h2>\n<table>\n<tbody>\n<tr>\n<td width=\"284\">Art Nr.<\/td>\n<td width=\"332\">SV03<\/td>\n<\/tr>\n<tr>\n<td width=\"284\">Material des Stoffes<\/td>\n<td width=\"332\">100%polyesterstrickgewebe fluoreszierend oder Netzgewebe<\/td>\n<\/tr>\n<tr>\n<td width=\"284\">Reflektierendes Band<\/td>\n<td width=\"332\">Normale Sichtbarkeit, hohe Sichtbarkeit<\/td>\n<\/tr>\n<tr>\n<td width=\"284\">Reflektierendes Bandmaterial<\/td>\n<td width=\"332\">Silbernes T\/C-Band, PVC-Gitter, 3M-Band<\/td>\n<\/tr>\n<tr>\n<td width=\"284\">Gewicht des Materials<\/td>\n<td width=\"332\">50-140G\/SQM<\/td>\n<\/tr>\n<tr>\n<td width=\"284\">Farbe<\/td>\n<td width=\"332\">Fluoreszierend gelb, fluoreszierend gr\u00fcn, orange-rot<\/td>\n<\/tr>\n<tr>\n<td width=\"284\">Fliege oben<\/td>\n<td width=\"332\">Klettverschluss, Rei\u00dfverschluss zur Auswahl<\/td>\n<\/tr>\n<tr>\n<td width=\"284\">Qualit\u00e4tsstandard<\/td>\n<td width=\"332\">CE EN471, KLASSE 2<\/td>\n<\/tr>\n<tr>\n<td width=\"284\">Logo<\/td>\n<td width=\"332\">Aufdruck von Kundenlogos oder Logo-Etiketten ist m\u00f6glich<\/td>\n<\/tr>\n<tr>\n<td width=\"284\">MOQ<\/td>\n<td width=\"332\">1000 STCK.<\/td>\n<\/tr>\n<tr>\n<td width=\"284\">Verpacken<\/td>\n<td width=\"332\">1PC\/OPP, 100PC\/CTN, Sonderverpackung nach Kundenwunsch<\/td>\n<\/tr>\n<\/tbody>\n<\/table>\n<p>TOPRISE unterst\u00fctzt verschiedene Arten der Anpassung von Sicherheitswesten; klicken Sie hier, um <a href=\"https:\/\/toprisesafety.com\/de\/product-category\/road-safety-products\/warning-wear\/warning-vest-sun-shade\/\">weitere Modelle von Sicherheitswesten ansehen.<\/a><\/p>\n<p>Wenn Sie die erforderlichen Sicherheitswesten nicht finden,<a href=\"https:\/\/toprisesafety.com\/de\/contact-us\/\"> kontaktieren Sie uns;<\/a> wir unterst\u00fctzen spezielle Anpassungen.<\/p>","protected":false},"excerpt":{"rendered":"<p>Art.Nr.: SV03<\/p>\n<p>Material: 100%polyester<\/p>\n<p>Gr\u00f6\u00dfe: S-XXXL<\/p>\n<p>Farbe: Fluoreszierendes Gelb\/Gr\u00fcn\/Orange-Rot<\/p>\n<p>Logodruck: verf\u00fcgbar<\/p>\n<p>MOQ: 1000PCS<\/p>","protected":false},"featured_media":5908,"template":"","meta":{"_acf_changed":false},"product_brand":[],"product_cat":[325,341],"product_tag":[200],"class_list":{"0":"post-5907","1":"product","2":"type-product","3":"status-publish","4":"has-post-thumbnail","6":"product_cat-road-safety-products","7":"product_cat-warning-vest-sun-shade","8":"product_tag-hi-visibility-safety-vest","10":"first","11":"instock","12":"product-type-simple"},"acf":[],"_links":{"self":[{"href":"https:\/\/toprisesafety.com\/de\/wp-json\/wp\/v2\/product\/5907"}],"collection":[{"href":"https:\/\/toprisesafety.com\/de\/wp-json\/wp\/v2\/product"}],"about":[{"href":"https:\/\/toprisesafety.com\/de\/wp-json\/wp\/v2\/types\/product"}],"wp:featuredmedia":[{"embeddable":true,"href":"https:\/\/toprisesafety.com\/de\/wp-json\/wp\/v2\/media\/5908"}],"wp:attachment":[{"href":"https:\/\/toprisesafety.com\/de\/wp-json\/wp\/v2\/media?parent=5907"}],"wp:term":[{"taxonomy":"product_brand","embeddable":true,"href":"https:\/\/toprisesafety.com\/de\/wp-json\/wp\/v2\/product_brand?post=5907"},{"taxonomy":"product_cat","embeddable":true,"href":"https:\/\/toprisesafety.com\/de\/wp-json\/wp\/v2\/product_cat?post=5907"},{"taxonomy":"product_tag","embeddable":true,"href":"https:\/\/toprisesafety.com\/de\/wp-json\/wp\/v2\/product_tag?post=5907"}],"curies":[{"name":"wp","href":"https:\/\/api.w.org\/{rel}","templated":true}]}}