{"id":5905,"date":"2018-02-26T05:10:53","date_gmt":"2018-02-26T05:10:53","guid":{"rendered":"https:\/\/toprisesafety.com\/product\/cheap-reflective-running-vest\/"},"modified":"2025-05-06T07:45:11","modified_gmt":"2025-05-06T07:45:11","slug":"cheap-reflective-running-vest","status":"publish","type":"product","link":"https:\/\/toprisesafety.com\/de\/product\/cheap-reflective-running-vest\/","title":{"rendered":"G\u00fcnstige reflektierende Laufweste"},"content":{"rendered":"<p><strong><span style=\"font-size: 140%;\">Cheap reflective running\u00a0vest <\/span><\/strong><\/p>\n<ul>\n<li style=\"list-style-type: none;\">\n<ul>\n<li>Sicherheitsweste mit reflektierendem Band zum Schutz der Sicherheit von Bauarbeitern, Bergleuten, \u00d6l- und Gasarbeitern, Industriearbeitern, L\u00e4ufern, Fu\u00dfg\u00e4ngern, nicht motorisierten Fahrzeugen usw.<\/li>\n<\/ul>\n<\/li>\n<\/ul>\n<ul>\n<li style=\"list-style-type: none;\">\n<ul>\n<li>Personen, die eine Sicherheitsweste tragen, k\u00f6nnen leicht gefunden werden, da das Material der Weste fluoreszierend ist, und in der Nacht k\u00f6nnen Personen, die eine Sicherheitsweste tragen, leicht gesehen werden, da die Weste mit reflektierendem Band unter Licht hell reflektiert.<\/li>\n<\/ul>\n<\/li>\n<\/ul>\n<ul>\n<li style=\"list-style-type: none;\">\n<ul>\n<li>Geeignet f\u00fcr Tag und Nacht Sichtbarkeit gut zu sch\u00fctzen Menschen Sicherheit.<\/li>\n<\/ul>\n<\/li>\n<\/ul>\n<ul>\n<li style=\"list-style-type: none;\">\n<ul>\n<li>Das Hauptmaterial der Sicherheitsweste ist Strick- oder Netzstoff.<\/li>\n<\/ul>\n<\/li>\n<\/ul>\n<ul>\n<li style=\"list-style-type: none;\">\n<ul>\n<li>Haben hohe Sichtbarkeit reflektierende Band Klasse 2 Standard-Qualit\u00e4t und normale reflektierende Band und 3M hohe Qualit\u00e4t reflektierende Band usw.<\/li>\n<\/ul>\n<\/li>\n<\/ul>\n<ul>\n<li style=\"list-style-type: none;\">\n<ul>\n<li>Anwendungsbereich:<\/li>\n<\/ul>\n<\/li>\n<\/ul>\n<ul>\n<li style=\"list-style-type: none;\">\n<ul>\n<li>Motorradfahren<\/li>\n<\/ul>\n<\/li>\n<\/ul>\n<ul>\n<li style=\"list-style-type: none;\">\n<ul>\n<li>l\u00e4uft<\/li>\n<\/ul>\n<\/li>\n<\/ul>\n<ul>\n<li style=\"list-style-type: none;\">\n<ul>\n<li>Reiten<\/li>\n<\/ul>\n<\/li>\n<\/ul>\n<ul>\n<li style=\"list-style-type: none;\">\n<ul>\n<li>Reiten im Freien<\/li>\n<\/ul>\n<\/li>\n<\/ul>\n<ul>\n<li style=\"list-style-type: none;\">\n<ul>\n<li>Hundeausf\u00fchren<\/li>\n<\/ul>\n<\/li>\n<\/ul>\n<ul>\n<li style=\"list-style-type: none;\">\n<ul>\n<li>Konstruktion<\/li>\n<\/ul>\n<\/li>\n<\/ul>\n<ul>\n<li style=\"list-style-type: none;\">\n<ul>\n<li>Bergbau<\/li>\n<\/ul>\n<\/li>\n<\/ul>\n<ul>\n<li style=\"list-style-type: none;\">\n<ul>\n<li>Vermessungsingenieur<\/li>\n<\/ul>\n<\/li>\n<\/ul>\n<ul>\n<li style=\"list-style-type: none;\">\n<ul>\n<li>Verkehrspolizei<\/li>\n<\/ul>\n<\/li>\n<\/ul>\n<ul>\n<li style=\"list-style-type: none;\">\n<ul>\n<li>Sicherheit<\/li>\n<\/ul>\n<\/li>\n<\/ul>\n<ul>\n<li style=\"list-style-type: none;\">\n<ul>\n<li>Wald<\/li>\n<\/ul>\n<\/li>\n<\/ul>\n<ul>\n<li style=\"list-style-type: none;\">\n<ul>\n<li>railway<\/li>\n<\/ul>\n<\/li>\n<\/ul>\n<h2><strong>Cheap reflective running vest specification:<\/strong><\/h2>\n<table>\n<tbody>\n<tr>\n<td width=\"284\">Art Nr.<\/td>\n<td width=\"332\">SV04<\/td>\n<\/tr>\n<tr>\n<td width=\"284\">Material des Stoffes<\/td>\n<td width=\"332\">100%polyester knitting fluorescent fabric<\/td>\n<\/tr>\n<tr>\n<td width=\"284\">Reflektierendes Band<\/td>\n<td width=\"332\">Normale Sichtbarkeit, hohe Sichtbarkeit<\/td>\n<\/tr>\n<tr>\n<td width=\"284\">Reflektierendes Bandmaterial<\/td>\n<td width=\"332\">Silver T\/C tape, 2 CM &#8220;X&#8221; and back &#8220;-&#8221; normal reflective tape.<\/td>\n<\/tr>\n<tr>\n<td width=\"284\">Gewicht des Materials<\/td>\n<td width=\"332\">50 G\/ SQM<\/td>\n<\/tr>\n<tr>\n<td width=\"284\">Farbe<\/td>\n<td width=\"332\">Fluoreszierend gelb, fluoreszierend gr\u00fcn, orange-rot<\/td>\n<\/tr>\n<tr>\n<td width=\"284\">Fliege oben<\/td>\n<td width=\"332\">NO<\/td>\n<\/tr>\n<tr>\n<td width=\"284\">Qualit\u00e4tsstandard<\/td>\n<td width=\"332\">NO<\/td>\n<\/tr>\n<tr>\n<td width=\"284\">Logo<\/td>\n<td width=\"332\">Aufdruck von Kundenlogos oder Logo-Etiketten ist m\u00f6glich<\/td>\n<\/tr>\n<tr>\n<td width=\"284\">MOQ<\/td>\n<td width=\"332\">2000PCS<\/td>\n<\/tr>\n<tr>\n<td width=\"284\">Verpacken<\/td>\n<td width=\"332\">1PC\/OPP, 200PC\/CTN, special packing according customer\u2019s requirement<\/td>\n<\/tr>\n<\/tbody>\n<\/table>\n<p>TOPRISE unterst\u00fctzt verschiedene Arten der Anpassung von Sicherheitswesten; klicken Sie hier, um <a href=\"https:\/\/toprisesafety.com\/de\/product-category\/road-safety-products\/warning-wear\/warning-vest-sun-shade\/\">weitere Modelle von Sicherheitswesten ansehen.<\/a><\/p>\n<p>Wenn Sie die erforderlichen Sicherheitswesten nicht finden,<a href=\"https:\/\/toprisesafety.com\/de\/contact-us\/\"> kontaktieren Sie uns;<\/a> wir unterst\u00fctzen spezielle Anpassungen.<\/p>","protected":false},"excerpt":{"rendered":"<p>Art No.: SV04<\/p>\n<p>Material: 100%polyester<\/p>\n<p>Gr\u00f6\u00dfe: S-XXXL<\/p>\n<p>Farbe: Fluoreszierendes Gelb\/Gr\u00fcn\/Orange-Rot<\/p>\n<p>Logodruck: verf\u00fcgbar<\/p>\n<p>MOQ: 1000PCS<\/p>","protected":false},"featured_media":5906,"template":"","meta":{"_acf_changed":false},"product_brand":[],"product_cat":[325,341],"product_tag":[198,199],"class_list":{"0":"post-5905","1":"product","2":"type-product","3":"status-publish","4":"has-post-thumbnail","6":"product_cat-road-safety-products","7":"product_cat-warning-vest-sun-shade","8":"product_tag-cheap-reflective-running-vest","9":"product_tag-cheap-reflective-safety-vest","11":"first","12":"instock","13":"product-type-simple"},"acf":[],"_links":{"self":[{"href":"https:\/\/toprisesafety.com\/de\/wp-json\/wp\/v2\/product\/5905"}],"collection":[{"href":"https:\/\/toprisesafety.com\/de\/wp-json\/wp\/v2\/product"}],"about":[{"href":"https:\/\/toprisesafety.com\/de\/wp-json\/wp\/v2\/types\/product"}],"wp:featuredmedia":[{"embeddable":true,"href":"https:\/\/toprisesafety.com\/de\/wp-json\/wp\/v2\/media\/5906"}],"wp:attachment":[{"href":"https:\/\/toprisesafety.com\/de\/wp-json\/wp\/v2\/media?parent=5905"}],"wp:term":[{"taxonomy":"product_brand","embeddable":true,"href":"https:\/\/toprisesafety.com\/de\/wp-json\/wp\/v2\/product_brand?post=5905"},{"taxonomy":"product_cat","embeddable":true,"href":"https:\/\/toprisesafety.com\/de\/wp-json\/wp\/v2\/product_cat?post=5905"},{"taxonomy":"product_tag","embeddable":true,"href":"https:\/\/toprisesafety.com\/de\/wp-json\/wp\/v2\/product_tag?post=5905"}],"curies":[{"name":"wp","href":"https:\/\/api.w.org\/{rel}","templated":true}]}}