{"id":5901,"date":"2018-02-26T05:37:10","date_gmt":"2018-02-26T05:37:10","guid":{"rendered":"https:\/\/toprisesafety.com\/product\/led-police-warning-vest\/"},"modified":"2025-05-06T07:44:22","modified_gmt":"2025-05-06T07:44:22","slug":"led-police-warning-vest","status":"publish","type":"product","link":"https:\/\/toprisesafety.com\/de\/product\/led-police-warning-vest\/","title":{"rendered":"LED-Warnweste f\u00fcr die Polizei"},"content":{"rendered":"<p><strong><span style=\"font-size: 140%;\">LED-Warnweste f\u00fcr die Polizei <\/span><\/strong><\/p>\n<ul>\n<li style=\"list-style-type: none;\">\n<ul>\n<li>Sicherheitsweste, die reflektierende Band auf sie haben und es ist f\u00fcr den Schutz der Sicherheit f\u00fcr Bauarbeiter, Bergbauarbeiter, \u00d6l &amp; Gas Arbeiter, Industriearbeiter, L\u00e4ufer, Fu\u00dfg\u00e4nger, nicht-motorisierte Fahrzeuge usw. beabsichtigen. Personen, die eine Sicherheitsweste tragen, k\u00f6nnen leicht gefunden werden, da das Material der Weste fluoreszierend ist, und in der Nacht k\u00f6nnen Personen, die eine Sicherheitsweste tragen, leicht gesehen werden, da die Weste mit reflektierendem Band unter Licht hell leuchtet. So Sicherheitsweste ist geeignet f\u00fcr Tag und Nacht Sichtbarkeit zu gut sch\u00fctzen Menschen Sicherheit.<\/li>\n<\/ul>\n<\/li>\n<\/ul>\n<ul>\n<li style=\"list-style-type: none;\">\n<ul>\n<li>Sicherheitsweste Hauptmaterial ist Strickstoff oder Netzgewebe. Haben hohe Sichtbarkeit reflektierende Band Klasse 2 Standard-Qualit\u00e4t und normale reflektierende Band und 3M hohe Qualit\u00e4t reflektierende Band usw.<\/li>\n<\/ul>\n<\/li>\n<\/ul>\n<ul>\n<li style=\"list-style-type: none;\">\n<ul>\n<li>Anwendungsbereich: Motorradfahren, Laufen, Reiten, Reiten im Freien, Hundespazierg\u00e4nge, Bauwesen, Bergbau, Landvermesser, Verkehrspolizei, Sicherheit, Wald, Eisenbahn usw.<\/li>\n<\/ul>\n<\/li>\n<\/ul>\n<h2><strong>LED-Warnweste f\u00fcr die Polizei - Spezifikationen:<\/strong><\/h2>\n<table>\n<tbody>\n<tr>\n<td width=\"284\">Art Nr.<\/td>\n<td width=\"332\">SV06<\/td>\n<\/tr>\n<tr>\n<td width=\"284\">Material des Stoffes<\/td>\n<td width=\"332\">100%polyester, Netzgewebe<\/td>\n<\/tr>\n<tr>\n<td width=\"284\">Reflektierendes Band<\/td>\n<td width=\"332\">Hohe Sichtbarkeit<\/td>\n<\/tr>\n<tr>\n<td width=\"284\">Reflektierendes Bandmaterial<\/td>\n<td width=\"332\">PVC-Gitter<\/td>\n<\/tr>\n<tr>\n<td width=\"284\">Gewicht des Materials<\/td>\n<td width=\"332\">80G\/SQM<\/td>\n<\/tr>\n<tr>\n<td width=\"284\">Farbe<\/td>\n<td width=\"332\">Schwarz<\/td>\n<\/tr>\n<tr>\n<td width=\"284\">Fliege oben<\/td>\n<td width=\"332\">Klettverschluss<\/td>\n<\/tr>\n<tr>\n<td width=\"284\">LED<\/td>\n<td width=\"332\">16PCS<\/td>\n<\/tr>\n<tr>\n<td width=\"284\">Logo<\/td>\n<td width=\"332\">Logo-Halsetikett oder Druck ist verf\u00fcgbar<\/td>\n<\/tr>\n<tr>\n<td width=\"284\">MOQ<\/td>\n<td width=\"332\">1000 STCK.<\/td>\n<\/tr>\n<tr>\n<td width=\"284\">Verpacken<\/td>\n<td width=\"332\">1PC\/OPP, 100PC\/CTN, Sonderverpackung nach Kundenwunsch<\/td>\n<\/tr>\n<\/tbody>\n<\/table>\n<p>TOPRISE unterst\u00fctzt verschiedene Arten der Anpassung von Sicherheitswesten; klicken Sie hier, um <a href=\"https:\/\/toprisesafety.com\/de\/product-category\/road-safety-products\/warning-wear\/warning-vest-sun-shade\/\">weitere Modelle von Sicherheitswesten ansehen.<\/a><\/p>\n<p>Wenn Sie die erforderlichen Sicherheitswesten nicht finden,<a href=\"https:\/\/toprisesafety.com\/de\/contact-us\/\"> kontaktieren Sie uns;<\/a> wir unterst\u00fctzen spezielle Anpassungen.<\/p>","protected":false},"excerpt":{"rendered":"<p>Art.Nr.: SV06<\/p>\n<p>Material: 100%polyester<\/p>\n<p>Gr\u00f6\u00dfe: S-XXXL<\/p>\n<p>Farbe: Fluoreszierendes Gelb\/Gr\u00fcn\/Orange-Rot<\/p>\n<p>Logodruck: verf\u00fcgbar<\/p>\n<p>MOQ: 1000PCS<\/p>","protected":false},"featured_media":5902,"template":"","meta":{"_acf_changed":false},"product_brand":[],"product_cat":[325,341],"product_tag":[196],"class_list":{"0":"post-5901","1":"product","2":"type-product","3":"status-publish","4":"has-post-thumbnail","6":"product_cat-road-safety-products","7":"product_cat-warning-vest-sun-shade","8":"product_tag-led-police-warning-vest","10":"first","11":"instock","12":"product-type-simple"},"acf":[],"_links":{"self":[{"href":"https:\/\/toprisesafety.com\/de\/wp-json\/wp\/v2\/product\/5901"}],"collection":[{"href":"https:\/\/toprisesafety.com\/de\/wp-json\/wp\/v2\/product"}],"about":[{"href":"https:\/\/toprisesafety.com\/de\/wp-json\/wp\/v2\/types\/product"}],"wp:featuredmedia":[{"embeddable":true,"href":"https:\/\/toprisesafety.com\/de\/wp-json\/wp\/v2\/media\/5902"}],"wp:attachment":[{"href":"https:\/\/toprisesafety.com\/de\/wp-json\/wp\/v2\/media?parent=5901"}],"wp:term":[{"taxonomy":"product_brand","embeddable":true,"href":"https:\/\/toprisesafety.com\/de\/wp-json\/wp\/v2\/product_brand?post=5901"},{"taxonomy":"product_cat","embeddable":true,"href":"https:\/\/toprisesafety.com\/de\/wp-json\/wp\/v2\/product_cat?post=5901"},{"taxonomy":"product_tag","embeddable":true,"href":"https:\/\/toprisesafety.com\/de\/wp-json\/wp\/v2\/product_tag?post=5901"}],"curies":[{"name":"wp","href":"https:\/\/api.w.org\/{rel}","templated":true}]}}