{"id":5887,"date":"2018-02-26T06:36:47","date_gmt":"2018-02-26T06:36:47","guid":{"rendered":"https:\/\/toprisesafety.com\/product\/safety-t-shirt-reflective-shirt\/"},"modified":"2025-05-06T08:04:57","modified_gmt":"2025-05-06T08:04:57","slug":"safety-t-shirt-reflective-shirt","status":"publish","type":"product","link":"https:\/\/toprisesafety.com\/de\/product\/safety-t-shirt-reflective-shirt\/","title":{"rendered":"Sicherheits-T-Shirt reflektierendes Hemd"},"content":{"rendered":"<p><strong><span style=\"font-size: 140%;\">Sicherheits-T-Shirt reflektierendes Hemd <\/span><\/strong><\/p>\n<ul>\n<li style=\"list-style-type: none;\">\n<ul>\n<li>Reflektierende T-Shirt, die reflektierende Band auf sie haben, und es ist f\u00fcr den Schutz der Sicherheit f\u00fcr Bauarbeiter, Bergbauarbeiter, \u00d6l &amp; Gas Arbeiter, Industriearbeiter,, L\u00e4ufer, Fu\u00dfg\u00e4nger, nicht-motorisierte Fahrzeuge etc. Personen, die es tragen, k\u00f6nnen leicht gefunden werden, da das T-Shirt-Material fluoreszierend ist. Und in der Nacht k\u00f6nnen Personen, die ein reflektierendes T-Shirt tragen, leicht gesehen werden, da die Weste mit reflektierendem Band unter Licht hell leuchtet. So ist es geeignet f\u00fcr Tag und Nacht Sichtbarkeit gut zu sch\u00fctzen Menschen Sicherheit.<\/li>\n<\/ul>\n<\/li>\n<\/ul>\n<ul>\n<li style=\"list-style-type: none;\">\n<ul>\n<li>Das Hauptmaterial ist Strickstoff. Haben hohe Sichtbarkeit reflektierende Band und normale reflektierende Band und 3M hohe Qualit\u00e4t reflektierende Band etc.<\/li>\n<\/ul>\n<\/li>\n<\/ul>\n<ul>\n<li style=\"list-style-type: none;\">\n<ul>\n<li>Anwendungsbereich: Motorradfahren, Laufen, Reiten, Reiten im Freien, Hundespazierg\u00e4nge, Bauwesen, Bergbau, Landvermesser, Verkehrspolizei, Sicherheit, Wald, Eisenbahn usw.<\/li>\n<\/ul>\n<\/li>\n<\/ul>\n<h2><strong>Sicherheits-T-Shirt reflektierendes Shirt Spezifikation:<\/strong><\/h2>\n<table>\n<tbody>\n<tr>\n<td width=\"284\">Art Nr.<\/td>\n<td width=\"332\">RT03<\/td>\n<\/tr>\n<tr>\n<td width=\"284\">Material des Stoffes<\/td>\n<td width=\"332\">100%polyester,T\/C ,100umwolle<\/td>\n<\/tr>\n<tr>\n<td width=\"284\">Reflektierendes Band<\/td>\n<td width=\"332\">Normale Sichtbarkeit, hohe Sichtbarkeit<\/td>\n<\/tr>\n<tr>\n<td width=\"284\">Reflektierendes Bandmaterial<\/td>\n<td width=\"332\">Silbernes T\/C-Band oder 3M-Band<\/td>\n<\/tr>\n<tr>\n<td width=\"284\">Gewicht des Materials<\/td>\n<td width=\"332\">160G\/QM-240G\/QM<\/td>\n<\/tr>\n<tr>\n<td width=\"284\">Farbe<\/td>\n<td width=\"332\">Fluoreszierend gelb, fluoreszierend gr\u00fcn, orange-rot<\/td>\n<\/tr>\n<tr>\n<td width=\"284\">Nacken<\/td>\n<td width=\"332\">Rundhalsausschnitt<\/td>\n<\/tr>\n<tr>\n<td width=\"284\">Logo<\/td>\n<td width=\"332\">Kundenlogo-Druck, Stickerei oder Logo-Etikett ist verf\u00fcgbar<\/td>\n<\/tr>\n<tr>\n<td width=\"284\">MOQ<\/td>\n<td width=\"332\">1000 STCK.<\/td>\n<\/tr>\n<tr>\n<td width=\"284\">Verpacken<\/td>\n<td width=\"332\">1PC\/OPP, 50PC\/CTN, Sonderverpackung nach Kundenwunsch<\/td>\n<\/tr>\n<\/tbody>\n<\/table>\n<p>TOPRISE unterst\u00fctzt verschiedene Arten von Sicherheitsjacken, reflektierenden T-Shirts und Sicherheitskapuzenpullis; klicken Sie hier, um <a href=\"https:\/\/toprisesafety.com\/de\/product-category\/road-safety-products\/warning-wear\/warning-jacket-t-shirt-hoodie\/\">weitere Modelle von Sicherheits-Arbeitskleidung ansehen.<\/a><\/p>\n<p>Wenn Sie die von Ihnen ben\u00f6tigte Sicherheitskleidung wie Sicherheitswesten, reflektierende T-Shirts, Sicherheitskapuzenpullover usw. nicht finden, <a href=\"https:\/\/toprisesafety.com\/de\/contact-us\/\">kontaktieren Sie uns;<\/a> wir unterst\u00fctzen spezielle Anpassungen.<\/p>","protected":false},"excerpt":{"rendered":"<p>Art.Nr.: RT03<\/p>\n<p>Material: 100%polyester, T\/C, 100umwolle<\/p>\n<p>Gr\u00f6\u00dfe: S-XXXL<\/p>\n<p>Farbe: Fluoreszierendes Gelb\/Gr\u00fcn\/Orange-Rot<\/p>\n<p>Logodruck: verf\u00fcgbar<\/p>\n<p>MOQ: 1000PCS<\/p>","protected":false},"featured_media":5888,"template":"","meta":{"_acf_changed":false},"product_brand":[],"product_cat":[325,339,338],"product_tag":[188],"class_list":{"0":"post-5887","1":"product","2":"type-product","3":"status-publish","4":"has-post-thumbnail","6":"product_cat-road-safety-products","7":"product_cat-warning-jacket-t-shirt-hoodie","8":"product_cat-warning-wear","9":"product_tag-safety-t-shirt-reflective-shirt","11":"first","12":"instock","13":"product-type-simple"},"acf":[],"_links":{"self":[{"href":"https:\/\/toprisesafety.com\/de\/wp-json\/wp\/v2\/product\/5887"}],"collection":[{"href":"https:\/\/toprisesafety.com\/de\/wp-json\/wp\/v2\/product"}],"about":[{"href":"https:\/\/toprisesafety.com\/de\/wp-json\/wp\/v2\/types\/product"}],"wp:featuredmedia":[{"embeddable":true,"href":"https:\/\/toprisesafety.com\/de\/wp-json\/wp\/v2\/media\/5888"}],"wp:attachment":[{"href":"https:\/\/toprisesafety.com\/de\/wp-json\/wp\/v2\/media?parent=5887"}],"wp:term":[{"taxonomy":"product_brand","embeddable":true,"href":"https:\/\/toprisesafety.com\/de\/wp-json\/wp\/v2\/product_brand?post=5887"},{"taxonomy":"product_cat","embeddable":true,"href":"https:\/\/toprisesafety.com\/de\/wp-json\/wp\/v2\/product_cat?post=5887"},{"taxonomy":"product_tag","embeddable":true,"href":"https:\/\/toprisesafety.com\/de\/wp-json\/wp\/v2\/product_tag?post=5887"}],"curies":[{"name":"wp","href":"https:\/\/api.w.org\/{rel}","templated":true}]}}