{"id":5877,"date":"2018-02-26T07:50:06","date_gmt":"2018-02-26T07:50:06","guid":{"rendered":"https:\/\/toprisesafety.com\/product\/barricade-lamp-warning-light-china-manufacturer-popular-model\/"},"modified":"2025-05-12T03:11:02","modified_gmt":"2025-05-12T03:11:02","slug":"barricade-lamp-warning-light-china-manufacturer-popular-model","status":"publish","type":"product","link":"https:\/\/toprisesafety.com\/de\/product\/barricade-lamp-warning-light-china-manufacturer-popular-model\/","title":{"rendered":"Warnlicht der Absperrungsleuchte"},"content":{"rendered":"<p data-section-blank=\"AliPostDhMb-va55q\"><span style=\"font-size: 140%;\"><strong>Warnlicht der Absperrungsleuchte\u00a0<\/strong><\/span><\/p>\n<ul>\n<li style=\"list-style-type: none;\">\n<ul>\n<li data-spm-anchor-id=\"a2700.details.pronpeci14.i0.542c14dfQkSbXz\">Blinkende Verkehrsabsperrungslampen, die mit <a data-log-q=\"photosensor\" data-log-le=\"auto\">Fotosensor\u00a0<\/a>um das Licht einzuschalten, wenn es dunkel wird. Diese Barrikadenleuchten sind mit LED-Birnen erh\u00e4ltlich.<\/li>\n<\/ul>\n<\/li>\n<\/ul>\n<ul>\n<li style=\"list-style-type: none;\">\n<ul>\n<li data-spm-anchor-id=\"a2700.details.pronpeci14.i1.355140edZSoxmt\">Wird h\u00e4ufig verwendet, um die Aufmerksamkeit der Autofahrer auf Stra\u00dfenbau- und Reparaturarbeiten, Stra\u00dfensperrungen, Umleitungen und \u00c4hnliches zu lenken. Solche Abblendlichtleuchten k\u00f6nnen auf Barrikaden, Absperrungen, Kegeln, F\u00e4ssern, Masten und dergleichen angebracht werden.<\/li>\n<\/ul>\n<\/li>\n<\/ul>\n<ul>\n<li style=\"list-style-type: none;\">\n<ul>\n<li>Sie bestehen in der Regel aus einem Sockel, der so gro\u00df ist, dass er Batterien aufnehmen kann, einer Abdeckung oben auf dem Sockel, die verschiedene elektrische Komponenten enth\u00e4lt, und einer Lichtquelle, die oben auf der Abdeckung in einer Streulinse montiert ist, um den Strahl der Lichtquelle zu verbreitern.<\/li>\n<\/ul>\n<\/li>\n<\/ul>\n<ul>\n<li style=\"list-style-type: none;\">\n<ul>\n<li>Automatisch reflektiertes Licht bei Nacht<\/li>\n<\/ul>\n<\/li>\n<\/ul>\n<ul>\n<li style=\"list-style-type: none;\">\n<ul>\n<li>Verwenden Sie das Material der pp mit hoher Anti-Kollisions-Widerstand, es ist langlebig und hohe Lebensdauer der Batterie<\/li>\n<\/ul>\n<\/li>\n<\/ul>\n<ul>\n<li style=\"list-style-type: none;\">\n<ul>\n<li data-spm-anchor-id=\"a2700.details.pronpeci14.i0.2ff22282p9ZhMX\">Wasserdichtes Design, kann auch bei Regen funktionieren<\/li>\n<\/ul>\n<\/li>\n<\/ul>\n<h2 data-spm-anchor-id=\"a2700.details.pronpeci14.i0.355140edZSoxmt\"><strong>Spezifikation der Warnleuchte f\u00fcr die Absperrung:<\/strong><\/h2>\n<table>\n<tbody>\n<tr>\n<td width=\"284\">Art Nr.<\/td>\n<td width=\"284\">WL01<\/td>\n<\/tr>\n<tr>\n<td width=\"284\">Lichtquelle<\/td>\n<td width=\"284\">Superhelle LED<\/td>\n<\/tr>\n<tr>\n<td width=\"284\">Blitzfrequenz<\/td>\n<td width=\"284\">65\/min<\/td>\n<\/tr>\n<tr>\n<td width=\"284\">Fehlerh\u00e4ufigkeit<\/td>\n<td width=\"284\">+5%<\/td>\n<\/tr>\n<tr>\n<td width=\"284\">Helle Farbe<\/td>\n<td width=\"284\">Rot oder Gelb<\/td>\n<\/tr>\n<tr>\n<td width=\"284\">Spannung<\/td>\n<td width=\"284\">6V(4R 25) f\u00fcr 350-450 Stunden<\/td>\n<\/tr>\n<tr>\n<td width=\"284\">Strom<\/td>\n<td width=\"284\">&lt;0.05W<\/td>\n<\/tr>\n<tr>\n<td width=\"284\">Sichtbare Entfernung<\/td>\n<td width=\"284\">250-300M<\/td>\n<\/tr>\n<tr>\n<td width=\"284\">Modell<\/td>\n<td width=\"284\">Blitzlicht, Dauerlicht, aus<\/td>\n<\/tr>\n<\/tbody>\n<\/table>\n<p>TOPRISE unterst\u00fctzt verschiedene Arten der Anpassung von Warnlampen; klicken Sie hier, um <a href=\"https:\/\/toprisesafety.com\/de\/product-category\/road-safety-products\/warning-lamp\/\">weitere Modelle von Warnleuchten ansehen.<\/a><\/p>\n<p>Wenn Sie die gew\u00fcnschte Warnleuchte nicht finden,<a href=\"https:\/\/toprisesafety.com\/de\/contact-us\/\"> kontaktieren Sie uns;<\/a> wir unterst\u00fctzen spezielle Anpassungen.<\/p>","protected":false},"excerpt":{"rendered":"<p>Art-Nr.: WL01<\/p>\n<p>Farbe: Rot oder gelb<\/p>\n<p>Batterie: Zwei (ohne, m\u00fcssen extra kaufen)<\/p>\n<p>MOQ: 500PCS<\/p>","protected":false},"featured_media":5878,"template":"","meta":{"_acf_changed":false},"product_brand":[],"product_cat":[325,337],"product_tag":[180,181],"class_list":{"0":"post-5877","1":"product","2":"type-product","3":"status-publish","4":"has-post-thumbnail","6":"product_cat-road-safety-products","7":"product_cat-warning-lamp","8":"product_tag-barricade-lamp","9":"product_tag-warning-light","11":"first","12":"instock","13":"product-type-simple"},"acf":[],"_links":{"self":[{"href":"https:\/\/toprisesafety.com\/de\/wp-json\/wp\/v2\/product\/5877","targetHints":{"allow":["GET"]}}],"collection":[{"href":"https:\/\/toprisesafety.com\/de\/wp-json\/wp\/v2\/product"}],"about":[{"href":"https:\/\/toprisesafety.com\/de\/wp-json\/wp\/v2\/types\/product"}],"wp:featuredmedia":[{"embeddable":true,"href":"https:\/\/toprisesafety.com\/de\/wp-json\/wp\/v2\/media\/5878"}],"wp:attachment":[{"href":"https:\/\/toprisesafety.com\/de\/wp-json\/wp\/v2\/media?parent=5877"}],"wp:term":[{"taxonomy":"product_brand","embeddable":true,"href":"https:\/\/toprisesafety.com\/de\/wp-json\/wp\/v2\/product_brand?post=5877"},{"taxonomy":"product_cat","embeddable":true,"href":"https:\/\/toprisesafety.com\/de\/wp-json\/wp\/v2\/product_cat?post=5877"},{"taxonomy":"product_tag","embeddable":true,"href":"https:\/\/toprisesafety.com\/de\/wp-json\/wp\/v2\/product_tag?post=5877"}],"curies":[{"name":"wp","href":"https:\/\/api.w.org\/{rel}","templated":true}]}}