{"id":5870,"date":"2018-02-26T08:27:49","date_gmt":"2018-02-26T08:27:49","guid":{"rendered":"https:\/\/toprisesafety.com\/product\/solar-barricade-lamps\/"},"modified":"2025-05-12T03:10:10","modified_gmt":"2025-05-12T03:10:10","slug":"solar-barricade-lamps","status":"publish","type":"product","link":"https:\/\/toprisesafety.com\/de\/product\/solar-barricade-lamps\/","title":{"rendered":"Solar Barrikade Lampen Warnlampen"},"content":{"rendered":"<p><strong><span style=\"font-size: 140%;\">Solar Barrikade Lampen Warnlampen<\/span><\/strong><\/p>\n<ul>\n<li style=\"list-style-type: none;\">\n<ul>\n<li data-spm-anchor-id=\"a2700.details.pronpeci14.i0.542c14dfQkSbXz\">Blinkende Verkehrsabsperrungslampen, die mit\u00a0<a data-log-q=\"photosensor\" data-log-le=\"auto\">Fotosensor\u00a0<\/a>um das Licht einzuschalten, wenn es dunkel wird. Diese Barrikadenleuchten sind mit LED-Birnen erh\u00e4ltlich.<\/li>\n<\/ul>\n<\/li>\n<\/ul>\n<ul>\n<li style=\"list-style-type: none;\">\n<ul>\n<li data-spm-anchor-id=\"a2700.details.pronpeci14.i1.355140edZSoxmt\">Wird h\u00e4ufig verwendet, um die Aufmerksamkeit der Autofahrer auf Stra\u00dfenbau- und Reparaturarbeiten, Stra\u00dfensperrungen, Umleitungen und \u00c4hnliches zu lenken. Solche abnehmenden Lichter k\u00f6nnen auf Barrikaden, Absperrungen, Kegeln, F\u00e4ssern, Masten und dergleichen angebracht werden.<\/li>\n<\/ul>\n<\/li>\n<\/ul>\n<ul>\n<li style=\"list-style-type: none;\">\n<ul>\n<li>Sie bestehen in der Regel aus einem Sockel, der so gro\u00df ist, dass er Batterien aufnehmen kann, einer Abdeckung oben auf dem Sockel, die verschiedene elektrische Komponenten enth\u00e4lt, und einer Lichtquelle, die oben auf der Abdeckung in einer Streulinse montiert ist, um den Strahl der Lichtquelle zu verbreitern.<\/li>\n<\/ul>\n<\/li>\n<\/ul>\n<ul>\n<li style=\"list-style-type: none;\">\n<ul>\n<li>Automatisch reflektiertes Licht bei Nacht<\/li>\n<\/ul>\n<\/li>\n<\/ul>\n<ul>\n<li style=\"list-style-type: none;\">\n<ul>\n<li>Verwenden Sie das Material der pp mit hoher Anti-Kollisions-Widerstand, es ist langlebig und hohe Lebensdauer der Batterie<\/li>\n<\/ul>\n<\/li>\n<\/ul>\n<ul>\n<li style=\"list-style-type: none;\">\n<ul>\n<li data-spm-anchor-id=\"a2700.details.pronpeci14.i0.2ff22282p9ZhMX\">Wasserdichtes Design, kann auch bei Regen funktionieren<\/li>\n<\/ul>\n<\/li>\n<\/ul>\n<h2><strong>Solar Barrikadenlampen Warnlampen Spezifikation:<\/strong><\/h2>\n<table>\n<tbody>\n<tr>\n<td width=\"284\">Art Nr.<\/td>\n<td width=\"284\">WL03<\/td>\n<\/tr>\n<tr>\n<td width=\"284\">Material<\/td>\n<td width=\"284\">7\"-Objektiv und PP-Geh\u00e4use<\/td>\n<\/tr>\n<tr>\n<td width=\"284\">Lichtquelle<\/td>\n<td width=\"284\">2 superhelle LED<\/td>\n<\/tr>\n<tr>\n<td width=\"284\">Blitzfrequenz<\/td>\n<td width=\"284\">65+\/-10\/min<\/td>\n<\/tr>\n<tr>\n<td width=\"284\">Helle Farbe<\/td>\n<td width=\"284\">Rot oder Gelb<\/td>\n<\/tr>\n<tr>\n<td width=\"284\">Sonnenkollektor<\/td>\n<td width=\"284\">Hochwertige Silikon-Solarzelle<\/td>\n<\/tr>\n<tr>\n<td width=\"284\">Strom<\/td>\n<td width=\"284\">0,4 W wiederaufladbare 3,2 V AA Mn-Fe-Batterie<\/td>\n<\/tr>\n<tr>\n<td width=\"284\">Funktion<\/td>\n<td width=\"284\">Blinken und schlie\u00dfen und auch lange hell und blinken w\u00e4hlen<\/td>\n<\/tr>\n<tr>\n<td width=\"284\">Halterung aus Metall<\/td>\n<td width=\"284\">Ja<\/td>\n<\/tr>\n<\/tbody>\n<\/table>\n<p><img fetchpriority=\"high\" decoding=\"async\" class=\"alignnone size-full wp-image-977\" src=\"https:\/\/toprisesafety.com\/wp-content\/uploads\/2024\/08\/solar-warning-lamp_\u526f\u672c.jpg\" alt=\"\" width=\"500\" height=\"500\" \/><\/p>\n<p><img decoding=\"async\" class=\"alignnone size-full wp-image-975\" src=\"https:\/\/toprisesafety.com\/wp-content\/uploads\/2024\/08\/how-to-use.jpg\" alt=\"\" width=\"500\" height=\"400\" \/><\/p>\n<p><img decoding=\"async\" class=\"alignnone size-full wp-image-976\" src=\"https:\/\/toprisesafety.com\/wp-content\/uploads\/2024\/08\/application-of-warning-lights.jpg\" alt=\"\" width=\"500\" height=\"600\" \/><\/p>\n<p>TOPRISE unterst\u00fctzt verschiedene Arten der Anpassung von Warnlampen; klicken Sie hier, um <a href=\"https:\/\/toprisesafety.com\/de\/product-category\/road-safety-products\/warning-lamp\/\">weitere Modelle von Warnleuchten ansehen.<\/a><\/p>\n<p>Wenn Sie die gew\u00fcnschte Warnleuchte nicht finden,<a href=\"https:\/\/toprisesafety.com\/de\/contact-us\/\"> kontaktieren Sie uns;<\/a> wir unterst\u00fctzen spezielle Anpassungen.<\/p>","protected":false},"excerpt":{"rendered":"<p>Art-Nr.: WL03<\/p>\n<p>Farbe: Rot oder gelb oder blau<\/p>\n<p>Leistung: 0,4 W wiederaufladbare 3,2 V AA Mn-Fe-Batterie<\/p>\n<p>Metallhalterung: Ja<\/p>\n<p>MOQ: 500PCS<\/p>","protected":false},"featured_media":5874,"template":"","meta":{"_acf_changed":false},"product_brand":[],"product_cat":[325,337],"product_tag":[178],"class_list":{"0":"post-5870","1":"product","2":"type-product","3":"status-publish","4":"has-post-thumbnail","6":"product_cat-road-safety-products","7":"product_cat-warning-lamp","8":"product_tag-solar-barricade-lamps-road-block-lamps","10":"first","11":"instock","12":"product-type-simple"},"acf":[],"_links":{"self":[{"href":"https:\/\/toprisesafety.com\/de\/wp-json\/wp\/v2\/product\/5870"}],"collection":[{"href":"https:\/\/toprisesafety.com\/de\/wp-json\/wp\/v2\/product"}],"about":[{"href":"https:\/\/toprisesafety.com\/de\/wp-json\/wp\/v2\/types\/product"}],"wp:featuredmedia":[{"embeddable":true,"href":"https:\/\/toprisesafety.com\/de\/wp-json\/wp\/v2\/media\/5874"}],"wp:attachment":[{"href":"https:\/\/toprisesafety.com\/de\/wp-json\/wp\/v2\/media?parent=5870"}],"wp:term":[{"taxonomy":"product_brand","embeddable":true,"href":"https:\/\/toprisesafety.com\/de\/wp-json\/wp\/v2\/product_brand?post=5870"},{"taxonomy":"product_cat","embeddable":true,"href":"https:\/\/toprisesafety.com\/de\/wp-json\/wp\/v2\/product_cat?post=5870"},{"taxonomy":"product_tag","embeddable":true,"href":"https:\/\/toprisesafety.com\/de\/wp-json\/wp\/v2\/product_tag?post=5870"}],"curies":[{"name":"wp","href":"https:\/\/api.w.org\/{rel}","templated":true}]}}