{"id":5865,"date":"2018-02-26T09:18:57","date_gmt":"2018-02-26T09:18:57","guid":{"rendered":"https:\/\/toprisesafety.com\/product\/pe-traffic-cone\/"},"modified":"2024-11-11T07:54:41","modified_gmt":"2024-11-11T07:54:41","slug":"pe-traffic-cone","status":"publish","type":"product","link":"https:\/\/toprisesafety.com\/de\/product\/pe-traffic-cone\/","title":{"rendered":"PE-Verkehrsleitkegel"},"content":{"rendered":"<p><strong>PE-Verkehrsleitkegel<\/strong><br \/>\nVerkehrsleitkegel werden als Stra\u00dfensperren und zur Kennzeichnung von Sperrgebieten verwendet<br \/>\nF\u00fcr Gefahrenbereiche, Stra\u00dfenbauarbeiten, Baustellen, Parkpl\u00e4tze und allgemeine Bereiche, die kontrolliert werden m\u00fcssen<br \/>\n<strong>Merkmale:<\/strong><\/p>\n<ul>\n<li style=\"list-style-type: none;\">\n<ul>\n<li>Gemischt mit hochwertigen Pigmenten und Anti-UV-Additiven.<\/li>\n<\/ul>\n<\/li>\n<\/ul>\n<ul>\n<li style=\"list-style-type: none;\">\n<ul>\n<li>Es ist sonnenbest\u00e4ndig, wasserdicht, hitzebest\u00e4ndig, k\u00e4ltebest\u00e4ndig, nicht umrandet, farbecht und so weiter.<\/li>\n<\/ul>\n<\/li>\n<\/ul>\n<ul>\n<li style=\"list-style-type: none;\">\n<ul>\n<li>Die rote Farbe des Kegels und der wei\u00dfe reflektierende \u00c4rmel sind sehr auff\u00e4llig.<\/li>\n<\/ul>\n<\/li>\n<\/ul>\n<ul>\n<li style=\"list-style-type: none;\">\n<ul>\n<li>In der Nacht kann es blendendes Licht reflektieren und dem Fahrer klare Sicht verschaffen.<\/li>\n<\/ul>\n<\/li>\n<\/ul>\n<ul>\n<li style=\"list-style-type: none;\">\n<ul>\n<li>Er wird bei der \u00dcberquerung von Stra\u00dfen, der Instandhaltung von Autobahnen, Hotels, Wohnvierteln, Gefahrenzonen, Baustellen usw. eingesetzt.<\/li>\n<\/ul>\n<\/li>\n<\/ul>\n<h2><strong>Spezifikationen f\u00fcr PE-Verkehrsleitkegel:<\/strong><\/h2>\n<table>\n<tbody>\n<tr>\n<td width=\"142\">Art Nr.<\/td>\n<td width=\"142\">TC01-50<\/td>\n<td width=\"142\">TC01-75<\/td>\n<td width=\"142\">TC01-100<\/td>\n<\/tr>\n<tr>\n<td width=\"142\">H\u00f6he<\/td>\n<td width=\"142\">50CM<\/td>\n<td width=\"142\">75CM<\/td>\n<td width=\"142\">100CM<\/td>\n<\/tr>\n<tr>\n<td width=\"142\">Gr\u00f6\u00dfe der Basis<\/td>\n<td width=\"142\">30*30CM<\/td>\n<td width=\"142\">38*38CM<\/td>\n<td width=\"142\">49*49CM<\/td>\n<\/tr>\n<tr>\n<td width=\"142\">Gewicht<\/td>\n<td width=\"142\">1.5KGS<\/td>\n<td width=\"142\">2.5KGS<\/td>\n<td width=\"142\">5KGS<\/td>\n<\/tr>\n<tr>\n<td width=\"142\">Gr\u00f6\u00dfe des Reflexionsbandes<\/td>\n<td width=\"142\">11CM eine Stange<\/td>\n<td width=\"142\">22CM eine Stange<\/td>\n<td width=\"142\">32CM eine Stange<\/td>\n<\/tr>\n<tr>\n<td width=\"142\">Verpacken<\/td>\n<td width=\"142\">20PCS\/KNIT BAG<\/td>\n<td width=\"142\">10PCS\/KNIT BAG<\/td>\n<td width=\"142\">5PCS\/KNIT BAG<\/td>\n<\/tr>\n<\/tbody>\n<\/table>","protected":false},"excerpt":{"rendered":"<p>Art.Nr.: TC01-50\/75\/100<\/p>\n<p>Gr\u00f6\u00dfe: 50CM\/75CM\/100CM<\/p>\n<p>Farbe: Oberteil rot, Unterteil schwarz<\/p>\n<p>MOQ:500PCS<\/p>","protected":false},"featured_media":5866,"template":"","meta":{"_acf_changed":false},"product_brand":[],"product_cat":[325],"product_tag":[175],"class_list":{"0":"post-5865","1":"product","2":"type-product","3":"status-publish","4":"has-post-thumbnail","6":"product_cat-road-safety-products","7":"product_tag-pe-traffic-cone","9":"first","10":"instock","11":"product-type-simple"},"acf":[],"_links":{"self":[{"href":"https:\/\/toprisesafety.com\/de\/wp-json\/wp\/v2\/product\/5865"}],"collection":[{"href":"https:\/\/toprisesafety.com\/de\/wp-json\/wp\/v2\/product"}],"about":[{"href":"https:\/\/toprisesafety.com\/de\/wp-json\/wp\/v2\/types\/product"}],"wp:featuredmedia":[{"embeddable":true,"href":"https:\/\/toprisesafety.com\/de\/wp-json\/wp\/v2\/media\/5866"}],"wp:attachment":[{"href":"https:\/\/toprisesafety.com\/de\/wp-json\/wp\/v2\/media?parent=5865"}],"wp:term":[{"taxonomy":"product_brand","embeddable":true,"href":"https:\/\/toprisesafety.com\/de\/wp-json\/wp\/v2\/product_brand?post=5865"},{"taxonomy":"product_cat","embeddable":true,"href":"https:\/\/toprisesafety.com\/de\/wp-json\/wp\/v2\/product_cat?post=5865"},{"taxonomy":"product_tag","embeddable":true,"href":"https:\/\/toprisesafety.com\/de\/wp-json\/wp\/v2\/product_tag?post=5865"}],"curies":[{"name":"wp","href":"https:\/\/api.w.org\/{rel}","templated":true}]}}