{"id":5863,"date":"2018-02-26T09:31:20","date_gmt":"2018-02-26T09:31:20","guid":{"rendered":"https:\/\/toprisesafety.com\/product\/pvc-traffic-cones\/"},"modified":"2024-11-11T07:54:29","modified_gmt":"2024-11-11T07:54:29","slug":"pvc-traffic-cones","status":"publish","type":"product","link":"https:\/\/toprisesafety.com\/de\/product\/pvc-traffic-cones\/","title":{"rendered":"Roter PVC-Verkehrskegel"},"content":{"rendered":"<p><strong>Roter PVC-Verkehrskegel<\/strong><\/p>\n<p>Der rote PVC-Verkehrskegel kann um 180 Grad gedreht und gedr\u00fcckt werden. Er kann sich auch wieder aufrichten, wenn seine Oberseite den Boden ber\u00fchrt, mit hoher Flexibilit\u00e4t gegen das \u00dcberfahren und den Aufprall von Autos. Aufgrund seiner guten Wetterbest\u00e4ndigkeit verformt er sich nicht bei hohen Temperaturen von 65\u00b0C und bricht nicht bei niedrigen Temperaturen von -30\u00b0C. Hochreflektierend, gute Warnwirkung bei Tag und Nacht, Anti-UV, alterungsbest\u00e4ndig und langlebig. Dieser Verkehrskegel hat ein breites K\u00f6rperprofil f\u00fcr Stabilit\u00e4t. Drive f\u00fcr die Stra\u00dfe trennt die Rolle der Warnung; Gekoppelt mit der Rolle des Gitters besser.<\/p>\n<p><strong>Merkmale:\u00a0<\/strong><\/p>\n<ul>\n<li style=\"list-style-type: none;\">\n<ul>\n<li>Hergestellt aus hochwertigem PVC-Material<\/li>\n<\/ul>\n<\/li>\n<\/ul>\n<ul>\n<li style=\"list-style-type: none;\">\n<ul>\n<li>Es ist sonnenbest\u00e4ndig, wasserdicht, hitzebest\u00e4ndig, k\u00e4ltebest\u00e4ndig, nicht umrandet, farbecht und so weiter.<\/li>\n<\/ul>\n<\/li>\n<\/ul>\n<ul>\n<li style=\"list-style-type: none;\">\n<ul>\n<li>Die rote Farbe des Kegels und der wei\u00dfe reflektierende \u00c4rmel sind sehr auff\u00e4llig.<\/li>\n<\/ul>\n<\/li>\n<\/ul>\n<ul>\n<li style=\"list-style-type: none;\">\n<ul>\n<li>In der Nacht kann es blendendes Licht reflektieren und dem Fahrer klare Sicht verschaffen.<\/li>\n<\/ul>\n<\/li>\n<\/ul>\n<ul>\n<li style=\"list-style-type: none;\">\n<ul>\n<li>Er wird bei der \u00dcberquerung von Stra\u00dfen, der Instandhaltung von Autobahnen, Hotels, Wohnvierteln, Gefahrenzonen, Baustellen usw. eingesetzt.<\/li>\n<\/ul>\n<\/li>\n<\/ul>\n<h2><strong>Spezifikation der roten PVC-Verkehrsleitung:\u00a0<\/strong><\/h2>\n<table>\n<tbody>\n<tr>\n<td width=\"94\">Art Nr.<\/td>\n<td width=\"94\">TC02-30<\/td>\n<td width=\"94\">TC02-45<\/td>\n<td width=\"94\">TC02-70<\/td>\n<td width=\"94\">TC02-90<\/td>\n<td width=\"94\">TC02-90<\/td>\n<\/tr>\n<tr>\n<td width=\"94\">H\u00f6he<\/td>\n<td width=\"94\">30CM<\/td>\n<td width=\"94\">45CM<\/td>\n<td width=\"94\">70CM<\/td>\n<td width=\"94\">90CM<\/td>\n<td width=\"94\">90CM<\/td>\n<\/tr>\n<tr>\n<td width=\"94\">Gr\u00f6\u00dfe der Basis<\/td>\n<td width=\"94\">21*21CM<\/td>\n<td width=\"94\">28*28CM<\/td>\n<td width=\"94\">35*35CM<\/td>\n<td width=\"94\">36*36CM<\/td>\n<td width=\"94\">36*36CM<\/td>\n<\/tr>\n<tr>\n<td width=\"94\">Gewicht<\/td>\n<td width=\"94\">0.6KGS<\/td>\n<td width=\"94\">1.1KGS<\/td>\n<td width=\"94\">2.3KGS<\/td>\n<td width=\"94\">3.4KGS<\/td>\n<td width=\"94\">4.3KGS<\/td>\n<\/tr>\n<tr>\n<td width=\"94\">Gr\u00f6\u00dfe des Reflexionsbandes<\/td>\n<td width=\"94\">10CM eine Stange<\/td>\n<td width=\"94\">15CM eine Stange<\/td>\n<td width=\"94\">10+15CM Stange<\/td>\n<td width=\"94\">10+15CM Stange<\/td>\n<td width=\"94\">10+15CM Stange<\/td>\n<\/tr>\n<tr>\n<td width=\"94\">Verpacken<\/td>\n<td width=\"94\">20PCS\/KNIT BAG<\/td>\n<td width=\"94\">20PCS\/KNIT BAG<\/td>\n<td width=\"94\">10PCS\/KNIT BAG<\/td>\n<td width=\"94\">5PCS\/KNIT BAG<\/td>\n<td width=\"94\">5PCS\/KNIT BAG<\/td>\n<\/tr>\n<\/tbody>\n<\/table>","protected":false},"excerpt":{"rendered":"<p>Art.-Nr.: TC02-30\/45\/70\/90<\/p>\n<p>Gr\u00f6\u00dfe: 30CM\/45CM\/70CM\/90CM<\/p>\n<p>Farbe: Rot<\/p>\n<p>MOQ:500PCS<\/p>","protected":false},"featured_media":5864,"template":"","meta":{"_acf_changed":false},"product_brand":[],"product_cat":[325],"product_tag":[174],"class_list":{"0":"post-5863","1":"product","2":"type-product","3":"status-publish","4":"has-post-thumbnail","6":"product_cat-road-safety-products","7":"product_tag-red-pvc-traffic-cone","9":"first","10":"instock","11":"product-type-simple"},"acf":[],"_links":{"self":[{"href":"https:\/\/toprisesafety.com\/de\/wp-json\/wp\/v2\/product\/5863","targetHints":{"allow":["GET"]}}],"collection":[{"href":"https:\/\/toprisesafety.com\/de\/wp-json\/wp\/v2\/product"}],"about":[{"href":"https:\/\/toprisesafety.com\/de\/wp-json\/wp\/v2\/types\/product"}],"wp:featuredmedia":[{"embeddable":true,"href":"https:\/\/toprisesafety.com\/de\/wp-json\/wp\/v2\/media\/5864"}],"wp:attachment":[{"href":"https:\/\/toprisesafety.com\/de\/wp-json\/wp\/v2\/media?parent=5863"}],"wp:term":[{"taxonomy":"product_brand","embeddable":true,"href":"https:\/\/toprisesafety.com\/de\/wp-json\/wp\/v2\/product_brand?post=5863"},{"taxonomy":"product_cat","embeddable":true,"href":"https:\/\/toprisesafety.com\/de\/wp-json\/wp\/v2\/product_cat?post=5863"},{"taxonomy":"product_tag","embeddable":true,"href":"https:\/\/toprisesafety.com\/de\/wp-json\/wp\/v2\/product_tag?post=5863"}],"curies":[{"name":"wp","href":"https:\/\/api.w.org\/{rel}","templated":true}]}}