{"id":5857,"date":"2018-02-28T02:50:56","date_gmt":"2018-02-28T02:50:56","guid":{"rendered":"https:\/\/toprisesafety.com\/product\/caution-tape-barrier-warning-tape\/"},"modified":"2024-11-11T07:53:58","modified_gmt":"2024-11-11T07:53:58","slug":"caution-tape-barrier-warning-tape","status":"publish","type":"product","link":"https:\/\/toprisesafety.com\/de\/product\/caution-tape-barrier-warning-tape\/","title":{"rendered":"Warnband Absperrung Warnband"},"content":{"rendered":"<p><strong>Warnband Absperrung Warnband <\/strong><\/p>\n<ul>\n<li style=\"list-style-type: none;\">\n<ul>\n<li>Safety First : Spielt eine zentrale Rolle in den Sicherheitsbereichen<\/li>\n<\/ul>\n<\/li>\n<\/ul>\n<ul>\n<li style=\"list-style-type: none;\">\n<ul>\n<li>Gut sichtbar beim Betreten eines Gefahrenbereichs.<\/li>\n<\/ul>\n<\/li>\n<\/ul>\n<ul>\n<li style=\"list-style-type: none;\">\n<ul>\n<li>Rei\u00dffest und einfach zu verwenden: aus Polyethylen, das sehr widerstandsf\u00e4hig ist, ideal f\u00fcr gef\u00e4hrliche Bereiche.<\/li>\n<\/ul>\n<\/li>\n<\/ul>\n<ul>\n<li style=\"list-style-type: none;\">\n<ul>\n<li data-spm-anchor-id=\"a2700.details.pronpeci14.i0.41a8396ajqw88n\">Anwendung: Sicherheitswarnungen, Verkehrswarnungen, Stra\u00dfenschilder, Bauleitplanken, Tatortabsperrung, Notfallisolierung und Quarant\u00e4ne f\u00fcr andere besondere Anl\u00e4sse, usw.<\/li>\n<\/ul>\n<\/li>\n<\/ul>\n<ul>\n<li style=\"list-style-type: none;\">\n<ul>\n<li data-spm-anchor-id=\"a2700.details.pronpeci14.i0.41a8396ajqw88n\">Weit verbreitet in der \u00d6l-\/Gasindustrie, Telekommunikation, Petrochemie, Wasser- und Abwasserindustrie und bei der Installation von nichtmetallischen Rohrleitungen. Es ist so konzipiert, dass es zum Zeitpunkt der Installation der Versorgungsleitung \u00fcber der Versorgungsleitung vergraben wird.<\/li>\n<\/ul>\n<\/li>\n<\/ul>\n<ul>\n<li style=\"list-style-type: none;\">\n<ul>\n<li data-spm-anchor-id=\"a2700.details.pronpeci14.i0.41a8396ajqw88n\">Widerstandsf\u00e4hig gegen Feuchtigkeit, N\u00e4sse, Korrosion und Temperaturschwankungen<\/li>\n<\/ul>\n<\/li>\n<\/ul>\n<h2>Spezifikation des Warnbandes f\u00fcr die Barriere:<\/h2>\n<table>\n<tbody>\n<tr>\n<td width=\"284\">Art Nr.<\/td>\n<td width=\"284\">WT02<\/td>\n<\/tr>\n<tr>\n<td width=\"284\">Material<\/td>\n<td width=\"284\">LDPE<\/td>\n<\/tr>\n<tr>\n<td width=\"284\">Dicke<\/td>\n<td width=\"284\">30micron-150micron( 0.03mm-0.15mm) oder kundenspezifisch<\/td>\n<\/tr>\n<tr>\n<td width=\"284\">L\u00e4nge<\/td>\n<td width=\"284\">100M-600M oder kundenspezifisch<\/td>\n<\/tr>\n<tr>\n<td width=\"284\">Farbe<\/td>\n<td width=\"284\">Gelb oder rot mit schwarzem Aufdruck oder individuell<\/td>\n<\/tr>\n<tr>\n<td width=\"284\">Logo-Druck<\/td>\n<td width=\"284\">Verf\u00fcgbar<\/td>\n<\/tr>\n<\/tbody>\n<\/table>","protected":false},"excerpt":{"rendered":"<p>Art.Nr.: WT02<\/p>\n<p>Dicke: 30micron-150micron( 0.03mm-0.15mm) oder kundenspezifisch<\/p>\n<p>L\u00e4nge: 100-600 m oder kundenspezifisch<\/p>\n<p>ST\u00dcCKZAHL: 500-1000 ROLLEN<\/p>","protected":false},"featured_media":5858,"template":"","meta":{"_acf_changed":false},"product_brand":[],"product_cat":[336,325],"product_tag":[170],"class_list":{"0":"post-5857","1":"product","2":"type-product","3":"status-publish","4":"has-post-thumbnail","6":"product_cat-pe-warning-tape-detectable-underground-warning-tape","7":"product_cat-road-safety-products","8":"product_tag-caution-tape-barrier-warning-tape","10":"first","11":"instock","12":"product-type-simple"},"acf":[],"_links":{"self":[{"href":"https:\/\/toprisesafety.com\/de\/wp-json\/wp\/v2\/product\/5857"}],"collection":[{"href":"https:\/\/toprisesafety.com\/de\/wp-json\/wp\/v2\/product"}],"about":[{"href":"https:\/\/toprisesafety.com\/de\/wp-json\/wp\/v2\/types\/product"}],"wp:featuredmedia":[{"embeddable":true,"href":"https:\/\/toprisesafety.com\/de\/wp-json\/wp\/v2\/media\/5858"}],"wp:attachment":[{"href":"https:\/\/toprisesafety.com\/de\/wp-json\/wp\/v2\/media?parent=5857"}],"wp:term":[{"taxonomy":"product_brand","embeddable":true,"href":"https:\/\/toprisesafety.com\/de\/wp-json\/wp\/v2\/product_brand?post=5857"},{"taxonomy":"product_cat","embeddable":true,"href":"https:\/\/toprisesafety.com\/de\/wp-json\/wp\/v2\/product_cat?post=5857"},{"taxonomy":"product_tag","embeddable":true,"href":"https:\/\/toprisesafety.com\/de\/wp-json\/wp\/v2\/product_tag?post=5857"}],"curies":[{"name":"wp","href":"https:\/\/api.w.org\/{rel}","templated":true}]}}