{"id":5848,"date":"2018-02-28T04:26:35","date_gmt":"2018-02-28T04:26:35","guid":{"rendered":"https:\/\/toprisesafety.com\/product\/work-coverall\/"},"modified":"2025-03-24T08:10:36","modified_gmt":"2025-03-24T08:10:36","slug":"work-coverall","status":"publish","type":"product","link":"https:\/\/toprisesafety.com\/de\/product\/work-coverall\/","title":{"rendered":"Arbeitsoverall"},"content":{"rendered":"<p><strong>Arbeitsoverall<\/strong><\/p>\n<ul>\n<li style=\"list-style-type: none;\">\n<ul>\n<li>Arbeitsoveralls, die bei einer Vielzahl von Arbeiten verwendet werden, sind aus hochleistungsf\u00e4higen Sicherheitsmaterialien mit modernster Technologie hergestellt. Sie sind angenehm zu tragen und sch\u00fctzen Sie zuverl\u00e4ssig vor gef\u00e4hrlichen Industriearbeiten.<\/li>\n<\/ul>\n<\/li>\n<\/ul>\n<ul>\n<li style=\"list-style-type: none;\">\n<ul>\n<li>F\u00fcgen Sie ein reflektierendes Band mit hoher Sichtbarkeit nach Wunsch des Kunden hinzu.<\/li>\n<\/ul>\n<\/li>\n<\/ul>\n<ul>\n<li style=\"list-style-type: none;\">\n<ul>\n<li>Wir k\u00f6nnen es nach dem eigenen Entwurf des Kunden anfertigen.<\/li>\n<\/ul>\n<\/li>\n<\/ul>\n<ul>\n<li style=\"list-style-type: none;\">\n<ul>\n<li>Unterschiedliches Material, Kundengr\u00f6\u00dfe, Kundenlogo, unterschiedliche Farbe, Kundendesign, waschbar.<\/li>\n<\/ul>\n<\/li>\n<\/ul>\n<ul>\n<li style=\"list-style-type: none;\">\n<ul>\n<li>Anderes feuerfestes Material, antistatisches Material usw. k\u00f6nnen wir entsprechend der Kundenanforderung verwenden.<\/li>\n<\/ul>\n<\/li>\n<\/ul>\n<ul>\n<li style=\"list-style-type: none;\">\n<ul>\n<li>Taschen-Design. Elastische Taille.Kugelschreiber Tasche Design.<\/li>\n<\/ul>\n<\/li>\n<\/ul>\n<ul>\n<li style=\"list-style-type: none;\">\n<ul>\n<li>Hochwertiges Material mit Farbverschl\u00fcssen. Vorgeschrumpft werden kann.<\/li>\n<\/ul>\n<\/li>\n<\/ul>\n<h2><strong>Spezifikation des Arbeitsoveralls:\u00a0<\/strong><\/h2>\n<table>\n<tbody>\n<tr>\n<td width=\"284\">Art Nr.<\/td>\n<td width=\"284\">WC01<\/td>\n<\/tr>\n<tr>\n<td width=\"284\">Material<\/td>\n<td width=\"284\">100umwolle, T\/C 65\/35, T\/C 80\/20, 100%Polyester<\/td>\n<\/tr>\n<tr>\n<td width=\"284\">Gewicht<\/td>\n<td width=\"284\">160\/180\/230G\/SQM oder kundenspezifisch<\/td>\n<\/tr>\n<tr>\n<td width=\"284\">Farbe<\/td>\n<td width=\"284\">Orange, gr\u00fcn, blau, marineblau usw.<\/td>\n<\/tr>\n<tr>\n<td width=\"284\">Gr\u00f6\u00dfe<\/td>\n<td width=\"284\">S-XXXL<\/td>\n<\/tr>\n<tr>\n<td width=\"284\">Logo<\/td>\n<td width=\"284\">Druck oder Stickerei<\/td>\n<\/tr>\n<\/tbody>\n<\/table>\n<p>TOPRISE unterst\u00fctzt verschiedene Arten der individuellen Gestaltung von Arbeitskleidung; klicken Sie hier, um<a href=\"https:\/\/toprisesafety.com\/de\/product-category\/personal-protective-equipment\/work-wear\/\"> weitere Modelle von Arbeitskleidung sehen.<\/a><\/p>\n<p>NINGBO TOPRISE unterst\u00fctzt die individuelle Anpassung von verschiedenen Stoffen und Stilen. Es unterst\u00fctzt auch die Anpassung von Kleinserien, um die Bed\u00fcrfnisse der verschiedenen Kunden zu erf\u00fcllen.\u00a0<a href=\"https:\/\/toprisesafety.com\/de\/contact-us\/\">Bitte kontaktieren Sie uns f\u00fcr eine individuelle Anpassung<\/a>.<\/p>\n<p>&nbsp;<\/p>","protected":false},"excerpt":{"rendered":"<p>Art.-Nr. WC01<\/p>\n<p>Material: 100%Cotton, T\/C 80\/20, T\/C 65\/35, 100%Polyester<\/p>\n<p>Gewicht: 160\/180\/230G\/SQM oder kundenspezifisch<\/p>\n<p>Farbe: Orange, gr\u00fcn, marineblau usw.<\/p>\n<p>Gr\u00f6\u00dfe: S-XXXL<\/p>","protected":false},"featured_media":5846,"template":"","meta":{"_acf_changed":false},"product_brand":[],"product_cat":[330],"product_tag":[161],"class_list":{"0":"post-5848","1":"product","2":"type-product","3":"status-publish","4":"has-post-thumbnail","6":"product_cat-work-wear","7":"product_tag-work-coverall","9":"first","10":"instock","11":"product-type-simple"},"acf":[],"_links":{"self":[{"href":"https:\/\/toprisesafety.com\/de\/wp-json\/wp\/v2\/product\/5848"}],"collection":[{"href":"https:\/\/toprisesafety.com\/de\/wp-json\/wp\/v2\/product"}],"about":[{"href":"https:\/\/toprisesafety.com\/de\/wp-json\/wp\/v2\/types\/product"}],"wp:featuredmedia":[{"embeddable":true,"href":"https:\/\/toprisesafety.com\/de\/wp-json\/wp\/v2\/media\/5846"}],"wp:attachment":[{"href":"https:\/\/toprisesafety.com\/de\/wp-json\/wp\/v2\/media?parent=5848"}],"wp:term":[{"taxonomy":"product_brand","embeddable":true,"href":"https:\/\/toprisesafety.com\/de\/wp-json\/wp\/v2\/product_brand?post=5848"},{"taxonomy":"product_cat","embeddable":true,"href":"https:\/\/toprisesafety.com\/de\/wp-json\/wp\/v2\/product_cat?post=5848"},{"taxonomy":"product_tag","embeddable":true,"href":"https:\/\/toprisesafety.com\/de\/wp-json\/wp\/v2\/product_tag?post=5848"}],"curies":[{"name":"wp","href":"https:\/\/api.w.org\/{rel}","templated":true}]}}