{"id":5845,"date":"2018-02-28T04:30:47","date_gmt":"2018-02-28T04:30:47","guid":{"rendered":"https:\/\/toprisesafety.com\/product\/work-uniform-work-suit\/"},"modified":"2025-03-24T08:10:10","modified_gmt":"2025-03-24T08:10:10","slug":"work-uniform-work-suit","status":"publish","type":"product","link":"https:\/\/toprisesafety.com\/de\/product\/work-uniform-work-suit\/","title":{"rendered":"Arbeitsuniform Arbeitsanzug"},"content":{"rendered":"<p><strong>Arbeitsuniform Arbeitsanzug <\/strong><\/p>\n<ul>\n<li style=\"list-style-type: none;\">\n<ul>\n<li>Die Arbeitskleidung, die bei einer Vielzahl von Arbeiten verwendet wird, ist aus hochleistungsf\u00e4higem Sicherheitsmaterial mit der fortschrittlichsten Technologie hergestellt. Sie sind angenehm zu tragen und sch\u00fctzen Sie zuverl\u00e4ssig vor gef\u00e4hrlichen Arbeitsbedingungen.<\/li>\n<\/ul>\n<\/li>\n<\/ul>\n<ul>\n<li style=\"list-style-type: none;\">\n<ul>\n<li>F\u00fcgen Sie ein reflektierendes Band mit hoher Sichtbarkeit nach Wunsch des Kunden hinzu.<\/li>\n<\/ul>\n<\/li>\n<\/ul>\n<ul>\n<li style=\"list-style-type: none;\">\n<ul>\n<li>Wir k\u00f6nnen es nach dem eigenen Entwurf des Kunden anfertigen.<\/li>\n<\/ul>\n<\/li>\n<\/ul>\n<ul>\n<li style=\"list-style-type: none;\">\n<ul>\n<li>Unterschiedliches Material, Kundengr\u00f6\u00dfe, Kundenlogo, unterschiedliche Farbe, Kundendesign, waschbar.<\/li>\n<\/ul>\n<\/li>\n<\/ul>\n<h2>Arbeitsuniform Arbeitsanzug Spezifikation:<\/h2>\n<table>\n<tbody>\n<tr>\n<td width=\"284\">Art Nr.<\/td>\n<td width=\"284\">WS02<\/td>\n<\/tr>\n<tr>\n<td width=\"284\">Material<\/td>\n<td width=\"284\">100umwolle, T\/C 65\/35, T\/C 80\/20, 100%Polyester<\/td>\n<\/tr>\n<tr>\n<td width=\"284\">Gewicht<\/td>\n<td width=\"284\">160\/180\/230G\/SQM oder kundenspezifisch<\/td>\n<\/tr>\n<tr>\n<td width=\"284\">Farbe<\/td>\n<td width=\"284\">Orange, gr\u00fcn, blau, marineblau usw.<\/td>\n<\/tr>\n<tr>\n<td width=\"284\">Gr\u00f6\u00dfe<\/td>\n<td width=\"284\">S-XXXL<\/td>\n<\/tr>\n<tr>\n<td width=\"284\">Logo<\/td>\n<td width=\"284\">Druck oder Stickerei<\/td>\n<\/tr>\n<\/tbody>\n<\/table>\n<p>TOPRISE unterst\u00fctzt verschiedene Arten der individuellen Gestaltung von Arbeitskleidung; klicken Sie hier, um<a href=\"https:\/\/toprisesafety.com\/de\/product-category\/personal-protective-equipment\/work-wear\/\"> weitere Modelle von Arbeitskleidung sehen.<\/a><\/p>\n<p>NINGBO TOPRISE unterst\u00fctzt die individuelle Anpassung von verschiedenen Stoffen und Stilen. Es unterst\u00fctzt auch die Anpassung von Kleinserien, um die Bed\u00fcrfnisse der verschiedenen Kunden zu erf\u00fcllen.\u00a0<a href=\"https:\/\/toprisesafety.com\/de\/contact-us\/\">Bitte kontaktieren Sie uns f\u00fcr eine individuelle Anpassung<\/a>.<\/p>\n<p><img fetchpriority=\"high\" decoding=\"async\" class=\"size-full wp-image-1010\" src=\"https:\/\/toprisesafety.com\/wp-content\/uploads\/2024\/08\/WC01-work-coverall.jpg\" alt=\"work coverall\" width=\"1000\" height=\"1000\" \/><\/p>","protected":false},"excerpt":{"rendered":"<p>Art.-Nr. WS02<\/p>\n<p>Material: 100%Cotton, T\/C 80\/20, T\/C 65\/35, 100%Polyester<\/p>\n<p>Gewicht: 160\/180\/230G\/SQM oder kundenspezifisch<\/p>\n<p>Farbe: Orange, gr\u00fcn, marineblau usw.<\/p>\n<p>Gr\u00f6\u00dfe: S-XXXL<\/p>","protected":false},"featured_media":5847,"template":"","meta":{"_acf_changed":false},"product_brand":[],"product_cat":[330],"product_tag":[159],"class_list":{"0":"post-5845","1":"product","2":"type-product","3":"status-publish","4":"has-post-thumbnail","6":"product_cat-work-wear","7":"product_tag-work-suit","9":"first","10":"instock","11":"product-type-simple"},"acf":[],"_links":{"self":[{"href":"https:\/\/toprisesafety.com\/de\/wp-json\/wp\/v2\/product\/5845"}],"collection":[{"href":"https:\/\/toprisesafety.com\/de\/wp-json\/wp\/v2\/product"}],"about":[{"href":"https:\/\/toprisesafety.com\/de\/wp-json\/wp\/v2\/types\/product"}],"wp:featuredmedia":[{"embeddable":true,"href":"https:\/\/toprisesafety.com\/de\/wp-json\/wp\/v2\/media\/5847"}],"wp:attachment":[{"href":"https:\/\/toprisesafety.com\/de\/wp-json\/wp\/v2\/media?parent=5845"}],"wp:term":[{"taxonomy":"product_brand","embeddable":true,"href":"https:\/\/toprisesafety.com\/de\/wp-json\/wp\/v2\/product_brand?post=5845"},{"taxonomy":"product_cat","embeddable":true,"href":"https:\/\/toprisesafety.com\/de\/wp-json\/wp\/v2\/product_cat?post=5845"},{"taxonomy":"product_tag","embeddable":true,"href":"https:\/\/toprisesafety.com\/de\/wp-json\/wp\/v2\/product_tag?post=5845"}],"curies":[{"name":"wp","href":"https:\/\/api.w.org\/{rel}","templated":true}]}}