{"id":5832,"date":"2018-02-28T10:01:34","date_gmt":"2018-02-28T10:01:34","guid":{"rendered":"https:\/\/toprisesafety.com\/product\/back-support-belt\/"},"modified":"2025-04-14T06:35:59","modified_gmt":"2025-04-14T06:35:59","slug":"back-support-belt","status":"publish","type":"product","link":"https:\/\/toprisesafety.com\/de\/product\/back-support-belt\/","title":{"rendered":"R\u00fcckenst\u00fctzg\u00fcrtel"},"content":{"rendered":"<p><strong>R\u00fcckenst\u00fctzg\u00fcrtel<\/strong><\/p>\n<ul>\n<li style=\"list-style-type: none;\">\n<ul>\n<li><span data-spm-anchor-id=\"a2700.details.pronpeci14.i1.6d4a2325ESIc0m\">Hohe Elastizit\u00e4t, besser zu unterst\u00fctzen Taille und sch\u00fctzen die wichtigsten Teil Ihrer Taille.<\/span><\/li>\n<\/ul>\n<\/li>\n<\/ul>\n<ul>\n<li style=\"list-style-type: none;\">\n<ul>\n<li>Richtige K\u00f6rperhaltung: Halten Sie Ihre Wirbels\u00e4ule stets aufrecht und gerade.<\/li>\n<\/ul>\n<\/li>\n<\/ul>\n<ul>\n<li style=\"list-style-type: none;\">\n<ul>\n<li>L\u00f6sen Sie die R\u00fcckenschmerzen, halten Sie die nat\u00fcrliche Linie der Lendenwirbel.<\/li>\n<\/ul>\n<\/li>\n<\/ul>\n<ul>\n<li style=\"list-style-type: none;\">\n<ul>\n<li><span data-spm-anchor-id=\"a2700.details.pronpeci14.i0.6d4a2325ESIc0m\">Bietet W\u00e4rme, Unterst\u00fctzung und Kompression f\u00fcr den unteren R\u00fccken und verbessert die Flexibilit\u00e4t.<\/span><\/li>\n<\/ul>\n<\/li>\n<\/ul>\n<ul>\n<li style=\"list-style-type: none;\">\n<ul>\n<li>Bequeme Linderung von Schmerzen im unteren R\u00fcckenbereich<\/li>\n<\/ul>\n<\/li>\n<\/ul>\n<ul>\n<li style=\"list-style-type: none;\">\n<ul>\n<li><span data-spm-anchor-id=\"a2700.details.pronpeci14.i0.5a21f461KRmQxt\">Der Copper Back Belt ist ein leistungsf\u00e4higer Kompressionsg\u00fcrtel, der R\u00fcckenschmerzen, Steifheit und Zw\u00e4nge lindert und Sie im Alltag unterst\u00fctzt.<\/span><\/li>\n<\/ul>\n<\/li>\n<\/ul>\n<ul>\n<li style=\"list-style-type: none;\">\n<ul>\n<li><span data-spm-anchor-id=\"a2700.details.pronpeci14.i1.5a21f461KRmQxt\">Er wird um die Taille getragen. Dieser G\u00fcrtel komprimiert Ihre Muskeln, damit Sie sich wohler f\u00fchlen und um weitere Verletzungen zu vermeiden.<\/span><\/li>\n<\/ul>\n<\/li>\n<\/ul>\n<ul>\n<li style=\"list-style-type: none;\">\n<ul>\n<li>R\u00fcckenst\u00fctze mit PP-Stangenst\u00fctze.<\/li>\n<\/ul>\n<\/li>\n<\/ul>\n<ul>\n<li style=\"list-style-type: none;\">\n<ul>\n<li>Unterst\u00fctzt und hilft, den R\u00fccken zu st\u00e4rken und die Haltung zu korrigieren<\/li>\n<\/ul>\n<\/li>\n<\/ul>\n<ul>\n<li style=\"list-style-type: none;\">\n<ul>\n<li>Geeignet zum Tragen bei der Genesung von Verletzungen<\/li>\n<\/ul>\n<\/li>\n<\/ul>\n<ul>\n<li style=\"list-style-type: none;\">\n<ul>\n<li>Kann entsprechend angezogen und gelockert werden<\/li>\n<\/ul>\n<\/li>\n<\/ul>\n<ul>\n<li style=\"list-style-type: none;\">\n<ul>\n<li>Vermeidung von Verletzungen beim Heben<\/li>\n<\/ul>\n<\/li>\n<\/ul>\n<ul>\n<li style=\"list-style-type: none;\">\n<ul>\n<li>Gebrauch: F\u00fcr Profi-Basketballer, Bauarbeiter, G\u00e4rtner, Handwerker usw.<\/li>\n<\/ul>\n<\/li>\n<\/ul>\n<h2><strong>Spezifikation des R\u00fcckenst\u00fctzgurts:\u00a0<\/strong><\/h2>\n<table>\n<tbody>\n<tr>\n<td width=\"284\">ART NO.<\/td>\n<td width=\"284\">BS01<\/td>\n<\/tr>\n<tr>\n<td width=\"284\">Material<\/td>\n<td width=\"284\">Elastisch, Schnalle, Haken und Schlaufe<\/td>\n<\/tr>\n<tr>\n<td width=\"284\">Farbe<\/td>\n<td width=\"284\">Schwarz<\/td>\n<\/tr>\n<tr>\n<td width=\"284\">Gr\u00f6\u00dfe<\/td>\n<td width=\"284\">S:28-32\u201d;M:32-38\u201d;L:38-46\u201d;XL:46-56\u201d; XXL:56-62\u201d;XXXL:62-68\u201d<\/td>\n<\/tr>\n<tr>\n<td width=\"284\">Kundenlogo<\/td>\n<td width=\"284\">Verf\u00fcgbar<\/td>\n<\/tr>\n<tr>\n<td width=\"284\">Verpacken<\/td>\n<td width=\"284\">Farbige Schachtel, Blister, Kopfkarte usw.<\/td>\n<\/tr>\n<\/tbody>\n<\/table>\n<p>TOPRISE unterst\u00fctzt verschiedene Arten der Anpassung von R\u00fcckenst\u00fctzgurten f\u00fcr die Arbeit; klicken Sie hier, um <a href=\"https:\/\/toprisesafety.com\/de\/product-category\/personal-protective-equipment\/back-support-belt\/\">weitere Modelle von R\u00fcckenst\u00fctzg\u00fcrteln f\u00fcr die Arbeit sehen.<\/a><\/p>\n<p>Wenn Sie Ihren gew\u00fcnschten R\u00fcckenst\u00fctzg\u00fcrtel nicht finden, <a href=\"https:\/\/toprisesafety.com\/de\/contact-us\/\">Kontaktieren Sie uns<\/a>; wir unterst\u00fctzen spezielle Anpassungen.<\/p>","protected":false},"excerpt":{"rendered":"<p>Art-Nr.: BS01<\/p>\n<p>Material: elastisch, Schnalle, Klettverschluss<\/p>\n<p>Farbe: Schwarz<\/p>\n<p>Gr\u00f6\u00dfe: S-XXXL<\/p>\n<p>MOQ: 1008PCS<\/p>","protected":false},"featured_media":5833,"template":"","meta":{"_acf_changed":false},"product_brand":[],"product_cat":[328],"product_tag":[146],"class_list":{"0":"post-5832","1":"product","2":"type-product","3":"status-publish","4":"has-post-thumbnail","6":"product_cat-back-support-belt","7":"product_tag-back-support-belt","9":"first","10":"instock","11":"product-type-simple"},"acf":[],"_links":{"self":[{"href":"https:\/\/toprisesafety.com\/de\/wp-json\/wp\/v2\/product\/5832"}],"collection":[{"href":"https:\/\/toprisesafety.com\/de\/wp-json\/wp\/v2\/product"}],"about":[{"href":"https:\/\/toprisesafety.com\/de\/wp-json\/wp\/v2\/types\/product"}],"wp:featuredmedia":[{"embeddable":true,"href":"https:\/\/toprisesafety.com\/de\/wp-json\/wp\/v2\/media\/5833"}],"wp:attachment":[{"href":"https:\/\/toprisesafety.com\/de\/wp-json\/wp\/v2\/media?parent=5832"}],"wp:term":[{"taxonomy":"product_brand","embeddable":true,"href":"https:\/\/toprisesafety.com\/de\/wp-json\/wp\/v2\/product_brand?post=5832"},{"taxonomy":"product_cat","embeddable":true,"href":"https:\/\/toprisesafety.com\/de\/wp-json\/wp\/v2\/product_cat?post=5832"},{"taxonomy":"product_tag","embeddable":true,"href":"https:\/\/toprisesafety.com\/de\/wp-json\/wp\/v2\/product_tag?post=5832"}],"curies":[{"name":"wp","href":"https:\/\/api.w.org\/{rel}","templated":true}]}}