{"id":5811,"date":"2018-02-28T12:31:38","date_gmt":"2018-02-28T12:31:38","guid":{"rendered":"https:\/\/toprisesafety.com\/product\/energy-absorbed-double-hook-safety-rope\/"},"modified":"2025-04-15T06:09:24","modified_gmt":"2025-04-15T06:09:24","slug":"energy-absorbed-double-hook-safety-rope","status":"publish","type":"product","link":"https:\/\/toprisesafety.com\/de\/product\/energy-absorbed-double-hook-safety-rope\/","title":{"rendered":"Energieabsorbierendes Doppelhaken-Sicherheitsseil"},"content":{"rendered":"<p><strong>Energieabsorbierendes Doppelhaken-Sicherheitsseil <\/strong><\/p>\n<ul>\n<li style=\"list-style-type: none;\">\n<ul>\n<li>Die Serie der Ganzk\u00f6rpergurte besteht aus Polyester- oder PP-Gurtb\u00e4ndern, die vern\u00e4ht und mit Metallschnallen verbunden sind. Diese Konfiguration garantiert volle Sicherheit und Komfort Arbeit<\/li>\n<\/ul>\n<\/li>\n<\/ul>\n<ul>\n<li style=\"list-style-type: none;\">\n<ul>\n<li>Legierter Stahl, verchromter Metallbeschlag<\/li>\n<\/ul>\n<\/li>\n<\/ul>\n<ul>\n<li style=\"list-style-type: none;\">\n<ul>\n<li>Weit verbreitet f\u00fcr Absturzsicherung, Rettung, Arbeitspositionierung, seilunterst\u00fctzte Arbeiten, Arbeiten in der Luft, Bauschutz usw.<\/li>\n<\/ul>\n<\/li>\n<\/ul>\n<ul>\n<li style=\"list-style-type: none;\">\n<ul>\n<li><span data-spm-anchor-id=\"a2700.details.pronpeci14.i1.880c15bbTJGkIC\">Erschwinglich und einfach zu bedienen.<\/span><\/li>\n<\/ul>\n<\/li>\n<\/ul>\n<p><strong>Verwenden Sie das Sicherheitsgeschirr richtig, um sich zu sch\u00fctzen:<\/strong><\/p>\n<ul>\n<li style=\"list-style-type: none;\">\n<ul>\n<li>Alle Gurte sind richtig eingestellt (weder zu locker noch zu fest).<\/li>\n<\/ul>\n<\/li>\n<\/ul>\n<ul>\n<li style=\"list-style-type: none;\">\n<ul>\n<li>Die R\u00fcckenbefestigungsschnalle ist auf H\u00f6he der Schulterbl\u00e4tter richtig positioniert.<\/li>\n<\/ul>\n<\/li>\n<\/ul>\n<ul>\n<li style=\"list-style-type: none;\">\n<ul>\n<li>Der vordere Brustgurt ist korrekt in der Mitte der Brust positioniert.<\/li>\n<\/ul>\n<\/li>\n<\/ul>\n<ul>\n<li style=\"list-style-type: none;\">\n<ul>\n<li data-spm-anchor-id=\"a2700.details.pronpeci14.i3.27ca6304wHDyks\">Die Enden aller Gurte m\u00fcssen durch Kunststoffschlaufen gehalten werden.<\/li>\n<\/ul>\n<\/li>\n<\/ul>\n<h2><strong>Energy absorbed double hook safety rope specifications:<\/strong><\/h2>\n<table>\n<tbody>\n<tr>\n<td width=\"284\">Art NO.<\/td>\n<td width=\"284\">SR05<\/td>\n<\/tr>\n<tr>\n<td width=\"284\">Material<\/td>\n<td width=\"284\">Polyester<\/td>\n<\/tr>\n<tr>\n<td width=\"284\">Breite des Sicherheitsseilgurtes<\/td>\n<td width=\"284\">45 mm<\/td>\n<\/tr>\n<tr>\n<td width=\"284\">L\u00e4nge des Sicherheitsseils<\/td>\n<td width=\"284\">150mm<\/td>\n<\/tr>\n<tr>\n<td width=\"284\">Integrierte energieabsorbierende Tasche<\/td>\n<td width=\"284\">Ja<\/td>\n<\/tr>\n<tr>\n<td width=\"284\">Farbe<\/td>\n<td width=\"284\">Wei\u00df<\/td>\n<\/tr>\n<tr>\n<td width=\"284\">Struktur<\/td>\n<td width=\"284\">*2 Forged snap hooks, large size\u00a0 \u00a0 \u00a0 \u00a0 \u00a0 \u00a0 \u00a0 \u00a0 \u00a0 \u00a0*Single Safety carabiner\u00a0 \u00a0 \u00a0 \u00a0 \u00a0 \u00a0 \u00a0 \u00a0 \u00a0 \u00a0 \u00a0 \u00a0 \u00a0 \u00a0 \u00a0 \u00a0 \u00a0*Metallic fittings: alloy steel ,chrome plated<\/td>\n<\/tr>\n<tr>\n<td width=\"284\">Verpacken<\/td>\n<td width=\"284\">Farbkasten<\/td>\n<\/tr>\n<\/tbody>\n<\/table>\n<p>TOPRISE unterst\u00fctzt verschiedene Arten der Anpassung von Sicherheitsgurten; klicken Sie zum <a href=\"https:\/\/toprisesafety.com\/de\/product-category\/personal-protective-equipment\/safety-harness\/\">weitere Modelle von Sicherheitsgeschirren ansehen.<\/a><\/p>\n<p>Wenn Sie die ben\u00f6tigten Sicherheitsgurte nicht finden, <a href=\"https:\/\/toprisesafety.com\/de\/contact-us\/\">Kontaktieren Sie uns<\/a>; wir unterst\u00fctzen spezielle Anpassungen.<\/p>","protected":false},"excerpt":{"rendered":"<p>Art No.: SR05<\/p>\n<p>Color:Orange<\/p>\n<p>MOQ: 500PCS<\/p>","protected":false},"featured_media":5812,"template":"","meta":{"_acf_changed":false},"product_brand":[],"product_cat":[320,327],"product_tag":[135],"class_list":{"0":"post-5811","1":"product","2":"type-product","3":"status-publish","4":"has-post-thumbnail","6":"product_cat-personal-protective-equipment","7":"product_cat-safety-harness","8":"product_tag-energy-absorbed-double-hook-safety-rope","10":"first","11":"instock","12":"product-type-simple"},"acf":[],"_links":{"self":[{"href":"https:\/\/toprisesafety.com\/de\/wp-json\/wp\/v2\/product\/5811"}],"collection":[{"href":"https:\/\/toprisesafety.com\/de\/wp-json\/wp\/v2\/product"}],"about":[{"href":"https:\/\/toprisesafety.com\/de\/wp-json\/wp\/v2\/types\/product"}],"wp:featuredmedia":[{"embeddable":true,"href":"https:\/\/toprisesafety.com\/de\/wp-json\/wp\/v2\/media\/5812"}],"wp:attachment":[{"href":"https:\/\/toprisesafety.com\/de\/wp-json\/wp\/v2\/media?parent=5811"}],"wp:term":[{"taxonomy":"product_brand","embeddable":true,"href":"https:\/\/toprisesafety.com\/de\/wp-json\/wp\/v2\/product_brand?post=5811"},{"taxonomy":"product_cat","embeddable":true,"href":"https:\/\/toprisesafety.com\/de\/wp-json\/wp\/v2\/product_cat?post=5811"},{"taxonomy":"product_tag","embeddable":true,"href":"https:\/\/toprisesafety.com\/de\/wp-json\/wp\/v2\/product_tag?post=5811"}],"curies":[{"name":"wp","href":"https:\/\/api.w.org\/{rel}","templated":true}]}}