{"id":5798,"date":"2021-07-29T03:47:57","date_gmt":"2021-07-29T03:47:57","guid":{"rendered":"https:\/\/toprisesafety.com\/product\/reflective-raincoat\/"},"modified":"2025-03-25T04:42:25","modified_gmt":"2025-03-25T04:42:25","slug":"reflective-raincoat","status":"publish","type":"product","link":"https:\/\/toprisesafety.com\/de\/product\/reflective-raincoat\/","title":{"rendered":"Reflektierende Regenm\u00e4ntel"},"content":{"rendered":"<p><strong>Reflektierende Regenm\u00e4ntel <\/strong><\/p>\r\n\r\n\r\n<p class=\"wp-block-site-tagline\">TOPRISE ist seit 2009 einer der f\u00fchrenden Hersteller von Verkehrssicherheitsprodukten, k\u00fcnstlichen B\u00e4umen und Pflanzen, PET-Produkten, Outdoor-Produkten und PSA in China. Wir liefern unsere Produkte in die ganze Welt. Wir sind bestrebt, unseren Kunden bei der L\u00f6sung ihrer Probleme zu helfen.<\/p>\r\n\r\n\r\n<ul class=\"wp-block-list\">\r\n<li>Hergestellt aus hochfestem, 0,22 mm dickem 150D Oxford mit PVC-Beschichtung.<\/li>\r\n<li>Atmungsaktiv, weicher Griff, winddicht, wasserdicht, schnell trocknend, tragbar. Geeignet f\u00fcr alle Jahreszeiten. Dieser lange Regenmantel kann Ihnen bei starkem Regen oder starkem Wind den besten Schutz bieten.<\/li>\r\n<li>Sichere reflektierende B\u00e4nder auf der Vorder- und R\u00fcckseite dieses wasserdichten Regenmantels, die als Erinnerung an vorbeifahrende Fahrzeuge dienen k\u00f6nnen und Sie nachts sicher halten. Es ist eine kluge Wahl, einen Regenponcho in den Rucksack \/ Haus \/ B\u00fcro \/ Auto f\u00fcr den Notfall zu halten.<\/li>\r\n<li>Regenbekleidung ist abriebfest und bietet einen soliden Schutz vor einer Vielzahl von industriellen Verbindungen, S\u00e4uren und \u00d6len.<\/li>\r\n<li>Die zweiteiligen Anz\u00fcge mit Raglan\u00e4rmeln bestehen aus einer Jacke und einer Hose.<\/li>\r\n<li>Anwendung: Reiten, Bauwesen, Bergbau, Fischerei usw.<\/li>\r\n<li>Dieser lange Regen-Trenchcoat wird ohne Regenhose geliefert! Knielange, lange Jacke mit Kapuze und verstellbarem Kordelzug. Mit Tuch abwischen, nat\u00fcrliche Lufttrocknung<\/li>\r\n<li>Ein St\u00fcck Opp Tasche Verpackung<\/li>\r\n<li>Wir unterst\u00fctzen kundenspezifische Logo mit MOQ 100 PCS<\/li>\r\n<\/ul>\r\n\r\n\r\n\r\n<p>Art NO. RC172 reflektierende Regenm\u00e4ntel<\/p>\r\n\r\n\r\n\r\n<figure class=\"wp-block-table\">\r\n<table>\r\n<tbody>\r\n<tr>\r\n<td>Art Nr.<\/td>\r\n<td>RC172 Reflektierende Regenm\u00e4ntel<\/td>\r\n<\/tr>\r\n<tr>\r\n<td>Material<\/td>\r\n<td>150D Oxford mit PVC-Beschichtung, 0,22mm dick.<\/td>\r\n<\/tr>\r\n<tr>\r\n<td>Gr\u00f6\u00dfe<\/td>\r\n<td>S-XXXXL oder kundenspezifisch<\/td>\r\n<\/tr>\r\n<tr>\r\n<td>Gestaltung<\/td>\r\n<td>Mantel mit zwei Taschen und Klappe<\/td>\r\n<\/tr>\r\n<tr>\r\n<td>Reflektierendes Band<\/td>\r\n<td>Je nach Anforderung des Kunden hinzuf\u00fcgen<\/td>\r\n<\/tr>\r\n<tr>\r\n<td>Farbe<\/td>\r\n<td>Schwarz<\/td>\r\n<\/tr>\r\n<tr>\r\n<td>Logo<\/td>\r\n<td>Halsetikett oder Druck<\/td>\r\n<\/tr>\r\n<tr>\r\n<td>Verpacken<\/td>\r\n<td>1PC pro opp Beutel Verpackung<\/td>\r\n<\/tr>\r\n<\/tbody>\r\n<\/table>\r\n<\/figure>\r\n\r\n\r\n<p class=\"wp-block-site-tagline\">TOPRISE ist seit 2009 einer der f\u00fchrenden Hersteller von Verkehrssicherheitsprodukten, k\u00fcnstlichen B\u00e4umen und Pflanzen, PET-Produkten, Outdoor-Produkten und PSA in China. Wir liefern unsere Produkte in die ganze Welt. Wir sind bestrebt, unseren Kunden bei der L\u00f6sung ihrer Probleme zu helfen.<\/p>\r\n\r\n\r\n<div class=\"wp-block-group\"><div class=\"wp-block-group__inner-container is-layout-flow wp-block-group-is-layout-flow\">\r\n<figure class=\"wp-block-image size-full is-resized is-style-default\"><img fetchpriority=\"high\" decoding=\"async\" class=\"wp-image-1443\" src=\"https:\/\/toprisesafety.com\/wp-content\/uploads\/2024\/08\/2021-07-29_131303-1.png\" alt=\"\" width=\"837\" height=\"1053\" \/><\/figure>\r\n\r\n\r\n\r\n<figure class=\"wp-block-image size-full\"><img decoding=\"async\" class=\"wp-image-1445\" src=\"https:\/\/toprisesafety.com\/wp-content\/uploads\/2024\/08\/2021-07-29_131444.png\" alt=\"\" \/><\/figure>\r\n\r\n\r\n\r\n<figure class=\"wp-block-image size-full is-resized\"><img decoding=\"async\" class=\"wp-image-1446\" src=\"https:\/\/toprisesafety.com\/wp-content\/uploads\/2024\/08\/WORKMANSHIP.png\" alt=\"\" width=\"841\" height=\"529\" \/>\r\n<figcaption><strong>TOPRISE<\/strong> <strong>WERKSTATT F\u00dcR REGENM\u00c4NTEL<\/strong><\/figcaption>\r\n<\/figure>\r\n<\/div><\/div>\r\n\r\n\r\n\r\n<p>TOPRISE unterst\u00fctzt verschiedene Arten der Anpassung von Regenbekleidung; klicken Sie auf <a href=\"https:\/\/toprisesafety.com\/de\/product-category\/personal-protective-equipment\/rain-wear\/\">weitere Modelle von Regenbekleidung ansehen.<\/a><\/p>\r\n<p>Wenn Sie die ben\u00f6tigte Regenkleidung nicht finden, <a href=\"https:\/\/toprisesafety.com\/de\/contact-us\/\">Kontaktieren Sie uns<\/a>; wir unterst\u00fctzen spezielle Anpassungen.<\/p>","protected":false},"excerpt":{"rendered":"<p style=\"text-align: left;\"><strong>Reflektierende Regenm\u00e4ntel gummierter Regenmantel<\/strong><\/p>\n<p>Reflektierende Regenm\u00e4ntel\u00a0<\/p>\n<p>ART NR.RC172<\/p>\n<p>Material: 150 D Oxford mit PVC-Beschichtung, 0,22 mm dick\u00a0<\/p>\n<p>Gr\u00f6\u00dfe : S- XXXXL oder individuell<\/p>\n<p>MOQ :100 PCS<\/p>\n<p>Unterst\u00fctzung von kundenspezifischem Logo und Design\u00a0<\/p>\n<p>&nbsp;<\/p>","protected":false},"featured_media":5802,"template":"","meta":{"_acf_changed":false},"product_brand":[],"product_cat":[320,321],"product_tag":[121],"class_list":{"0":"post-5798","1":"product","2":"type-product","3":"status-publish","4":"has-post-thumbnail","6":"product_cat-personal-protective-equipment","7":"product_cat-rain-wear","8":"product_tag-reflective-raincoat","10":"first","11":"instock","12":"product-type-simple"},"acf":[],"_links":{"self":[{"href":"https:\/\/toprisesafety.com\/de\/wp-json\/wp\/v2\/product\/5798","targetHints":{"allow":["GET"]}}],"collection":[{"href":"https:\/\/toprisesafety.com\/de\/wp-json\/wp\/v2\/product"}],"about":[{"href":"https:\/\/toprisesafety.com\/de\/wp-json\/wp\/v2\/types\/product"}],"wp:featuredmedia":[{"embeddable":true,"href":"https:\/\/toprisesafety.com\/de\/wp-json\/wp\/v2\/media\/5802"}],"wp:attachment":[{"href":"https:\/\/toprisesafety.com\/de\/wp-json\/wp\/v2\/media?parent=5798"}],"wp:term":[{"taxonomy":"product_brand","embeddable":true,"href":"https:\/\/toprisesafety.com\/de\/wp-json\/wp\/v2\/product_brand?post=5798"},{"taxonomy":"product_cat","embeddable":true,"href":"https:\/\/toprisesafety.com\/de\/wp-json\/wp\/v2\/product_cat?post=5798"},{"taxonomy":"product_tag","embeddable":true,"href":"https:\/\/toprisesafety.com\/de\/wp-json\/wp\/v2\/product_tag?post=5798"}],"curies":[{"name":"wp","href":"https:\/\/api.w.org\/{rel}","templated":true}]}}