{"id":5783,"date":"2024-06-17T07:27:24","date_gmt":"2024-06-17T07:27:24","guid":{"rendered":"https:\/\/toprisesafety.com\/product\/outdoor-pp-plastic-basketball-suspended-interlocking-sport-court-floor-tiles\/"},"modified":"2024-11-11T07:35:12","modified_gmt":"2024-11-11T07:35:12","slug":"outdoor-pp-plastic-basketball-suspended-interlocking-sport-court-floor-tiles","status":"publish","type":"product","link":"https:\/\/toprisesafety.com\/de\/product\/outdoor-pp-plastic-basketball-suspended-interlocking-sport-court-floor-tiles\/","title":{"rendered":"Interlocking Sportplatz Bodenfliesen"},"content":{"rendered":"<h2 class=\"wp-block-heading\">Interlocking Sportplatz Bodenfliesen<\/h2><figure class=\"wp-block-table\">\r\n<table>\r\n<tbody>\r\n<tr>\r\n<td>ITEM NAME\u00a0<\/td>\r\n<td>Falzziegel aus Kunststoff<\/td>\r\n<\/tr>\r\n<tr>\r\n<td>GR\u00d6SSE\u00a0<\/td>\r\n<td>30,5*30,5 cm\u00a0<\/td>\r\n<\/tr>\r\n<tr>\r\n<td>Farbe<\/td>\r\n<td>Blau, orange, gr\u00fcn, rot, lila, grau\u00a0<\/td>\r\n<\/tr>\r\n<tr>\r\n<td>GEWICHT\u00a0<\/td>\r\n<td>290g\/St\u00fcck<\/td>\r\n<\/tr>\r\n<\/tbody>\r\n<\/table>\r\n<\/figure><ul class=\"wp-block-list\">\r\n<li>PP-KUNSTSTOFF-FALZZIEGEL<\/li>\r\n<li>PERFEKTE L\u00d6SUNG F\u00dcR DIE WIEDERHERSTELLUNG: Deck Tile ist die perfekte, kosteng\u00fcnstige Alternative f\u00fcr die Wiederherstellung abgenutzter Oberfl\u00e4chen rund um Ihren Pool, Ihre Terrasse, Ihren Garten oder eine alte Terrasse. Sie eignen sich auch hervorragend f\u00fcr den Innenbereich, z. B. in Waschr\u00e4umen und Kellern!<\/li>\r\n<li>HALTBAR UND F\u00dcR LANGLEBIGKEIT GEBAUT: Dieses Produkt ist so konzipiert, dass es starker UV-Belastung, hoher Begehung und Wassereinwirkung standh\u00e4lt. Das frei ablaufende Design l\u00e4sst das Wasser schnell ablaufen und trocknen.<\/li>\r\n<li>SCHNELLE UND EINFACHE VERLEGUNG: Die modularen Fliesen von Deck Tile sind einfach zu verlegen. Die ineinander greifenden Fliesen werden einfach zusammengesteckt - ohne Werkzeug oder Klebstoff - und bieten einen hochwertigen Look mit au\u00dfergew\u00f6hnlichem Bodenschutz.<\/li>\r\n<li>SELBSTENTW\u00c4SSERNDE UND RUTZBEST\u00c4NDIGE FLIEGEN: Diese Fliesen sind so konzipiert, dass sie eine maximale Luftzirkulation und Drainage f\u00fcr Ihren Boden gew\u00e4hrleisten. Das frei ablaufende Design l\u00e4sst Wasser schnell abflie\u00dfen, und die rutschfeste Oberfl\u00e4che sorgt f\u00fcr zus\u00e4tzliche Traktion, damit Sie nicht ausrutschen k\u00f6nnen.<\/li>\r\n<li>EINFACH ZU REINIGEN: Deck Tile ist pflegeleicht und einfach zu reinigen. Spr\u00fchen Sie die Fliesen einfach mit einem Schlauch ab. Dank des selbsttrocknenden Designs trocknet die Oberfl\u00e4che schnell und verhindert Probleme mit stehendem Wasser.<\/li>\r\n<\/ul>","protected":false},"excerpt":{"rendered":"<ul>\n<li>PP-Kunststoff-Falzfliesen f\u00fcr Basketball, ineinandergreifende Bodenfliesen f\u00fcr Sportpl\u00e4tze<\/li>\n<li>ART NO.:  IT305<\/li>\n<li>Material: PP-Kunststoff<\/li>\n<li>Gr\u00f6\u00dfe: 30,5 *30,5 cm<\/li>\n<li>Gewicht : 290 G\/PC<\/li>\n<li>Farbe: blau, orange, gr\u00fcn, rot, lila, grau \u00a0<\/li>\n<\/ul>","protected":false},"featured_media":5784,"template":"","meta":{"_acf_changed":false},"product_brand":[],"product_cat":[318],"product_tag":[114],"class_list":{"0":"post-5783","1":"product","2":"type-product","3":"status-publish","4":"has-post-thumbnail","6":"product_cat-interlocking-floor-tiles","7":"product_tag-interlocking-floor-tiles","9":"first","10":"instock","11":"product-type-simple"},"acf":[],"_links":{"self":[{"href":"https:\/\/toprisesafety.com\/de\/wp-json\/wp\/v2\/product\/5783"}],"collection":[{"href":"https:\/\/toprisesafety.com\/de\/wp-json\/wp\/v2\/product"}],"about":[{"href":"https:\/\/toprisesafety.com\/de\/wp-json\/wp\/v2\/types\/product"}],"wp:featuredmedia":[{"embeddable":true,"href":"https:\/\/toprisesafety.com\/de\/wp-json\/wp\/v2\/media\/5784"}],"wp:attachment":[{"href":"https:\/\/toprisesafety.com\/de\/wp-json\/wp\/v2\/media?parent=5783"}],"wp:term":[{"taxonomy":"product_brand","embeddable":true,"href":"https:\/\/toprisesafety.com\/de\/wp-json\/wp\/v2\/product_brand?post=5783"},{"taxonomy":"product_cat","embeddable":true,"href":"https:\/\/toprisesafety.com\/de\/wp-json\/wp\/v2\/product_cat?post=5783"},{"taxonomy":"product_tag","embeddable":true,"href":"https:\/\/toprisesafety.com\/de\/wp-json\/wp\/v2\/product_tag?post=5783"}],"curies":[{"name":"wp","href":"https:\/\/api.w.org\/{rel}","templated":true}]}}