{"id":14284,"date":"2025-08-04T10:26:23","date_gmt":"2025-08-04T10:26:23","guid":{"rendered":"https:\/\/toprisesafety.com\/?post_type=product&#038;p=14284"},"modified":"2025-08-04T10:46:39","modified_gmt":"2025-08-04T10:46:39","slug":"led-sensory-game-table","status":"publish","type":"product","link":"https:\/\/toprisesafety.com\/de\/product\/led-sensory-game-table\/","title":{"rendered":"LED-Sensorik-Spieltisch"},"content":{"rendered":"<h1>LED-Sensorik-Spieltisch<\/h1>\n<p><a href=\"https:\/\/youtu.be\/FzeSUb_2BsU\" target=\"_blank\" rel=\"noopener\">Sehen Sie sich das Video des LED-Sinnesspieltisches an.\u00a0<\/a><\/p>\n<p><strong><b>LED Interaktiver Whac-A-Mole Spieltisch<\/b><\/strong><\/p>\n<p><strong><b>Leichter Rhythmus - Smart Challenge<\/b><\/strong><\/p>\n<p>Interaktiver LED-Whac-A-Mole-Spieltisch - der Beginn einer neuen \u00c4ra der Familienunterhaltung<\/p>\n<p>Technik \u00d7 Spa\u00df \u00d7 Reflextraining<br \/>\nDieses innovative Spielzeug verbindet nahtlos interaktive Unterhaltung mit kognitiver Entwicklung und bietet so ununterbrochenen Spielspa\u00df f\u00fcr Benutzer aller Altersgruppen.<\/p>\n<h2><strong><b>\ud83d\ude80 Grundlegende Erfahrung - Drei progressive Spielmodi.<\/b><\/strong><\/h2>\n<h2>LED-Sensorik-Spieltisch<\/h2>\n<p>Novizenpr\u00fcfung - Verfolgungsjagd mit einem Licht<\/p>\n<p>Zu Beginn des Spiels ert\u00f6nt energiegeladene Musik und ein zuf\u00e4llig blinkendes Licht.<\/p>\n<p>- Ein kurzes Antippen l\u00f6scht das Licht, gefolgt von einer zufriedenstellenden akustischen R\u00fcckmeldung.<\/p>\n<p data-start=\"405\" data-end=\"484\">- Mit nur 30 Schl\u00e4gen aktivieren Sie Ihre neuronale Reaktion und bauen einen Rhythmus auf.<\/p>\n<p>Twin Stars - Wettlauf gegen die Zeit<\/p>\n<p>Anschlie\u00dfend wechselt das System automatisch in den Dual-Light-Modus mit verst\u00e4rkten Beats.<br \/>\n- In diesem Modus kommt es auf die Koordination an - tippen Sie beide Lichter gleichzeitig an, um den Gewinngong zu h\u00f6ren.<br \/>\n- Au\u00dferdem verbessert das Erzielen von 30 pr\u00e4zisen Kombos Ihre Multitasking-Reflexe erheblich.<\/p>\n<p>Triad Matrix - Ultimative Raserei<\/p>\n<p>Schlie\u00dflich blinken drei Lichter in zuf\u00e4llig angeordneten Dreiecksmustern, gepaart mit hochenergetischem EDM.<br \/>\n- In der Zwischenzeit wird das Tempo immer schneller, was Ihre Geschwindigkeit und Konzentration auf die Probe stellt.<br \/>\n- Sobald Sie 30 Runden \u00fcberstanden haben, wird das System zur\u00fcckgesetzt und bietet so eine kontinuierliche Herausforderung.<\/p>\n<p><strong><b>\ud83c\udf1f Premium-Funktionen, die uns auszeichnen \ud83c\udf1f<\/b><\/strong><\/p>\n<h1>LED-Sensorik-Spieltisch<\/h1>\n<h3><strong><b>\u2705 Immersive sensorische Erfahrung<\/b><\/strong><\/h3>\n<p>- In erster Linie liefert die vollst\u00e4ndige RGB-LED-Anordnung (DC5V 8W) lebendige Lichteffekte.<br \/>\n- Dar\u00fcber hinaus umfasst das ma\u00dfgeschneiderte Soundsystem drei BGM-Tracks mit einer 3-W-Stereokammer, um die Immersion zu verbessern.<br \/>\n- Am wichtigsten ist, dass unsere hochempfindlichen kapazitiven Sensoren innerhalb von nur 0,1 Sekunden reagieren.<\/p>\n<h3><strong><b>\u2705 Durchdachter Stufenaufstieg<\/b><\/strong><\/h3>\n<p>- Um eine reibungslose Lernkurve zu gew\u00e4hrleisten, steigt die Herausforderung schrittweise von einfachen zu dreifachen Lichtern.<br \/>\n- Das System wird nach 90 erfolgreichen Ber\u00fchrungen zur\u00fcckgesetzt, so dass eine ununterbrochene Nutzung m\u00f6glich ist.<br \/>\n- Au\u00dferdem trainieren die Frequenzverschiebungen im Licht auf subtile Weise die Reaktionsgeschwindigkeit und die Entscheidungsfindung.<\/p>\n<h3><strong><b>\u2705 \u00dcberlegenes Design und Konstruktion<\/b><\/strong><\/h3>\n<table>\n<tbody>\n<tr>\n<td width=\"288\">Komponente<\/td>\n<td width=\"288\">Technologie<\/td>\n<td width=\"288\">Nutzen Sie<\/td>\n<\/tr>\n<tr>\n<td width=\"288\">Spieloberfl\u00e4che<\/td>\n<td width=\"288\">Importiertes Polyethylen<\/td>\n<td width=\"288\">Langlebig und kratzfest<\/td>\n<\/tr>\n<tr>\n<td width=\"288\">Stromnetz<\/td>\n<td width=\"288\">2200 mAh Li-Akku + USB-C<\/td>\n<td width=\"288\">Lange Spielzeit und schnelles Aufladen<\/td>\n<\/tr>\n<tr>\n<td width=\"288\">Rahmen Design<\/td>\n<td width=\"288\">Zusammenklappbarer Sockel (HJ6503C)<\/td>\n<td width=\"288\">Wechselt in 3 Sekunden zwischen Tisch- und Bodennutzung<\/td>\n<\/tr>\n<\/tbody>\n<\/table>\n<p><strong><b>\ud83c\udfaf Gebaut f\u00fcr jedes Szenario-<\/b><\/strong><\/p>\n<h1>LED-Sensorik-Spieltisch<\/h1>\n<p>Ganz gleich, ob Sie Familienzusammenhalt, Partyspa\u00df oder einen schnellen geistigen Schub suchen, dieser Tisch passt perfekt:<br \/>\n- Das Eltern-Kind-Spiel ist zum Beispiel ideal f\u00fcr Kinder ab 3 Jahren und hilft ihnen, sich zu konzentrieren und ihre Belastbarkeit durch das Aufsp\u00fcren von Licht zu verbessern.<br \/>\n- In geselliger Runde beleben automatische Musik\u00fcberg\u00e4nge sofort die Atmosph\u00e4re.<br \/>\n- Auf kognitiver Ebene stimulieren die dreistufigen Herausforderungen die Reflexe und verz\u00f6gern die geistige Erm\u00fcdung.<br \/>\n- Au\u00dferdem bietet eine 10-min\u00fctige B\u00fcropause mit dem Tisch einen wirksamen Stressabbau.<\/p>\n<h2><strong><b>\u2728 Warum uns w\u00e4hlen?<\/b><\/strong><\/h2>\n<p>- Spezifikationen, denen Sie vertrauen k\u00f6nnen<br \/>\n\u25b6\ufe0f Boden: 45\u00d745\u00d740cm \/ Tischplatte: 45\u00d745\u00d75cm<br \/>\n\u25b6\ufe0f Mit Sensoren in Milit\u00e4rqualit\u00e4t f\u00fcr pr\u00e4zises Ansprechverhalten<br \/>\n\u25b6\ufe0f \u00dcber 500 stabile Akkuladezyklen gew\u00e4hrleisten eine langfristige Nutzung<\/p>\n<p>- Sicherheit trifft auf Leistung<br \/>\n\u25b6\ufe0f F\u00fcr zus\u00e4tzliche Sicherheit sorgen die abgerundeten Kanten, die versehentliche Verletzungen verhindern.<br \/>\n\u25b6\ufe0f Das schwer entflammbare Geh\u00e4use sorgt auch bei intensiven Trainingseinheiten f\u00fcr Sicherheit.<\/p>\n<h2><strong><b>\ud83d\udd25 Bereit, Lichtgeschwindigkeitsreflexe zu meistern?<\/b><\/strong><\/h2>\n<p>Alles in allem ist der LED Interactive Table mehr als nur ein Spielzeug - er ist Ihr Reflex-Dojo, Spa\u00dfcenter und Trainingszentrum in einem.<\/p>\n<p><a href=\"https:\/\/toprisesafety.com\/de\/contact-us\/\">Kontakt zu Ningbo Toprise<\/a> f\u00fcr LED Sensory Game Tables.<\/p>\n<p>&nbsp;<\/p>","protected":false},"excerpt":{"rendered":"<p>Art.Nr. LT01<\/p>\n<p>Material: Eingef\u00fchrtes Polyethylen<\/p>\n<p>MOQ: 30 STK.<\/p>","protected":false},"featured_media":14288,"template":"","meta":{"_acf_changed":false},"product_brand":[],"product_cat":[407],"product_tag":[409,410,408],"class_list":{"0":"post-14284","1":"product","2":"type-product","3":"status-publish","4":"has-post-thumbnail","6":"product_cat-led-products","7":"product_tag-interaction-light-tray","8":"product_tag-led-sensor-hamster-picking-game-table","9":"product_tag-led-sensory-game-table","11":"first","12":"instock","13":"shipping-taxable","14":"product-type-simple"},"acf":[],"_links":{"self":[{"href":"https:\/\/toprisesafety.com\/de\/wp-json\/wp\/v2\/product\/14284"}],"collection":[{"href":"https:\/\/toprisesafety.com\/de\/wp-json\/wp\/v2\/product"}],"about":[{"href":"https:\/\/toprisesafety.com\/de\/wp-json\/wp\/v2\/types\/product"}],"wp:featuredmedia":[{"embeddable":true,"href":"https:\/\/toprisesafety.com\/de\/wp-json\/wp\/v2\/media\/14288"}],"wp:attachment":[{"href":"https:\/\/toprisesafety.com\/de\/wp-json\/wp\/v2\/media?parent=14284"}],"wp:term":[{"taxonomy":"product_brand","embeddable":true,"href":"https:\/\/toprisesafety.com\/de\/wp-json\/wp\/v2\/product_brand?post=14284"},{"taxonomy":"product_cat","embeddable":true,"href":"https:\/\/toprisesafety.com\/de\/wp-json\/wp\/v2\/product_cat?post=14284"},{"taxonomy":"product_tag","embeddable":true,"href":"https:\/\/toprisesafety.com\/de\/wp-json\/wp\/v2\/product_tag?post=14284"}],"curies":[{"name":"wp","href":"https:\/\/api.w.org\/{rel}","templated":true}]}}