{"id":14044,"date":"2025-07-23T06:04:01","date_gmt":"2025-07-23T06:04:01","guid":{"rendered":"https:\/\/toprisesafety.com\/?post_type=product&#038;p=14044"},"modified":"2025-07-23T06:04:01","modified_gmt":"2025-07-23T06:04:01","slug":"camouflage-tarpaulin","status":"publish","type":"product","link":"https:\/\/toprisesafety.com\/de\/product\/camouflage-tarpaulin\/","title":{"rendered":"Camouflage-Plane"},"content":{"rendered":"<h1>Camouflage-Plane<\/h1>\n<h2 data-start=\"90\" data-end=\"129\">\u2705 <strong data-start=\"96\" data-end=\"129\">Was sind Tarnplanen?<\/strong><\/h2>\n<p data-start=\"131\" data-end=\"529\">Die Tarnplane ist ein wasserdichtes und haltbares Gewebe, das aus <strong data-start=\"195\" data-end=\"231\">Oxford-Gewebe mit PVC-Beschichtung<\/strong>, bedruckt mit Tarnmustern. Es kombiniert St\u00e4rke, Wasserbest\u00e4ndigkeit und Flexibilit\u00e4t. Dieses Material ist so konzipiert, dass es sich nat\u00fcrlich in die Au\u00dfenumgebung einf\u00fcgt und ideal zum Verbergen und Sch\u00fctzen ist. Es wird in den Bereichen Milit\u00e4r, Camping, Landwirtschaft, Bau und Transport eingesetzt.<\/p>\n<hr data-start=\"531\" data-end=\"534\" \/>\n<h2 data-start=\"536\" data-end=\"583\">\ud83d\udccc <strong data-start=\"543\" data-end=\"583\">Anwendungen von Tarnplanen<\/strong><\/h2>\n<ol data-start=\"585\" data-end=\"1620\">\n<li data-start=\"585\" data-end=\"749\">\n<p data-start=\"588\" data-end=\"749\"><strong data-start=\"588\" data-end=\"622\">Milit\u00e4rischer Schutz und Tarnungen<\/strong><br data-start=\"622\" data-end=\"625\" \/>Wird zur Tarnung von Milit\u00e4rzelten, Fahrzeugen und Ausr\u00fcstung verwendet und bietet eine wirksame Abdeckung und verringert die Sichtbarkeit im Feld.<\/p>\n<\/li>\n<li data-start=\"751\" data-end=\"887\">\n<p data-start=\"754\" data-end=\"887\"><strong data-start=\"754\" data-end=\"784\">Outdoor Camping &amp; Sonnenschirm<\/strong><br data-start=\"784\" data-end=\"787\" \/>Perfekt f\u00fcr Zelte, Bodent\u00fccher oder Schattenplanen, die sowohl Schutz als auch \u00c4sthetik im Freien bieten.<\/p>\n<\/li>\n<li data-start=\"889\" data-end=\"1026\">\n<p data-start=\"892\" data-end=\"1026\"><strong data-start=\"892\" data-end=\"923\">Forstwirtschaft und landwirtschaftliche Nutzung<\/strong><br data-start=\"923\" data-end=\"926\" \/>Geeignet zum Abdecken von Baumst\u00e4mmen, D\u00fcngemitteln, landwirtschaftlichen Maschinen oder Produkten zum Schutz vor Sonne und Regen.<\/p>\n<\/li>\n<li data-start=\"1028\" data-end=\"1169\">\n<p data-start=\"1031\" data-end=\"1169\"><strong data-start=\"1031\" data-end=\"1060\">Abdeckungen und Absperrungen f\u00fcr den Au\u00dfenbereich<\/strong><br data-start=\"1060\" data-end=\"1063\" \/>Wird auf Baustellen oder Freifl\u00e4chen als Zaunplane oder Sichtschutz eingesetzt, um Wind und Sicht abzuschirmen.<\/p>\n<\/li>\n<li data-start=\"1171\" data-end=\"1318\">\n<p data-start=\"1174\" data-end=\"1318\"><strong data-start=\"1174\" data-end=\"1213\">Schutz bei Transport und Lagerung<\/strong><br data-start=\"1213\" data-end=\"1216\" \/>Wird als Plane f\u00fcr Lastwagen, Fracht oder gelagerte Ausr\u00fcstung verwendet und sch\u00fctzt vor Staub, Wasser und UV-Strahlung.<\/p>\n<\/li>\n<li data-start=\"1320\" data-end=\"1470\">\n<p data-start=\"1323\" data-end=\"1470\"><strong data-start=\"1323\" data-end=\"1357\">Anwendungen f\u00fcr Jagd und Fischerei<\/strong><br data-start=\"1357\" data-end=\"1360\" \/>Hervorragend geeignet f\u00fcr Jagdjalousien, Tarnunterst\u00e4nde oder Angel\u00fcberdachungen, die sich gut in die nat\u00fcrliche Umgebung einf\u00fcgen.<\/p>\n<\/li>\n<li data-start=\"1472\" data-end=\"1620\">\n<p data-start=\"1475\" data-end=\"1620\"><strong data-start=\"1475\" data-end=\"1509\">Veranstaltungen im Freien &amp; Marktst\u00e4nde<\/strong><br data-start=\"1509\" data-end=\"1512\" \/>Eignet sich gut als Stand- oder Vordachabdeckung f\u00fcr M\u00e4rkte, Messen und Ausstellungen - praktisch und ein echter Blickfang.<\/p>\n<\/li>\n<\/ol>\n<h2><strong><b>Camouflage-Plane <\/b><\/strong><strong><b>Produkt-Spezifikation <\/b><\/strong><\/h2>\n<table>\n<tbody>\n<tr>\n<td width=\"288\">Spezifikation<\/td>\n<td width=\"288\">Einzelheiten<\/td>\n<\/tr>\n<tr>\n<td width=\"288\">Produktname<\/td>\n<td width=\"288\">Camouflage-Plane<\/td>\n<\/tr>\n<tr>\n<td width=\"288\">Farbe<\/td>\n<td width=\"288\">Camouflage\/Blume\/Raum\/Sand<\/td>\n<\/tr>\n<tr>\n<td width=\"288\">Gewicht<\/td>\n<td width=\"288\">350g \u00b15% \/m\u00b2<\/td>\n<\/tr>\n<tr>\n<td width=\"288\">Dicke<\/td>\n<td width=\"288\">0,35-0,37 mm \u00b15%<\/td>\n<\/tr>\n<tr>\n<td width=\"288\">Material<\/td>\n<td width=\"288\">Original PE-Material + PVC-Beschichtung<\/td>\n<\/tr>\n<tr>\n<td width=\"288\">Wasserdichte Leistung<\/td>\n<td width=\"288\">99.9% Wasserdicht<\/td>\n<\/tr>\n<tr>\n<td width=\"288\">Verwendung<\/td>\n<td width=\"288\">Weit verbreitet im Transportwesen, in der Au\u00dfenabdeckung, bei der Frachtbef\u00f6rderung, bei landwirtschaftlichen Ger\u00e4ten und zum Schutz von Maschinen.<\/td>\n<\/tr>\n<\/tbody>\n<\/table>\n<p><strong><b>Camouflage-Plane Produktgr\u00f6\u00dfen und Referenztabelle<\/b><\/strong><\/p>\n<table>\n<tbody>\n<tr>\n<td width=\"96\"><strong>Standardgr\u00f6\u00dfe<\/strong><\/td>\n<td width=\"96\"><strong>Tats\u00e4chliche Gr\u00f6\u00dfe<\/strong><\/td>\n<td width=\"96\"><strong>Standardgr\u00f6\u00dfe<\/strong><\/td>\n<td width=\"96\"><strong>Tats\u00e4chliche Gr\u00f6\u00dfe<\/strong><\/td>\n<td width=\"96\"><strong>Standardgr\u00f6\u00dfe<\/strong><\/td>\n<td width=\"96\"><strong>Tats\u00e4chliche Gr\u00f6\u00dfe<\/strong><\/td>\n<\/tr>\n<tr>\n<td width=\"96\">1.5*2m<\/td>\n<td width=\"96\">1.4*2.4m<\/td>\n<td width=\"96\">5*5m<\/td>\n<td width=\"96\">4.8*5.8m<\/td>\n<td width=\"96\">6*7m<\/td>\n<td width=\"96\">5.8*6.8m<\/td>\n<\/tr>\n<tr>\n<td width=\"96\">1.5*3m<\/td>\n<td width=\"96\">1.4*2.8m<\/td>\n<td width=\"96\">5*6m<\/td>\n<td width=\"96\">4.8*6.8m<\/td>\n<td width=\"96\">6*8m<\/td>\n<td width=\"96\">5.8*7.8m<\/td>\n<\/tr>\n<tr>\n<td width=\"96\">2*2m<\/td>\n<td width=\"96\">1.8*2.8m<\/td>\n<td width=\"96\">5*7m<\/td>\n<td width=\"96\">4.8*7.8m<\/td>\n<td width=\"96\">7*8m<\/td>\n<td width=\"96\">6.7*7.7m<\/td>\n<\/tr>\n<tr>\n<td width=\"96\">2*3m<\/td>\n<td width=\"96\">1.8*3.3m<\/td>\n<td width=\"96\">5*8m<\/td>\n<td width=\"96\">4.8*8.8m<\/td>\n<td width=\"96\">8*10m<\/td>\n<td width=\"96\">7.7*9.7m<\/td>\n<\/tr>\n<tr>\n<td width=\"96\">3*3m<\/td>\n<td width=\"96\">2.8*3.8m<\/td>\n<td width=\"96\">5*10m<\/td>\n<td width=\"96\">4.8*9.8m<\/td>\n<td width=\"96\">10*12m<\/td>\n<td width=\"96\">9.6*11.7m<\/td>\n<\/tr>\n<tr>\n<td width=\"96\">3*4m<\/td>\n<td width=\"96\">2.8*4.8m<\/td>\n<td width=\"96\">6*6m<\/td>\n<td width=\"96\">5.8*5.8m<\/td>\n<td width=\"96\">10*15m<\/td>\n<td width=\"96\">9.8*14.8m<\/td>\n<\/tr>\n<tr>\n<td width=\"96\">4*4m<\/td>\n<td width=\"96\">3.8*4.8m<\/td>\n<td width=\"96\">6*8m<\/td>\n<td width=\"96\">5.8*7.8m<\/td>\n<td width=\"96\">10*20m<\/td>\n<td width=\"96\">9.6*19.7m<\/td>\n<\/tr>\n<tr>\n<td width=\"96\">4*5m<\/td>\n<td width=\"96\">3.8*5.8m<\/td>\n<td width=\"96\">7*8m<\/td>\n<td width=\"96\">5.8*8.8m<\/td>\n<td width=\"96\">12*20m<\/td>\n<td width=\"96\">11.8*19.8m<\/td>\n<\/tr>\n<\/tbody>\n<\/table>\n<p>Wenn Sie besondere Anforderungen an Gr\u00f6\u00dfe und Design haben,\u00a0<a href=\"https:\/\/toprisesafety.com\/de\/contact-us\/\">Kontaktieren Sie uns<\/a>\u00a0frei.<\/p>","protected":false},"excerpt":{"rendered":"<p><strong><b>Art Nr.<\/b><\/strong>: OT01<\/p>\n<p><strong><b>Material<\/b><\/strong>: Oxford mit PVC-Beschichtung<\/p>\n<p><strong><b>Gewicht<\/b><\/strong>: 350g \u00b15% \/m\u00b2<\/p>\n<p><strong><b>Dicke: 0,35-0,37 MM<\/b><\/strong><\/p>\n<p><strong><b>Gr\u00f6\u00dfe<\/b><\/strong>: siehe untenstehendes Gr\u00f6\u00dfenblatt oder nach Kundenwunsch<\/p>\n<p><strong><b>Farbe<\/b><\/strong>: klar<\/p>","protected":false},"featured_media":14045,"template":"","meta":{"_acf_changed":false},"product_brand":[],"product_cat":[319],"product_tag":[],"class_list":{"0":"post-14044","1":"product","2":"type-product","3":"status-publish","4":"has-post-thumbnail","6":"product_cat-tarpaulin","8":"first","9":"instock","10":"shipping-taxable","11":"product-type-simple"},"acf":[],"_links":{"self":[{"href":"https:\/\/toprisesafety.com\/de\/wp-json\/wp\/v2\/product\/14044","targetHints":{"allow":["GET"]}}],"collection":[{"href":"https:\/\/toprisesafety.com\/de\/wp-json\/wp\/v2\/product"}],"about":[{"href":"https:\/\/toprisesafety.com\/de\/wp-json\/wp\/v2\/types\/product"}],"wp:featuredmedia":[{"embeddable":true,"href":"https:\/\/toprisesafety.com\/de\/wp-json\/wp\/v2\/media\/14045"}],"wp:attachment":[{"href":"https:\/\/toprisesafety.com\/de\/wp-json\/wp\/v2\/media?parent=14044"}],"wp:term":[{"taxonomy":"product_brand","embeddable":true,"href":"https:\/\/toprisesafety.com\/de\/wp-json\/wp\/v2\/product_brand?post=14044"},{"taxonomy":"product_cat","embeddable":true,"href":"https:\/\/toprisesafety.com\/de\/wp-json\/wp\/v2\/product_cat?post=14044"},{"taxonomy":"product_tag","embeddable":true,"href":"https:\/\/toprisesafety.com\/de\/wp-json\/wp\/v2\/product_tag?post=14044"}],"curies":[{"name":"wp","href":"https:\/\/api.w.org\/{rel}","templated":true}]}}