{"id":14008,"date":"2025-07-22T08:24:42","date_gmt":"2025-07-22T08:24:42","guid":{"rendered":"https:\/\/toprisesafety.com\/?post_type=product&#038;p=14008"},"modified":"2025-07-22T08:45:03","modified_gmt":"2025-07-22T08:45:03","slug":"transparent-pe-tarpaulin","status":"publish","type":"product","link":"https:\/\/toprisesafety.com\/de\/product\/transparent-pe-tarpaulin\/","title":{"rendered":"Transparente PE-Plane"},"content":{"rendered":"<h1>Transparente PE-Plane<\/h1>\n<p><strong><b>Transparent<\/b><\/strong><strong><b>\u00a0PE-Plane <\/b><\/strong><strong><b>Spezifikation<\/b><\/strong><\/p>\n<table>\n<tbody>\n<tr>\n<td width=\"288\"><strong><b>Name<\/b><\/strong><\/td>\n<td width=\"288\">Transparenter Regenschutz<\/td>\n<\/tr>\n<tr>\n<td width=\"288\"><strong><b>Farbe<\/b><\/strong><\/td>\n<td width=\"288\">Transparentes Wei\u00df<\/td>\n<\/tr>\n<tr>\n<td width=\"288\"><strong><b>Material<\/b><\/strong><\/td>\n<td width=\"288\">Haupts\u00e4chlich PE-Kunststofffolie + beschichtete Stoffeinfassung<\/td>\n<\/tr>\n<tr>\n<td width=\"288\"><strong><b>Gr\u00f6\u00dfe<\/b><\/strong><\/td>\n<td width=\"288\">Lagergr\u00f6\u00dfe + Kundenspezifische Gr\u00f6\u00dfe<\/td>\n<\/tr>\n<tr>\n<td width=\"288\"><strong><b>Dicke <\/b><\/strong><\/td>\n<td width=\"288\">0,08 mm, 0,10 mm<\/td>\n<\/tr>\n<tr>\n<td width=\"288\"><strong><b>Bereich<\/b><\/strong><\/td>\n<td width=\"288\">Anpassbar<\/td>\n<\/tr>\n<tr>\n<td width=\"288\"><strong><b>Eigenschaften<\/b><\/strong><\/td>\n<td width=\"288\">Gute Lichtdurchl\u00e4ssigkeit, umweltfreundlich und geruchsneutral, wind- und regendicht, w\u00e4rme- und feuchtigkeitsgesch\u00fctzt<\/td>\n<\/tr>\n<\/tbody>\n<\/table>\n<h2><strong><b>Formen<\/b><\/strong><\/h2>\n<p>Regelm\u00e4\u00dfige Form: Gr\u00f6\u00dfe vorsehen<\/p>\n<p>Besondere Form: Zeichnung vorlegen<\/p>\n<h2><strong><b>Produktgr\u00f6\u00dfen<\/b><\/strong><\/h2>\n<table>\n<tbody>\n<tr>\n<td width=\"96\"><strong><b>Gr\u00f6\u00dfe<\/b><\/strong><\/td>\n<td width=\"96\"><strong><b>Tats\u00e4chliche Gr\u00f6\u00dfe<\/b><\/strong><\/td>\n<td width=\"96\"><strong><b>Gr\u00f6\u00dfe<\/b><\/strong><\/td>\n<td width=\"96\"><strong><b>Tats\u00e4chliche Gr\u00f6\u00dfe<\/b><\/strong><\/td>\n<td width=\"96\"><strong><b>Gr\u00f6\u00dfe<\/b><\/strong><\/td>\n<td width=\"96\"><strong><b>Tats\u00e4chliche Gr\u00f6\u00dfe<\/b><\/strong><\/td>\n<\/tr>\n<tr>\n<td width=\"96\">2x2m<\/td>\n<td width=\"96\">1.9\u00d71.9m<\/td>\n<td width=\"96\">4x6m<\/td>\n<td width=\"96\">3.8\u00d75.8m<\/td>\n<td width=\"96\">6x7m<\/td>\n<td width=\"96\">5.8\u00d76.8m<\/td>\n<\/tr>\n<tr>\n<td width=\"96\">2x3m<\/td>\n<td width=\"96\">1.9\u00d72.9m<\/td>\n<td width=\"96\">4x8m<\/td>\n<td width=\"96\">3.8\u00d77.8m<\/td>\n<td width=\"96\">6x8m<\/td>\n<td width=\"96\">5.8\u00d77.8m<\/td>\n<\/tr>\n<tr>\n<td width=\"96\">3x3m<\/td>\n<td width=\"96\">2.8\u00d72.8m<\/td>\n<td width=\"96\">5x5m<\/td>\n<td width=\"96\">4.8\u00d74.8m<\/td>\n<td width=\"96\">6x10m<\/td>\n<td width=\"96\">5.8\u00d79.8m<\/td>\n<\/tr>\n<tr>\n<td width=\"96\">3x4m<\/td>\n<td width=\"96\">2.8\u00d73.8m<\/td>\n<td width=\"96\">5x6m<\/td>\n<td width=\"96\">4.8\u00d75.8m<\/td>\n<td width=\"96\">6x12m<\/td>\n<td width=\"96\">5.8\u00d711.7m<\/td>\n<\/tr>\n<tr>\n<td width=\"96\">3x5m<\/td>\n<td width=\"96\">2.8\u00d74.8m<\/td>\n<td width=\"96\">5x7m<\/td>\n<td width=\"96\">4.8\u00d76.8m<\/td>\n<td width=\"96\">7x8m<\/td>\n<td width=\"96\">6.7\u00d77.7m<\/td>\n<\/tr>\n<tr>\n<td width=\"96\">3x6m<\/td>\n<td width=\"96\">2.8\u00d75.8m<\/td>\n<td width=\"96\">5x8m<\/td>\n<td width=\"96\">4.8\u00d77.8m<\/td>\n<td width=\"96\">8x10m<\/td>\n<td width=\"96\">7.7\u00d79.7m<\/td>\n<\/tr>\n<tr>\n<td width=\"96\">4x4m<\/td>\n<td width=\"96\">3.8\u00d73.8m<\/td>\n<td width=\"96\">5x10m<\/td>\n<td width=\"96\">4.8\u00d79.8m<\/td>\n<td width=\"96\">10x20m<\/td>\n<td width=\"96\">9.6\u00d719.7m<\/td>\n<\/tr>\n<tr>\n<td width=\"96\">4x5m<\/td>\n<td width=\"96\">3.8\u00d74.8m<\/td>\n<td width=\"96\">6x6m<\/td>\n<td width=\"96\">5.8\u00d75.8m<\/td>\n<td width=\"96\"><\/td>\n<td width=\"96\"><\/td>\n<\/tr>\n<\/tbody>\n<\/table>\n<h2 data-start=\"58\" data-end=\"110\">\ud83c\udf1f <strong data-start=\"65\" data-end=\"110\">Anwendungen von transparenter PE-Plane:<\/strong><\/h2>\n<ol data-start=\"112\" data-end=\"1164\">\n<li data-start=\"112\" data-end=\"235\">\n<p data-start=\"115\" data-end=\"235\"><strong data-start=\"115\" data-end=\"138\">Gew\u00e4chshausabdeckung<\/strong><br data-start=\"138\" data-end=\"141\" \/>Ideal f\u00fcr das Pflanzenwachstum mit guter Isolierung, Lichtdurchl\u00e4ssigkeit und wasserdichtem Schutz.<\/p>\n<\/li>\n<li data-start=\"237\" data-end=\"342\">\n<p data-start=\"240\" data-end=\"342\"><strong data-start=\"240\" data-end=\"272\">Unterstand f\u00fcr Marktst\u00e4nde im Freien<\/strong><br data-start=\"272\" data-end=\"275\" \/>Bietet Schutz vor Regen und Sonne und h\u00e4lt die Produkte sichtbar.<\/p>\n<\/li>\n<li data-start=\"344\" data-end=\"440\">\n<p data-start=\"347\" data-end=\"440\"><strong data-start=\"347\" data-end=\"378\">Vord\u00e4cher\/Carports im Freien<\/strong><br data-start=\"378\" data-end=\"381\" \/>Sie k\u00f6nnen als regenfeste, winddichte oder einfache Sonnenschutzabdeckungen verwendet werden.<\/p>\n<\/li>\n<li data-start=\"442\" data-end=\"544\">\n<p data-start=\"445\" data-end=\"544\"><strong data-start=\"445\" data-end=\"477\">Schutz der Baustelle<\/strong><br data-start=\"477\" data-end=\"480\" \/>H\u00e4lt Wind, Regen und Staub ab; sch\u00fctzt Baumaterialien.<\/p>\n<\/li>\n<li data-start=\"546\" data-end=\"662\">\n<p data-start=\"549\" data-end=\"662\"><strong data-start=\"549\" data-end=\"597\">Wind- und Regensperren f\u00fcr T\u00fcren und Fenster<\/strong><br data-start=\"597\" data-end=\"600\" \/>Vor\u00fcbergehende Abdeckungen f\u00fcr Balkone, Werkseing\u00e4nge usw.<\/p>\n<\/li>\n<li data-start=\"664\" data-end=\"821\">\n<p data-start=\"667\" data-end=\"821\"><strong data-start=\"667\" data-end=\"699\">Viehzucht und Setzlingszuchtbetriebe<\/strong><br data-start=\"699\" data-end=\"702\" \/>Sorgt f\u00fcr W\u00e4rme, Feuchtigkeitsregulierung und Isolierung vor Verunreinigungen - geeignet f\u00fcr Gefl\u00fcgel, Aquakulturen und G\u00e4rtnereien.<\/p>\n<\/li>\n<li data-start=\"823\" data-end=\"923\">\n<p data-start=\"826\" data-end=\"923\"><strong data-start=\"826\" data-end=\"856\">Lagerhaus\/Warenabdeckung<\/strong><br data-start=\"856\" data-end=\"859\" \/>Sch\u00fctzt Maschinen und Materialien vor Staub, Wasser und Alterung.<\/p>\n<\/li>\n<li data-start=\"925\" data-end=\"1036\">\n<p data-start=\"928\" data-end=\"1036\"><strong data-start=\"928\" data-end=\"955\">Plane f\u00fcr Veranstaltungen im Freien<\/strong><br data-start=\"955\" data-end=\"958\" \/>Dient als Schatten- oder Regenschutz f\u00fcr Camping, St\u00e4nde, Bankette im Freien usw.<\/p>\n<\/li>\n<li data-start=\"1038\" data-end=\"1164\">\n<p data-start=\"1041\" data-end=\"1164\"><strong data-start=\"1041\" data-end=\"1094\">Industrielle Staubschutzvorh\u00e4nge\/Transparente Trennw\u00e4nde<\/strong><br data-start=\"1094\" data-end=\"1097\" \/>Dient als klare Abtrennung von Arbeitsbereichen zur Minimierung von Verunreinigungen.<\/p>\n<\/li>\n<\/ol>\n<h2 data-start=\"90\" data-end=\"138\"><strong data-start=\"96\" data-end=\"138\">Vorteile der transparenten PE-Plane<\/strong><\/h2>\n<ul data-start=\"140\" data-end=\"955\">\n<li data-start=\"140\" data-end=\"250\">\n<p data-start=\"143\" data-end=\"250\"><strong data-start=\"143\" data-end=\"164\">Hohe Transparenz<\/strong>-L\u00e4sst nat\u00fcrliches Licht durch, ideal f\u00fcr Gew\u00e4chsh\u00e4user und Produktausstellungen.<\/p>\n<\/li>\n<li data-start=\"251\" data-end=\"317\">\n<p data-start=\"254\" data-end=\"317\"><strong data-start=\"254\" data-end=\"268\">Wasserdicht<\/strong>-H\u00e4lt Regen, Schnee und Feuchtigkeit wirksam ab.<\/p>\n<\/li>\n<li data-start=\"318\" data-end=\"416\">\n<p data-start=\"321\" data-end=\"416\"><strong data-start=\"321\" data-end=\"349\">Langlebig &amp; rei\u00dffest<\/strong>-Hergestellt aus verst\u00e4rktem PE-Material f\u00fcr dauerhafte Leistung.<\/p>\n<\/li>\n<li data-start=\"417\" data-end=\"487\">\n<p data-start=\"420\" data-end=\"487\"><strong data-start=\"420\" data-end=\"446\">Leicht und tragbar<\/strong>-Leicht zu tragen, zu transportieren und zu lagern.<\/p>\n<\/li>\n<li data-start=\"488\" data-end=\"567\">\n<p data-start=\"491\" data-end=\"567\"><strong data-start=\"491\" data-end=\"507\">UV-best\u00e4ndig<\/strong>-Sch\u00fctzt vor sch\u00e4dlicher Sonneneinstrahlung und verz\u00f6gert die Alterung.<\/p>\n<\/li>\n<li data-start=\"568\" data-end=\"661\">\n<p data-start=\"571\" data-end=\"661\"><strong data-start=\"571\" data-end=\"599\">Umweltfreundlich und geruchsneutral<\/strong>-Hergestellt aus ungiftiger und geruchsneutraler PE-Folie.<\/p>\n<\/li>\n<li data-start=\"662\" data-end=\"742\">\n<p data-start=\"665\" data-end=\"742\"><strong data-start=\"665\" data-end=\"684\">Weich und flexibel<\/strong>-Einfach zu installieren, zu falten und an verschiedene Oberfl\u00e4chen anzupassen.<\/p>\n<\/li>\n<li data-start=\"743\" data-end=\"839\">\n<p data-start=\"746\" data-end=\"839\"><strong data-start=\"746\" data-end=\"775\">Gr\u00f6\u00dfe und Form anpassbar<\/strong>-Kann an spezielle Strukturen und Anforderungen angepasst werden.<\/p>\n<\/li>\n<li data-start=\"840\" data-end=\"955\">\n<p data-start=\"843\" data-end=\"955\"><strong data-start=\"843\" data-end=\"868\">Vielseitige Anwendung<\/strong>-Weit verbreitet in der Landwirtschaft, im Bauwesen, in der Logistik, bei Veranstaltungen und in tempor\u00e4ren Unterk\u00fcnften.<\/p>\n<\/li>\n<\/ul>\n<h2><a href=\"https:\/\/toprisesafety.com\/de\/product-category\/outdoor-goods\/tarpaulin\/\">Erfahren Sie mehr \u00fcber TOPRISE PE-Plane<\/a>. Wir k\u00f6nnen Farben und Gr\u00f6\u00dfen anpassen.<\/h2>\n<p>&nbsp;<\/p>\n<ol>\n<li style=\"list-style-type: none;\"><\/li>\n<\/ol>\n<p>&nbsp;<\/p>","protected":false},"excerpt":{"rendered":"<p><strong><b>Art Nr.<\/b><\/strong>: PET02<\/p>\n<p><strong><b>Material<\/b><\/strong>: PE<\/p>\n<p><strong><b>Gewicht<\/b><\/strong> : 60 g\/qm oder g\/qm<\/p>\n<p><strong><b>Dicke: 0,08mm, 0,10mm<\/b><\/strong><\/p>\n<p><strong><b>Gr\u00f6\u00dfe<\/b><\/strong>: siehe untenstehendes Gr\u00f6\u00dfenblatt oder nach Kundenwunsch<\/p>\n<p><strong><b>Farbe<\/b><\/strong>: klar<\/p>\n<p>&nbsp;<\/p>","protected":false},"featured_media":14015,"template":"","meta":{"_acf_changed":false},"product_brand":[],"product_cat":[319],"product_tag":[317],"class_list":{"0":"post-14008","1":"product","2":"type-product","3":"status-publish","4":"has-post-thumbnail","6":"product_cat-tarpaulin","7":"product_tag-pe-tarpaulin","9":"first","10":"instock","11":"product-type-simple"},"acf":[],"_links":{"self":[{"href":"https:\/\/toprisesafety.com\/de\/wp-json\/wp\/v2\/product\/14008","targetHints":{"allow":["GET"]}}],"collection":[{"href":"https:\/\/toprisesafety.com\/de\/wp-json\/wp\/v2\/product"}],"about":[{"href":"https:\/\/toprisesafety.com\/de\/wp-json\/wp\/v2\/types\/product"}],"wp:featuredmedia":[{"embeddable":true,"href":"https:\/\/toprisesafety.com\/de\/wp-json\/wp\/v2\/media\/14015"}],"wp:attachment":[{"href":"https:\/\/toprisesafety.com\/de\/wp-json\/wp\/v2\/media?parent=14008"}],"wp:term":[{"taxonomy":"product_brand","embeddable":true,"href":"https:\/\/toprisesafety.com\/de\/wp-json\/wp\/v2\/product_brand?post=14008"},{"taxonomy":"product_cat","embeddable":true,"href":"https:\/\/toprisesafety.com\/de\/wp-json\/wp\/v2\/product_cat?post=14008"},{"taxonomy":"product_tag","embeddable":true,"href":"https:\/\/toprisesafety.com\/de\/wp-json\/wp\/v2\/product_tag?post=14008"}],"curies":[{"name":"wp","href":"https:\/\/api.w.org\/{rel}","templated":true}]}}