{"id":13113,"date":"2025-06-12T05:52:21","date_gmt":"2025-06-12T05:52:21","guid":{"rendered":"https:\/\/toprisesafety.com\/?post_type=product&#038;p=13113"},"modified":"2025-06-12T07:48:24","modified_gmt":"2025-06-12T07:48:24","slug":"lab-coat","status":"publish","type":"product","link":"https:\/\/toprisesafety.com\/de\/product\/lab-coat\/","title":{"rendered":"Laborkittel"},"content":{"rendered":"<h2>Laborkittel<\/h2>\n<p>Ningbo Toprise ist auf die Herstellung von hochwertigen Sicherheitsuniformen spezialisiert. Wir bieten personalisierte Anpassungsdienste, einschlie\u00dflich Stile, Logos, Gr\u00f6\u00dfen, Farben und Verpackungen. Wir setzen fortschrittliche Produktionstechniken und hochwertige Stoffe ein, um den Komfort und die Haltbarkeit der Uniformen zu gew\u00e4hrleisten. Ganz gleich, ob es sich um eine unternehmensspezifische Anpassung oder um Gruppenanforderungen handelt, wir k\u00f6nnen ma\u00dfgeschneiderte L\u00f6sungen anbieten, die den Bed\u00fcrfnissen der verschiedenen Kunden gerecht werden. Mit unserer langj\u00e4hrigen Erfahrung und unseren professionellen Dienstleistungen stellen wir sicher, dass jede Uniform den hohen Standards entspricht.<\/p>\n<p>Wie kann man bei uns Sicherheitsuniformen bestellen?<\/p>\n<ul>\n<li>Nennen Sie uns Ihre Anforderungen, einschlie\u00dflich Stil, Farbe, Menge, Logo-Design und Verpackungsspezifikationen.<\/li>\n<li>Wir bieten Kostenvoranschl\u00e4ge. Geben Sie detaillierte Preise auf der Grundlage Ihrer Anforderungen.<\/li>\n<li>Unterst\u00fctzung beim Proofing: Wir stellen Ihnen Muster zur Verf\u00fcgung, um sicherzustellen, dass sie Ihren Anforderungen entsprechen.<\/li>\n<li>Erteilen Sie einen Auftrag f\u00fcr die Produktion: Nachdem Sie das Muster best\u00e4tigt haben, k\u00f6nnen Sie die offizielle Bestellung aufgeben. Wir werden die Produktion p\u00fcnktlich fertigstellen und ausliefern.<\/li>\n<\/ul>\n<table style=\"height: 521px;\" width=\"784\">\n<tbody>\n<tr>\n<td colspan=\"2\" width=\"748\"><strong><b>Stoff-Serie<\/b><\/strong><\/td>\n<\/tr>\n<tr>\n<td width=\"105\">Zusammensetzung des Gewebes<\/td>\n<td width=\"643\">100% Baumwolle, 150g\/170g\/200g\/240g\/260g\/280g\/310g\/330g\/360g\/400g\/420g zur Auswahl<\/td>\n<\/tr>\n<tr>\n<td width=\"105\"><\/td>\n<td width=\"643\">100% Baumwolle, 150g\/170g\/200g\/240g\/260g\/280g\/310g\/330g\/360g\/400g\/420g zur Auswahl<\/td>\n<\/tr>\n<tr>\n<td width=\"105\"><\/td>\n<td width=\"643\">Polyester\/Baumwollgewebe (80\/20 oder 65\/35 oder 90\/10), 90\/10), 150g\/170g\/200g\/240g\/260g\/280g\/310g\/330g\/360g\/400g\/420g zur Auswahl<\/td>\n<\/tr>\n<tr>\n<td width=\"105\"><\/td>\n<td width=\"643\">Aramidfaser, 120g\/150g\/180g\/210g\/260g\/300g<\/td>\n<\/tr>\n<tr>\n<td width=\"105\">Verschiedene Farben zur Auswahl<\/td>\n<td width=\"643\"><img decoding=\"async\" class=\"alignnone size-medium wp-image-13105\" src=\"https:\/\/toprisesafety.com\/wp-content\/uploads\/2025\/06\/color-300x24.png\" alt=\"\" width=\"300\" height=\"24\" srcset=\"https:\/\/toprisesafety.com\/wp-content\/uploads\/2025\/06\/color-300x24.png 300w, https:\/\/toprisesafety.com\/wp-content\/uploads\/2025\/06\/color-600x49.png 600w, https:\/\/toprisesafety.com\/wp-content\/uploads\/2025\/06\/color.png 712w\" sizes=\"(max-width: 300px) 100vw, 300px\" \/><\/td>\n<\/tr>\n<tr>\n<td colspan=\"2\" width=\"748\"><strong><b>Arbeitskleidung Serie<\/b><\/strong><\/td>\n<\/tr>\n<tr>\n<td width=\"105\">Hauptreihe<\/td>\n<td width=\"643\">Flammhemmende Kleidung, antistatische Kleidung, Schwei\u00dferkleidung, Brandschutzkleidung, Notfallkleidung, Schutzkleidung gegen S\u00e4uren und Laugen und Multifunktionskleidung. Unterst\u00fctzung der Anpassung.<\/td>\n<\/tr>\n<tr>\n<td width=\"105\">Wichtigste Funktionen<\/td>\n<td width=\"643\">Flammhemmend, antistatisch, \u00f6l- und s\u00e4urebest\u00e4ndig, alkalibest\u00e4ndig, m\u00fcckenhemmend, UV-best\u00e4ndig<\/td>\n<\/tr>\n<tr>\n<td width=\"105\">Anwendungsbereiche<\/td>\n<td width=\"643\">Waldbrandschutz, Petrochemie, Erdgas, Autoreparatur, Stromerzeugung, Bergbau, Schwei\u00dfen, Sicherheitsanwendungen und andere Industrien<\/td>\n<\/tr>\n<tr>\n<td width=\"105\">Exportmarkt<\/td>\n<td width=\"643\">Europa, Nordamerika, Afrika, S\u00fcdafrika, S\u00fcdamerika<\/td>\n<\/tr>\n<\/tbody>\n<\/table>\n<p>&nbsp;<\/p>","protected":false},"excerpt":{"rendered":"<p>Art.Nr. LC08<\/p>\n<p>Material: 100%Cotton, T\/C 80\/20, T\/C 65\/35, 100%Polyester<\/p>\n<p>Gewicht: 120-420G\/SQM oder kundenspezifisch<\/p>\n<p>Farbe: verschiedene Farben zur Auswahl.<\/p>\n<p>Gr\u00f6\u00dfe: S-XXXL ( Unterst\u00fctzung Anpassung\uff09<\/p>\n<p>MOQ :1000 PCS.<\/p>","protected":false},"featured_media":13117,"template":"","meta":{"_acf_changed":false},"product_brand":[],"product_cat":[402],"product_tag":[],"class_list":{"0":"post-13113","1":"product","2":"type-product","3":"status-publish","4":"has-post-thumbnail","6":"product_cat-security-uniform","8":"first","9":"instock","10":"shipping-taxable","11":"product-type-simple"},"acf":[],"_links":{"self":[{"href":"https:\/\/toprisesafety.com\/de\/wp-json\/wp\/v2\/product\/13113"}],"collection":[{"href":"https:\/\/toprisesafety.com\/de\/wp-json\/wp\/v2\/product"}],"about":[{"href":"https:\/\/toprisesafety.com\/de\/wp-json\/wp\/v2\/types\/product"}],"wp:featuredmedia":[{"embeddable":true,"href":"https:\/\/toprisesafety.com\/de\/wp-json\/wp\/v2\/media\/13117"}],"wp:attachment":[{"href":"https:\/\/toprisesafety.com\/de\/wp-json\/wp\/v2\/media?parent=13113"}],"wp:term":[{"taxonomy":"product_brand","embeddable":true,"href":"https:\/\/toprisesafety.com\/de\/wp-json\/wp\/v2\/product_brand?post=13113"},{"taxonomy":"product_cat","embeddable":true,"href":"https:\/\/toprisesafety.com\/de\/wp-json\/wp\/v2\/product_cat?post=13113"},{"taxonomy":"product_tag","embeddable":true,"href":"https:\/\/toprisesafety.com\/de\/wp-json\/wp\/v2\/product_tag?post=13113"}],"curies":[{"name":"wp","href":"https:\/\/api.w.org\/{rel}","templated":true}]}}