{"id":12961,"date":"2025-06-04T07:05:31","date_gmt":"2025-06-04T07:05:31","guid":{"rendered":"https:\/\/toprisesafety.com\/?post_type=product&#038;p=12961"},"modified":"2025-06-05T06:26:32","modified_gmt":"2025-06-05T06:26:32","slug":"custom-waterproof-car-cover","status":"publish","type":"product","link":"https:\/\/toprisesafety.com\/de\/product\/custom-waterproof-car-cover\/","title":{"rendered":"Individuelle wasserdichte Autoabdeckung"},"content":{"rendered":"<h2>Individuelle wasserdichte Autoabdeckung<\/h2>\n<p><strong><b>Individuelle wasserdichte Autoabdeckung<\/b><\/strong><strong><b>\u00a0<\/b><\/strong><strong><b>Merkmale: <\/b><\/strong><\/p>\n<ul>\n<li>Sonnenschutz: Blockiert wirksam ultraviolette Strahlen und sch\u00fctzt den Autolack vor dem Ausbleichen.<\/li>\n<li>Wasserdicht: Verhindert das Eindringen von Wasser und sch\u00fctzt die Fahrzeugkarosserie vor N\u00e4sse.<\/li>\n<li>Staubvermeidung: Verhindern Sie das Eindringen von Staub und Sandpartikeln; halten Sie das Fahrzeug sauber.<\/li>\n<li>Wetterfest: Sch\u00fctzt das Auto effektiv vor den Auswirkungen von Regen und Schnee.<\/li>\n<li>Antifouling: Verhindert die Verschmutzung der Fahrzeugkarosserie durch \u00d6l, Harz usw.<\/li>\n<li>Anti-statisch: Verringert die Ansammlung statischer Elektrizit\u00e4t und h\u00e4lt die Innen- und Au\u00dfenseite des Fahrzeugs sauber.<\/li>\n<li>Gefrierschutz: Sch\u00fctzt das Fahrzeug vor den Auswirkungen kalter Witterung.<\/li>\n<li>Kratzfest: Hohe Verschlei\u00dffestigkeit, verhindert effektiv Kratzer.<\/li>\n<li>Ma\u00dfgeschneiderter Service: Sie k\u00f6nnen die Gr\u00f6\u00dfe, die Farbe, den Stoff, das Logo und die Verpackung individuell gestalten.<\/li>\n<\/ul>\n<div style=\"width: 800px;\" class=\"wp-video\"><!--[if lt IE 9]><script>document.createElement('video');<\/script><![endif]-->\n<video class=\"wp-video-shortcode\" id=\"video-12961-1\" width=\"800\" height=\"450\" preload=\"metadata\" controls=\"controls\"><source type=\"video\/mp4\" src=\"https:\/\/toprisesafety.com\/wp-content\/uploads\/2025\/06\/waterproof-car-cover.mp4?_=1\" \/><a href=\"https:\/\/toprisesafety.com\/wp-content\/uploads\/2025\/06\/waterproof-car-cover.mp4\">https:\/\/toprisesafety.com\/wp-content\/uploads\/2025\/06\/waterproof-car-cover.mp4<\/a><\/video><\/div>\n<table>\n<tbody>\n<tr>\n<td width=\"284\">ART NO.<\/td>\n<td width=\"284\">CC01<\/td>\n<\/tr>\n<tr>\n<td width=\"284\">Material<\/td>\n<td width=\"284\">210D\u00a0\/420D Oxford fabric with PA coated or 190T \/210T polyester with silver coated customized<\/td>\n<\/tr>\n<tr>\n<td width=\"284\">Gr\u00f6\u00dfe<\/td>\n<td width=\"284\">Limousine 3S\/3M\/3L\/3XL\/3XXL, Gel\u00e4ndewagen YM\/YL\/YXL\/YXXXL, Kleintransporter S\/M\/L\/XL\/XXL, oder individuell je nach Fahrzeugmodell<\/p>\n<p>&nbsp;<\/td>\n<\/tr>\n<tr>\n<td width=\"284\">Farbe<\/td>\n<td width=\"284\">Schwarz oder individuell<\/td>\n<\/tr>\n<tr>\n<td width=\"284\">Logo-Druck<\/td>\n<td width=\"284\">verf\u00fcgbar<\/td>\n<\/tr>\n<tr>\n<td width=\"284\">Verpacken<\/td>\n<td width=\"284\">1 St\u00fcck pro Beutel aus demselben Material oder kundenspezifisch verpackt<\/td>\n<\/tr>\n<tr>\n<td width=\"284\">MOQ<\/td>\n<td width=\"284\">100 STCK.<\/td>\n<\/tr>\n<tr>\n<td width=\"284\">Individuelles Design<\/td>\n<td width=\"284\">Unterst\u00fctzung<\/td>\n<\/tr>\n<\/tbody>\n<\/table>\n<p><strong><b>Individuelle wasserdichte Autoabdeckung<\/b><\/strong><strong><b>\u00a0Anmeldung<\/b><\/strong><strong><b>\u00a0Felder: <\/b><\/strong><\/p>\n<ul>\n<li>Parken in der Stadt: Schutz der Fahrzeuge vor \u00e4u\u00dferen Einfl\u00fcssen wie Staub, Regen und ultravioletter Strahlung.<\/li>\n<li>Das Langzeitparken zielt darauf ab, die Fahrzeugkarosserie \u00fcber einen l\u00e4ngeren Zeitraum vor Verschmutzung, Kratzern oder Alterung zu sch\u00fctzen.<\/li>\n<li>Parken unter freiem Himmel: Geeignet f\u00fcr Parkpl\u00e4tze im Freien oder unbeaufsichtigte Parkpl\u00e4tze und Parkpl\u00e4tze am Stra\u00dfenrand.<\/li>\n<li>Fahrzeugtransport: Wird verwendet, um das Aussehen des Fahrzeugs w\u00e4hrend des Transports zu sch\u00fctzen, um Sch\u00e4den durch Sand, Wind, Regen und Schnee zu vermeiden.<\/li>\n<li>Kommerzielle Ausstellung: Sch\u00fctzen Sie die ausgestellten Fahrzeuge z. B. auf Autoshows und Messen vor \u00e4u\u00dferen Einfl\u00fcssen.<\/li>\n<li>Saisonaler Schutz: Ma\u00dfnahmen zum Schutz vor K\u00e4lte im Winter und zum Schutz vor Sonneneinstrahlung im Sommer, die dem Schutzbedarf der verschiedenen Jahreszeiten Rechnung tragen.<\/li>\n<li>Lagerung von Gebrauchtwagen: Schutz des Aussehens der zum Verkauf stehenden Autos und Erhaltung ihres Wertes<\/li>\n<li>Wartung und Instandhaltung: Der Besitzer verwendet es w\u00e4hrend der Reparatur, um die Karosserie vor dem Eindringen von Staub und Schmutz zu sch\u00fctzen.<\/li>\n<\/ul>\n<p>NINGBO TOPRISE ist eine professionelle Fabrik, die sich auf die Herstellung von<a href=\"https:\/\/toprisesafety.com\/de\/product-category\/outdoor-goods\/waterproof-cover\/\"> hochwertige wasserdichte Bez\u00fcge<\/a>Wir haben es uns zur Aufgabe gemacht, unseren Kunden verschiedene ma\u00dfgeschneiderte Schutzl\u00f6sungen zu bieten. Mit fortschrittlichen Produktionsanlagen und reicher Industrieerfahrung decken unsere Produkte eine breite Palette von Typen wie Motorradabdeckungen, Autoabdeckungen, M\u00f6belabdeckungen und Fahrradabdeckungen ab. Alle wasserdichten Abdeckungen werden aus hochwertigen wasserdichten Stoffen hergestellt, wie 420D Oxford Gewebe und 210D Oxford Gewebe, mit mehreren Funktionen wie Wasserdichtigkeit, UV-Schutz, Staubschutz, Windbest\u00e4ndigkeit und Kratzfestigkeit, die Ihre Ausr\u00fcstung effektiv vor \u00e4u\u00dferen Umwelteinfl\u00fcssen sch\u00fctzen k\u00f6nnen.<br \/>\nUnser Werk verf\u00fcgt \u00fcber drei hocheffiziente Produktionslinien, die jeweils mit fortschrittlichen automatisierten Anlagen ausgestattet sind und es uns erm\u00f6glichen, verschiedene wasserdichte Abdeckungen mit hoher Effizienz und Stabilit\u00e4t herzustellen. In der Fabrik sind derzeit etwa 150 Mitarbeiter besch\u00e4ftigt, darunter Techniker, Bediener, Qualit\u00e4tspr\u00fcfer und ein Support-Team f\u00fcr die Logistik. Wir sind in der Lage, kundenspezifische Dienstleistungen in Bezug auf verschiedene Gr\u00f6\u00dfen, Farben und Stoffe entsprechend den Kundenanforderungen anzubieten. Dar\u00fcber hinaus bieten wir LOGO-Druck und personalisierte Verpackungen an, um die Anforderungen verschiedener Branchen und M\u00e4rkte zu erf\u00fcllen. Alle Produkte werden strengen Qualit\u00e4tskontrollen unterzogen, um sicherzustellen, dass sie hohen Standards entsprechen und die unterschiedlichen Bed\u00fcrfnisse der Kunden erf\u00fcllen k\u00f6nnen.<br \/>\nWir haben uns immer an das Prinzip \"Qualit\u00e4t an erster Stelle und Service an erster Stelle\" gehalten und sind bestrebt, ein zuverl\u00e4ssiger Lieferant von wasserdichten Abdeckungen f\u00fcr Kunden in aller Welt zu werden.<br \/>\nWenn Sie Fragen zu wasserdichten Abdeckungen haben, <a href=\"https:\/\/toprisesafety.com\/de\/contact-us\/\">kontaktieren Sie uns frei.<\/a><\/p>","protected":false},"excerpt":{"rendered":"<p>Art No.CC01<\/p>\n<p>Material:\u00a0210D\u00a0\/420D Oxford fabric with PA coated or 190T \/210T polyester with silver coated customized<\/p>\n<p>Gr\u00f6\u00dfe: Limousine 3S\/3M\/3L\/3XL\/3XXL, Gel\u00e4ndewagen YM\/YL\/YXL\/YXXXL, Pickup S\/M\/L\/XL\/XXL, oder individuell je nach Fahrzeugmodell<\/p>\n<p>Farbe:Schwarz oder individuell<\/p>\n<p>Logodruck: verf\u00fcgbar<\/p>\n<p>MOQ: 300PCS<\/p>","protected":false},"featured_media":12963,"template":"","meta":{"_acf_changed":false},"product_brand":[],"product_cat":[371,401],"product_tag":[],"class_list":{"0":"post-12961","1":"product","2":"type-product","3":"status-publish","4":"has-post-thumbnail","6":"product_cat-outdoor-goods","7":"product_cat-waterproof-cover","9":"first","10":"instock","11":"shipping-taxable","12":"product-type-simple"},"acf":[],"_links":{"self":[{"href":"https:\/\/toprisesafety.com\/de\/wp-json\/wp\/v2\/product\/12961"}],"collection":[{"href":"https:\/\/toprisesafety.com\/de\/wp-json\/wp\/v2\/product"}],"about":[{"href":"https:\/\/toprisesafety.com\/de\/wp-json\/wp\/v2\/types\/product"}],"wp:featuredmedia":[{"embeddable":true,"href":"https:\/\/toprisesafety.com\/de\/wp-json\/wp\/v2\/media\/12963"}],"wp:attachment":[{"href":"https:\/\/toprisesafety.com\/de\/wp-json\/wp\/v2\/media?parent=12961"}],"wp:term":[{"taxonomy":"product_brand","embeddable":true,"href":"https:\/\/toprisesafety.com\/de\/wp-json\/wp\/v2\/product_brand?post=12961"},{"taxonomy":"product_cat","embeddable":true,"href":"https:\/\/toprisesafety.com\/de\/wp-json\/wp\/v2\/product_cat?post=12961"},{"taxonomy":"product_tag","embeddable":true,"href":"https:\/\/toprisesafety.com\/de\/wp-json\/wp\/v2\/product_tag?post=12961"}],"curies":[{"name":"wp","href":"https:\/\/api.w.org\/{rel}","templated":true}]}}