{"id":12956,"date":"2025-06-04T06:58:31","date_gmt":"2025-06-04T06:58:31","guid":{"rendered":"https:\/\/toprisesafety.com\/?post_type=product&#038;p=12956"},"modified":"2025-06-05T06:27:43","modified_gmt":"2025-06-05T06:27:43","slug":"class-c-rv-cover","status":"publish","type":"product","link":"https:\/\/toprisesafety.com\/de\/product\/class-c-rv-cover\/","title":{"rendered":"Klasse C Wohnmobil Abdeckung"},"content":{"rendered":"<h2>Klasse C Wohnmobil Abdeckung<\/h2>\n<p>Klasse C Wohnmobil Abdeckung<strong><b>\u00a0<\/b><\/strong><strong><b>Merkmale:<\/b><\/strong><\/p>\n<p>1) Vliesstoff: wasserdicht, atmungsaktiv, UV-best\u00e4ndig; Oxford-Gewebe: wasserdicht, druckwasserfest, UV-best\u00e4ndig<\/p>\n<p>2) Doppelnadel-N\u00e4hen: Glatt und sch\u00f6n, robust und langlebig<\/p>\n<p>3) Die vorderen und hinteren elastischen B\u00e4nder an der Unterseite der Autoabdeckung und das linke und rechte Schnappverschluss-Stoffband-Design sorgen daf\u00fcr, dass die Autoabdeckung enger anliegt und effektiv verhindert, dass Sand und Staub in das Fahrzeug eindringen, und Sie m\u00fcssen sich keine Sorgen mehr machen, dass die Abdeckung bei starkem Wind weggeweht wird.<\/p>\n<p>4) Die dreieckigen Teile an der Vorder- und R\u00fcckseite sind mit Stoffschnappern ausgestattet, die jederzeit an die Gr\u00f6\u00dfe des Fahrzeugs angepasst werden k\u00f6nnen, damit die Autoabdeckung besser zum Fahrzeug passt und ein sch\u00f6nes Aussehen hat.<\/p>\n<p>5) Rolltor-Design, das den Ein- und Ausstieg bequemer macht.<\/p>\n<p>6) Unabh\u00e4ngige \u00e4u\u00dfere Verpackung Tasche, bequem zu tragen, und einfach zu speichern.<\/p>\n<div style=\"width: 800px;\" class=\"wp-video\"><!--[if lt IE 9]><script>document.createElement('video');<\/script><![endif]-->\n<video class=\"wp-video-shortcode\" id=\"video-12956-1\" width=\"800\" height=\"450\" preload=\"metadata\" controls=\"controls\"><source type=\"video\/mp4\" src=\"https:\/\/toprisesafety.com\/wp-content\/uploads\/2025\/06\/Car-cover-produce-2.mp4?_=1\" \/><a href=\"https:\/\/toprisesafety.com\/wp-content\/uploads\/2025\/06\/Car-cover-produce-2.mp4\">https:\/\/toprisesafety.com\/wp-content\/uploads\/2025\/06\/Car-cover-produce-2.mp4<\/a><\/video><\/div>\n<table>\n<tbody>\n<tr>\n<td width=\"284\">ART NO.<\/td>\n<td width=\"284\">RVC17<\/td>\n<\/tr>\n<tr>\n<td width=\"284\">Material<\/td>\n<td width=\"284\">(1) Oberseite 160-lagiger Vliesstoff + Seiten 100 Gramm einlagiger Vliesstoff<\/p>\n<p>(2) Oberseite 180-lagiger Vliesstoff + Seiten 100 Gramm einlagiger Vliesstoff<\/p>\n<p>(3) Oberseite 300D Oxford-Gewebe + Seiten 160 Gramm vierlagiger Vliesstoff<\/p>\n<p>(4) Der gesamte Bezug besteht aus 300D Oxford-Gewebe.<\/p>\n<p>&nbsp;<\/td>\n<\/tr>\n<tr>\n<td width=\"284\">Gr\u00f6\u00dfe<\/td>\n<td width=\"284\">16\u2032-20\u2019\uff0c20\u2032-23\u2019\uff0c23\u2032-26\u2019\uff0c26\u2032-29\u2019\uff0c29\u2032-32\u2019\uff0c32\u2032-35\u2019\uff0c35\u2032-38\u2019or customized<\/td>\n<\/tr>\n<tr>\n<td width=\"284\">Farbe<\/td>\n<td width=\"284\">Grau oder individuell<\/td>\n<\/tr>\n<tr>\n<td width=\"284\">Logo-Druck<\/td>\n<td width=\"284\">verf\u00fcgbar<\/td>\n<\/tr>\n<tr>\n<td width=\"284\">Verpacken<\/td>\n<td width=\"284\">1 St\u00fcck pro Beutel aus demselben Material oder kundenspezifisch verpackt<\/td>\n<\/tr>\n<tr>\n<td width=\"284\">MOQ<\/td>\n<td width=\"284\">50 STCK.<\/td>\n<\/tr>\n<tr>\n<td width=\"284\">Individuelles Design<\/td>\n<td width=\"284\">Unterst\u00fctzung<\/td>\n<\/tr>\n<\/tbody>\n<\/table>\n<p>Klasse C Wohnmobil Abdeckung Anwendung <strong><b>Felder: <\/b><\/strong><\/p>\n<ul>\n<li>Schutz f\u00fcr das Parken im Freien: Verhindert, dass Staub, Regen, Schnee und ultraviolette Strahlen den Wohnwagen besch\u00e4digen.<\/li>\n<li>Schutz beim Langzeitparken: Schutz des langfristig geparkten Freizeitfahrzeugs vor Sch\u00e4den durch Wind und Sonne.<\/li>\n<li>Schutz w\u00e4hrend der Fahrt: Schutz von Fahrzeugen auf Campingpl\u00e4tzen oder Parkpl\u00e4tzen vor Umwelteinfl\u00fcssen<\/li>\n<li>Zur Verwendung bei Wartungs- und Instandhaltungsarbeiten: um zu verhindern, dass w\u00e4hrend der Reparatur Staub und Schmutz in den Innen- oder Au\u00dfenbereich des Fahrzeugs gelangen.<\/li>\n<li>Schutz von Fahrzeugausstellungen: Schutz des Aussehens von Fahrzeugen bei Autoausstellungen und Messen<\/li>\n<li>Lagerung von Gebrauchtwagen: Sch\u00fctzen Sie das Aussehen der zum Verkauf stehenden Fahrzeuge und erhalten Sie ihren guten Zustand.<\/li>\n<li>Saisonaler Schutz: Besonderer Schutz im Winter oder in der Regenzeit, um Sch\u00e4den durch Frost und Wasseransammlungen zu vermeiden.<\/li>\n<\/ul>\n<p>NINGBO TOPRISE ist eine professionelle Fabrik, die sich auf die Herstellung von<a href=\"https:\/\/toprisesafety.com\/de\/product-category\/outdoor-goods\/waterproof-cover\/\"> hochwertige wasserdichte Bez\u00fcge<\/a>Wir haben es uns zur Aufgabe gemacht, unseren Kunden verschiedene ma\u00dfgeschneiderte Schutzl\u00f6sungen zu bieten. Mit fortschrittlichen Produktionsanlagen und reicher Industrieerfahrung decken unsere Produkte eine breite Palette von Typen wie Motorradabdeckungen, Autoabdeckungen, M\u00f6belabdeckungen und Fahrradabdeckungen ab. Alle wasserdichten Abdeckungen werden aus hochwertigen wasserdichten Stoffen hergestellt, wie 420D Oxford Gewebe und 210D Oxford Gewebe, mit mehreren Funktionen wie Wasserdichtigkeit, UV-Schutz, Staubschutz, Windbest\u00e4ndigkeit und Kratzfestigkeit, die Ihre Ausr\u00fcstung effektiv vor \u00e4u\u00dferen Umwelteinfl\u00fcssen sch\u00fctzen k\u00f6nnen.<br \/>\nUnser Werk verf\u00fcgt \u00fcber drei hocheffiziente Produktionslinien, die jeweils mit fortschrittlichen automatisierten Anlagen ausgestattet sind und es uns erm\u00f6glichen, verschiedene wasserdichte Abdeckungen mit hoher Effizienz und Stabilit\u00e4t herzustellen. In der Fabrik sind derzeit etwa 150 Mitarbeiter besch\u00e4ftigt, darunter Techniker, Bediener, Qualit\u00e4tspr\u00fcfer und ein Support-Team f\u00fcr die Logistik. Wir sind in der Lage, kundenspezifische Dienstleistungen in Bezug auf verschiedene Gr\u00f6\u00dfen, Farben und Stoffe entsprechend den Kundenanforderungen anzubieten. Dar\u00fcber hinaus bieten wir LOGO-Druck und personalisierte Verpackungen an, um die Anforderungen verschiedener Branchen und M\u00e4rkte zu erf\u00fcllen. Alle Produkte werden strengen Qualit\u00e4tskontrollen unterzogen, um sicherzustellen, dass sie hohen Standards entsprechen und die unterschiedlichen Bed\u00fcrfnisse der Kunden erf\u00fcllen k\u00f6nnen.<br \/>\nWir haben uns immer an das Prinzip \"Qualit\u00e4t an erster Stelle und Service an erster Stelle\" gehalten und sind bestrebt, ein zuverl\u00e4ssiger Lieferant von wasserdichten Abdeckungen f\u00fcr Kunden in aller Welt zu werden.<br \/>\nWenn Sie Fragen zu wasserdichten Abdeckungen haben, <a href=\"https:\/\/toprisesafety.com\/de\/contact-us\/\">kontaktieren Sie uns frei.<\/a><\/p>","protected":false},"excerpt":{"rendered":"<p>Art.Nr.RVC17<\/p>\n<p>Stoff:<\/p>\n<p>(1) Oberseite 160-lagiger Vliesstoff + Seiten 100 Gramm einlagiger Vliesstoff<\/p>\n<p>(2) Oberseite 180-lagiger Vliesstoff + Seiten 100 Gramm einlagiger Vliesstoff<\/p>\n<p>(3) Oberseite 300D Oxford-Gewebe + Seiten 160 Gramm vierlagiger Vliesstoff<\/p>\n<p>(4) Der gesamte Bezug besteht aus 300D Oxford-Gewebe.<\/p>\n<p>Farbe: Grau oder individuell<\/p>\n<p>Siz:16\u2032-20\u2019\uff0c20\u2032-23\u2019\uff0c23\u2032-26\u2019\uff0c26\u2032-29\u2019\uff0c29\u2032-32\u2019\uff0c32\u2032-35\u2019\uff0c35\u2032-38\u2019or customized<\/p>\n<p>Logodruck: verf\u00fcgbar<\/p>\n<p>MOQ: 50PCS<\/p>","protected":false},"featured_media":12960,"template":"","meta":{"_acf_changed":false},"product_brand":[],"product_cat":[371,401],"product_tag":[],"class_list":{"0":"post-12956","1":"product","2":"type-product","3":"status-publish","4":"has-post-thumbnail","6":"product_cat-outdoor-goods","7":"product_cat-waterproof-cover","9":"first","10":"instock","11":"shipping-taxable","12":"product-type-simple"},"acf":[],"_links":{"self":[{"href":"https:\/\/toprisesafety.com\/de\/wp-json\/wp\/v2\/product\/12956"}],"collection":[{"href":"https:\/\/toprisesafety.com\/de\/wp-json\/wp\/v2\/product"}],"about":[{"href":"https:\/\/toprisesafety.com\/de\/wp-json\/wp\/v2\/types\/product"}],"wp:featuredmedia":[{"embeddable":true,"href":"https:\/\/toprisesafety.com\/de\/wp-json\/wp\/v2\/media\/12960"}],"wp:attachment":[{"href":"https:\/\/toprisesafety.com\/de\/wp-json\/wp\/v2\/media?parent=12956"}],"wp:term":[{"taxonomy":"product_brand","embeddable":true,"href":"https:\/\/toprisesafety.com\/de\/wp-json\/wp\/v2\/product_brand?post=12956"},{"taxonomy":"product_cat","embeddable":true,"href":"https:\/\/toprisesafety.com\/de\/wp-json\/wp\/v2\/product_cat?post=12956"},{"taxonomy":"product_tag","embeddable":true,"href":"https:\/\/toprisesafety.com\/de\/wp-json\/wp\/v2\/product_tag?post=12956"}],"curies":[{"name":"wp","href":"https:\/\/api.w.org\/{rel}","templated":true}]}}