{"id":12919,"date":"2025-06-04T06:11:57","date_gmt":"2025-06-04T06:11:57","guid":{"rendered":"https:\/\/toprisesafety.com\/?post_type=product&#038;p=12919"},"modified":"2025-06-05T06:31:00","modified_gmt":"2025-06-05T06:31:00","slug":"bike-cover","status":"publish","type":"product","link":"https:\/\/toprisesafety.com\/de\/product\/bike-cover\/","title":{"rendered":"Fahrradabdeckung"},"content":{"rendered":"<h2>Fahrradabdeckung<\/h2>\n<p><strong><b>Fahrradabdeckung <\/b><\/strong><strong><b>Merkmale: <\/b><\/strong><\/p>\n<ul>\n<li>Das hochdichte Material kann wirksam verhindern, dass Staub in das Innere der Lokomotive und in die internen Komponenten der Lokomotivmaschinen eindringt.<\/li>\n<li>Anti-Ultraviolett-Gewebe blockiert wirksam das Eindringen der ultravioletten Strahlen der Sonne auf die Oberfl\u00e4che und die Innenausstattung des Gel\u00e4ndewagens und bietet so einen gewissen Schutz.<\/li>\n<li>Wasserdichtes Gewebe, das das Eindringen von Regenwasser in die Karosserie wirksam verhindert und den Lokomotivk\u00f6rper sauber h\u00e4lt.<\/li>\n<li>Sie kann die Oberfl\u00e4che der Lokomotive vor Kratzern oder Reibung durch scharfe Gegenst\u00e4nde von au\u00dfen sch\u00fctzen.<\/li>\n<li>Hochflexibles Material, das durch die Bewegung der Schutzabdeckung keine Reibungssch\u00e4den am Lack des Motorrads verursacht.<\/li>\n<li>Die Unterseite der Autoabdeckung ist mit einem dehnbaren Gurt versehen, der die Abdeckung fest umschlie\u00dft, so dass man sich keine Sorgen machen muss, dass die Abdeckung bei starkem Wind weggeweht wird. Es ist einfach zu bedienen und schnell zu bedienen. Sie ist klein und bequem zu transportieren und im Vergleich zu den traditionellen Verschlussl\u00f6chern und Seilbindungen benutzerfreundlicher.<\/li>\n<li>Es ist besonders f\u00fcr Umgebungen mit starken Temperaturschwankungen geeignet. Es altert auch nach l\u00e4ngerem Gebrauch in kalten Umgebungen nicht. In der prallen Sonne kann er die Sonnenstrahlen wirksam abblocken und bietet so einen hervorragenden Schutz f\u00fcr Ihr Auto. Sie m\u00fcssen nicht mehr darunter leiden, dass der Autositz in der Sonne zu hei\u00df wird. 8. Die silberne Beschichtung verbessert die hochintensive Reflexion der ultravioletten Strahlen, was die Wertminderung Ihres Autos durch ultraviolette Strahlung verhindern kann.<\/li>\n<li>Geeignet f\u00fcr alle Arten von Fahrr\u00e4dern.<\/li>\n<\/ul>\n<table>\n<tbody>\n<tr>\n<td width=\"284\">ART NO.<\/td>\n<td width=\"284\">BC01<\/td>\n<\/tr>\n<tr>\n<td width=\"284\">Material<\/td>\n<td width=\"284\">170T\/210T Polyester mit Silberbeschichtung oder 210D oder 420 D Oxford mit Silberbeschichtung oder nach Kundenwunsch<\/td>\n<\/tr>\n<tr>\n<td width=\"284\">Gr\u00f6\u00dfe<\/td>\n<td width=\"284\">185X63X110CM oder kundenspezifisch<\/td>\n<\/tr>\n<tr>\n<td width=\"284\">Farbe<\/td>\n<td width=\"284\">Schwarz, grau, blau oder individuell<\/td>\n<\/tr>\n<tr>\n<td width=\"284\">Logo-Druck<\/td>\n<td width=\"284\">verf\u00fcgbar<\/td>\n<\/tr>\n<tr>\n<td width=\"284\">Verpacken<\/td>\n<td width=\"284\">1 St\u00fcck pro Beutel aus demselben Material oder kundenspezifisch verpackt<\/td>\n<\/tr>\n<tr>\n<td width=\"284\">MOQ<\/td>\n<td width=\"284\">100 STCK.<\/td>\n<\/tr>\n<tr>\n<td width=\"284\">Individuelles Design<\/td>\n<td width=\"284\">Unterst\u00fctzung<\/td>\n<\/tr>\n<\/tbody>\n<\/table>\n<p><strong><b>Fahrradabdeckung Anwendung<\/b><\/strong><strong><b>\u00a0Felder: <\/b><\/strong><\/p>\n<ul>\n<li>Schutz beim Abstellen im Freien: Verhindert, dass Fahrr\u00e4der durch Regen, Schnee, Staub und UV-Strahlen besch\u00e4digt werden.<\/li>\n<li>Langfristige Lagerung: Vorbeugung von Rost und \u00e4u\u00dferen Sch\u00e4den bei Fahrr\u00e4dern, die lange Zeit nicht benutzt wurden<\/li>\n<li>Parken im \u00f6ffentlichen Raum: Schutz von Fahrr\u00e4dern vor Umwelteinfl\u00fcssen beim Parken auf \u00f6ffentlichen Pl\u00e4tzen<\/li>\n<li>Reisen und Camping: Sch\u00fctzen Sie Ihr Fahrrad auf Reisen oder beim Camping vor Sch\u00e4den.<\/li>\n<li>Wartung und Instandhaltung: Verhindern Sie, dass w\u00e4hrend der Reparatur Staub, \u00d6l und andere Stoffe in die Karosserie gelangen.<\/li>\n<li>Saisonale Lagerung: Zum Schutz von Fahrr\u00e4dern im Winter oder bei feuchtem Wetter.<\/li>\n<li>Aktivit\u00e4ten im Freien: Nach dem Ende der Outdoor-Aktivit\u00e4ten wird das Fahrrad damit vor rauen Wetterbedingungen gesch\u00fctzt.<\/li>\n<\/ul>\n<p>NINGBO TOPRISE ist eine professionelle Fabrik, die sich auf die Herstellung von<a href=\"https:\/\/toprisesafety.com\/de\/product-category\/outdoor-goods\/waterproof-cover\/\"> hochwertige wasserdichte Bez\u00fcge<\/a>Wir haben es uns zur Aufgabe gemacht, unseren Kunden verschiedene ma\u00dfgeschneiderte Schutzl\u00f6sungen zu bieten. Mit fortschrittlichen Produktionsanlagen und reicher Industrieerfahrung decken unsere Produkte eine breite Palette von Typen wie Motorradabdeckungen, Autoabdeckungen, M\u00f6belabdeckungen und Fahrradabdeckungen ab. Alle wasserdichten Abdeckungen werden aus hochwertigen wasserdichten Stoffen hergestellt, wie 420D Oxford Gewebe und 210D Oxford Gewebe, mit mehreren Funktionen wie Wasserdichtigkeit, UV-Schutz, Staubschutz, Windbest\u00e4ndigkeit und Kratzfestigkeit, die Ihre Ausr\u00fcstung effektiv vor \u00e4u\u00dferen Umwelteinfl\u00fcssen sch\u00fctzen k\u00f6nnen.<br \/>\nUnser Werk verf\u00fcgt \u00fcber drei hocheffiziente Produktionslinien, die jeweils mit fortschrittlichen automatisierten Anlagen ausgestattet sind und es uns erm\u00f6glichen, verschiedene wasserdichte Abdeckungen mit hoher Effizienz und Stabilit\u00e4t herzustellen. In der Fabrik sind derzeit etwa 150 Mitarbeiter besch\u00e4ftigt, darunter Techniker, Bediener, Qualit\u00e4tspr\u00fcfer und ein Support-Team f\u00fcr die Logistik. Wir sind in der Lage, kundenspezifische Dienstleistungen in Bezug auf verschiedene Gr\u00f6\u00dfen, Farben und Stoffe entsprechend den Kundenanforderungen anzubieten. Dar\u00fcber hinaus bieten wir LOGO-Druck und personalisierte Verpackungen an, um die Anforderungen verschiedener Branchen und M\u00e4rkte zu erf\u00fcllen. Alle Produkte werden strengen Qualit\u00e4tskontrollen unterzogen, um sicherzustellen, dass sie hohen Standards entsprechen und die unterschiedlichen Bed\u00fcrfnisse der Kunden erf\u00fcllen k\u00f6nnen.<br \/>\nWir haben uns immer an das Prinzip \"Qualit\u00e4t an erster Stelle und Service an erster Stelle\" gehalten und sind bestrebt, ein zuverl\u00e4ssiger Lieferant von wasserdichten Abdeckungen f\u00fcr Kunden in aller Welt zu werden.<br \/>\nWenn Sie Fragen zu wasserdichten Abdeckungen haben, <a href=\"https:\/\/toprisesafety.com\/de\/contact-us\/\">kontaktieren Sie uns frei.<\/a><\/p>","protected":false},"excerpt":{"rendered":"<p>Art.Nr.BC01<\/p>\n<p>Material: 170T\/210T Polyester mit Silberbeschichtung oder 210D oder 420 D Oxford mit Silberbeschichtung oder individuell<\/p>\n<p>Gr\u00f6\u00dfe: 185X63X110CM oder kundenspezifisch<\/p>\n<p>Farbe: Schwarz, grau, blau oder individuell<\/p>\n<p>Logodruck: verf\u00fcgbar<\/p>\n<p>MOQ: 300PCS<\/p>","protected":false},"featured_media":12925,"template":"","meta":{"_acf_changed":false},"product_brand":[],"product_cat":[371,401],"product_tag":[],"class_list":{"0":"post-12919","1":"product","2":"type-product","3":"status-publish","4":"has-post-thumbnail","6":"product_cat-outdoor-goods","7":"product_cat-waterproof-cover","9":"first","10":"instock","11":"shipping-taxable","12":"product-type-simple"},"acf":[],"_links":{"self":[{"href":"https:\/\/toprisesafety.com\/de\/wp-json\/wp\/v2\/product\/12919"}],"collection":[{"href":"https:\/\/toprisesafety.com\/de\/wp-json\/wp\/v2\/product"}],"about":[{"href":"https:\/\/toprisesafety.com\/de\/wp-json\/wp\/v2\/types\/product"}],"wp:featuredmedia":[{"embeddable":true,"href":"https:\/\/toprisesafety.com\/de\/wp-json\/wp\/v2\/media\/12925"}],"wp:attachment":[{"href":"https:\/\/toprisesafety.com\/de\/wp-json\/wp\/v2\/media?parent=12919"}],"wp:term":[{"taxonomy":"product_brand","embeddable":true,"href":"https:\/\/toprisesafety.com\/de\/wp-json\/wp\/v2\/product_brand?post=12919"},{"taxonomy":"product_cat","embeddable":true,"href":"https:\/\/toprisesafety.com\/de\/wp-json\/wp\/v2\/product_cat?post=12919"},{"taxonomy":"product_tag","embeddable":true,"href":"https:\/\/toprisesafety.com\/de\/wp-json\/wp\/v2\/product_tag?post=12919"}],"curies":[{"name":"wp","href":"https:\/\/api.w.org\/{rel}","templated":true}]}}