{"id":12901,"date":"2025-06-04T04:48:57","date_gmt":"2025-06-04T04:48:57","guid":{"rendered":"https:\/\/toprisesafety.com\/?post_type=product&#038;p=12901"},"modified":"2025-06-05T06:34:49","modified_gmt":"2025-06-05T06:34:49","slug":"waterproof-chair-cover","status":"publish","type":"product","link":"https:\/\/toprisesafety.com\/de\/product\/waterproof-chair-cover\/","title":{"rendered":"Wasserdichte Stuhlabdeckung"},"content":{"rendered":"<h2>Wasserdichte Stuhlabdeckung<\/h2>\n<p><strong><b>Waterproof Chair <\/b><\/strong><strong><b>Abdeckung<\/b><\/strong><strong><b>\u00a0Eigenschaften<\/b><\/strong><strong><b>:<\/b><\/strong><\/p>\n<ul>\n<li>Using 210D Oxford silver-coated fabric, it is more tear-resistant and durable.<\/li>\n<li>Silver-coated sunscreen with UV protection, preventing the chair from fading and aging<\/li>\n<li>Waterproof and dustproof, it can provide comprehensive protection even in rainy and snowy weather.<\/li>\n<li>Anti-mold and anti-corrosion, suitable for long-term outdoor use<\/li>\n<li>Lightweight and easy to store, convenient to use, and doesn&#8217;t take up much space.<\/li>\n<li>Pull-string fixation design prevents wind from blowing it away and ensures stability.<\/li>\n<li>Suitable for stackable chairs, saving storage space<\/li>\n<li>Support customization of colors, sizes, and logos.<\/li>\n<\/ul>\n<table>\n<tbody>\n<tr>\n<td width=\"284\">ART NO.<\/td>\n<td width=\"284\">WC05<\/td>\n<\/tr>\n<tr>\n<td width=\"284\">Material<\/td>\n<td width=\"284\">210D Oxford-Gewebe mit Silberbeschichtung oder kundenspezifisch oder kundenspezifisch<\/td>\n<\/tr>\n<tr>\n<td width=\"284\">Wasserdruck<\/td>\n<td width=\"284\">1500-2000<\/td>\n<\/tr>\n<tr>\n<td width=\"284\">Gr\u00f6\u00dfe<\/td>\n<td width=\"284\">65*65*80\/120cm\u00a0,double-seater chair 134*66*63\/89cm, three-person chair or\u00a0customized<\/td>\n<\/tr>\n<tr>\n<td width=\"284\">Farbe<\/td>\n<td width=\"284\">Schwarz oder individuell<\/td>\n<\/tr>\n<tr>\n<td width=\"284\">Logo-Druck<\/td>\n<td width=\"284\">verf\u00fcgbar<\/td>\n<\/tr>\n<tr>\n<td width=\"284\">Verpacken<\/td>\n<td width=\"284\">1 St\u00fcck pro Beutel aus demselben Material oder kundenspezifisch verpackt<\/td>\n<\/tr>\n<tr>\n<td width=\"284\">MOQ<\/td>\n<td width=\"284\">300 STCK.<\/td>\n<\/tr>\n<tr>\n<td width=\"284\">Individuelles Design<\/td>\n<td width=\"284\">Unterst\u00fctzung<\/td>\n<\/tr>\n<\/tbody>\n<\/table>\n<p><strong><b>Waterproof Chair <\/b><\/strong><strong><b>Abdeckung<\/b><\/strong><strong><b>\u00a0Felder: <\/b><\/strong><\/p>\n<ul>\n<li><b><\/b><strong><b>Innenhof der Familie<\/b><\/strong>: Protect outdoor chairs from sun and rain.<\/li>\n<li><b><\/b><strong><b>Balcony terrace<\/b><\/strong>: Dust-proof and moisture-proof, keeping the chairs clean<\/li>\n<li><b><\/b><strong><b>Outdoor coffee shop\/restaurant<\/b><\/strong>: Uniform management of stackable chairs to enhance image<\/li>\n<li><b><\/b><strong><b>Hotel swimming pool area<\/b><\/strong>: Protect chairs from corrosion and fading.<\/li>\n<li><b><\/b><strong><b>Gymnasium\/Club Outdoor Area<\/b><\/strong>: Extend the Lifespan of Chairs<\/li>\n<li><b><\/b><strong><b>Campsite\/Picnic Area<\/b><\/strong>: Temporary stacked chairs for protection and use<\/li>\n<li><b><\/b><strong><b>Chair Rental Company<\/b><\/strong>: Facilitates protection during transportation and storage<\/li>\n<li><b><\/b><strong><b>Storage in warehouse<\/b><\/strong>: To prevent the chairs from getting dusty and moldy after long-term stacking<\/li>\n<\/ul>\n<p>NINGBO TOPRISE ist eine professionelle Fabrik, die sich auf die Herstellung von<a href=\"https:\/\/toprisesafety.com\/de\/product-category\/outdoor-goods\/waterproof-cover\/\"> hochwertige wasserdichte Bez\u00fcge<\/a>Wir haben es uns zur Aufgabe gemacht, unseren Kunden verschiedene ma\u00dfgeschneiderte Schutzl\u00f6sungen zu bieten. Mit fortschrittlichen Produktionsanlagen und reicher Industrieerfahrung decken unsere Produkte eine breite Palette von Typen wie Motorradabdeckungen, Autoabdeckungen, M\u00f6belabdeckungen und Fahrradabdeckungen ab. Alle wasserdichten Abdeckungen werden aus hochwertigen wasserdichten Stoffen hergestellt, wie 420D Oxford Gewebe und 210D Oxford Gewebe, mit mehreren Funktionen wie Wasserdichtigkeit, UV-Schutz, Staubschutz, Windbest\u00e4ndigkeit und Kratzfestigkeit, die Ihre Ausr\u00fcstung effektiv vor \u00e4u\u00dferen Umwelteinfl\u00fcssen sch\u00fctzen k\u00f6nnen.<br \/>\nUnser Werk verf\u00fcgt \u00fcber drei hocheffiziente Produktionslinien, die jeweils mit fortschrittlichen automatisierten Anlagen ausgestattet sind und es uns erm\u00f6glichen, verschiedene wasserdichte Abdeckungen mit hoher Effizienz und Stabilit\u00e4t herzustellen. In der Fabrik sind derzeit etwa 150 Mitarbeiter besch\u00e4ftigt, darunter Techniker, Bediener, Qualit\u00e4tspr\u00fcfer und ein Support-Team f\u00fcr die Logistik. Wir sind in der Lage, kundenspezifische Dienstleistungen in Bezug auf verschiedene Gr\u00f6\u00dfen, Farben und Stoffe entsprechend den Kundenanforderungen anzubieten. Dar\u00fcber hinaus bieten wir LOGO-Druck und personalisierte Verpackungen an, um die Anforderungen verschiedener Branchen und M\u00e4rkte zu erf\u00fcllen. Alle Produkte werden strengen Qualit\u00e4tskontrollen unterzogen, um sicherzustellen, dass sie hohen Standards entsprechen und die unterschiedlichen Bed\u00fcrfnisse der Kunden erf\u00fcllen k\u00f6nnen.<br \/>\nWir haben uns immer an das Prinzip \"Qualit\u00e4t an erster Stelle und Service an erster Stelle\" gehalten und sind bestrebt, ein zuverl\u00e4ssiger Lieferant von wasserdichten Abdeckungen f\u00fcr Kunden in aller Welt zu werden.<br \/>\nWenn Sie Fragen zu wasserdichten Abdeckungen haben, <a href=\"https:\/\/toprisesafety.com\/de\/contact-us\/\">kontaktieren Sie uns frei.<\/a><\/p>","protected":false},"excerpt":{"rendered":"<p>Art No.WC05<\/p>\n<p>Material: 210D Oxford-Gewebe mit Silberbeschichtung oder kundenspezifisch oder kundenspezifisch<\/p>\n<p>Wasserdruck: 1500 - 2000<\/p>\n<p>Size:\u00a0single person\uff1a65*65*80\/120cm\u00a0,double-seater chair 134*66*63\/89cm, three-person chair or\u00a0customized<\/p>\n<p>Farbe:Schwarz oder individuell<\/p>\n<p>Logodruck: verf\u00fcgbar<\/p>\n<p>MOQ: 300PCS<\/p>","protected":false},"featured_media":12905,"template":"","meta":{"_acf_changed":false},"product_brand":[],"product_cat":[371,401],"product_tag":[],"class_list":{"0":"post-12901","1":"product","2":"type-product","3":"status-publish","4":"has-post-thumbnail","6":"product_cat-outdoor-goods","7":"product_cat-waterproof-cover","9":"first","10":"instock","11":"shipping-taxable","12":"product-type-simple"},"acf":[],"_links":{"self":[{"href":"https:\/\/toprisesafety.com\/de\/wp-json\/wp\/v2\/product\/12901"}],"collection":[{"href":"https:\/\/toprisesafety.com\/de\/wp-json\/wp\/v2\/product"}],"about":[{"href":"https:\/\/toprisesafety.com\/de\/wp-json\/wp\/v2\/types\/product"}],"wp:featuredmedia":[{"embeddable":true,"href":"https:\/\/toprisesafety.com\/de\/wp-json\/wp\/v2\/media\/12905"}],"wp:attachment":[{"href":"https:\/\/toprisesafety.com\/de\/wp-json\/wp\/v2\/media?parent=12901"}],"wp:term":[{"taxonomy":"product_brand","embeddable":true,"href":"https:\/\/toprisesafety.com\/de\/wp-json\/wp\/v2\/product_brand?post=12901"},{"taxonomy":"product_cat","embeddable":true,"href":"https:\/\/toprisesafety.com\/de\/wp-json\/wp\/v2\/product_cat?post=12901"},{"taxonomy":"product_tag","embeddable":true,"href":"https:\/\/toprisesafety.com\/de\/wp-json\/wp\/v2\/product_tag?post=12901"}],"curies":[{"name":"wp","href":"https:\/\/api.w.org\/{rel}","templated":true}]}}