{"id":12894,"date":"2025-06-04T04:37:06","date_gmt":"2025-06-04T04:37:06","guid":{"rendered":"https:\/\/toprisesafety.com\/?post_type=product&#038;p=12894"},"modified":"2025-06-05T06:37:24","modified_gmt":"2025-06-05T06:37:24","slug":"swing-chair-cover","status":"publish","type":"product","link":"https:\/\/toprisesafety.com\/de\/product\/swing-chair-cover\/","title":{"rendered":"Schaukel Stuhl Abdeckung"},"content":{"rendered":"<h2>Schaukel Stuhl Abdeckung<\/h2>\n<p><strong><b>Schaukel Chai<\/b><\/strong><strong><b>r<\/b><\/strong><strong><b>\u00a0Abdeckung<\/b><\/strong>\u00a0<strong><b>Eigenschaften<\/b><\/strong><strong><b>:<\/b><\/strong><\/p>\n<ul>\n<li>Das 420D silberbeschichtete Oxford-Gewebe ist dick und haltbar.<\/li>\n<li>Eine Silberbeschichtung sch\u00fctzt vor Sonneneinstrahlung und UV-Strahlung und verhindert das Ausbleichen und Altern.<\/li>\n<li>Wasser- und staubdicht, verhindert effektiv das Eindringen von Regen und Staub.<\/li>\n<li>Wind- und rei\u00dffest, geeignet f\u00fcr verschiedene Au\u00dfenumgebungen<\/li>\n<li>Einfach zu montieren und zu demontieren. Mit einem Rei\u00dfverschluss oder einem Bindeseil Design, ist es mehr sicher.<\/li>\n<li>Sch\u00fctzen Sie den Schaukelstuhl, um seine Lebensdauer zu verl\u00e4ngern, und halten Sie ihn sauber.<\/li>\n<li>Geeignet f\u00fcr verschiedene Szenarien wie Innenh\u00f6fe, Balkone und Terrassen.<\/li>\n<li>Unterst\u00fctzung der Anpassung von Farbe, Stil, Gr\u00f6\u00dfe und Logo.<\/li>\n<\/ul>\n<table>\n<tbody>\n<tr>\n<td width=\"284\">ART NO.<\/td>\n<td width=\"284\">SC09<\/td>\n<\/tr>\n<tr>\n<td width=\"284\">Material<\/td>\n<td width=\"284\">210D \/420D\/600D Oxford-Gewebe mit Silberbeschichtung oder kundenspezifisch oder kundenspezifisch<\/td>\n<\/tr>\n<tr>\n<td width=\"284\">Gr\u00f6\u00dfe<\/td>\n<td width=\"284\">140*66*91CM, 170*61*117CM, 190*71*117CM, 220*125*170CM, 220*145*170CM oder individuell<\/td>\n<\/tr>\n<tr>\n<td width=\"284\">Farbe<\/td>\n<td width=\"284\">Schwarz oder individuell<\/td>\n<\/tr>\n<tr>\n<td width=\"284\">Logo-Druck<\/td>\n<td width=\"284\">verf\u00fcgbar<\/td>\n<\/tr>\n<tr>\n<td width=\"284\">Verpacken<\/td>\n<td width=\"284\">1 St\u00fcck pro Beutel aus demselben Material oder kundenspezifisch verpackt<\/td>\n<\/tr>\n<tr>\n<td width=\"284\">MOQ<\/td>\n<td width=\"284\">300 STCK.<\/td>\n<\/tr>\n<tr>\n<td width=\"284\">Individuelles Design<\/td>\n<td width=\"284\">Unterst\u00fctzung<\/td>\n<\/tr>\n<\/tbody>\n<\/table>\n<p><strong><b>Schaukel Chai<\/b><\/strong><strong><b>r<\/b><\/strong><strong><b>\u00a0Abdeckung<\/b><\/strong><strong><b>\u00a0Anwendungsbereiche<\/b><\/strong><strong><b>\u00a0<\/b><\/strong><strong><b>: <\/b><\/strong><\/p>\n<ul>\n<li>Der Hof der Familie: Schutz des Schaukelstuhls vor Wind und Regen<\/li>\n<li>Terrasse auf dem Balkon: Staub- und feuchtigkeitsbest\u00e4ndig, h\u00e4lt den Schaukelstuhl sauber<\/li>\n<li>Garten-Freizeitbereich: Verl\u00e4ngern Sie die Lebensdauer der Liegest\u00fchle<\/li>\n<li>Hotel-Resort: Das Erscheinungsbild der Au\u00dfenm\u00f6bel bewahren<\/li>\n<li>Au\u00dfensitzbereich des Caf\u00e9s: Schutzeinrichtungen, die das Erlebnis verbessern<\/li>\n<li>Parks und \u00f6ffentliche Erholungsgebiete: Schutz von \u00f6ffentlichen B\u00e4nken<\/li>\n<li>Camping und Outdoor-Aktivit\u00e4ten: Tragbarer, sch\u00fctzender Schaukelstuhl<\/li>\n<li>Staubdichter Schutz f\u00fcr ungenutzte Innenbereiche der Wohnung<\/li>\n<\/ul>\n<p>NINGBO TOPRISE ist eine professionelle Fabrik, die sich auf die Herstellung von<a href=\"https:\/\/toprisesafety.com\/de\/product-category\/outdoor-goods\/waterproof-cover\/\"> hochwertige wasserdichte Bez\u00fcge<\/a>Wir haben es uns zur Aufgabe gemacht, unseren Kunden verschiedene ma\u00dfgeschneiderte Schutzl\u00f6sungen zu bieten. Mit fortschrittlichen Produktionsanlagen und reicher Industrieerfahrung decken unsere Produkte eine breite Palette von Typen wie Motorradabdeckungen, Autoabdeckungen, M\u00f6belabdeckungen und Fahrradabdeckungen ab. Alle wasserdichten Abdeckungen werden aus hochwertigen wasserdichten Stoffen hergestellt, wie 420D Oxford Gewebe und 210D Oxford Gewebe, mit mehreren Funktionen wie Wasserdichtigkeit, UV-Schutz, Staubschutz, Windbest\u00e4ndigkeit und Kratzfestigkeit, die Ihre Ausr\u00fcstung effektiv vor \u00e4u\u00dferen Umwelteinfl\u00fcssen sch\u00fctzen k\u00f6nnen.<br \/>\nUnser Werk verf\u00fcgt \u00fcber drei hocheffiziente Produktionslinien, die jeweils mit fortschrittlichen automatisierten Anlagen ausgestattet sind und es uns erm\u00f6glichen, verschiedene wasserdichte Abdeckungen mit hoher Effizienz und Stabilit\u00e4t herzustellen. In der Fabrik sind derzeit etwa 150 Mitarbeiter besch\u00e4ftigt, darunter Techniker, Bediener, Qualit\u00e4tspr\u00fcfer und ein Support-Team f\u00fcr die Logistik. Wir sind in der Lage, kundenspezifische Dienstleistungen in Bezug auf verschiedene Gr\u00f6\u00dfen, Farben und Stoffe entsprechend den Kundenanforderungen anzubieten. Dar\u00fcber hinaus bieten wir LOGO-Druck und personalisierte Verpackungen an, um die Anforderungen verschiedener Branchen und M\u00e4rkte zu erf\u00fcllen. Alle Produkte werden strengen Qualit\u00e4tskontrollen unterzogen, um sicherzustellen, dass sie hohen Standards entsprechen und die unterschiedlichen Bed\u00fcrfnisse der Kunden erf\u00fcllen k\u00f6nnen.<br \/>\nWir haben uns immer an das Prinzip \"Qualit\u00e4t an erster Stelle und Service an erster Stelle\" gehalten und sind bestrebt, ein zuverl\u00e4ssiger Lieferant von wasserdichten Abdeckungen f\u00fcr Kunden in aller Welt zu werden.<br \/>\nWenn Sie Fragen zu wasserdichten Abdeckungen haben, <a href=\"https:\/\/toprisesafety.com\/de\/contact-us\/\">kontaktieren Sie uns frei.<\/a><\/p>","protected":false},"excerpt":{"rendered":"<p>Art.Nr.SC09<\/p>\n<p>Material: 210D \/420D\/600D Oxford-Gewebe mit Silberbeschichtung oder kundenspezifisch oder kundenspezifisch<\/p>\n<p>Gr\u00f6\u00dfe: Einzelperson\uff1a140*66*91CM, 170*61*117CM, 190*71*117CM, 220*125*170CM, 220*145*170CM oder individuell<\/p>\n<p>Farbe:Schwarz oder individuell<\/p>\n<p>Logodruck: verf\u00fcgbar<\/p>\n<p>MOQ: 300PCS<\/p>","protected":false},"featured_media":12900,"template":"","meta":{"_acf_changed":false},"product_brand":[],"product_cat":[371,401],"product_tag":[],"class_list":{"0":"post-12894","1":"product","2":"type-product","3":"status-publish","4":"has-post-thumbnail","6":"product_cat-outdoor-goods","7":"product_cat-waterproof-cover","9":"first","10":"instock","11":"shipping-taxable","12":"product-type-simple"},"acf":[],"_links":{"self":[{"href":"https:\/\/toprisesafety.com\/de\/wp-json\/wp\/v2\/product\/12894","targetHints":{"allow":["GET"]}}],"collection":[{"href":"https:\/\/toprisesafety.com\/de\/wp-json\/wp\/v2\/product"}],"about":[{"href":"https:\/\/toprisesafety.com\/de\/wp-json\/wp\/v2\/types\/product"}],"wp:featuredmedia":[{"embeddable":true,"href":"https:\/\/toprisesafety.com\/de\/wp-json\/wp\/v2\/media\/12900"}],"wp:attachment":[{"href":"https:\/\/toprisesafety.com\/de\/wp-json\/wp\/v2\/media?parent=12894"}],"wp:term":[{"taxonomy":"product_brand","embeddable":true,"href":"https:\/\/toprisesafety.com\/de\/wp-json\/wp\/v2\/product_brand?post=12894"},{"taxonomy":"product_cat","embeddable":true,"href":"https:\/\/toprisesafety.com\/de\/wp-json\/wp\/v2\/product_cat?post=12894"},{"taxonomy":"product_tag","embeddable":true,"href":"https:\/\/toprisesafety.com\/de\/wp-json\/wp\/v2\/product_tag?post=12894"}],"curies":[{"name":"wp","href":"https:\/\/api.w.org\/{rel}","templated":true}]}}