{"id":12872,"date":"2025-06-04T03:35:07","date_gmt":"2025-06-04T03:35:07","guid":{"rendered":"https:\/\/toprisesafety.com\/?post_type=product&#038;p=12872"},"modified":"2025-06-05T06:42:12","modified_gmt":"2025-06-05T06:42:12","slug":"outdoor-table-cover","status":"publish","type":"product","link":"https:\/\/toprisesafety.com\/de\/product\/outdoor-table-cover\/","title":{"rendered":"Tischabdeckung f\u00fcr drau\u00dfen"},"content":{"rendered":"<h2>Tischabdeckung f\u00fcr drau\u00dfen<\/h2>\n<p><strong><b>Tischabdeckung f\u00fcr drau\u00dfen<\/b><\/strong><strong><b>\u00a0<\/b><\/strong><strong><b>Eigenschaften<\/b><\/strong><strong><b>:<\/b><\/strong><\/p>\n<ul>\n<li>Das 210D Oxford-Gewebe mit Silberbeschichtung ist sehr rei\u00df- und verschlei\u00dffest.<\/li>\n<li>Die Silberbeschichtung reflektiert ultraviolette Strahlen und verhindert so das Ausbleichen und die Alterung.<\/li>\n<li>Hochgradig wasser- und staubdicht, sch\u00fctzt den Schreibtisch vor Sch\u00e4den an regnerischen Tagen.<\/li>\n<li>Windbest\u00e4ndige Konstruktion. Untere Bindeseile verhindern, dass die Ausr\u00fcstung weggeweht wird und machen sie stabiler.<\/li>\n<li>Leicht, einfach zu montieren und zu demontieren und praktisch f\u00fcr die Lagerung und den Transport.<\/li>\n<li>Unterst\u00fctzung der Anpassung von Farben, Gr\u00f6\u00dfen und Logos an die individuellen Bed\u00fcrfnisse.<\/li>\n<li>Geeignet f\u00fcr verschiedene runde Tische im Freien, mit gro\u00dfer Vielseitigkeit<\/li>\n<li>Sch\u00fctzen Sie Ihre Gartenm\u00f6bel, verl\u00e4ngern Sie ihre Lebensdauer und senken Sie die Wartungskosten.<\/li>\n<\/ul>\n<table>\n<tbody>\n<tr>\n<td width=\"284\">ART NO.<\/td>\n<td width=\"284\">TC12<\/td>\n<\/tr>\n<tr>\n<td width=\"284\">Material<\/td>\n<td width=\"284\">210D Oxford-Gewebe mit Silberbeschichtung oder kundenspezifisch oder kundenspezifisch<\/td>\n<\/tr>\n<tr>\n<td width=\"284\">Gr\u00f6\u00dfe<\/td>\n<td width=\"284\">185*110cm, 230*110cm, 128*71CM, 185*95cm oder individuell<\/td>\n<\/tr>\n<tr>\n<td width=\"284\">Farbe<\/td>\n<td width=\"284\">Schwarz oder individuell<\/td>\n<\/tr>\n<tr>\n<td width=\"284\">Logo-Druck<\/td>\n<td width=\"284\">verf\u00fcgbar<\/td>\n<\/tr>\n<tr>\n<td width=\"284\">Verpacken<\/td>\n<td width=\"284\">1 St\u00fcck pro Beutel aus demselben Material oder kundenspezifisch verpackt<\/td>\n<\/tr>\n<tr>\n<td width=\"284\">MOQ<\/td>\n<td width=\"284\">300 STCK.<\/td>\n<\/tr>\n<tr>\n<td width=\"284\">Individuelles Design<\/td>\n<td width=\"284\">Unterst\u00fctzung<\/td>\n<\/tr>\n<\/tbody>\n<\/table>\n<p><strong><b>Tischabdeckung f\u00fcr drau\u00dfen<\/b><\/strong><strong><b>\u00a0Bereiche<\/b><\/strong><strong><b>\u00a0<\/b><\/strong><strong><b>: <\/b><\/strong><\/p>\n<ul>\n<li>Schutz f\u00fcr runde Tische im Freien in Familienh\u00f6fen und auf Balkonen<\/li>\n<li>Schutz f\u00fcr Tische und St\u00fchle im Freizeitbereich im Garten<\/li>\n<li>Essbereiche im Freien von Hotels und Resorts<\/li>\n<li>Freisitzbereiche des Restaurants und des Caf\u00e9s<\/li>\n<li>Au\u00dfenm\u00f6bel in Parks und \u00f6ffentlichen Erholungsgebieten<\/li>\n<li>Vor\u00fcbergehende Abdeckung von kommerziellen Ausstellungen und Veranstaltungsorten<\/li>\n<li>Schutz von Mobiliar auf Camping- und Picknickpl\u00e4tzen im Freien<\/li>\n<li>Lagerung im Freien und saisonale M\u00f6bellagerung<\/li>\n<\/ul>\n<p>NINGBO TOPRISE ist eine professionelle Fabrik, die sich auf die Herstellung von<a href=\"https:\/\/toprisesafety.com\/de\/product-category\/outdoor-goods\/waterproof-cover\/\"> hochwertige wasserdichte Bez\u00fcge<\/a>Wir haben es uns zur Aufgabe gemacht, unseren Kunden verschiedene ma\u00dfgeschneiderte Schutzl\u00f6sungen zu bieten. Mit fortschrittlichen Produktionsanlagen und reicher Industrieerfahrung decken unsere Produkte eine breite Palette von Typen wie Motorradabdeckungen, Autoabdeckungen, M\u00f6belabdeckungen und Fahrradabdeckungen ab. Alle wasserdichten Abdeckungen werden aus hochwertigen wasserdichten Stoffen hergestellt, wie 420D Oxford Gewebe und 210D Oxford Gewebe, mit mehreren Funktionen wie Wasserdichtigkeit, UV-Schutz, Staubschutz, Windbest\u00e4ndigkeit und Kratzfestigkeit, die Ihre Ausr\u00fcstung effektiv vor \u00e4u\u00dferen Umwelteinfl\u00fcssen sch\u00fctzen k\u00f6nnen.<br \/>\nUnser Werk verf\u00fcgt \u00fcber drei hocheffiziente Produktionslinien, die jeweils mit fortschrittlichen automatisierten Anlagen ausgestattet sind und es uns erm\u00f6glichen, verschiedene wasserdichte Abdeckungen mit hoher Effizienz und Stabilit\u00e4t herzustellen. In der Fabrik sind derzeit etwa 150 Mitarbeiter besch\u00e4ftigt, darunter Techniker, Bediener, Qualit\u00e4tspr\u00fcfer und ein Support-Team f\u00fcr die Logistik. Wir sind in der Lage, kundenspezifische Dienstleistungen in Bezug auf verschiedene Gr\u00f6\u00dfen, Farben und Stoffe entsprechend den Kundenanforderungen anzubieten. Dar\u00fcber hinaus bieten wir LOGO-Druck und personalisierte Verpackungen an, um die Anforderungen verschiedener Branchen und M\u00e4rkte zu erf\u00fcllen. Alle Produkte werden strengen Qualit\u00e4tskontrollen unterzogen, um sicherzustellen, dass sie hohen Standards entsprechen und die unterschiedlichen Bed\u00fcrfnisse der Kunden erf\u00fcllen k\u00f6nnen.<br \/>\nWir haben uns immer an das Prinzip \"Qualit\u00e4t an erster Stelle und Service an erster Stelle\" gehalten und sind bestrebt, ein zuverl\u00e4ssiger Lieferant von wasserdichten Abdeckungen f\u00fcr Kunden in aller Welt zu werden.<br \/>\nWenn Sie Fragen zu wasserdichten Abdeckungen haben, <a href=\"https:\/\/toprisesafety.com\/de\/contact-us\/\">kontaktieren Sie uns frei.<\/a><\/p>","protected":false},"excerpt":{"rendered":"<p>Art.Nr.TC12<\/p>\n<p>Material: 210D Oxford-Gewebe mit Silberbeschichtung oder kundenspezifisch oder kundenspezifisch<\/p>\n<p>Wasserdicht Druck: 2000<\/p>\n<p>Gr\u00f6\u00dfe: Einzelperson\uff1a185*110cm, 230*110cm, 128*71CM, 185*95cm oder individuell<\/p>\n<p>Farbe:Schwarz oder individuell<\/p>\n<p>Logodruck: verf\u00fcgbar<\/p>\n<p>MOQ: 300PCS<\/p>","protected":false},"featured_media":12874,"template":"","meta":{"_acf_changed":false},"product_brand":[],"product_cat":[371,401],"product_tag":[],"class_list":{"0":"post-12872","1":"product","2":"type-product","3":"status-publish","4":"has-post-thumbnail","6":"product_cat-outdoor-goods","7":"product_cat-waterproof-cover","9":"first","10":"instock","11":"shipping-taxable","12":"product-type-simple"},"acf":[],"_links":{"self":[{"href":"https:\/\/toprisesafety.com\/de\/wp-json\/wp\/v2\/product\/12872"}],"collection":[{"href":"https:\/\/toprisesafety.com\/de\/wp-json\/wp\/v2\/product"}],"about":[{"href":"https:\/\/toprisesafety.com\/de\/wp-json\/wp\/v2\/types\/product"}],"wp:featuredmedia":[{"embeddable":true,"href":"https:\/\/toprisesafety.com\/de\/wp-json\/wp\/v2\/media\/12874"}],"wp:attachment":[{"href":"https:\/\/toprisesafety.com\/de\/wp-json\/wp\/v2\/media?parent=12872"}],"wp:term":[{"taxonomy":"product_brand","embeddable":true,"href":"https:\/\/toprisesafety.com\/de\/wp-json\/wp\/v2\/product_brand?post=12872"},{"taxonomy":"product_cat","embeddable":true,"href":"https:\/\/toprisesafety.com\/de\/wp-json\/wp\/v2\/product_cat?post=12872"},{"taxonomy":"product_tag","embeddable":true,"href":"https:\/\/toprisesafety.com\/de\/wp-json\/wp\/v2\/product_tag?post=12872"}],"curies":[{"name":"wp","href":"https:\/\/api.w.org\/{rel}","templated":true}]}}