{"id":12858,"date":"2025-06-03T07:59:40","date_gmt":"2025-06-03T07:59:40","guid":{"rendered":"https:\/\/toprisesafety.com\/?post_type=product&#038;p=12858"},"modified":"2025-06-05T06:44:29","modified_gmt":"2025-06-05T06:44:29","slug":"golf-cart-cover","status":"publish","type":"product","link":"https:\/\/toprisesafety.com\/de\/product\/golf-cart-cover\/","title":{"rendered":"Golf Cart Abdeckung"},"content":{"rendered":"<h2>Golf Cart Abdeckung<\/h2>\n<p><strong><b>Golf Ca<\/b><\/strong><strong><b>r<\/b><\/strong><strong><b>t Cover<\/b><\/strong><strong><b>\u00a0Merkmale: <\/b><\/strong><\/p>\n<ul>\n<li>Black zipper + bottom tie strap buckle + bottom drawstring elastic band<\/li>\n<li>210D Oxford fabric with silver coating waterproof material, high-density material. It can protect the inside and outside of the vehicle from rain, snow, sunlight, dust, bird droppings, and leaves.<\/li>\n<li>The bottom drawstring elastic band and buckle design can provide protection.<\/li>\n<li>The middle zipper design on the back makes it convenient for guests to enter the vehicle.<\/li>\n<li>Suitable for all standard 4-passenger EZ GO Club Car and Yamaha golf carts.<\/li>\n<\/ul>\n<table>\n<tbody>\n<tr>\n<td width=\"284\">ART NO.<\/td>\n<td width=\"284\">GC06<\/td>\n<\/tr>\n<tr>\n<td width=\"284\">Material<\/td>\n<td width=\"284\">210D Oxford-Gewebe mit Silberbeschichtung oder kundenspezifisch oder kundenspezifisch<\/td>\n<\/tr>\n<tr>\n<td width=\"284\">Gr\u00f6\u00dfe<\/td>\n<td width=\"284\">242*122*168 cm,275*122*168 cm\u00a0, 285*122*168cm\u00a0or\u00a0customized<\/td>\n<\/tr>\n<tr>\n<td width=\"284\">Farbe<\/td>\n<td width=\"284\">Schwarz oder individuell<\/td>\n<\/tr>\n<tr>\n<td width=\"284\">Logo-Druck<\/td>\n<td width=\"284\">verf\u00fcgbar<\/td>\n<\/tr>\n<tr>\n<td width=\"284\">Verpacken<\/td>\n<td width=\"284\">1 St\u00fcck pro Beutel aus demselben Material oder kundenspezifisch verpackt<\/td>\n<\/tr>\n<tr>\n<td width=\"284\">MOQ<\/td>\n<td width=\"284\">300 STCK.<\/td>\n<\/tr>\n<tr>\n<td width=\"284\">Individuelles Design<\/td>\n<td width=\"284\">Unterst\u00fctzung<\/td>\n<\/tr>\n<\/tbody>\n<\/table>\n<p><strong><b>Golf Ca<\/b><\/strong><strong><b>r<\/b><\/strong><strong><b>t Cover<\/b><\/strong><strong><b>\u00a0Felder: <\/b><\/strong><\/p>\n<ul>\n<li>Golf course: Protect golf carts from wind, sun, and rain.<\/li>\n<li>Garage for residential use: dust-proof and moisture-proof, keeping the vehicle clean<\/li>\n<li>Outdoor parking lot: Preventing dust, leaves, and bird droppings from contaminating the area<\/li>\n<li>Resorts and clubs: Maintaining the appearance of golf carts and extending their service life<\/li>\n<li>Long-term vehicle parking: Preventing damage from ultraviolet rays and weather conditions<\/li>\n<li>Leasing Company: Unified Protection Management, Enhancing Professional Image<\/li>\n<li>Outdoor activity area: Preventing erosion of vehicles by mud and water stains<\/li>\n<li>During transportation and storage: Prevent scratches and external damage.<\/li>\n<\/ul>\n<p>NINGBO TOPRISE ist eine professionelle Fabrik, die sich auf die Herstellung von<a href=\"https:\/\/toprisesafety.com\/de\/product-category\/outdoor-goods\/waterproof-cover\/\"> hochwertige wasserdichte Bez\u00fcge<\/a>Wir haben es uns zur Aufgabe gemacht, unseren Kunden verschiedene ma\u00dfgeschneiderte Schutzl\u00f6sungen zu bieten. Mit fortschrittlichen Produktionsanlagen und reicher Industrieerfahrung decken unsere Produkte eine breite Palette von Typen wie Motorradabdeckungen, Autoabdeckungen, M\u00f6belabdeckungen und Fahrradabdeckungen ab. Alle wasserdichten Abdeckungen werden aus hochwertigen wasserdichten Stoffen hergestellt, wie 420D Oxford Gewebe und 210D Oxford Gewebe, mit mehreren Funktionen wie Wasserdichtigkeit, UV-Schutz, Staubschutz, Windbest\u00e4ndigkeit und Kratzfestigkeit, die Ihre Ausr\u00fcstung effektiv vor \u00e4u\u00dferen Umwelteinfl\u00fcssen sch\u00fctzen k\u00f6nnen.<br \/>\nUnser Werk verf\u00fcgt \u00fcber drei hocheffiziente Produktionslinien, die jeweils mit fortschrittlichen automatisierten Anlagen ausgestattet sind und es uns erm\u00f6glichen, verschiedene wasserdichte Abdeckungen mit hoher Effizienz und Stabilit\u00e4t herzustellen. In der Fabrik sind derzeit etwa 150 Mitarbeiter besch\u00e4ftigt, darunter Techniker, Bediener, Qualit\u00e4tspr\u00fcfer und ein Support-Team f\u00fcr die Logistik. Wir sind in der Lage, kundenspezifische Dienstleistungen in Bezug auf verschiedene Gr\u00f6\u00dfen, Farben und Stoffe entsprechend den Kundenanforderungen anzubieten. Dar\u00fcber hinaus bieten wir LOGO-Druck und personalisierte Verpackungen an, um die Anforderungen verschiedener Branchen und M\u00e4rkte zu erf\u00fcllen. Alle Produkte werden strengen Qualit\u00e4tskontrollen unterzogen, um sicherzustellen, dass sie hohen Standards entsprechen und die unterschiedlichen Bed\u00fcrfnisse der Kunden erf\u00fcllen k\u00f6nnen.<br \/>\nWir haben uns immer an das Prinzip \"Qualit\u00e4t an erster Stelle und Service an erster Stelle\" gehalten und sind bestrebt, ein zuverl\u00e4ssiger Lieferant von wasserdichten Abdeckungen f\u00fcr Kunden in aller Welt zu werden.<br \/>\nWenn Sie Fragen zu wasserdichten Abdeckungen haben, <a href=\"https:\/\/toprisesafety.com\/de\/contact-us\/\">kontaktieren Sie uns frei.<\/a><\/p>","protected":false},"excerpt":{"rendered":"<p>Art No.GC06<\/p>\n<p>Material: 210D Oxford-Gewebe mit Silberbeschichtung oder kundenspezifisch oder kundenspezifisch<\/p>\n<p>Size:\u00a0single person\uff1a242*122*168 cm,275*122*168 cm\u00a0, 285*122*168cm\u00a0or\u00a0customized<\/p>\n<p>Farbe:Schwarz oder individuell<\/p>\n<p>Logodruck: verf\u00fcgbar<\/p>\n<p>MOQ: 300PCS<\/p>","protected":false},"featured_media":12862,"template":"","meta":{"_acf_changed":false},"product_brand":[],"product_cat":[401,371],"product_tag":[],"class_list":{"0":"post-12858","1":"product","2":"type-product","3":"status-publish","4":"has-post-thumbnail","6":"product_cat-waterproof-cover","7":"product_cat-outdoor-goods","9":"first","10":"instock","11":"shipping-taxable","12":"product-type-simple"},"acf":[],"_links":{"self":[{"href":"https:\/\/toprisesafety.com\/de\/wp-json\/wp\/v2\/product\/12858"}],"collection":[{"href":"https:\/\/toprisesafety.com\/de\/wp-json\/wp\/v2\/product"}],"about":[{"href":"https:\/\/toprisesafety.com\/de\/wp-json\/wp\/v2\/types\/product"}],"wp:featuredmedia":[{"embeddable":true,"href":"https:\/\/toprisesafety.com\/de\/wp-json\/wp\/v2\/media\/12862"}],"wp:attachment":[{"href":"https:\/\/toprisesafety.com\/de\/wp-json\/wp\/v2\/media?parent=12858"}],"wp:term":[{"taxonomy":"product_brand","embeddable":true,"href":"https:\/\/toprisesafety.com\/de\/wp-json\/wp\/v2\/product_brand?post=12858"},{"taxonomy":"product_cat","embeddable":true,"href":"https:\/\/toprisesafety.com\/de\/wp-json\/wp\/v2\/product_cat?post=12858"},{"taxonomy":"product_tag","embeddable":true,"href":"https:\/\/toprisesafety.com\/de\/wp-json\/wp\/v2\/product_tag?post=12858"}],"curies":[{"name":"wp","href":"https:\/\/api.w.org\/{rel}","templated":true}]}}