{"id":12849,"date":"2025-06-03T07:18:54","date_gmt":"2025-06-03T07:18:54","guid":{"rendered":"https:\/\/toprisesafety.com\/?post_type=product&#038;p=12849"},"modified":"2025-06-05T06:45:16","modified_gmt":"2025-06-05T06:45:16","slug":"gas-fire-pit-cover","status":"publish","type":"product","link":"https:\/\/toprisesafety.com\/de\/product\/gas-fire-pit-cover\/","title":{"rendered":"Gas-Feuerstelle Abdeckung"},"content":{"rendered":"<h2>Gas-Feuerstelle Abdeckung<\/h2>\n<p><strong><b>Gas-Feuerstelle Abdeckung<\/b><\/strong>\u00a0<strong><b>Eigenschaften<\/b><\/strong><strong><b>:<\/b><\/strong><\/p>\n<ul>\n<li>Durch die Verwendung verschiedener Oxford-Stoffe wie 210D, 420D und 600D wird er unterschiedlichen Anforderungen gerecht.<\/li>\n<li>Dick und haltbar, rei\u00dffest, sch\u00fctzt den Herd vor Besch\u00e4digungen<\/li>\n<li>Hochgradig wasser- und staubdicht, geeignet f\u00fcr verschiedene Wetterbedingungen in Au\u00dfenbereichen.<\/li>\n<li>Anti-Ultraviolett, verhindert Ausbleichen und Alterung, verl\u00e4ngert die Lebensdauer<\/li>\n<li>Mehrschichtige Verst\u00e4rkungskonstruktion mit ausgezeichneter Windbest\u00e4ndigkeit und Schutzleistung<\/li>\n<li>Einfacher Auf- und Abbau, mit einem Bindeseil zur festen Verankerung, damit es nicht vom Wind weggeweht wird.<\/li>\n<li>Unterst\u00fctzung der Anpassung von Gr\u00f6\u00dfe und Farbe an die individuellen Bed\u00fcrfnisse.<\/li>\n<\/ul>\n<table>\n<tbody>\n<tr>\n<td width=\"284\">ART NO.<\/td>\n<td width=\"284\">PC08<\/td>\n<\/tr>\n<tr>\n<td width=\"284\">Material<\/td>\n<td width=\"284\">210D \/420D\/600D Oxford-Gewebe mit Silberbeschichtung oder kundenspezifisch oder kundenspezifisch<\/td>\n<\/tr>\n<tr>\n<td width=\"284\">Gr\u00f6\u00dfe<\/td>\n<td width=\"284\">82*82*61CM , 76*76*63CM,92*92*61CM,100*56*64cm oder individuell<\/td>\n<\/tr>\n<tr>\n<td width=\"284\">Farbe<\/td>\n<td width=\"284\">Schwarz oder individuell<\/td>\n<\/tr>\n<tr>\n<td width=\"284\">Logo-Druck<\/td>\n<td width=\"284\">verf\u00fcgbar<\/td>\n<\/tr>\n<tr>\n<td width=\"284\">Verpacken<\/td>\n<td width=\"284\">1 St\u00fcck pro Beutel aus demselben Material oder kundenspezifisch verpackt<\/td>\n<\/tr>\n<tr>\n<td width=\"284\">MOQ<\/td>\n<td width=\"284\">300 STCK.<\/td>\n<\/tr>\n<tr>\n<td width=\"284\">Individuelles Design<\/td>\n<td width=\"284\">Unterst\u00fctzung<\/td>\n<\/tr>\n<\/tbody>\n<\/table>\n<p><strong><b>Gas-Feuerstelle Abdeckung<\/b><\/strong><strong><b>\u00a0Anwendungsbereiche<\/b><\/strong><strong><b>\u00a0<\/b><\/strong><strong><b>: <\/b><\/strong><\/p>\n<ul>\n<li>Schutz f\u00fcr den Grillofen im Familienhof, staub- und regendicht<\/li>\n<li>Grillparty im Freien, vor\u00fcbergehende \u00dcberdachung zur Nutzung<\/li>\n<li>Brandschutz im Freien f\u00fcr Hotels und Resorts<\/li>\n<li>Schutz von Feuerl\u00f6schger\u00e4ten im Freien in Restaurants und Caf\u00e9s<\/li>\n<li>Kommerzielle Grillst\u00e4nde, die die Haltbarkeit der Ausr\u00fcstung verbessern<\/li>\n<li>Schutz von Feuerstellen im Freien in Parks und \u00f6ffentlichen Freizeitanlagen<\/li>\n<li>Verhindert, dass Kamine rosten und durch l\u00e4ngere Einwirkung von Wind und Sonne besch\u00e4digt werden.<\/li>\n<li>Schutz f\u00fcr Outdoor-Aktivit\u00e4ten und Campingkocher<\/li>\n<\/ul>\n<p>NINGBO TOPRISE ist eine professionelle Fabrik, die sich auf die Herstellung von<a href=\"https:\/\/toprisesafety.com\/de\/product-category\/outdoor-goods\/waterproof-cover\/\"> hochwertige wasserdichte Bez\u00fcge<\/a>Wir haben es uns zur Aufgabe gemacht, unseren Kunden verschiedene ma\u00dfgeschneiderte Schutzl\u00f6sungen zu bieten. Mit fortschrittlichen Produktionsanlagen und reicher Industrieerfahrung decken unsere Produkte eine breite Palette von Typen wie Motorradabdeckungen, Autoabdeckungen, M\u00f6belabdeckungen und Fahrradabdeckungen ab. Alle wasserdichten Abdeckungen werden aus hochwertigen wasserdichten Stoffen hergestellt, wie 420D Oxford Gewebe und 210D Oxford Gewebe, mit mehreren Funktionen wie Wasserdichtigkeit, UV-Schutz, Staubschutz, Windbest\u00e4ndigkeit und Kratzfestigkeit, die Ihre Ausr\u00fcstung effektiv vor \u00e4u\u00dferen Umwelteinfl\u00fcssen sch\u00fctzen k\u00f6nnen.<br \/>\nUnser Werk verf\u00fcgt \u00fcber drei hocheffiziente Produktionslinien, die jeweils mit fortschrittlichen automatisierten Anlagen ausgestattet sind und es uns erm\u00f6glichen, verschiedene wasserdichte Abdeckungen mit hoher Effizienz und Stabilit\u00e4t herzustellen. In der Fabrik sind derzeit etwa 150 Mitarbeiter besch\u00e4ftigt, darunter Techniker, Bediener, Qualit\u00e4tspr\u00fcfer und ein Support-Team f\u00fcr die Logistik. Wir sind in der Lage, kundenspezifische Dienstleistungen in Bezug auf verschiedene Gr\u00f6\u00dfen, Farben und Stoffe entsprechend den Kundenanforderungen anzubieten. Dar\u00fcber hinaus bieten wir LOGO-Druck und personalisierte Verpackungen an, um die Anforderungen verschiedener Branchen und M\u00e4rkte zu erf\u00fcllen. Alle Produkte werden strengen Qualit\u00e4tskontrollen unterzogen, um sicherzustellen, dass sie hohen Standards entsprechen und die unterschiedlichen Bed\u00fcrfnisse der Kunden erf\u00fcllen k\u00f6nnen.<br \/>\nWir haben uns immer an das Prinzip \"Qualit\u00e4t an erster Stelle und Service an erster Stelle\" gehalten und sind bestrebt, ein zuverl\u00e4ssiger Lieferant von wasserdichten Abdeckungen f\u00fcr Kunden in aller Welt zu werden.<br \/>\nWenn Sie Fragen zu wasserdichten Abdeckungen haben, <a href=\"https:\/\/toprisesafety.com\/de\/contact-us\/\">kontaktieren Sie uns frei.<\/a><\/p>","protected":false},"excerpt":{"rendered":"<p>Art.Nr.PC08<\/p>\n<p>Material: 210D \/420D\/600D Oxford-Gewebe mit Silberbeschichtung oder kundenspezifisch oder kundenspezifisch<\/p>\n<p>Gr\u00f6\u00dfe: Einzelperson\uff1a82*82*61CM, 76*76*63CM, 92*92*61CM, 100*56*64cm oder individuell<\/p>\n<p>Farbe:Schwarz oder individuell<\/p>\n<p>Logodruck: verf\u00fcgbar<\/p>\n<p>MOQ: 300PCS<\/p>","protected":false},"featured_media":12853,"template":"","meta":{"_acf_changed":false},"product_brand":[],"product_cat":[371,401],"product_tag":[],"class_list":{"0":"post-12849","1":"product","2":"type-product","3":"status-publish","4":"has-post-thumbnail","6":"product_cat-outdoor-goods","7":"product_cat-waterproof-cover","9":"first","10":"instock","11":"shipping-taxable","12":"product-type-simple"},"acf":[],"_links":{"self":[{"href":"https:\/\/toprisesafety.com\/de\/wp-json\/wp\/v2\/product\/12849"}],"collection":[{"href":"https:\/\/toprisesafety.com\/de\/wp-json\/wp\/v2\/product"}],"about":[{"href":"https:\/\/toprisesafety.com\/de\/wp-json\/wp\/v2\/types\/product"}],"wp:featuredmedia":[{"embeddable":true,"href":"https:\/\/toprisesafety.com\/de\/wp-json\/wp\/v2\/media\/12853"}],"wp:attachment":[{"href":"https:\/\/toprisesafety.com\/de\/wp-json\/wp\/v2\/media?parent=12849"}],"wp:term":[{"taxonomy":"product_brand","embeddable":true,"href":"https:\/\/toprisesafety.com\/de\/wp-json\/wp\/v2\/product_brand?post=12849"},{"taxonomy":"product_cat","embeddable":true,"href":"https:\/\/toprisesafety.com\/de\/wp-json\/wp\/v2\/product_cat?post=12849"},{"taxonomy":"product_tag","embeddable":true,"href":"https:\/\/toprisesafety.com\/de\/wp-json\/wp\/v2\/product_tag?post=12849"}],"curies":[{"name":"wp","href":"https:\/\/api.w.org\/{rel}","templated":true}]}}