{"id":12845,"date":"2025-06-03T03:38:18","date_gmt":"2025-06-03T03:38:18","guid":{"rendered":"https:\/\/toprisesafety.com\/?post_type=product&#038;p=12845"},"modified":"2025-06-05T06:46:54","modified_gmt":"2025-06-05T06:46:54","slug":"tire-storage-cover","status":"publish","type":"product","link":"https:\/\/toprisesafety.com\/de\/product\/tire-storage-cover\/","title":{"rendered":"Reifenabdeckung"},"content":{"rendered":"<h2>Reifenabdeckung<\/h2>\n<p><strong><b>Reifenabdeckung<\/b><\/strong><strong><b>\u00a0Eigenschaften<\/b><\/strong><strong><b>:<\/b><\/strong><\/p>\n<ul>\n<li>Das 420D Oxford-Gewebe ist dick, haltbar und rei\u00dft nicht ein.<\/li>\n<li>Silberne Beschichtung, die ultraviolette Strahlen und Alterung wirksam verhindert<\/li>\n<li>Er ist wasser- und staubdicht und kann die Reifen auch bei Regen und Schnee sch\u00fctzen.<\/li>\n<li>Antioxidative und rostsch\u00fctzende Eigenschaften, die die Lebensdauer der Reifen verl\u00e4ngern<\/li>\n<li>Rei\u00dfverschluss und Kordelzug sorgen f\u00fcr eine sichere Fixierung und verhindern ein versehentliches L\u00f6sen<\/li>\n<li>Es l\u00e4sst sich leicht montieren und demontieren und kann zur Lagerung zusammengeklappt werden, ohne viel Platz zu beanspruchen.<\/li>\n<li>Geeignet f\u00fcr die Lagerung von Reifen in Haushalten, Garagen und im Freien<\/li>\n<li>Unterst\u00fctzung der Anpassung von Gr\u00f6\u00dfe, Farbe und Logo.<\/li>\n<\/ul>\n<table>\n<tbody>\n<tr>\n<td width=\"284\">ART NO.<\/td>\n<td width=\"284\">TSC04<\/td>\n<\/tr>\n<tr>\n<td width=\"284\">Material<\/td>\n<td width=\"284\">420D Oxford-Gewebe mit Silberbeschichtung oder kundenspezifisch oder kundenspezifisch<\/td>\n<\/tr>\n<tr>\n<td width=\"284\">Wasserdruck<\/td>\n<td width=\"284\">2000+<\/td>\n<\/tr>\n<tr>\n<td width=\"284\">Gr\u00f6\u00dfe<\/td>\n<td width=\"284\">58*76cm\uff0c65*90cm\uff0c73*110cm\uff0c85*120cm oder individuell<\/td>\n<\/tr>\n<tr>\n<td width=\"284\">Farbe<\/td>\n<td width=\"284\">Schwarz oder individuell<\/td>\n<\/tr>\n<tr>\n<td width=\"284\">Logo-Druck<\/td>\n<td width=\"284\">verf\u00fcgbar<\/td>\n<\/tr>\n<tr>\n<td width=\"284\">Verpacken<\/td>\n<td width=\"284\">1 St\u00fcck pro Beutel aus demselben Material oder kundenspezifisch verpackt<\/td>\n<\/tr>\n<tr>\n<td width=\"284\">MOQ<\/td>\n<td width=\"284\">300 STCK.<\/td>\n<\/tr>\n<tr>\n<td width=\"284\">Individuelles Design<\/td>\n<td width=\"284\">Unterst\u00fctzung<\/td>\n<\/tr>\n<\/tbody>\n<\/table>\n<p><strong><b>Reifenabdeckung<\/b><\/strong><strong><b>Angewandte Bereiche: <\/b><\/strong><\/p>\n<ul>\n<li>Garage im Haus: Bewahrt Ersatzreifen auf, sch\u00fctzt vor Staub und Feuchtigkeit<\/li>\n<li>Au\u00dfenparkplatz: Sch\u00fctzt die Reifen vor Wind, Sonne und Regen und verl\u00e4ngert ihre Lebensdauer<\/li>\n<li>Reifen-Lager: Sch\u00fctzen Sie die Bestandsreifen und halten Sie sie sauber und neu wie zuvor.<\/li>\n<li>Autoreparaturwerkstatt Ersatzteilbereich: Vereinheitlichtes Management, verbessertes professionelles Image<\/li>\n<li>Saisonale Reifenlagerung: Verhindert, dass Gummi altert und sich verformt.<\/li>\n<li>Langfristiger Schutz f\u00fcr geparkte Fahrzeugreifen: Reduzierung von UV-Sch\u00e4den<\/li>\n<li>Autovermieter und Fuhrpark: Massenreifenschutz und Identifikationsmanagement<\/li>\n<\/ul>\n<p>NINGBO TOPRISE ist eine professionelle Fabrik, die sich auf die Herstellung von<a href=\"https:\/\/toprisesafety.com\/de\/product-category\/outdoor-goods\/waterproof-cover\/\"> hochwertige wasserdichte Bez\u00fcge<\/a>Wir haben es uns zur Aufgabe gemacht, unseren Kunden verschiedene ma\u00dfgeschneiderte Schutzl\u00f6sungen zu bieten. Mit fortschrittlichen Produktionsanlagen und reicher Industrieerfahrung decken unsere Produkte eine breite Palette von Typen wie Motorradabdeckungen, Autoabdeckungen, M\u00f6belabdeckungen und Fahrradabdeckungen ab. Alle wasserdichten Abdeckungen werden aus hochwertigen wasserdichten Stoffen hergestellt, wie 420D Oxford Gewebe und 210D Oxford Gewebe, mit mehreren Funktionen wie Wasserdichtigkeit, UV-Schutz, Staubschutz, Windbest\u00e4ndigkeit und Kratzfestigkeit, die Ihre Ausr\u00fcstung effektiv vor \u00e4u\u00dferen Umwelteinfl\u00fcssen sch\u00fctzen k\u00f6nnen.<br \/>\nUnser Werk verf\u00fcgt \u00fcber drei hocheffiziente Produktionslinien, die jeweils mit fortschrittlichen automatisierten Anlagen ausgestattet sind und es uns erm\u00f6glichen, verschiedene wasserdichte Abdeckungen mit hoher Effizienz und Stabilit\u00e4t herzustellen. In der Fabrik sind derzeit etwa 150 Mitarbeiter besch\u00e4ftigt, darunter Techniker, Bediener, Qualit\u00e4tspr\u00fcfer und ein Support-Team f\u00fcr die Logistik. Wir sind in der Lage, kundenspezifische Dienstleistungen in Bezug auf verschiedene Gr\u00f6\u00dfen, Farben und Stoffe entsprechend den Kundenanforderungen anzubieten. Dar\u00fcber hinaus bieten wir LOGO-Druck und personalisierte Verpackungen an, um die Anforderungen verschiedener Branchen und M\u00e4rkte zu erf\u00fcllen. Alle Produkte werden strengen Qualit\u00e4tskontrollen unterzogen, um sicherzustellen, dass sie hohen Standards entsprechen und die unterschiedlichen Bed\u00fcrfnisse der Kunden erf\u00fcllen k\u00f6nnen.<br \/>\nWir haben uns immer an das Prinzip \"Qualit\u00e4t an erster Stelle und Service an erster Stelle\" gehalten und sind bestrebt, ein zuverl\u00e4ssiger Lieferant von wasserdichten Abdeckungen f\u00fcr Kunden in aller Welt zu werden.<br \/>\nWenn Sie Fragen zu wasserdichten Abdeckungen haben, <a href=\"https:\/\/toprisesafety.com\/de\/contact-us\/\">kontaktieren Sie uns frei.<\/a><\/p>","protected":false},"excerpt":{"rendered":"<p>Art.Nr.TSC04<\/p>\n<p>Material: 420D Oxford-Gewebe mit Silberbeschichtung oder kundenspezifisch oder kundenspezifisch<\/p>\n<p>Wasserdruck: 1500 - 2000<\/p>\n<p>Gr\u00f6\u00dfe: 58*76cm\uff0c65*90cm\uff0c73*110cm\uff0c85*120cm oder individuell<\/p>\n<p>Farbe:Schwarz oder individuell<\/p>\n<p>Logodruck: verf\u00fcgbar<\/p>\n<p>MOQ: 300PCS<\/p>","protected":false},"featured_media":12847,"template":"","meta":{"_acf_changed":false},"product_brand":[],"product_cat":[371,401],"product_tag":[],"class_list":{"0":"post-12845","1":"product","2":"type-product","3":"status-publish","4":"has-post-thumbnail","6":"product_cat-outdoor-goods","7":"product_cat-waterproof-cover","9":"first","10":"instock","11":"shipping-taxable","12":"product-type-simple"},"acf":[],"_links":{"self":[{"href":"https:\/\/toprisesafety.com\/de\/wp-json\/wp\/v2\/product\/12845"}],"collection":[{"href":"https:\/\/toprisesafety.com\/de\/wp-json\/wp\/v2\/product"}],"about":[{"href":"https:\/\/toprisesafety.com\/de\/wp-json\/wp\/v2\/types\/product"}],"wp:featuredmedia":[{"embeddable":true,"href":"https:\/\/toprisesafety.com\/de\/wp-json\/wp\/v2\/media\/12847"}],"wp:attachment":[{"href":"https:\/\/toprisesafety.com\/de\/wp-json\/wp\/v2\/media?parent=12845"}],"wp:term":[{"taxonomy":"product_brand","embeddable":true,"href":"https:\/\/toprisesafety.com\/de\/wp-json\/wp\/v2\/product_brand?post=12845"},{"taxonomy":"product_cat","embeddable":true,"href":"https:\/\/toprisesafety.com\/de\/wp-json\/wp\/v2\/product_cat?post=12845"},{"taxonomy":"product_tag","embeddable":true,"href":"https:\/\/toprisesafety.com\/de\/wp-json\/wp\/v2\/product_tag?post=12845"}],"curies":[{"name":"wp","href":"https:\/\/api.w.org\/{rel}","templated":true}]}}