{"id":12839,"date":"2025-06-03T03:33:26","date_gmt":"2025-06-03T03:33:26","guid":{"rendered":"https:\/\/toprisesafety.com\/?post_type=product&#038;p=12839"},"modified":"2025-06-05T06:48:24","modified_gmt":"2025-06-05T06:48:24","slug":"kettle-grill-cover","status":"publish","type":"product","link":"https:\/\/toprisesafety.com\/de\/product\/kettle-grill-cover\/","title":{"rendered":"Kesselgrill-Abdeckung"},"content":{"rendered":"<p>Kesselgrill-Abdeckung<\/p>\n<p><strong><b>Kettle Grill Abdeckung Merkmale:<\/b><\/strong><\/p>\n<ul>\n<li>210D Oxford-Gewebe, robust und rei\u00dffest<\/li>\n<li>Die Silberbeschichtung reflektiert das Sonnenlicht und sch\u00fctzt vor ultravioletten Strahlen.<\/li>\n<li>Wasser- und staubdicht, kein Problem bei Regen und Schnee.<\/li>\n<li>Es ist schimmel- und alterungsbest\u00e4ndig und verblasst oder verformt sich nicht so leicht.<\/li>\n<li>Leicht und einfach zu verstauen, bequem zu tragen<\/li>\n<li>Unteres Bindeseil-Design, stabiler gegen Wind<\/li>\n<li>\u00c4u\u00dferst vielseitig, kompatibel mit verschiedenen \u00d6fen<\/li>\n<li>Unterst\u00fctzung der Anpassung von Stilen, Gr\u00f6\u00dfen und Logos<\/li>\n<\/ul>\n<table>\n<tbody>\n<tr>\n<td width=\"284\">ART NO.<\/td>\n<td width=\"284\">KGC02<\/td>\n<\/tr>\n<tr>\n<td width=\"284\">Material<\/td>\n<td width=\"284\">210D Oxford-Gewebe mit Silberbeschichtung oder nach Kundenwunsch, 80g\/qm oder nach Kundenwunsch<\/td>\n<\/tr>\n<tr>\n<td width=\"284\">Wasserdruck<\/td>\n<td width=\"284\">1500 &#8211; 2000<\/td>\n<\/tr>\n<tr>\n<td width=\"284\">Gr\u00f6\u00dfe<\/td>\n<td width=\"284\">62\u00d7105 CM, 66\u00d770 CM, 70\u00d790 CM, 71\u00d765 CM, 77\u00d758 CM oder individuell<\/td>\n<\/tr>\n<tr>\n<td width=\"284\">Farbe<\/td>\n<td width=\"284\">Schwarz oder individuell<\/td>\n<\/tr>\n<tr>\n<td width=\"284\">Logo-Druck<\/td>\n<td width=\"284\">verf\u00fcgbar<\/td>\n<\/tr>\n<tr>\n<td width=\"284\">Verpacken<\/td>\n<td width=\"284\">1 St\u00fcck pro Beutel aus demselben Material oder kundenspezifisch verpackt<\/td>\n<\/tr>\n<tr>\n<td width=\"284\">MOQ<\/td>\n<td width=\"284\">300 STCK.<\/td>\n<\/tr>\n<tr>\n<td width=\"284\">Individuelles Design<\/td>\n<td width=\"284\">Unterst\u00fctzung<\/td>\n<\/tr>\n<\/tbody>\n<\/table>\n<p><strong><b>Der Kugelgrill deckt ein breites Anwendungsspektrum ab: <\/b><\/strong><\/p>\n<ul>\n<li><b><\/b><strong><b>Familienhof<\/b><\/strong>: Schutz von Grillger\u00e4ten f\u00fcr den Au\u00dfenbereich zur Verl\u00e4ngerung ihrer Lebensspanne<\/li>\n<li><b><\/b><strong><b>Campen am Lagerfeuer<\/b><\/strong>Tragbar, staubdicht und regenfest, f\u00fcr den Au\u00dfeneinsatz geeignet.<\/li>\n<li><b><\/b><strong><b>Kommerzielle Grillst\u00e4nde<\/b><\/strong>: Verbessern Sie das professionelle Image der Ausr\u00fcstung, unterst\u00fctzen Sie das Design Ihres Logos<\/li>\n<li><b><\/b><strong><b>Grillen auf dem Balkon<\/b><\/strong>: Sch\u00fctzen Sie das Ger\u00e4t vor Sonne und Staub, und halten Sie es sauber.<\/li>\n<li><b><\/b><strong><b>Hotel\/Motel-Hof<\/b><\/strong>: Halten Sie die Grillger\u00e4te sauber und attraktiv.<\/li>\n<li><b><\/b><strong><b>Veranstaltungsort f\u00fcr Partys im Freien<\/b><\/strong>: Praktisch f\u00fcr die Abdeckung und den Schutz verschiedener Grilltypen<\/li>\n<\/ul>\n<p>NINGBO TOPRISE ist eine professionelle Fabrik, die sich auf die Herstellung von<a href=\"https:\/\/toprisesafety.com\/de\/product-category\/outdoor-goods\/waterproof-cover\/\"> hochwertige wasserdichte Bez\u00fcge<\/a>Wir haben es uns zur Aufgabe gemacht, unseren Kunden verschiedene ma\u00dfgeschneiderte Schutzl\u00f6sungen zu bieten. Mit fortschrittlichen Produktionsanlagen und reicher Industrieerfahrung decken unsere Produkte eine breite Palette von Typen wie Motorradabdeckungen, Autoabdeckungen, M\u00f6belabdeckungen und Fahrradabdeckungen ab. Alle wasserdichten Abdeckungen werden aus hochwertigen wasserdichten Stoffen hergestellt, wie 420D Oxford Gewebe und 210D Oxford Gewebe, mit mehreren Funktionen wie Wasserdichtigkeit, UV-Schutz, Staubschutz, Windbest\u00e4ndigkeit und Kratzfestigkeit, die Ihre Ausr\u00fcstung effektiv vor \u00e4u\u00dferen Umwelteinfl\u00fcssen sch\u00fctzen k\u00f6nnen.<br \/>\nUnser Werk verf\u00fcgt \u00fcber drei hocheffiziente Produktionslinien, die jeweils mit fortschrittlichen automatisierten Anlagen ausgestattet sind und es uns erm\u00f6glichen, verschiedene wasserdichte Abdeckungen mit hoher Effizienz und Stabilit\u00e4t herzustellen. In der Fabrik sind derzeit etwa 150 Mitarbeiter besch\u00e4ftigt, darunter Techniker, Bediener, Qualit\u00e4tspr\u00fcfer und ein Support-Team f\u00fcr die Logistik. Wir sind in der Lage, kundenspezifische Dienstleistungen in Bezug auf verschiedene Gr\u00f6\u00dfen, Farben und Stoffe entsprechend den Kundenanforderungen anzubieten. Dar\u00fcber hinaus bieten wir LOGO-Druck und personalisierte Verpackungen an, um die Anforderungen verschiedener Branchen und M\u00e4rkte zu erf\u00fcllen. Alle Produkte werden strengen Qualit\u00e4tskontrollen unterzogen, um sicherzustellen, dass sie hohen Standards entsprechen und die unterschiedlichen Bed\u00fcrfnisse der Kunden erf\u00fcllen k\u00f6nnen.<br \/>\nWir haben uns immer an das Prinzip \"Qualit\u00e4t an erster Stelle und Service an erster Stelle\" gehalten und sind bestrebt, ein zuverl\u00e4ssiger Lieferant von wasserdichten Abdeckungen f\u00fcr Kunden in aller Welt zu werden.<br \/>\nWenn Sie Fragen zu wasserdichten Abdeckungen haben, <a href=\"https:\/\/toprisesafety.com\/de\/contact-us\/\">kontaktieren Sie uns frei.<\/a><\/p>","protected":false},"excerpt":{"rendered":"<p>Art.Nr.: KGC02<\/p>\n<p>Material: 210D Oxford-Gewebe mit Silberbeschichtung oder nach Kundenwunsch, 80g\/qm oder nach Kundenwunsch<\/p>\n<p>Wasserdruck: 1500 - 2000<\/p>\n<p>Gr\u00f6\u00dfe: 62\u00d7105 CM, 66\u00d770 CM, 70\u00d790 CM, 71\u00d765 CM, 77\u00d758 CM oder individuell<\/p>\n<p>Farbe:Schwarz oder individuell<\/p>\n<p>Logodruck: verf\u00fcgbar<\/p>\n<p>MOQ: 300PCS<\/p>","protected":false},"featured_media":12841,"template":"","meta":{"_acf_changed":false},"product_brand":[],"product_cat":[371,401],"product_tag":[],"class_list":{"0":"post-12839","1":"product","2":"type-product","3":"status-publish","4":"has-post-thumbnail","6":"product_cat-outdoor-goods","7":"product_cat-waterproof-cover","9":"first","10":"instock","11":"shipping-taxable","12":"product-type-simple"},"acf":[],"_links":{"self":[{"href":"https:\/\/toprisesafety.com\/de\/wp-json\/wp\/v2\/product\/12839"}],"collection":[{"href":"https:\/\/toprisesafety.com\/de\/wp-json\/wp\/v2\/product"}],"about":[{"href":"https:\/\/toprisesafety.com\/de\/wp-json\/wp\/v2\/types\/product"}],"wp:featuredmedia":[{"embeddable":true,"href":"https:\/\/toprisesafety.com\/de\/wp-json\/wp\/v2\/media\/12841"}],"wp:attachment":[{"href":"https:\/\/toprisesafety.com\/de\/wp-json\/wp\/v2\/media?parent=12839"}],"wp:term":[{"taxonomy":"product_brand","embeddable":true,"href":"https:\/\/toprisesafety.com\/de\/wp-json\/wp\/v2\/product_brand?post=12839"},{"taxonomy":"product_cat","embeddable":true,"href":"https:\/\/toprisesafety.com\/de\/wp-json\/wp\/v2\/product_cat?post=12839"},{"taxonomy":"product_tag","embeddable":true,"href":"https:\/\/toprisesafety.com\/de\/wp-json\/wp\/v2\/product_tag?post=12839"}],"curies":[{"name":"wp","href":"https:\/\/api.w.org\/{rel}","templated":true}]}}