{"id":12833,"date":"2025-06-03T03:23:11","date_gmt":"2025-06-03T03:23:11","guid":{"rendered":"https:\/\/toprisesafety.com\/?post_type=product&#038;p=12833"},"modified":"2025-06-05T06:50:04","modified_gmt":"2025-06-05T06:50:04","slug":"patio-egg-chair-cover","status":"publish","type":"product","link":"https:\/\/toprisesafety.com\/de\/product\/patio-egg-chair-cover\/","title":{"rendered":"Patio Egg Chair Abdeckung"},"content":{"rendered":"<h2>Patio Egg Chair Abdeckung<\/h2>\n<p><strong><b>Patio Egg Chair Abdeckung<\/b><\/strong><strong><b>\u00a0F<\/b><\/strong><strong><b>Eigenschaften:<\/b><\/strong><\/p>\n<ul>\n<li>Das silberbeschichtete 210D Oxford-Gewebe ist robust und langlebig.<\/li>\n<li>Die Silberbeschichtung bietet UV-Schutz und reduziert Alterung und Ausbleichen.<\/li>\n<li>Hochgradig wasser- und staubabweisend, sch\u00fctzt den Stuhl vor Schmutz und Flecken.<\/li>\n<li>Rei\u00dffest und witterungsbest\u00e4ndig, verl\u00e4ngert die Lebensdauer<\/li>\n<li>Kordelzug an der Unterseite, der f\u00fcr eine sichere winddichte Fixierung sorgt<\/li>\n<li>Einfach zu montieren und zu demontieren, bequem zu falten und platzsparend zu lagern.<\/li>\n<li>Geeignet f\u00fcr den Einsatz in verschiedenen Szenarien wie Innenh\u00f6fen und Balkonen.<\/li>\n<li>Unterst\u00fctzung der Anpassung von Farben, Gr\u00f6\u00dfen und Logos, um die Individualit\u00e4t zu unterstreichen.<\/li>\n<\/ul>\n<table>\n<tbody>\n<tr>\n<td width=\"284\">ART NO.<\/td>\n<td width=\"284\">PEC03<\/td>\n<\/tr>\n<tr>\n<td width=\"284\">Material<\/td>\n<td width=\"284\">210D Oxford-Gewebe mit Silberbeschichtung oder kundenspezifisch oder kundenspezifisch<\/td>\n<\/tr>\n<tr>\n<td width=\"284\">Wasserdruck<\/td>\n<td width=\"284\">1500 &#8211; 2000<\/td>\n<\/tr>\n<tr>\n<td width=\"284\">Gr\u00f6\u00dfe<\/td>\n<td width=\"284\">Einzelsitz 190\u00d7115 CM, Doppelsitz 230\u00d7200 CM oder individuell<\/td>\n<\/tr>\n<tr>\n<td width=\"284\">Farbe<\/td>\n<td width=\"284\">Schwarz oder individuell<\/td>\n<\/tr>\n<tr>\n<td width=\"284\">Logo-Druck<\/td>\n<td width=\"284\">verf\u00fcgbar<\/td>\n<\/tr>\n<tr>\n<td width=\"284\">Verpacken<\/td>\n<td width=\"284\">1 St\u00fcck pro Beutel aus demselben Material oder kundenspezifisch verpackt<\/td>\n<\/tr>\n<tr>\n<td width=\"284\">MOQ<\/td>\n<td width=\"284\">300 STCK.<\/td>\n<\/tr>\n<tr>\n<td width=\"284\">Individuelles Design<\/td>\n<td width=\"284\">Unterst\u00fctzung<\/td>\n<\/tr>\n<\/tbody>\n<\/table>\n<p><strong><b>Patio Egg Chair Abdeckung<\/b><\/strong><strong><b>\u00a0<\/b><\/strong><strong><b>Weit verbreitete Anwendungsgebiete: <\/b><\/strong><\/p>\n<ul>\n<li><b><\/b><strong><b>Innenhof der Familie<\/b><\/strong>: Sch\u00fctzen Sie den Eierstuhl vor Wind, Sonne und Regen.<\/li>\n<li><b><\/b><strong><b>Platz auf dem Balkon<\/b><\/strong>: Staub- und feuchtigkeitsbest\u00e4ndig, damit die St\u00fchle sauber und attraktiv bleiben<\/li>\n<li><b><\/b><strong><b>Camping im Freien<\/b><\/strong>: Tragbar und einfach zu verwenden, geeignet f\u00fcr vor\u00fcbergehende Abdeckung und Schutz.<\/li>\n<li><b><\/b><strong><b>Resort\/Bed and Breakfas<\/b><\/strong>t: Aufwertung des Gesamtbildes von Au\u00dfenm\u00f6beln<\/li>\n<li><b><\/b><strong><b>Kommerzielle Au\u00dfenbereiche<\/b><\/strong>: Eif\u00f6rmige St\u00fchle zum Schutz in Caf\u00e9s und Freizeiteinrichtungen<\/li>\n<li><b><\/b><strong><b>Innenlagerung f\u00fcr ungenutzte Gegenst\u00e4nde<\/b><\/strong>: Vermeiden Sie Staubansammlungen und Abnutzungserscheinungen.<\/li>\n<li><b><\/b><strong><b>Schwimmbadbereich im Freien<\/b><\/strong>: Sch\u00fctzt die Eierst\u00fchle vor Sonnenlicht und Feuchtigkeit.<\/li>\n<\/ul>\n<p>NINGBO TOPRISE ist eine professionelle Fabrik, die sich auf die Herstellung von<a href=\"https:\/\/toprisesafety.com\/de\/product-category\/outdoor-goods\/waterproof-cover\/\"> hochwertige wasserdichte Bez\u00fcge<\/a>Wir haben es uns zur Aufgabe gemacht, unseren Kunden verschiedene ma\u00dfgeschneiderte Schutzl\u00f6sungen zu bieten. Mit fortschrittlichen Produktionsanlagen und reicher Industrieerfahrung decken unsere Produkte eine breite Palette von Typen wie Motorradabdeckungen, Autoabdeckungen, M\u00f6belabdeckungen und Fahrradabdeckungen ab. Alle wasserdichten Abdeckungen werden aus hochwertigen wasserdichten Stoffen hergestellt, wie 420D Oxford Gewebe und 210D Oxford Gewebe, mit mehreren Funktionen wie Wasserdichtigkeit, UV-Schutz, Staubschutz, Windbest\u00e4ndigkeit und Kratzfestigkeit, die Ihre Ausr\u00fcstung effektiv vor \u00e4u\u00dferen Umwelteinfl\u00fcssen sch\u00fctzen k\u00f6nnen.<br \/>\nUnser Werk verf\u00fcgt \u00fcber drei hocheffiziente Produktionslinien, die jeweils mit fortschrittlichen automatisierten Anlagen ausgestattet sind und es uns erm\u00f6glichen, verschiedene wasserdichte Abdeckungen mit hoher Effizienz und Stabilit\u00e4t herzustellen. In der Fabrik sind derzeit etwa 150 Mitarbeiter besch\u00e4ftigt, darunter Techniker, Bediener, Qualit\u00e4tspr\u00fcfer und ein Support-Team f\u00fcr die Logistik. Wir sind in der Lage, kundenspezifische Dienstleistungen in Bezug auf verschiedene Gr\u00f6\u00dfen, Farben und Stoffe entsprechend den Kundenanforderungen anzubieten. Dar\u00fcber hinaus bieten wir LOGO-Druck und personalisierte Verpackungen an, um die Anforderungen verschiedener Branchen und M\u00e4rkte zu erf\u00fcllen. Alle Produkte werden strengen Qualit\u00e4tskontrollen unterzogen, um sicherzustellen, dass sie hohen Standards entsprechen und die unterschiedlichen Bed\u00fcrfnisse der Kunden erf\u00fcllen k\u00f6nnen.<br \/>\nWir haben uns immer an das Prinzip \"Qualit\u00e4t an erster Stelle und Service an erster Stelle\" gehalten und sind bestrebt, ein zuverl\u00e4ssiger Lieferant von wasserdichten Abdeckungen f\u00fcr Kunden in aller Welt zu werden.<br \/>\nWenn Sie Fragen zu wasserdichten Abdeckungen haben, <a href=\"https:\/\/toprisesafety.com\/de\/contact-us\/\">kontaktieren Sie uns frei.<\/a><\/p>","protected":false},"excerpt":{"rendered":"<p>Art.Nr.:PEC03<\/p>\n<p>Material: 210D Oxford-Gewebe mit Silberbeschichtung oder kundenspezifisch oder kundenspezifisch<\/p>\n<p>Wasserdruck: 1500 - 2000<\/p>\n<p>Gr\u00f6\u00dfe: Einzelsitz 190\u00d7115 CM, Doppelsitz 230\u00d7200 CM oder individuell<\/p>\n<p>Farbe:Schwarz oder individuell<\/p>\n<p>Logodruck: verf\u00fcgbar<\/p>\n<p>MOQ: 300PCS<\/p>","protected":false},"featured_media":12838,"template":"","meta":{"_acf_changed":false},"product_brand":[],"product_cat":[371,401],"product_tag":[],"class_list":{"0":"post-12833","1":"product","2":"type-product","3":"status-publish","4":"has-post-thumbnail","6":"product_cat-outdoor-goods","7":"product_cat-waterproof-cover","9":"first","10":"instock","11":"shipping-taxable","12":"product-type-simple"},"acf":[],"_links":{"self":[{"href":"https:\/\/toprisesafety.com\/de\/wp-json\/wp\/v2\/product\/12833"}],"collection":[{"href":"https:\/\/toprisesafety.com\/de\/wp-json\/wp\/v2\/product"}],"about":[{"href":"https:\/\/toprisesafety.com\/de\/wp-json\/wp\/v2\/types\/product"}],"wp:featuredmedia":[{"embeddable":true,"href":"https:\/\/toprisesafety.com\/de\/wp-json\/wp\/v2\/media\/12838"}],"wp:attachment":[{"href":"https:\/\/toprisesafety.com\/de\/wp-json\/wp\/v2\/media?parent=12833"}],"wp:term":[{"taxonomy":"product_brand","embeddable":true,"href":"https:\/\/toprisesafety.com\/de\/wp-json\/wp\/v2\/product_brand?post=12833"},{"taxonomy":"product_cat","embeddable":true,"href":"https:\/\/toprisesafety.com\/de\/wp-json\/wp\/v2\/product_cat?post=12833"},{"taxonomy":"product_tag","embeddable":true,"href":"https:\/\/toprisesafety.com\/de\/wp-json\/wp\/v2\/product_tag?post=12833"}],"curies":[{"name":"wp","href":"https:\/\/api.w.org\/{rel}","templated":true}]}}