{"id":12824,"date":"2025-05-29T07:29:45","date_gmt":"2025-05-29T07:29:45","guid":{"rendered":"https:\/\/toprisesafety.com\/?post_type=product&#038;p=12824"},"modified":"2025-06-03T03:08:58","modified_gmt":"2025-06-03T03:08:58","slug":"waterproof-bbq-grill-cover","status":"publish","type":"product","link":"https:\/\/toprisesafety.com\/de\/product\/waterproof-bbq-grill-cover\/","title":{"rendered":"Wasserdichte BBQ-Grillabdeckung"},"content":{"rendered":"<h2>Wasserdichte BBQ-Grillabdeckung<\/h2>\n<p><strong><b>Wasserdichte BBQ-Grillabdeckung Merkmale:<\/b><\/strong><\/p>\n<ul>\n<li>Wasserdicht und sonnengesch\u00fctzt: 210D Oxford-Gewebe mit silberner Beschichtung, sch\u00fctzt den Grillrost effektiv vor Rost und Ausbleichen, w\u00e4hrend er Regen und UV-Strahlen widersteht.<\/li>\n<li>Rei\u00dffest und langlebig: Hochdicht gewebtes Gewebe, sehr haltbar und widerstandsf\u00e4hig gegen Besch\u00e4digungen<\/li>\n<li>F\u00fcr alle vier Jahreszeiten geeignet: Sch\u00fctzt vor Regen, Schnee, Staub und Wind und gew\u00e4hrleistet einen problemlosen Einsatz im Freien<\/li>\n<li>Elastischer Rand + Klettverschluss: Sicherer Sitz, unempfindlich bei starkem Wind<\/li>\n<li>Unterst\u00fctzt OEM-Anpassung: Stile, Gr\u00f6\u00dfen, Farben und Logos k\u00f6nnen je nach Bedarf angepasst werden, um den Vertriebsanforderungen in verschiedenen Szenarien gerecht zu werden.<\/li>\n<\/ul>\n<table>\n<tbody>\n<tr>\n<td width=\"284\">ART NO.<\/td>\n<td width=\"284\">BGC01<\/td>\n<\/tr>\n<tr>\n<td width=\"284\">Material<\/td>\n<td width=\"284\">210D Oxford-Gewebe mit Silberbeschichtung oder nach Kundenwunsch, 80g\/qm oder nach Kundenwunsch<\/td>\n<\/tr>\n<tr>\n<td width=\"284\">Wasserdruck<\/td>\n<td width=\"284\">1500 &#8211; 2000<\/td>\n<\/tr>\n<tr>\n<td width=\"284\">Gr\u00f6\u00dfe<\/td>\n<td width=\"284\">S-XXL oder nach Ma\u00df<\/td>\n<\/tr>\n<tr>\n<td width=\"284\">Farbe<\/td>\n<td width=\"284\">Schwarz\/Beige\/Kaffee\/Grau oder individuell<\/td>\n<\/tr>\n<tr>\n<td width=\"284\">Logo-Druck<\/td>\n<td width=\"284\">verf\u00fcgbar<\/td>\n<\/tr>\n<tr>\n<td width=\"284\">Verpacken<\/td>\n<td width=\"284\">1 St\u00fcck pro Beutel aus demselben Material oder kundenspezifisch verpackt<\/td>\n<\/tr>\n<tr>\n<td width=\"284\">MOQ<\/td>\n<td width=\"284\">300 STCK.<\/td>\n<\/tr>\n<tr>\n<td width=\"284\">Individuelles Design<\/td>\n<td width=\"284\">Unterst\u00fctzung<\/td>\n<\/tr>\n<\/tbody>\n<\/table>\n<p>&nbsp;<\/p>\n<p><img fetchpriority=\"high\" decoding=\"async\" class=\"alignnone size-medium wp-image-12825\" src=\"https:\/\/toprisesafety.com\/wp-content\/uploads\/2025\/05\/Measurement--300x300.jpg\" alt=\"\" width=\"300\" height=\"300\" srcset=\"https:\/\/toprisesafety.com\/wp-content\/uploads\/2025\/05\/Measurement--300x300.jpg 300w, https:\/\/toprisesafety.com\/wp-content\/uploads\/2025\/05\/Measurement--1024x1024.jpg 1024w, https:\/\/toprisesafety.com\/wp-content\/uploads\/2025\/05\/Measurement--150x150.jpg 150w, https:\/\/toprisesafety.com\/wp-content\/uploads\/2025\/05\/Measurement--768x768.jpg 768w, https:\/\/toprisesafety.com\/wp-content\/uploads\/2025\/05\/Measurement--1536x1536.jpg 1536w, https:\/\/toprisesafety.com\/wp-content\/uploads\/2025\/05\/Measurement--2048x2048.jpg 2048w, https:\/\/toprisesafety.com\/wp-content\/uploads\/2025\/05\/Measurement--600x600.jpg 600w, https:\/\/toprisesafety.com\/wp-content\/uploads\/2025\/05\/Measurement--100x100.jpg 100w\" sizes=\"(max-width: 300px) 100vw, 300px\" \/> <img decoding=\"async\" class=\"alignnone size-medium wp-image-12826\" src=\"https:\/\/toprisesafety.com\/wp-content\/uploads\/2025\/05\/waterproof-BBQ-Grill-Cove-Material-300x300.jpg\" alt=\"\" width=\"300\" height=\"300\" srcset=\"https:\/\/toprisesafety.com\/wp-content\/uploads\/2025\/05\/waterproof-BBQ-Grill-Cove-Material-300x300.jpg 300w, https:\/\/toprisesafety.com\/wp-content\/uploads\/2025\/05\/waterproof-BBQ-Grill-Cove-Material-1024x1024.jpg 1024w, https:\/\/toprisesafety.com\/wp-content\/uploads\/2025\/05\/waterproof-BBQ-Grill-Cove-Material-150x150.jpg 150w, https:\/\/toprisesafety.com\/wp-content\/uploads\/2025\/05\/waterproof-BBQ-Grill-Cove-Material-768x768.jpg 768w, https:\/\/toprisesafety.com\/wp-content\/uploads\/2025\/05\/waterproof-BBQ-Grill-Cove-Material-600x600.jpg 600w, https:\/\/toprisesafety.com\/wp-content\/uploads\/2025\/05\/waterproof-BBQ-Grill-Cove-Material-100x100.jpg 100w, https:\/\/toprisesafety.com\/wp-content\/uploads\/2025\/05\/waterproof-BBQ-Grill-Cove-Material.jpg 1200w\" sizes=\"(max-width: 300px) 100vw, 300px\" \/> <img decoding=\"async\" class=\"alignnone size-medium wp-image-12827\" src=\"https:\/\/toprisesafety.com\/wp-content\/uploads\/2025\/05\/Waterproof-BBQ-Grill-Cover-1-300x300.jpg\" alt=\"\" width=\"300\" height=\"300\" srcset=\"https:\/\/toprisesafety.com\/wp-content\/uploads\/2025\/05\/Waterproof-BBQ-Grill-Cover-1-300x300.jpg 300w, https:\/\/toprisesafety.com\/wp-content\/uploads\/2025\/05\/Waterproof-BBQ-Grill-Cover-1-1024x1024.jpg 1024w, https:\/\/toprisesafety.com\/wp-content\/uploads\/2025\/05\/Waterproof-BBQ-Grill-Cover-1-150x150.jpg 150w, https:\/\/toprisesafety.com\/wp-content\/uploads\/2025\/05\/Waterproof-BBQ-Grill-Cover-1-768x768.jpg 768w, https:\/\/toprisesafety.com\/wp-content\/uploads\/2025\/05\/Waterproof-BBQ-Grill-Cover-1-1536x1536.jpg 1536w, https:\/\/toprisesafety.com\/wp-content\/uploads\/2025\/05\/Waterproof-BBQ-Grill-Cover-1-600x600.jpg 600w, https:\/\/toprisesafety.com\/wp-content\/uploads\/2025\/05\/Waterproof-BBQ-Grill-Cover-1-100x100.jpg 100w, https:\/\/toprisesafety.com\/wp-content\/uploads\/2025\/05\/Waterproof-BBQ-Grill-Cover-1.jpg 1796w\" sizes=\"(max-width: 300px) 100vw, 300px\" \/> <img loading=\"lazy\" decoding=\"async\" class=\"alignnone size-medium wp-image-12828\" src=\"https:\/\/toprisesafety.com\/wp-content\/uploads\/2025\/05\/Waterproof-BBQ-Grill-Cover-1-1-255x300.jpg\" alt=\"\" width=\"255\" height=\"300\" srcset=\"https:\/\/toprisesafety.com\/wp-content\/uploads\/2025\/05\/Waterproof-BBQ-Grill-Cover-1-1-255x300.jpg 255w, https:\/\/toprisesafety.com\/wp-content\/uploads\/2025\/05\/Waterproof-BBQ-Grill-Cover-1-1.jpg 595w\" sizes=\"(max-width: 255px) 100vw, 255px\" \/> <img loading=\"lazy\" decoding=\"async\" class=\"alignnone size-medium wp-image-12829\" src=\"https:\/\/toprisesafety.com\/wp-content\/uploads\/2025\/05\/Waterproof-BBQ-Grill-Cover-2-300x300.jpg\" alt=\"\" width=\"300\" height=\"300\" srcset=\"https:\/\/toprisesafety.com\/wp-content\/uploads\/2025\/05\/Waterproof-BBQ-Grill-Cover-2-300x300.jpg 300w, https:\/\/toprisesafety.com\/wp-content\/uploads\/2025\/05\/Waterproof-BBQ-Grill-Cover-2-1024x1024.jpg 1024w, https:\/\/toprisesafety.com\/wp-content\/uploads\/2025\/05\/Waterproof-BBQ-Grill-Cover-2-150x150.jpg 150w, https:\/\/toprisesafety.com\/wp-content\/uploads\/2025\/05\/Waterproof-BBQ-Grill-Cover-2-768x768.jpg 768w, https:\/\/toprisesafety.com\/wp-content\/uploads\/2025\/05\/Waterproof-BBQ-Grill-Cover-2-600x600.jpg 600w, https:\/\/toprisesafety.com\/wp-content\/uploads\/2025\/05\/Waterproof-BBQ-Grill-Cover-2-100x100.jpg 100w, https:\/\/toprisesafety.com\/wp-content\/uploads\/2025\/05\/Waterproof-BBQ-Grill-Cover-2.jpg 1520w\" sizes=\"(max-width: 300px) 100vw, 300px\" \/> <img loading=\"lazy\" decoding=\"async\" class=\"alignnone size-medium wp-image-12830\" src=\"https:\/\/toprisesafety.com\/wp-content\/uploads\/2025\/05\/Waterproof-BBQ-Grill-Cover-3-300x300.jpg\" alt=\"\" width=\"300\" height=\"300\" srcset=\"https:\/\/toprisesafety.com\/wp-content\/uploads\/2025\/05\/Waterproof-BBQ-Grill-Cover-3-300x300.jpg 300w, https:\/\/toprisesafety.com\/wp-content\/uploads\/2025\/05\/Waterproof-BBQ-Grill-Cover-3-1024x1024.jpg 1024w, https:\/\/toprisesafety.com\/wp-content\/uploads\/2025\/05\/Waterproof-BBQ-Grill-Cover-3-150x150.jpg 150w, https:\/\/toprisesafety.com\/wp-content\/uploads\/2025\/05\/Waterproof-BBQ-Grill-Cover-3-768x768.jpg 768w, https:\/\/toprisesafety.com\/wp-content\/uploads\/2025\/05\/Waterproof-BBQ-Grill-Cover-3-600x600.jpg 600w, https:\/\/toprisesafety.com\/wp-content\/uploads\/2025\/05\/Waterproof-BBQ-Grill-Cover-3-100x100.jpg 100w, https:\/\/toprisesafety.com\/wp-content\/uploads\/2025\/05\/Waterproof-BBQ-Grill-Cover-3.jpg 1500w\" sizes=\"(max-width: 300px) 100vw, 300px\" \/> <img loading=\"lazy\" decoding=\"async\" class=\"alignnone size-medium wp-image-12831\" src=\"https:\/\/toprisesafety.com\/wp-content\/uploads\/2025\/05\/Waterproof-BBQ-Grill-Cover-4-300x300.jpg\" alt=\"\" width=\"300\" height=\"300\" srcset=\"https:\/\/toprisesafety.com\/wp-content\/uploads\/2025\/05\/Waterproof-BBQ-Grill-Cover-4-300x300.jpg 300w, https:\/\/toprisesafety.com\/wp-content\/uploads\/2025\/05\/Waterproof-BBQ-Grill-Cover-4-150x150.jpg 150w, https:\/\/toprisesafety.com\/wp-content\/uploads\/2025\/05\/Waterproof-BBQ-Grill-Cover-4-600x600.jpg 600w, https:\/\/toprisesafety.com\/wp-content\/uploads\/2025\/05\/Waterproof-BBQ-Grill-Cover-4-100x100.jpg 100w, https:\/\/toprisesafety.com\/wp-content\/uploads\/2025\/05\/Waterproof-BBQ-Grill-Cover-4.jpg 750w\" sizes=\"(max-width: 300px) 100vw, 300px\" \/><\/p>\n<table>\n<tbody>\n<tr>\n<td width=\"142\"><strong><b>Gr\u00f6\u00dfe<\/b><\/strong><\/td>\n<td width=\"142\"><strong><b>L\u00e4nge<\/b><\/strong><\/td>\n<td width=\"142\"><strong><b>Breite<\/b><\/strong><\/td>\n<td width=\"142\"><strong><b>H\u00f6he<\/b><\/strong><\/td>\n<\/tr>\n<tr>\n<td width=\"142\">S<\/td>\n<td width=\"142\">800 mm<\/td>\n<td width=\"142\">660 mm<\/td>\n<td width=\"142\">1000 mm<\/td>\n<\/tr>\n<tr>\n<td width=\"142\">M<\/td>\n<td width=\"142\">1000 mm<\/td>\n<td width=\"142\">600 mm<\/td>\n<td width=\"142\">1500 mm<\/td>\n<\/tr>\n<tr>\n<td width=\"142\">L<\/td>\n<td width=\"142\">1450 mm<\/td>\n<td width=\"142\">610 mm<\/td>\n<td width=\"142\">1170 mm<\/td>\n<\/tr>\n<tr>\n<td width=\"142\">XL<\/td>\n<td width=\"142\">1700 mm<\/td>\n<td width=\"142\">610 mm<\/td>\n<td width=\"142\">1170 mm<\/td>\n<\/tr>\n<tr>\n<td width=\"142\">XXL<\/td>\n<td width=\"142\">1900 mm<\/td>\n<td width=\"142\">710 mm<\/td>\n<td width=\"142\">1170mm<\/td>\n<\/tr>\n<tr>\n<td colspan=\"4\" width=\"568\">Unterst\u00fctzung von individuellem Design, Gr\u00f6\u00dfe, Farbe und Logos.<\/td>\n<\/tr>\n<\/tbody>\n<\/table>\n<p><strong><b>Wasserdichter BBQ-Grill Weit verbreitete Anwendungsgebiete: <\/b><\/strong><\/p>\n<ul>\n<li><b><\/b><strong><b>Hinterhof des Hauses<\/b><\/strong>: Hof, Terrasse, Balkon-unverzichtbar f\u00fcr t\u00e4gliche Grillabende im Freien<\/li>\n<li><b><\/b><strong><b>Lagerfeuer und Picknick<\/b><\/strong>: Neben dem Zelt, auf dem Campingtisch - sicherer mit Staub- und Regenschutz<\/li>\n<li><b><\/b><strong><b>Yacht-Deck<\/b><\/strong>: K\u00fcstenschutz, resistent gegen Salznebel und Korrosion<\/li>\n<li><b><\/b><strong><b>Catering-K\u00fcche<\/b><\/strong>: Wartung von Ausr\u00fcstungen f\u00fcr Restaurants und Grillbetriebe, Reduzierung der Wartungskosten<\/li>\n<li><b><\/b><strong><b>Anzeige im Supermarkt<\/b><\/strong>: Auslegen von Utensilien in Superm\u00e4rkten und auf Bauernm\u00e4rkten, Sauberkeit und guter Zustand der Utensilien.<\/li>\n<li><b><\/b><strong><b>Aktivit\u00e4ten im Freien<\/b><\/strong>: tempor\u00e4re Grillabdeckungen f\u00fcr Feste, Feiern, Ausstellungen usw.<\/li>\n<li><b><\/b><strong><b>Picknick im Park<\/b><\/strong>: Grillplatz im Freien in einem Park oder einer landschaftlich reizvollen Gegend, Vermeidung von Vogelkot, Vermeidung von Laub<\/li>\n<li><b><\/b><strong><b>Angeln und Camping<\/b><\/strong>: Am Fluss oder See, feuchtigkeits- und schimmelbest\u00e4ndig, verl\u00e4ngert die Lebensdauer der Ger\u00e4te<\/li>\n<\/ul>","protected":false},"excerpt":{"rendered":"<p>Art.Nr.: BGC01<\/p>\n<p>Material: 210D Oxford-Gewebe mit Silberbeschichtung oder nach Kundenwunsch, 80g\/qm oder nach Kundenwunsch<\/p>\n<p>Wasserdruck: 1500 - 2000<\/p>\n<p>Gr\u00f6\u00dfe: S-XXL oder individuell<\/p>\n<p>Farbe:Schwarz\/Beige\/Kaffee\/Grau oder individuell<\/p>\n<p>Logodruck: verf\u00fcgbar<\/p>\n<p>MOQ: 300PCS<\/p>","protected":false},"featured_media":12831,"template":"","meta":{"_acf_changed":false},"product_brand":[],"product_cat":[401,371],"product_tag":[],"class_list":{"0":"post-12824","1":"product","2":"type-product","3":"status-publish","4":"has-post-thumbnail","6":"product_cat-waterproof-cover","7":"product_cat-outdoor-goods","9":"first","10":"instock","11":"shipping-taxable","12":"product-type-simple"},"acf":[],"_links":{"self":[{"href":"https:\/\/toprisesafety.com\/de\/wp-json\/wp\/v2\/product\/12824"}],"collection":[{"href":"https:\/\/toprisesafety.com\/de\/wp-json\/wp\/v2\/product"}],"about":[{"href":"https:\/\/toprisesafety.com\/de\/wp-json\/wp\/v2\/types\/product"}],"wp:featuredmedia":[{"embeddable":true,"href":"https:\/\/toprisesafety.com\/de\/wp-json\/wp\/v2\/media\/12831"}],"wp:attachment":[{"href":"https:\/\/toprisesafety.com\/de\/wp-json\/wp\/v2\/media?parent=12824"}],"wp:term":[{"taxonomy":"product_brand","embeddable":true,"href":"https:\/\/toprisesafety.com\/de\/wp-json\/wp\/v2\/product_brand?post=12824"},{"taxonomy":"product_cat","embeddable":true,"href":"https:\/\/toprisesafety.com\/de\/wp-json\/wp\/v2\/product_cat?post=12824"},{"taxonomy":"product_tag","embeddable":true,"href":"https:\/\/toprisesafety.com\/de\/wp-json\/wp\/v2\/product_tag?post=12824"}],"curies":[{"name":"wp","href":"https:\/\/api.w.org\/{rel}","templated":true}]}}